{"id":14113,"date":"2025-04-25T07:02:54","date_gmt":"2025-04-25T07:02:54","guid":{"rendered":"https:\/\/kurita-eu-gudza2cjbzfhcwbx.francecentral-01.azurewebsites.net\/?page_id=14113"},"modified":"2026-01-20T14:19:00","modified_gmt":"2026-01-20T14:19:00","slug":"hydrobio-advance","status":"publish","type":"page","link":"https:\/\/www.kurita.eu\/se\/losningar\/hydrobio-advance\/","title":{"rendered":"HydroBio\u00ae Advance"},"content":{"rendered":"<div data-elementor-type=\"wp-page\" data-elementor-id=\"14113\" class=\"elementor elementor-14113\" data-elementor-post-type=\"page\">\n\t\t\t\t\t\t<section class=\"elementor-section elementor-top-section elementor-element elementor-element-44178f0b elementor-section-full_width elementor-section-height-default elementor-section-height-default\" data-id=\"44178f0b\" data-element_type=\"section\" data-e-type=\"section\">\n\t\t\t\t\t\t<div class=\"elementor-container elementor-column-gap-default\">\n\t\t\t\t\t<div class=\"elementor-column elementor-col-100 elementor-top-column elementor-element elementor-element-1fde594a\" data-id=\"1fde594a\" data-element_type=\"column\" data-e-type=\"column\">\n\t\t\t<div class=\"elementor-widget-wrap elementor-element-populated\">\n\t\t\t\t\t\t<div class=\"elementor-element elementor-element-5ae4b9c1 elementor--h-position-center elementor--v-position-middle elementor-arrows-position-inside elementor-pagination-position-inside elementor-widget elementor-widget-slides\" data-id=\"5ae4b9c1\" data-element_type=\"widget\" data-e-type=\"widget\" data-settings=\"{&quot;navigation&quot;:&quot;both&quot;,&quot;autoplay&quot;:&quot;yes&quot;,&quot;pause_on_hover&quot;:&quot;yes&quot;,&quot;pause_on_interaction&quot;:&quot;yes&quot;,&quot;autoplay_speed&quot;:5000,&quot;infinite&quot;:&quot;yes&quot;,&quot;transition&quot;:&quot;slide&quot;,&quot;transition_speed&quot;:500}\" data-widget_type=\"slides.default\">\n\t\t\t\t<div class=\"elementor-widget-container\">\n\t\t\t\t\t\t\t\t\t<div class=\"elementor-swiper\">\n\t\t\t\t\t<div class=\"elementor-slides-wrapper elementor-main-swiper swiper\" role=\"region\" aria-roledescription=\"carousel\" aria-label=\"Diabilder\" dir=\"ltr\" data-animation=\"fadeInUp\">\n\t\t\t\t<div class=\"swiper-wrapper elementor-slides\">\n\t\t\t\t\t\t\t\t\t\t<div class=\"elementor-repeater-item-4e0b9f7 swiper-slide\" role=\"group\" aria-roledescription=\"slide\"><div class=\"swiper-slide-bg elementor-ken-burns elementor-ken-burns--in\" role=\"img\" aria-label=\"Applications_WaterTreatment-401e7d4b.jpg\"><\/div><div class=\"elementor-background-overlay\"><\/div><div class=\"swiper-slide-inner\" ><div class=\"swiper-slide-contents\"><h1 class=\"elementor-slide-heading\">HydroBio\u00ae Advance<\/h1><\/div><\/div><\/div>\t\t\t\t<\/div>\n\t\t\t\t\t\t\t<\/div>\n\t\t\t\t<\/div>\n\t\t\t\t\t\t\t\t<\/div>\n\t\t\t\t<\/div>\n\t\t\t\t\t<\/div>\n\t\t<\/div>\n\t\t\t\t\t<\/div>\n\t\t<\/section>\n\t\t\t\t<section class=\"elementor-section elementor-top-section elementor-element elementor-element-2d154416 elementor-section-boxed elementor-section-height-default elementor-section-height-default\" data-id=\"2d154416\" data-element_type=\"section\" data-e-type=\"section\">\n\t\t\t\t\t\t<div class=\"elementor-container elementor-column-gap-default\">\n\t\t\t\t\t<div class=\"elementor-column elementor-col-66 elementor-top-column elementor-element elementor-element-27606122 margin-content\" data-id=\"27606122\" data-element_type=\"column\" data-e-type=\"column\">\n\t\t\t<div class=\"elementor-widget-wrap elementor-element-populated\">\n\t\t\t\t\t\t<div class=\"elementor-element elementor-element-522ef013 elementor-widget elementor-widget-heading\" data-id=\"522ef013\" data-element_type=\"widget\" data-e-type=\"widget\" data-widget_type=\"heading.default\">\n\t\t\t\t<div class=\"elementor-widget-container\">\n\t\t\t\t\t<h2 class=\"elementor-heading-title elementor-size-default\">HydroBio\u00ae Advance - Online-metod f\u00f6r att best\u00e4mma och \u00f6vervaka biofilm i alla vattensystem.<\/h2>\t\t\t\t<\/div>\n\t\t\t\t<\/div>\n\t\t\t\t<div class=\"elementor-element elementor-element-22cae30e elementor-invisible elementor-widget elementor-widget-text-editor\" data-id=\"22cae30e\" data-element_type=\"widget\" data-e-type=\"widget\" data-settings=\"{&quot;_animation&quot;:&quot;fadeInUp&quot;}\" data-widget_type=\"text-editor.default\">\n\t\t\t\t<div class=\"elementor-widget-container\">\n\t\t\t\t\t\t\t\t\t<h6>Nu tillg\u00e4nglig med nya funktioner som automatisk fl\u00f6deskompensation f\u00f6r m\u00e4tning av nedsmutsning och en ny sensor f\u00f6r geotermiska applikationer upp till 250 \u00b0C.<\/h6><p>Biofilm \u00e4r ett problem i n\u00e4stan alla olika typer av industrier som anv\u00e4nder vatten i sina processer. Biofilm i vatten och s\u00e4rskilt i kylsystem har idealiska f\u00f6ruts\u00e4ttningar f\u00f6r att v\u00e4xa: r\u00e4tt temperatur, stora m\u00e4ngder n\u00e4rings\u00e4mnen och mycket solljus.  Kontrollen av biofilm i vatten \u00e4r d\u00e4rf\u00f6r avg\u00f6rande f\u00f6r att begr\u00e4nsa tillv\u00e4xten av mikroorganismer, s\u00e4rskilt patogener som Legionella.<\/p><p>Biofilmbildning sker p\u00e5 ytan av r\u00f6r och ledningar och h\u00e4rr\u00f6r fr\u00e5n luftburna f\u00f6roreningar och kan d\u00e4rf\u00f6r inte undvikas i kyltorn. \u00d6vervakning av biofilmens tjocklek blir d\u00e4rf\u00f6r avg\u00f6rande f\u00f6r kontrollen av mikrobiologin i alla vattendistributionssystem.<\/p><p>Kuritas HydroBio<sup>\u00ae<\/sup>\u00a0Advance \u00e4r en processgodk\u00e4nd monitor som anv\u00e4nder en innovativ online-metod f\u00f6r att best\u00e4mma och \u00f6vervaka biofilm. N\u00e4r biofilmen utvecklas p\u00e5 ytan av r\u00f6ren kan \u00e4ven HydroBio<sup>\u00ae<\/sup>\u00a0Advance m\u00e4ter biofilmen p\u00e5 ytan av en speciell r\u00f6r- eller arkgivare. Den h\u00e4r innovativa metoden kombinerar en mycket k\u00e4nslig m\u00e4tning av v\u00e4rme\u00f6verf\u00f6ring med best\u00e4mning av biofilm. Trots att m\u00e4tningen \u00e4r mycket k\u00e4nslig \u00e4r den mycket robust och p\u00e5verkas inte av suspenderade \u00e4mnen, f\u00e4rg eller vattnets grumlighet.<\/p><p>HydroBio<sup>\u00ae<\/sup>\u00a0Advance \u00e4r utformad f\u00f6r att inte bara m\u00e4ta biofilmens tjocklek och utveckling, utan kan ocks\u00e5 visa hur biofilmen avl\u00e4gsnas efter en desinfektionsbehandling: 24 timmar om dygnet, 7 dagar i veckan.<\/p><p>Med HydroBio<sup>\u00ae<\/sup>\u00a0Med Advance kan du i realtid justera ditt behandlingsprogram: r\u00e4tt produkter, r\u00e4tt dosering vid r\u00e4tt tidpunkt. Svara snabbare p\u00e5 f\u00f6r\u00e4ndringar och f\u00f6rb\u00e4ttra tillf\u00f6rlitligheten i din behandling med realtidsinformation med Kurita HydroBio<sup>\u00ae<\/sup>\u00a0F\u00f6rskott.<\/p><p>Varje \u00e5r kostar biofilm industrin miljardbelopp:<\/p><ul><li>Biofilm minskar v\u00e4rme\u00f6verf\u00f6ringen och \u00f6kar ditt energibehov<\/li><li>Biofilmer ger en milj\u00f6 f\u00f6r anaeroba bakterier som korroderar ditt system<\/li><li>Biofilmer \u00e4r en k\u00e4lla f\u00f6r patogena bakterier som Legionella<\/li><\/ul><p>Det \u00e4r d\u00e4rf\u00f6r som online\u00f6vervakning och kontroll av biofilmen och dess tjocklek \u00e4r avg\u00f6rande i vattensystem.  HydroBio<sup>\u00ae<\/sup>\u00a0Advance g\u00f6r det praktiskt m\u00f6jligt att se vad som h\u00e4nder p\u00e5 ytan inuti r\u00f6ren.<\/p>\t\t\t\t\t\t\t\t<\/div>\n\t\t\t\t<\/div>\n\t\t\t\t\t<\/div>\n\t\t<\/div>\n\t\t\t\t<div class=\"elementor-column elementor-col-33 elementor-top-column elementor-element elementor-element-588aef17 margin-content\" data-id=\"588aef17\" data-element_type=\"column\" data-e-type=\"column\">\n\t\t\t<div class=\"elementor-widget-wrap elementor-element-populated\">\n\t\t\t\t\t\t<div class=\"elementor-element elementor-element-614ac163 elementor-invisible elementor-widget elementor-widget-image\" data-id=\"614ac163\" data-element_type=\"widget\" data-e-type=\"widget\" data-settings=\"{&quot;_animation&quot;:&quot;fadeIn&quot;}\" data-widget_type=\"image.default\">\n\t\t\t\t<div class=\"elementor-widget-container\">\n\t\t\t\t\t\t\t\t\t\t\t\t\t\t\t<img fetchpriority=\"high\" decoding=\"async\" width=\"350\" height=\"233\" src=\"\/wp-content\/uploads\/2025\/04\/RZ_HBA1_grau-8a736a69.jpg\" class=\"attachment-large size-large wp-image-14115\" alt=\"\" srcset=\"\/wp-content\/uploads\/2025\/04\/RZ_HBA1_grau-8a736a69.jpg 350w, \/wp-content\/uploads\/2025\/04\/RZ_HBA1_grau-8a736a69-300x200.jpg 300w\" sizes=\"(max-width: 350px) 100vw, 350px\" data-no-translation=\"\" \/>\t\t\t\t\t\t\t\t\t\t\t\t\t\t\t<\/div>\n\t\t\t\t<\/div>\n\t\t\t\t\t<\/div>\n\t\t<\/div>\n\t\t\t\t\t<\/div>\n\t\t<\/section>\n\t\t\t\t<section class=\"elementor-section elementor-top-section elementor-element elementor-element-15addac9 elementor-section-boxed elementor-section-height-default elementor-section-height-default\" data-id=\"15addac9\" data-element_type=\"section\" data-e-type=\"section\" data-settings=\"{&quot;background_background&quot;:&quot;classic&quot;}\">\n\t\t\t\t\t\t<div class=\"elementor-container elementor-column-gap-default\">\n\t\t\t\t\t<div class=\"elementor-column elementor-col-50 elementor-top-column elementor-element elementor-element-2ea8b5a0 margin-content\" data-id=\"2ea8b5a0\" data-element_type=\"column\" data-e-type=\"column\">\n\t\t\t<div class=\"elementor-widget-wrap elementor-element-populated\">\n\t\t\t\t\t\t<div class=\"elementor-element elementor-element-16f1c402 elementor-widget elementor-widget-heading\" data-id=\"16f1c402\" data-element_type=\"widget\" data-e-type=\"widget\" data-widget_type=\"heading.default\">\n\t\t\t\t<div class=\"elementor-widget-container\">\n\t\t\t\t\t<h4 class=\"elementor-heading-title elementor-size-default\">HydroBio\u00ae Advance g\u00f6r att du kan spara upp till 50% av de totala driftskostnaderna:\n<\/h4>\t\t\t\t<\/div>\n\t\t\t\t<\/div>\n\t\t\t\t<div class=\"elementor-element elementor-element-4f8965f2 elementor-invisible elementor-widget elementor-widget-text-editor\" data-id=\"4f8965f2\" data-element_type=\"widget\" data-e-type=\"widget\" data-settings=\"{&quot;_animation&quot;:&quot;fadeIn&quot;}\" data-widget_type=\"text-editor.default\">\n\t\t\t\t<div class=\"elementor-widget-container\">\n\t\t\t\t\t\t\t\t\t<ul><li>Minskad f\u00f6rbrukning av biocid och minskat milj\u00f6avtryck<\/li><li>Minskar mikrobiell korrosion<\/li><li>Minskar underh\u00e5llskostnader och stillest\u00e5ndstid f\u00f6r systemet<\/li><li>F\u00f6rb\u00e4ttra systemets prestanda<\/li><li>S\u00e4kerst\u00e4lla dina anst\u00e4lldas s\u00e4kerhet och h\u00e4lsa<\/li><li>Anv\u00e4nd r\u00e4tt produkter vid r\u00e4tt tidpunkt<\/li><\/ul>\t\t\t\t\t\t\t\t<\/div>\n\t\t\t\t<\/div>\n\t\t\t\t\t<\/div>\n\t\t<\/div>\n\t\t\t\t<div class=\"elementor-column elementor-col-50 elementor-top-column elementor-element elementor-element-4ddef758 margin-content\" data-id=\"4ddef758\" data-element_type=\"column\" data-e-type=\"column\">\n\t\t\t<div class=\"elementor-widget-wrap elementor-element-populated\">\n\t\t\t\t\t\t<div class=\"elementor-element elementor-element-6e0a4d8c elementor-widget elementor-widget-image\" data-id=\"6e0a4d8c\" data-element_type=\"widget\" data-e-type=\"widget\" data-widget_type=\"image.default\">\n\t\t\t\t<div class=\"elementor-widget-container\">\n\t\t\t\t\t\t\t\t\t\t\t\t\t\t\t<img decoding=\"async\" width=\"350\" height=\"299\" src=\"\/wp-content\/uploads\/2025\/04\/Stamp-Kurita-PATENTED-SOLUTION-0e304df3.png\" class=\"attachment-large size-large wp-image-12806\" alt=\"\" srcset=\"\/wp-content\/uploads\/2025\/04\/Stamp-Kurita-PATENTED-SOLUTION-0e304df3.png 350w, \/wp-content\/uploads\/2025\/04\/Stamp-Kurita-PATENTED-SOLUTION-0e304df3-300x256.png 300w\" sizes=\"(max-width: 350px) 100vw, 350px\" data-no-translation=\"\" \/>\t\t\t\t\t\t\t\t\t\t\t\t\t\t\t<\/div>\n\t\t\t\t<\/div>\n\t\t\t\t\t<\/div>\n\t\t<\/div>\n\t\t\t\t\t<\/div>\n\t\t<\/section>\n\t\t\t\t<section class=\"elementor-section elementor-top-section elementor-element elementor-element-7205deb4 elementor-section-boxed elementor-section-height-default elementor-section-height-default\" data-id=\"7205deb4\" data-element_type=\"section\" data-e-type=\"section\" data-settings=\"{&quot;background_background&quot;:&quot;classic&quot;}\">\n\t\t\t\t\t\t<div class=\"elementor-container elementor-column-gap-default\">\n\t\t\t\t\t<div class=\"elementor-column elementor-col-100 elementor-top-column elementor-element elementor-element-3f6f6ad5 margin-content\" data-id=\"3f6f6ad5\" data-element_type=\"column\" data-e-type=\"column\">\n\t\t\t<div class=\"elementor-widget-wrap elementor-element-populated\">\n\t\t\t\t\t\t<div class=\"elementor-element elementor-element-17ecdd1 elementor-widget elementor-widget-heading\" data-id=\"17ecdd1\" data-element_type=\"widget\" data-e-type=\"widget\" data-widget_type=\"heading.default\">\n\t\t\t\t<div class=\"elementor-widget-container\">\n\t\t\t\t\t<h2 class=\"elementor-heading-title elementor-size-default\">Vi st\u00e5r till tj\u00e4nst f\u00f6r dig<\/h2>\t\t\t\t<\/div>\n\t\t\t\t<\/div>\n\t\t\t\t<div class=\"elementor-element elementor-element-53c79df9 elementor-widget elementor-widget-html\" data-id=\"53c79df9\" data-element_type=\"widget\" data-e-type=\"widget\" data-widget_type=\"html.default\">\n\t\t\t\t<div class=\"elementor-widget-container\">\n\t\t\t\t\t<div\r\n        data-form-id='f4d0a8e4-73ce-ef11-b8e8-000d3ab41b62'\r\n        data-form-api-url='https:\/\/public-eur.mkt.dynamics.com\/api\/v1.0\/orgs\/30cac5a2-33f9-ed11-a66d-000d3a64d748\/landingpageforms'\r\n        data-cached-form-url='https:\/\/assets-eur.mkt.dynamics.com\/30cac5a2-33f9-ed11-a66d-000d3a64d748\/digitalassets\/forms\/f4d0a8e4-73ce-ef11-b8e8-000d3ab41b62' ><\/div>\r\n        <script src = 'https:\/\/cxppusa1formui01cdnsa01-endpoint.azureedge.net\/eur\/FormLoader\/FormLoader.bundle.js' ><\/script>\r\n        <script>document.documentElement.lang = navigator.language;<\/script>\t\t\t\t<\/div>\n\t\t\t\t<\/div>\n\t\t\t\t\t<\/div>\n\t\t<\/div>\n\t\t\t\t\t<\/div>\n\t\t<\/section>\n\t\t\t\t<\/div>","protected":false},"excerpt":{"rendered":"<p>HydroBio\u00ae Advance HydroBio\u00ae Advance - Online-metod f\u00f6r att best\u00e4mma och \u00f6vervaka biofilm i alla vattensystem. Nu tillg\u00e4nglig med nya funktioner som automatisk fl\u00f6deskompensation f\u00f6r m\u00e4tning av p\u00e5v\u00e4xt och en ny sensor f\u00f6r geotermiska till\u00e4mpningar upp till 250\u00b0 C. Biofilm \u00e4r ett problem i n\u00e4stan alla olika typer av industrier som anv\u00e4nder vatten i sina processer. [...]<\/p>","protected":false},"author":2,"featured_media":0,"parent":13875,"menu_order":0,"comment_status":"closed","ping_status":"closed","template":"","meta":{"footnotes":""},"class_list":["post-14113","page","type-page","status-publish","hentry"],"yoast_head":"<!-- This site is optimized with the Yoast SEO plugin v25.5 - https:\/\/yoast.com\/wordpress\/plugins\/seo\/ -->\n<title>HydroBio\u00ae Advance - Kurita Europe<\/title>\n<meta name=\"description\" content=\"HydroBio\u00ae Advance: real-time biofilm monitoring for water systems, reducing corrosion, biocide use, and operational costs.\" \/>\n<meta name=\"robots\" content=\"index, follow, max-snippet:-1, max-image-preview:large, max-video-preview:-1\" \/>\n<link rel=\"canonical\" href=\"https:\/\/www.kurita.eu\/se\/losningar\/hydrobio-advance\/\" \/>\n<meta property=\"og:locale\" content=\"sv_SE\" \/>\n<meta property=\"og:type\" content=\"article\" \/>\n<meta property=\"og:title\" content=\"HydroBio\u00ae Advance - Kurita Europe\" \/>\n<meta property=\"og:description\" content=\"HydroBio\u00ae Advance: real-time biofilm monitoring for water systems, reducing corrosion, biocide use, and operational costs.\" \/>\n<meta property=\"og:url\" content=\"https:\/\/www.kurita.eu\/se\/losningar\/hydrobio-advance\/\" \/>\n<meta property=\"og:site_name\" content=\"Kurita Europe\" \/>\n<meta property=\"article:modified_time\" content=\"2026-01-20T14:19:00+00:00\" \/>\n<meta property=\"og:image\" content=\"https:\/\/www.kurita.eu\/wp-content\/uploads\/2025\/07\/kurita-favicon-512x512-1.png\" \/>\n\t<meta property=\"og:image:width\" content=\"512\" \/>\n\t<meta property=\"og:image:height\" content=\"512\" \/>\n\t<meta property=\"og:image:type\" content=\"image\/png\" \/>\n<meta name=\"twitter:card\" content=\"summary_large_image\" \/>\n<meta name=\"twitter:label1\" content=\"Ber\u00e4knad l\u00e4stid\" \/>\n\t<meta name=\"twitter:data1\" content=\"5 minuter\" \/>\n<script type=\"application\/ld+json\" class=\"yoast-schema-graph\">{\"@context\":\"https:\/\/schema.org\",\"@graph\":[{\"@type\":\"WebPage\",\"@id\":\"https:\/\/www.kurita.eu\/en\/solutions\/hydrobio-advance\/\",\"url\":\"https:\/\/www.kurita.eu\/en\/solutions\/hydrobio-advance\/\",\"name\":\"HydroBio\u00ae Advance - Kurita Europe\",\"isPartOf\":{\"@id\":\"https:\/\/kurita.eu\/en\/#website\"},\"datePublished\":\"2025-04-25T07:02:54+00:00\",\"dateModified\":\"2026-01-20T14:19:00+00:00\",\"description\":\"HydroBio\u00ae Advance: real-time biofilm monitoring for water systems, reducing corrosion, biocide use, and operational costs.\",\"breadcrumb\":{\"@id\":\"https:\/\/www.kurita.eu\/en\/solutions\/hydrobio-advance\/#breadcrumb\"},\"inLanguage\":\"sv-SE\",\"potentialAction\":[{\"@type\":\"ReadAction\",\"target\":[\"https:\/\/www.kurita.eu\/en\/solutions\/hydrobio-advance\/\"]}]},{\"@type\":\"BreadcrumbList\",\"@id\":\"https:\/\/www.kurita.eu\/en\/solutions\/hydrobio-advance\/#breadcrumb\",\"itemListElement\":[{\"@type\":\"ListItem\",\"position\":1,\"name\":\"Home\",\"item\":\"https:\/\/www.kurita.eu\/en\/\"},{\"@type\":\"ListItem\",\"position\":2,\"name\":\"Solutions\",\"item\":\"https:\/\/www.kurita.eu\/en\/solutions\/\"},{\"@type\":\"ListItem\",\"position\":3,\"name\":\"HydroBio\u00ae Advance\"}]},{\"@type\":\"WebSite\",\"@id\":\"https:\/\/kurita.eu\/en\/#website\",\"url\":\"https:\/\/kurita.eu\/en\/\",\"name\":\"Kurita Europe\",\"description\":\"Water Treatment Solutions\",\"publisher\":{\"@id\":\"https:\/\/kurita.eu\/en\/#organization\"},\"potentialAction\":[{\"@type\":\"SearchAction\",\"target\":{\"@type\":\"EntryPoint\",\"urlTemplate\":\"https:\/\/kurita.eu\/en\/?s={search_term_string}\"},\"query-input\":{\"@type\":\"PropertyValueSpecification\",\"valueRequired\":true,\"valueName\":\"search_term_string\"}}],\"inLanguage\":\"sv-SE\"},{\"@type\":\"Organization\",\"@id\":\"https:\/\/kurita.eu\/en\/#organization\",\"name\":\"Kurita Europe\",\"url\":\"https:\/\/kurita.eu\/en\/\",\"logo\":{\"@type\":\"ImageObject\",\"inLanguage\":\"sv-SE\",\"@id\":\"https:\/\/kurita.eu\/en\/#\/schema\/logo\/image\/\",\"url\":\"\/wp-content\/uploads\/2025\/05\/cropped-brand_mark_horizon_blue.png\",\"contentUrl\":\"\/wp-content\/uploads\/2025\/05\/cropped-brand_mark_horizon_blue.png\",\"width\":712,\"height\":204,\"caption\":\"Kurita Europe\"},\"image\":{\"@id\":\"https:\/\/kurita.eu\/en\/#\/schema\/logo\/image\/\"}}]}<\/script>\n<!-- \/ Yoast SEO plugin. -->","yoast_head_json":{"title":"HydroBio\u00ae Advance - Kurita Europa","description":"HydroBio\u00ae Advance: \u00f6vervakning av biofilm i realtid f\u00f6r vattensystem, vilket minskar korrosion, anv\u00e4ndning av biocider och driftskostnader.","robots":{"index":"index","follow":"follow","max-snippet":"max-snippet:-1","max-image-preview":"max-image-preview:large","max-video-preview":"max-video-preview:-1"},"canonical":"https:\/\/www.kurita.eu\/se\/losningar\/hydrobio-advance\/","og_locale":"sv_SE","og_type":"article","og_title":"HydroBio\u00ae Advance - Kurita Europe","og_description":"HydroBio\u00ae Advance: real-time biofilm monitoring for water systems, reducing corrosion, biocide use, and operational costs.","og_url":"https:\/\/www.kurita.eu\/se\/losningar\/hydrobio-advance\/","og_site_name":"Kurita Europe","article_modified_time":"2026-01-20T14:19:00+00:00","og_image":[{"width":512,"height":512,"url":"https:\/\/www.kurita.eu\/wp-content\/uploads\/2025\/07\/kurita-favicon-512x512-1.png","type":"image\/png"}],"twitter_card":"summary_large_image","twitter_misc":{"Ber\u00e4knad l\u00e4stid":"5 minuter"},"schema":{"@context":"https:\/\/schema.org","@graph":[{"@type":"WebPage","@id":"https:\/\/www.kurita.eu\/en\/solutions\/hydrobio-advance\/","url":"https:\/\/www.kurita.eu\/en\/solutions\/hydrobio-advance\/","name":"HydroBio\u00ae Advance - Kurita Europa","isPartOf":{"@id":"https:\/\/kurita.eu\/en\/#website"},"datePublished":"2025-04-25T07:02:54+00:00","dateModified":"2026-01-20T14:19:00+00:00","description":"HydroBio\u00ae Advance: \u00f6vervakning av biofilm i realtid f\u00f6r vattensystem, vilket minskar korrosion, anv\u00e4ndning av biocider och driftskostnader.","breadcrumb":{"@id":"https:\/\/www.kurita.eu\/en\/solutions\/hydrobio-advance\/#breadcrumb"},"inLanguage":"sv-SE","potentialAction":[{"@type":"ReadAction","target":["https:\/\/www.kurita.eu\/en\/solutions\/hydrobio-advance\/"]}]},{"@type":"BreadcrumbList","@id":"https:\/\/www.kurita.eu\/en\/solutions\/hydrobio-advance\/#breadcrumb","itemListElement":[{"@type":"ListItem","position":1,"name":"Home","item":"https:\/\/www.kurita.eu\/en\/"},{"@type":"ListItem","position":2,"name":"Solutions","item":"https:\/\/www.kurita.eu\/en\/solutions\/"},{"@type":"ListItem","position":3,"name":"HydroBio\u00ae Advance"}]},{"@type":"WebSite","@id":"https:\/\/kurita.eu\/en\/#website","url":"https:\/\/kurita.eu\/en\/","name":"Kurita Europa","description":"L\u00f6sningar f\u00f6r vattenbehandling","publisher":{"@id":"https:\/\/kurita.eu\/en\/#organization"},"potentialAction":[{"@type":"SearchAction","target":{"@type":"EntryPoint","urlTemplate":"https:\/\/kurita.eu\/en\/?s={search_term_string}"},"query-input":{"@type":"PropertyValueSpecification","valueRequired":true,"valueName":"search_term_string"}}],"inLanguage":"sv-SE"},{"@type":"Organization","@id":"https:\/\/kurita.eu\/en\/#organization","name":"Kurita Europa","url":"https:\/\/kurita.eu\/en\/","logo":{"@type":"ImageObject","inLanguage":"sv-SE","@id":"https:\/\/kurita.eu\/en\/#\/schema\/logo\/image\/","url":"\/wp-content\/uploads\/2025\/05\/cropped-brand_mark_horizon_blue.png","contentUrl":"\/wp-content\/uploads\/2025\/05\/cropped-brand_mark_horizon_blue.png","width":712,"height":204,"caption":"Kurita Europe"},"image":{"@id":"https:\/\/kurita.eu\/en\/#\/schema\/logo\/image\/"}}]}},"_links":{"self":[{"href":"https:\/\/www.kurita.eu\/se\/wp-json\/wp\/v2\/pages\/14113","targetHints":{"allow":["GET"]}}],"collection":[{"href":"https:\/\/www.kurita.eu\/se\/wp-json\/wp\/v2\/pages"}],"about":[{"href":"https:\/\/www.kurita.eu\/se\/wp-json\/wp\/v2\/types\/page"}],"author":[{"embeddable":true,"href":"https:\/\/www.kurita.eu\/se\/wp-json\/wp\/v2\/users\/2"}],"replies":[{"embeddable":true,"href":"https:\/\/www.kurita.eu\/se\/wp-json\/wp\/v2\/comments?post=14113"}],"version-history":[{"count":7,"href":"https:\/\/www.kurita.eu\/se\/wp-json\/wp\/v2\/pages\/14113\/revisions"}],"predecessor-version":[{"id":19291,"href":"https:\/\/www.kurita.eu\/se\/wp-json\/wp\/v2\/pages\/14113\/revisions\/19291"}],"up":[{"embeddable":true,"href":"https:\/\/www.kurita.eu\/se\/wp-json\/wp\/v2\/pages\/13875"}],"wp:attachment":[{"href":"https:\/\/www.kurita.eu\/se\/wp-json\/wp\/v2\/media?parent=14113"}],"curies":[{"name":"wp","href":"https:\/\/api.w.org\/{rel}","templated":true}]}}