{"id":14177,"date":"2025-04-25T07:29:04","date_gmt":"2025-04-25T07:29:04","guid":{"rendered":"https:\/\/kurita-eu-gudza2cjbzfhcwbx.francecentral-01.azurewebsites.net\/?page_id=14177"},"modified":"2026-01-20T16:18:52","modified_gmt":"2026-01-20T16:18:52","slug":"kuriloc-kit","status":"publish","type":"page","link":"https:\/\/www.kurita.eu\/se\/losningar\/kuriloc-kit\/","title":{"rendered":"KuriLoc-sats"},"content":{"rendered":"<div data-elementor-type=\"wp-page\" data-elementor-id=\"14177\" class=\"elementor elementor-14177\" data-elementor-post-type=\"page\">\n\t\t\t\t\t\t<section class=\"elementor-section elementor-top-section elementor-element elementor-element-454dafdc elementor-section-full_width elementor-section-height-default elementor-section-height-default\" data-id=\"454dafdc\" data-element_type=\"section\" data-e-type=\"section\">\n\t\t\t\t\t\t<div class=\"elementor-container elementor-column-gap-default\">\n\t\t\t\t\t<div class=\"elementor-column elementor-col-100 elementor-top-column elementor-element elementor-element-745955c2\" data-id=\"745955c2\" data-element_type=\"column\" data-e-type=\"column\">\n\t\t\t<div class=\"elementor-widget-wrap elementor-element-populated\">\n\t\t\t\t\t\t<div class=\"elementor-element elementor-element-1b81eb80 elementor--h-position-center elementor--v-position-middle elementor-arrows-position-inside elementor-pagination-position-inside elementor-widget elementor-widget-slides\" data-id=\"1b81eb80\" data-element_type=\"widget\" data-e-type=\"widget\" data-settings=\"{&quot;navigation&quot;:&quot;both&quot;,&quot;autoplay&quot;:&quot;yes&quot;,&quot;pause_on_hover&quot;:&quot;yes&quot;,&quot;pause_on_interaction&quot;:&quot;yes&quot;,&quot;autoplay_speed&quot;:5000,&quot;infinite&quot;:&quot;yes&quot;,&quot;transition&quot;:&quot;slide&quot;,&quot;transition_speed&quot;:500}\" data-widget_type=\"slides.default\">\n\t\t\t\t<div class=\"elementor-widget-container\">\n\t\t\t\t\t\t\t\t\t<div class=\"elementor-swiper\">\n\t\t\t\t\t<div class=\"elementor-slides-wrapper elementor-main-swiper swiper\" role=\"region\" aria-roledescription=\"carousel\" aria-label=\"Diabilder\" dir=\"ltr\" data-animation=\"fadeInUp\">\n\t\t\t\t<div class=\"swiper-wrapper elementor-slides\">\n\t\t\t\t\t\t\t\t\t\t<div class=\"elementor-repeater-item-4e0b9f7 swiper-slide\" role=\"group\" aria-roledescription=\"slide\"><div class=\"swiper-slide-bg elementor-ken-burns elementor-ken-burns--in\" role=\"img\" aria-label=\"Applications_WaterTreatment-401e7d4b.jpg\"><\/div><div class=\"elementor-background-overlay\"><\/div><div class=\"swiper-slide-inner\" ><div class=\"swiper-slide-contents\"><div class=\"elementor-slide-heading\">KuriLoc-sats <\/div><\/div><\/div><\/div>\t\t\t\t<\/div>\n\t\t\t\t\t\t\t<\/div>\n\t\t\t\t<\/div>\n\t\t\t\t\t\t\t\t<\/div>\n\t\t\t\t<\/div>\n\t\t\t\t\t<\/div>\n\t\t<\/div>\n\t\t\t\t\t<\/div>\n\t\t<\/section>\n\t\t\t\t<section class=\"elementor-section elementor-top-section elementor-element elementor-element-7f504964 elementor-section-boxed elementor-section-height-default elementor-section-height-default\" data-id=\"7f504964\" data-element_type=\"section\" data-e-type=\"section\">\n\t\t\t\t\t\t<div class=\"elementor-container elementor-column-gap-default\">\n\t\t\t\t\t<div class=\"elementor-column elementor-col-66 elementor-top-column elementor-element elementor-element-79a118bf margin-content\" data-id=\"79a118bf\" data-element_type=\"column\" data-e-type=\"column\">\n\t\t\t<div class=\"elementor-widget-wrap elementor-element-populated\">\n\t\t\t\t\t\t<div class=\"elementor-element elementor-element-6fb8e46f elementor-widget elementor-widget-heading\" data-id=\"6fb8e46f\" data-element_type=\"widget\" data-e-type=\"widget\" data-widget_type=\"heading.default\">\n\t\t\t\t<div class=\"elementor-widget-container\">\n\t\t\t\t\t<h1 class=\"elementor-heading-title elementor-size-default\">KuriLoc Kit - Testkit f\u00f6r legionella<\/h1>\t\t\t\t<\/div>\n\t\t\t\t<\/div>\n\t\t\t\t<div class=\"elementor-element elementor-element-42135f59 elementor-invisible elementor-widget elementor-widget-text-editor\" data-id=\"42135f59\" data-element_type=\"widget\" data-e-type=\"widget\" data-settings=\"{&quot;_animation&quot;:&quot;fadeInUp&quot;}\" data-widget_type=\"text-editor.default\">\n\t\t\t\t<div class=\"elementor-widget-container\">\n\t\t\t\t\t\t\t\t\t<p>Legion\u00e4rssjukan uppt\u00e4cktes i slutet av 70-talet efter flera utbrott. Under de senaste tio \u00e5ren har myndigheter och l\u00e4nder b\u00f6rjat intensifiera sina anstr\u00e4ngningar f\u00f6r att reglera \u00e4mnet. L\u00e4nder som Spanien, Frankrike, Nederl\u00e4nderna, Tyskland och Storbritannien har strikta lagar som tvingar slutanv\u00e4ndarna av vattnet i industriella och kommunala anl\u00e4ggningar att ha noggrann kontroll \u00f6ver sina system och till\u00e4mpningar. \u00c4ven i de l\u00e4nder d\u00e4r det inte finns n\u00e5gra direkta lagar om legionella finns det riktlinjer, normer eller b\u00e4sta praxis som m\u00e5ste uppfyllas. Kurita har alltid legat steget f\u00f6re n\u00e4r det g\u00e4ller legionellakontroll och har en l\u00e5ng erfarenhet inom omr\u00e5det.<\/p><p>En av de senaste innovationerna inom legionellakontrollen \u00e4r metoden f\u00f6r snabb uppt\u00e4ckt:\u00a0<strong>KuriLoc-sats<\/strong>. Detta testkit f\u00f6r legionella ger de f\u00f6rsta resultaten endast 3 timmar efter provtagningen och \u00e4r mycket specifikt. Best\u00e4mningen g\u00f6rs specifikt av RNA fr\u00e5n Legionella, som f\u00f6rekommer i vattenprovet. RNA finns bara i levande celler j\u00e4mf\u00f6rt med DNA, inklusive celler i VBNC-tillst\u00e5nd. KuriLoc snabbtest \u00e4r avsett f\u00f6r best\u00e4mning av Legionella spp. KuriLocs snabbtest anv\u00e4nds redan i ackrediterade och andra laboratorier och ger en \u00f6verblick \u00f6ver legionellakoncentrationen inom n\u00e5gra timmar. P\u00e5 s\u00e5 s\u00e4tt kan en snabb bed\u00f6mning av en utf\u00f6rd behandling i system f\u00f6r problem med legionella g\u00f6ras som intern kontroll. Detta \u00f6kar systemens tillf\u00f6rlitlighet och minimerar en potentiell h\u00e4lsorisk f\u00f6r tredje part och de egna medarbetarna. Dessutom \u00e4r \u00f6vervakning av mikrobiella avlagringar (biofilm) i industriella akviferer - reproducerbart, kvantitativt och i realtid - ett viktigt inslag f\u00f6r en framg\u00e5ngsrik processkontroll med avseende p\u00e5 kontaminering. Snabb detektering och \u00f6vervakning av mikrobiologi spelar en central roll.\u00a0<strong>Kunderna drar nytta av f\u00f6rdelarna med snabbdetekteringskitet KuriLoc, antingen genom att k\u00f6pa sin egen enhet eller genom att anv\u00e4nda Kuritas ackrediterade laboratoriers tj\u00e4nster f\u00f6r legionellatestning.<\/strong><\/p><p>V\u00e5rt koncept f\u00f6r legionellakontroll erbjuder ett komplett paket f\u00f6r kontroll, \u00f6vervakning och behandling av legionella:<\/p><ul><li>Certifierade specialister av\u00a0<a href=\"http:\/\/www.vdi.eu\/\">VDI<\/a><\/li><li>Snabba detekteringsmetoder KuriLoc<\/li><li>Testning av legionella<\/li><li>Handlingsplan<\/li><li>\u00d6vervakning\u00a0<a href=\"https:\/\/www.kurita.eu\/se\/losningar\/hydrobio-advance\/\">HydroBio<sup>\u00ae<\/sup>\u00a0F\u00f6rskott<\/a><\/li><li>Teknik och produkter\u00a0<a href=\"https:\/\/www.kurita.eu\/se\/losningar\/dilurit-bcs\/\">Dilurit<sup>\u00ae<\/sup>\u00a0BC S-system<\/a><\/li><li>Riskbed\u00f6mningar f\u00f6r legionella<\/li><li>F\u00f6rfarande<\/li><li>Provtagning &amp; analys<\/li><li>Reng\u00f6ring och desinfektion<\/li><li>Utbildning<\/li><\/ul>\t\t\t\t\t\t\t\t<\/div>\n\t\t\t\t<\/div>\n\t\t\t\t\t<\/div>\n\t\t<\/div>\n\t\t\t\t<div class=\"elementor-column elementor-col-33 elementor-top-column elementor-element elementor-element-2e2bce92 margin-content\" data-id=\"2e2bce92\" data-element_type=\"column\" data-e-type=\"column\">\n\t\t\t<div class=\"elementor-widget-wrap elementor-element-populated\">\n\t\t\t\t\t\t<div class=\"elementor-element elementor-element-7a1d2151 elementor-invisible elementor-widget elementor-widget-image\" data-id=\"7a1d2151\" data-element_type=\"widget\" data-e-type=\"widget\" data-settings=\"{&quot;_animation&quot;:&quot;fadeIn&quot;}\" data-widget_type=\"image.default\">\n\t\t\t\t<div class=\"elementor-widget-container\">\n\t\t\t\t\t\t\t\t\t\t\t\t\t\t\t<img fetchpriority=\"high\" decoding=\"async\" width=\"350\" height=\"197\" src=\"\/wp-content\/uploads\/2025\/04\/Legionella_CMYK_1920x1080-cd1a533b.jpg\" class=\"attachment-large size-large wp-image-14179\" alt=\"\" srcset=\"\/wp-content\/uploads\/2025\/04\/Legionella_CMYK_1920x1080-cd1a533b.jpg 350w, \/wp-content\/uploads\/2025\/04\/Legionella_CMYK_1920x1080-cd1a533b-300x169.jpg 300w\" sizes=\"(max-width: 350px) 100vw, 350px\" data-no-translation=\"\" \/>\t\t\t\t\t\t\t\t\t\t\t\t\t\t\t<\/div>\n\t\t\t\t<\/div>\n\t\t\t\t\t<\/div>\n\t\t<\/div>\n\t\t\t\t\t<\/div>\n\t\t<\/section>\n\t\t\t\t<section class=\"elementor-section elementor-top-section elementor-element elementor-element-4ea0ee7a elementor-section-boxed elementor-section-height-default elementor-section-height-default\" data-id=\"4ea0ee7a\" data-element_type=\"section\" data-e-type=\"section\" data-settings=\"{&quot;background_background&quot;:&quot;classic&quot;}\">\n\t\t\t\t\t\t<div class=\"elementor-container elementor-column-gap-default\">\n\t\t\t\t\t<div class=\"elementor-column elementor-col-100 elementor-top-column elementor-element elementor-element-41876185 margin-content\" data-id=\"41876185\" data-element_type=\"column\" data-e-type=\"column\">\n\t\t\t<div class=\"elementor-widget-wrap elementor-element-populated\">\n\t\t\t\t\t\t<div class=\"elementor-element elementor-element-3338ce7b elementor-widget elementor-widget-heading\" data-id=\"3338ce7b\" data-element_type=\"widget\" data-e-type=\"widget\" data-widget_type=\"heading.default\">\n\t\t\t\t<div class=\"elementor-widget-container\">\n\t\t\t\t\t<h2 class=\"elementor-heading-title elementor-size-default\">Vi st\u00e5r till tj\u00e4nst f\u00f6r dig<\/h2>\t\t\t\t<\/div>\n\t\t\t\t<\/div>\n\t\t\t\t<div class=\"elementor-element elementor-element-5bc4d54f elementor-widget elementor-widget-html\" data-id=\"5bc4d54f\" data-element_type=\"widget\" data-e-type=\"widget\" data-widget_type=\"html.default\">\n\t\t\t\t<div class=\"elementor-widget-container\">\n\t\t\t\t\t<div\r\n        data-form-id='f4d0a8e4-73ce-ef11-b8e8-000d3ab41b62'\r\n        data-form-api-url='https:\/\/public-eur.mkt.dynamics.com\/api\/v1.0\/orgs\/30cac5a2-33f9-ed11-a66d-000d3a64d748\/landingpageforms'\r\n        data-cached-form-url='https:\/\/assets-eur.mkt.dynamics.com\/30cac5a2-33f9-ed11-a66d-000d3a64d748\/digitalassets\/forms\/f4d0a8e4-73ce-ef11-b8e8-000d3ab41b62' ><\/div>\r\n        <script src = 'https:\/\/cxppusa1formui01cdnsa01-endpoint.azureedge.net\/eur\/FormLoader\/FormLoader.bundle.js' ><\/script>\r\n        <script>document.documentElement.lang = navigator.language;<\/script>\t\t\t\t<\/div>\n\t\t\t\t<\/div>\n\t\t\t\t\t<\/div>\n\t\t<\/div>\n\t\t\t\t\t<\/div>\n\t\t<\/section>\n\t\t\t\t<\/div>","protected":false},"excerpt":{"rendered":"<p>KuriLoc Kit KuriLoc Kit - Testkit f\u00f6r legionella Legion\u00e4rssjukan uppt\u00e4cktes i slutet av 70-talet efter flera utbrott. Under de senaste tio \u00e5ren har myndigheter och l\u00e4nder b\u00f6rjat intensifiera sina anstr\u00e4ngningar f\u00f6r att reglera \u00e4mnet. L\u00e4nder som Spanien, Frankrike, Nederl\u00e4nderna, Tyskland och Storbritannien har strikta lagar som tvingar de slutliga anv\u00e4ndarna av [...]<\/p>","protected":false},"author":2,"featured_media":0,"parent":13875,"menu_order":0,"comment_status":"closed","ping_status":"closed","template":"","meta":{"footnotes":""},"class_list":["post-14177","page","type-page","status-publish","hentry"],"yoast_head":"<!-- This site is optimized with the Yoast SEO plugin v25.5 - https:\/\/yoast.com\/wordpress\/plugins\/seo\/ -->\n<title>KuriLoc Kit - Kurita Europe<\/title>\n<meta name=\"description\" content=\"KuriLoc Kit: rapid Legionella detection. Reliable early insight in hours to guide actions, protect people and ensure compliance.\" \/>\n<meta name=\"robots\" content=\"index, follow, max-snippet:-1, max-image-preview:large, max-video-preview:-1\" \/>\n<link rel=\"canonical\" href=\"https:\/\/www.kurita.eu\/se\/losningar\/kuriloc-kit\/\" \/>\n<meta property=\"og:locale\" content=\"sv_SE\" \/>\n<meta property=\"og:type\" content=\"article\" \/>\n<meta property=\"og:title\" content=\"KuriLoc Kit - Kurita Europe\" \/>\n<meta property=\"og:description\" content=\"KuriLoc Kit: rapid Legionella detection. Reliable early insight in hours to guide actions, protect people and ensure compliance.\" \/>\n<meta property=\"og:url\" content=\"https:\/\/www.kurita.eu\/se\/losningar\/kuriloc-kit\/\" \/>\n<meta property=\"og:site_name\" content=\"Kurita Europe\" \/>\n<meta property=\"article:modified_time\" content=\"2026-01-20T16:18:52+00:00\" \/>\n<meta property=\"og:image\" content=\"https:\/\/www.kurita.eu\/wp-content\/uploads\/2025\/07\/kurita-favicon-512x512-1.png\" \/>\n\t<meta property=\"og:image:width\" content=\"512\" \/>\n\t<meta property=\"og:image:height\" content=\"512\" \/>\n\t<meta property=\"og:image:type\" content=\"image\/png\" \/>\n<meta name=\"twitter:card\" content=\"summary_large_image\" \/>\n<meta name=\"twitter:label1\" content=\"Ber\u00e4knad l\u00e4stid\" \/>\n\t<meta name=\"twitter:data1\" content=\"2 minuter\" \/>\n<script type=\"application\/ld+json\" class=\"yoast-schema-graph\">{\"@context\":\"https:\/\/schema.org\",\"@graph\":[{\"@type\":\"WebPage\",\"@id\":\"https:\/\/www.kurita.eu\/en\/solutions\/kuriloc-kit\/\",\"url\":\"https:\/\/www.kurita.eu\/en\/solutions\/kuriloc-kit\/\",\"name\":\"KuriLoc Kit - Kurita Europe\",\"isPartOf\":{\"@id\":\"https:\/\/kurita.eu\/en\/#website\"},\"datePublished\":\"2025-04-25T07:29:04+00:00\",\"dateModified\":\"2026-01-20T16:18:52+00:00\",\"description\":\"KuriLoc Kit: rapid Legionella detection. Reliable early insight in hours to guide actions, protect people and ensure compliance.\",\"breadcrumb\":{\"@id\":\"https:\/\/www.kurita.eu\/en\/solutions\/kuriloc-kit\/#breadcrumb\"},\"inLanguage\":\"sv-SE\",\"potentialAction\":[{\"@type\":\"ReadAction\",\"target\":[\"https:\/\/www.kurita.eu\/en\/solutions\/kuriloc-kit\/\"]}]},{\"@type\":\"BreadcrumbList\",\"@id\":\"https:\/\/www.kurita.eu\/en\/solutions\/kuriloc-kit\/#breadcrumb\",\"itemListElement\":[{\"@type\":\"ListItem\",\"position\":1,\"name\":\"Home\",\"item\":\"https:\/\/www.kurita.eu\/en\/\"},{\"@type\":\"ListItem\",\"position\":2,\"name\":\"Solutions\",\"item\":\"https:\/\/www.kurita.eu\/en\/solutions\/\"},{\"@type\":\"ListItem\",\"position\":3,\"name\":\"KuriLoc Kit\"}]},{\"@type\":\"WebSite\",\"@id\":\"https:\/\/kurita.eu\/en\/#website\",\"url\":\"https:\/\/kurita.eu\/en\/\",\"name\":\"Kurita Europe\",\"description\":\"Water Treatment Solutions\",\"publisher\":{\"@id\":\"https:\/\/kurita.eu\/en\/#organization\"},\"potentialAction\":[{\"@type\":\"SearchAction\",\"target\":{\"@type\":\"EntryPoint\",\"urlTemplate\":\"https:\/\/kurita.eu\/en\/?s={search_term_string}\"},\"query-input\":{\"@type\":\"PropertyValueSpecification\",\"valueRequired\":true,\"valueName\":\"search_term_string\"}}],\"inLanguage\":\"sv-SE\"},{\"@type\":\"Organization\",\"@id\":\"https:\/\/kurita.eu\/en\/#organization\",\"name\":\"Kurita Europe\",\"url\":\"https:\/\/kurita.eu\/en\/\",\"logo\":{\"@type\":\"ImageObject\",\"inLanguage\":\"sv-SE\",\"@id\":\"https:\/\/kurita.eu\/en\/#\/schema\/logo\/image\/\",\"url\":\"\/wp-content\/uploads\/2025\/05\/cropped-brand_mark_horizon_blue.png\",\"contentUrl\":\"\/wp-content\/uploads\/2025\/05\/cropped-brand_mark_horizon_blue.png\",\"width\":712,\"height\":204,\"caption\":\"Kurita Europe\"},\"image\":{\"@id\":\"https:\/\/kurita.eu\/en\/#\/schema\/logo\/image\/\"}}]}<\/script>\n<!-- \/ Yoast SEO plugin. -->","yoast_head_json":{"title":"KuriLoc-sats - Kurita Europe","description":"KuriLoc Kit: snabb detektion av legionella. Tillf\u00f6rlitlig tidig insikt inom n\u00e5gra timmar f\u00f6r att styra \u00e5tg\u00e4rder, skydda m\u00e4nniskor och s\u00e4kerst\u00e4lla efterlevnad.","robots":{"index":"index","follow":"follow","max-snippet":"max-snippet:-1","max-image-preview":"max-image-preview:large","max-video-preview":"max-video-preview:-1"},"canonical":"https:\/\/www.kurita.eu\/se\/losningar\/kuriloc-kit\/","og_locale":"sv_SE","og_type":"article","og_title":"KuriLoc Kit - Kurita Europe","og_description":"KuriLoc Kit: rapid Legionella detection. Reliable early insight in hours to guide actions, protect people and ensure compliance.","og_url":"https:\/\/www.kurita.eu\/se\/losningar\/kuriloc-kit\/","og_site_name":"Kurita Europe","article_modified_time":"2026-01-20T16:18:52+00:00","og_image":[{"width":512,"height":512,"url":"https:\/\/www.kurita.eu\/wp-content\/uploads\/2025\/07\/kurita-favicon-512x512-1.png","type":"image\/png"}],"twitter_card":"summary_large_image","twitter_misc":{"Ber\u00e4knad l\u00e4stid":"2 minuter"},"schema":{"@context":"https:\/\/schema.org","@graph":[{"@type":"WebPage","@id":"https:\/\/www.kurita.eu\/en\/solutions\/kuriloc-kit\/","url":"https:\/\/www.kurita.eu\/en\/solutions\/kuriloc-kit\/","name":"KuriLoc-sats - Kurita Europe","isPartOf":{"@id":"https:\/\/kurita.eu\/en\/#website"},"datePublished":"2025-04-25T07:29:04+00:00","dateModified":"2026-01-20T16:18:52+00:00","description":"KuriLoc Kit: snabb detektion av legionella. Tillf\u00f6rlitlig tidig insikt inom n\u00e5gra timmar f\u00f6r att styra \u00e5tg\u00e4rder, skydda m\u00e4nniskor och s\u00e4kerst\u00e4lla efterlevnad.","breadcrumb":{"@id":"https:\/\/www.kurita.eu\/en\/solutions\/kuriloc-kit\/#breadcrumb"},"inLanguage":"sv-SE","potentialAction":[{"@type":"ReadAction","target":["https:\/\/www.kurita.eu\/en\/solutions\/kuriloc-kit\/"]}]},{"@type":"BreadcrumbList","@id":"https:\/\/www.kurita.eu\/en\/solutions\/kuriloc-kit\/#breadcrumb","itemListElement":[{"@type":"ListItem","position":1,"name":"Home","item":"https:\/\/www.kurita.eu\/en\/"},{"@type":"ListItem","position":2,"name":"Solutions","item":"https:\/\/www.kurita.eu\/en\/solutions\/"},{"@type":"ListItem","position":3,"name":"KuriLoc Kit"}]},{"@type":"WebSite","@id":"https:\/\/kurita.eu\/en\/#website","url":"https:\/\/kurita.eu\/en\/","name":"Kurita Europa","description":"L\u00f6sningar f\u00f6r vattenbehandling","publisher":{"@id":"https:\/\/kurita.eu\/en\/#organization"},"potentialAction":[{"@type":"SearchAction","target":{"@type":"EntryPoint","urlTemplate":"https:\/\/kurita.eu\/en\/?s={search_term_string}"},"query-input":{"@type":"PropertyValueSpecification","valueRequired":true,"valueName":"search_term_string"}}],"inLanguage":"sv-SE"},{"@type":"Organization","@id":"https:\/\/kurita.eu\/en\/#organization","name":"Kurita Europa","url":"https:\/\/kurita.eu\/en\/","logo":{"@type":"ImageObject","inLanguage":"sv-SE","@id":"https:\/\/kurita.eu\/en\/#\/schema\/logo\/image\/","url":"\/wp-content\/uploads\/2025\/05\/cropped-brand_mark_horizon_blue.png","contentUrl":"\/wp-content\/uploads\/2025\/05\/cropped-brand_mark_horizon_blue.png","width":712,"height":204,"caption":"Kurita Europe"},"image":{"@id":"https:\/\/kurita.eu\/en\/#\/schema\/logo\/image\/"}}]}},"_links":{"self":[{"href":"https:\/\/www.kurita.eu\/se\/wp-json\/wp\/v2\/pages\/14177","targetHints":{"allow":["GET"]}}],"collection":[{"href":"https:\/\/www.kurita.eu\/se\/wp-json\/wp\/v2\/pages"}],"about":[{"href":"https:\/\/www.kurita.eu\/se\/wp-json\/wp\/v2\/types\/page"}],"author":[{"embeddable":true,"href":"https:\/\/www.kurita.eu\/se\/wp-json\/wp\/v2\/users\/2"}],"replies":[{"embeddable":true,"href":"https:\/\/www.kurita.eu\/se\/wp-json\/wp\/v2\/comments?post=14177"}],"version-history":[{"count":10,"href":"https:\/\/www.kurita.eu\/se\/wp-json\/wp\/v2\/pages\/14177\/revisions"}],"predecessor-version":[{"id":19355,"href":"https:\/\/www.kurita.eu\/se\/wp-json\/wp\/v2\/pages\/14177\/revisions\/19355"}],"up":[{"embeddable":true,"href":"https:\/\/www.kurita.eu\/se\/wp-json\/wp\/v2\/pages\/13875"}],"wp:attachment":[{"href":"https:\/\/www.kurita.eu\/se\/wp-json\/wp\/v2\/media?parent=14177"}],"curies":[{"name":"wp","href":"https:\/\/api.w.org\/{rel}","templated":true}]}}