{"id":14186,"date":"2025-04-25T07:32:59","date_gmt":"2025-04-25T07:32:59","guid":{"rendered":"https:\/\/kurita-eu-gudza2cjbzfhcwbx.francecentral-01.azurewebsites.net\/?page_id=14186"},"modified":"2025-05-15T08:49:19","modified_gmt":"2025-05-15T08:49:19","slug":"kuristuck","status":"publish","type":"page","link":"https:\/\/www.kurita.eu\/se\/losningar\/kuristuck\/","title":{"rendered":"Kuristuck"},"content":{"rendered":"<div data-elementor-type=\"wp-page\" data-elementor-id=\"14186\" class=\"elementor elementor-14186\" data-elementor-post-type=\"page\">\n\t\t\t\t\t\t<section class=\"elementor-section elementor-top-section elementor-element elementor-element-4d092c5 elementor-section-full_width elementor-section-height-default elementor-section-height-default\" data-id=\"4d092c5\" data-element_type=\"section\" data-e-type=\"section\">\n\t\t\t\t\t\t<div class=\"elementor-container elementor-column-gap-default\">\n\t\t\t\t\t<div class=\"elementor-column elementor-col-100 elementor-top-column elementor-element elementor-element-2051af20\" data-id=\"2051af20\" data-element_type=\"column\" data-e-type=\"column\">\n\t\t\t<div class=\"elementor-widget-wrap elementor-element-populated\">\n\t\t\t\t\t\t<div class=\"elementor-element elementor-element-5c4e54c6 elementor--h-position-center elementor--v-position-middle elementor-arrows-position-inside elementor-pagination-position-inside elementor-widget elementor-widget-slides\" data-id=\"5c4e54c6\" data-element_type=\"widget\" data-e-type=\"widget\" data-settings=\"{&quot;navigation&quot;:&quot;both&quot;,&quot;autoplay&quot;:&quot;yes&quot;,&quot;pause_on_hover&quot;:&quot;yes&quot;,&quot;pause_on_interaction&quot;:&quot;yes&quot;,&quot;autoplay_speed&quot;:5000,&quot;infinite&quot;:&quot;yes&quot;,&quot;transition&quot;:&quot;slide&quot;,&quot;transition_speed&quot;:500}\" data-widget_type=\"slides.default\">\n\t\t\t\t<div class=\"elementor-widget-container\">\n\t\t\t\t\t\t\t\t\t<div class=\"elementor-swiper\">\n\t\t\t\t\t<div class=\"elementor-slides-wrapper elementor-main-swiper swiper\" role=\"region\" aria-roledescription=\"carousel\" aria-label=\"Diabilder\" dir=\"ltr\" data-animation=\"fadeInUp\">\n\t\t\t\t<div class=\"swiper-wrapper elementor-slides\">\n\t\t\t\t\t\t\t\t\t\t<div class=\"elementor-repeater-item-4e0b9f7 swiper-slide\" role=\"group\" aria-roledescription=\"slide\"><div class=\"swiper-slide-bg elementor-ken-burns elementor-ken-burns--in\" role=\"img\" aria-label=\"Splash-690a7c09.png\"><\/div><div class=\"elementor-background-overlay\"><\/div><div class=\"swiper-slide-inner\" ><div class=\"swiper-slide-contents\"><div class=\"elementor-slide-heading\">Kuristuck<\/div><\/div><\/div><\/div>\t\t\t\t<\/div>\n\t\t\t\t\t\t\t<\/div>\n\t\t\t\t<\/div>\n\t\t\t\t\t\t\t\t<\/div>\n\t\t\t\t<\/div>\n\t\t\t\t\t<\/div>\n\t\t<\/div>\n\t\t\t\t\t<\/div>\n\t\t<\/section>\n\t\t\t\t<section class=\"elementor-section elementor-top-section elementor-element elementor-element-74dff37 elementor-section-boxed elementor-section-height-default elementor-section-height-default\" data-id=\"74dff37\" data-element_type=\"section\" data-e-type=\"section\">\n\t\t\t\t\t\t<div class=\"elementor-container elementor-column-gap-default\">\n\t\t\t\t\t<div class=\"elementor-column elementor-col-66 elementor-top-column elementor-element elementor-element-2711732d margin-content\" data-id=\"2711732d\" data-element_type=\"column\" data-e-type=\"column\">\n\t\t\t<div class=\"elementor-widget-wrap elementor-element-populated\">\n\t\t\t\t\t\t<div class=\"elementor-element elementor-element-3b9efde1 elementor-widget elementor-widget-heading\" data-id=\"3b9efde1\" data-element_type=\"widget\" data-e-type=\"widget\" data-widget_type=\"heading.default\">\n\t\t\t\t<div class=\"elementor-widget-container\">\n\t\t\t\t\t<h4 class=\"elementor-heading-title elementor-size-default\">Original och kompetent Kuristuck-teknik f\u00f6r att st\u00f6dja h\u00e5llbarhet vid behandling i f\u00e4rgb\u00e5s.\n<\/h4>\t\t\t\t<\/div>\n\t\t\t\t<\/div>\n\t\t\t\t<div class=\"elementor-element elementor-element-647d45bf elementor-invisible elementor-widget elementor-widget-text-editor\" data-id=\"647d45bf\" data-element_type=\"widget\" data-e-type=\"widget\" data-settings=\"{&quot;_animation&quot;:&quot;fadeInUp&quot;}\" data-widget_type=\"text-editor.default\">\n\t\t\t\t<div class=\"elementor-widget-container\">\n\t\t\t\t\t\t\t\t\t<p>I m\u00e5lningsb\u00e5s behandlas olika karosseri- och reservdelar fr\u00e5n bil-, vitvaru-, elektronik-, plast- och andra industrier med ett eller flera lager f\u00e4rg. Huvudsyftet med behandlingen i f\u00e4rgb\u00e5set \u00e4r att avl\u00e4gsna s\u00e5 mycket \u00f6versprutad f\u00e4rg som m\u00f6jligt f\u00f6r en framg\u00e5ngsrik drift. V\u00e5r Kuristuck-teknik uppfyller detta krav genom att avl\u00e4gsna \u00f6versprutningen som torrt slam och den g\u00e5r ett steg l\u00e4ngre \u00e4n klassiska behandlingar genom att f\u00f6rb\u00e4ttra den totala systemeffektiviteten. De viktigaste funktionerna hos behandlingsprodukterna \u00e4r att minska klibbigheten hos \u00f6versprutad f\u00e4rg och f\u00f6rb\u00e4ttra f\u00e4rgseparationen fr\u00e5n vatten. Som ett resultat uppn\u00e5s en \u00f6kad vatten\u00e5tervinningsgrad samt mindre generering och enkel behandling av slam.<\/p>\t\t\t\t\t\t\t\t<\/div>\n\t\t\t\t<\/div>\n\t\t\t\t\t<\/div>\n\t\t<\/div>\n\t\t\t\t<div class=\"elementor-column elementor-col-33 elementor-top-column elementor-element elementor-element-30a91d1 margin-content\" data-id=\"30a91d1\" data-element_type=\"column\" data-e-type=\"column\">\n\t\t\t<div class=\"elementor-widget-wrap elementor-element-populated\">\n\t\t\t\t\t\t\t<\/div>\n\t\t<\/div>\n\t\t\t\t\t<\/div>\n\t\t<\/section>\n\t\t\t\t<section class=\"elementor-section elementor-top-section elementor-element elementor-element-27488785 elementor-section-boxed elementor-section-height-default elementor-section-height-default\" data-id=\"27488785\" data-element_type=\"section\" data-e-type=\"section\" data-settings=\"{&quot;background_background&quot;:&quot;classic&quot;}\">\n\t\t\t\t\t\t<div class=\"elementor-container elementor-column-gap-default\">\n\t\t\t\t\t<div class=\"elementor-column elementor-col-100 elementor-top-column elementor-element elementor-element-7db7d77a margin-content\" data-id=\"7db7d77a\" data-element_type=\"column\" data-e-type=\"column\">\n\t\t\t<div class=\"elementor-widget-wrap elementor-element-populated\">\n\t\t\t\t\t\t<div class=\"elementor-element elementor-element-2305afdc elementor-widget elementor-widget-heading\" data-id=\"2305afdc\" data-element_type=\"widget\" data-e-type=\"widget\" data-widget_type=\"heading.default\">\n\t\t\t\t<div class=\"elementor-widget-container\">\n\t\t\t\t\t<h4 class=\"elementor-heading-title elementor-size-default\">Kuristuck-tekniken optimerar driften av din m\u00e5larkabin genom att:\n<\/h4>\t\t\t\t<\/div>\n\t\t\t\t<\/div>\n\t\t\t\t<div class=\"elementor-element elementor-element-7c5d7989 elementor-invisible elementor-widget elementor-widget-text-editor\" data-id=\"7c5d7989\" data-element_type=\"widget\" data-e-type=\"widget\" data-settings=\"{&quot;_animation&quot;:&quot;fadeIn&quot;}\" data-widget_type=\"text-editor.default\">\n\t\t\t\t<div class=\"elementor-widget-container\">\n\t\t\t\t\t\t\t\t\t<ul><li>Komplett f\u00e4rgborttagning: f\u00f6rb\u00e4ttrad total systemeffektivitet<\/li><li>Minskning av spolvatten: besparing av vatten, dr\u00e4neringsbelastning och CO<sub>2<\/sub>\u00a0minskning<\/li><li>Kostnadseffektivt omh\u00e4ndertagande av det torra slammet, vilket leder till avfall och CO<sub>2<\/sub>\u00a0minskning<\/li><li>F\u00f6rebyggande av skumning, lukt och korrosion<\/li><li>Milj\u00f6f\u00f6rdelar genom minskad milj\u00f6p\u00e5verkan<\/li><\/ul>\t\t\t\t\t\t\t\t<\/div>\n\t\t\t\t<\/div>\n\t\t\t\t\t<\/div>\n\t\t<\/div>\n\t\t\t\t\t<\/div>\n\t\t<\/section>\n\t\t\t\t<section class=\"elementor-section elementor-top-section elementor-element elementor-element-17162d38 elementor-section-boxed elementor-section-height-default elementor-section-height-default\" data-id=\"17162d38\" data-element_type=\"section\" data-e-type=\"section\" data-settings=\"{&quot;background_background&quot;:&quot;classic&quot;}\">\n\t\t\t\t\t\t<div class=\"elementor-container elementor-column-gap-default\">\n\t\t\t\t\t<div class=\"elementor-column elementor-col-100 elementor-top-column elementor-element elementor-element-7fedd60a margin-content\" data-id=\"7fedd60a\" data-element_type=\"column\" data-e-type=\"column\">\n\t\t\t<div class=\"elementor-widget-wrap elementor-element-populated\">\n\t\t\t\t\t\t<div class=\"elementor-element elementor-element-6b3d9fde elementor-widget elementor-widget-heading\" data-id=\"6b3d9fde\" data-element_type=\"widget\" data-e-type=\"widget\" data-widget_type=\"heading.default\">\n\t\t\t\t<div class=\"elementor-widget-container\">\n\t\t\t\t\t<h4 class=\"elementor-heading-title elementor-size-default\">Innovativ teknik f\u00f6r detackiering och koagulering f\u00f6r l\u00f6sningsmedels- och vattenbaserade f\u00e4rger:<\/h4>\t\t\t\t<\/div>\n\t\t\t\t<\/div>\n\t\t\t\t<div class=\"elementor-element elementor-element-382d0d2a elementor-invisible elementor-widget elementor-widget-text-editor\" data-id=\"382d0d2a\" data-element_type=\"widget\" data-e-type=\"widget\" data-settings=\"{&quot;_animation&quot;:&quot;fadeIn&quot;}\" data-widget_type=\"text-editor.default\">\n\t\t\t\t<div class=\"elementor-widget-container\">\n\t\t\t\t\t\t\t\t\t<ul><li>L\u00f6sningsmedelsburna f\u00e4rger kan behandlas med Kuristuck B-200 och pH-justering eller en kombination av Kuristuck B-800 och Kuristuck B-450.<\/li><li>Vattenburna f\u00e4rger kan behandlas med Kuristuck B-210 och pH-justering eller en kombination av Kuristuck B-800 och Kuristuck B-450\/B-456.<\/li><li>Kuristuck B-800 \u00e4r en patents\u00f6kt teknik. Den ger ett h\u00e5llbart skumskydd utan pH-justering och s\u00e4kerst\u00e4ller att slammet inte klibbar fast i systemet.<\/li><li>Oljefria Kuriflock-flockningspolymerer m\u00f6jligg\u00f6r en f\u00f6rb\u00e4ttrad flockningsprocess och korrekt slam\u00f6verf\u00f6ring till slam\u00e5tervinningssystemet i sprutboxen.<\/li><li>Ett kompetent sortiment av skumd\u00e4mpare st\u00f6der behandlingsprodukterna f\u00f6r smidig drift av f\u00e4rgb\u00e5sen.<\/li><\/ul>\t\t\t\t\t\t\t\t<\/div>\n\t\t\t\t<\/div>\n\t\t\t\t\t<\/div>\n\t\t<\/div>\n\t\t\t\t\t<\/div>\n\t\t<\/section>\n\t\t\t\t<section class=\"elementor-section elementor-top-section elementor-element elementor-element-5acd5eed elementor-section-boxed elementor-section-height-default elementor-section-height-default\" data-id=\"5acd5eed\" data-element_type=\"section\" data-e-type=\"section\" data-settings=\"{&quot;background_background&quot;:&quot;classic&quot;}\">\n\t\t\t\t\t\t<div class=\"elementor-container elementor-column-gap-default\">\n\t\t\t\t\t<div class=\"elementor-column elementor-col-100 elementor-top-column elementor-element elementor-element-2a6bef74 margin-content\" data-id=\"2a6bef74\" data-element_type=\"column\" data-e-type=\"column\">\n\t\t\t<div class=\"elementor-widget-wrap elementor-element-populated\">\n\t\t\t\t\t\t<div class=\"elementor-element elementor-element-7320323f elementor-widget elementor-widget-heading\" data-id=\"7320323f\" data-element_type=\"widget\" data-e-type=\"widget\" data-widget_type=\"heading.default\">\n\t\t\t\t<div class=\"elementor-widget-container\">\n\t\t\t\t\t<h4 class=\"elementor-heading-title elementor-size-default\">Omfattande produktsortiment och skr\u00e4ddarsydda behandlingsprogram f\u00f6r f\u00e4rger i syfte att:<\/h4>\t\t\t\t<\/div>\n\t\t\t\t<\/div>\n\t\t\t\t<div class=\"elementor-element elementor-element-12dfa850 elementor-invisible elementor-widget elementor-widget-text-editor\" data-id=\"12dfa850\" data-element_type=\"widget\" data-e-type=\"widget\" data-settings=\"{&quot;_animation&quot;:&quot;fadeIn&quot;}\" data-widget_type=\"text-editor.default\">\n\t\t\t\t<div class=\"elementor-widget-container\">\n\t\t\t\t\t\t\t\t\t<ul><li>F\u00f6rb\u00e4ttrad detakti\ufb01ering\u00a0<\/li><li>\u00d6kad \u00e5tervinningsgrad f\u00f6r slam<\/li><li>Minskad reng\u00f6ringsfrekvens<\/li><li>Minskat vattenutsl\u00e4pp<\/li><li>Smidig och s\u00e4ker drift av anl\u00e4ggningen<\/li><li>Minskning av den totala \u00e4gandekostnaden<\/li><\/ul><p>\u00a0<\/p>\t\t\t\t\t\t\t\t<\/div>\n\t\t\t\t<\/div>\n\t\t\t\t<div class=\"elementor-element elementor-element-3bbc00c9 elementor-widget elementor-widget-text-editor\" data-id=\"3bbc00c9\" data-element_type=\"widget\" data-e-type=\"widget\" data-widget_type=\"text-editor.default\">\n\t\t\t\t<div class=\"elementor-widget-container\">\n\t\t\t\t\t\t\t\t\t<p>Varje f\u00e4rgb\u00e5s \u00e4r unikt p\u00e5 grund av antalet p\u00e5verkande faktorer och specifika kemiska behandlings- och \u00f6vervakningsl\u00f6sningar som \u00e4r anpassade till dina speciella behov b\u00f6r tillhandah\u00e5llas. Vi unders\u00f6ker alltid dina system i sin helhet med h\u00e4nsyn till alla faktorer och erbjuder de b\u00e4st l\u00e4mpade behandlingsl\u00f6sningarna.<\/p>\t\t\t\t\t\t\t\t<\/div>\n\t\t\t\t<\/div>\n\t\t\t\t\t<\/div>\n\t\t<\/div>\n\t\t\t\t\t<\/div>\n\t\t<\/section>\n\t\t\t\t<section class=\"elementor-section elementor-top-section elementor-element elementor-element-6db15d1c elementor-section-boxed elementor-section-height-default elementor-section-height-default\" data-id=\"6db15d1c\" data-element_type=\"section\" data-e-type=\"section\" data-settings=\"{&quot;background_background&quot;:&quot;classic&quot;}\">\n\t\t\t\t\t\t<div class=\"elementor-container elementor-column-gap-default\">\n\t\t\t\t\t<div class=\"elementor-column elementor-col-100 elementor-top-column elementor-element elementor-element-4cbcb685 margin-content\" data-id=\"4cbcb685\" data-element_type=\"column\" data-e-type=\"column\">\n\t\t\t<div class=\"elementor-widget-wrap elementor-element-populated\">\n\t\t\t\t\t\t<div class=\"elementor-element elementor-element-749341fb elementor-widget elementor-widget-heading\" data-id=\"749341fb\" data-element_type=\"widget\" data-e-type=\"widget\" data-widget_type=\"heading.default\">\n\t\t\t\t<div class=\"elementor-widget-container\">\n\t\t\t\t\t<h2 class=\"elementor-heading-title elementor-size-default\">Vi st\u00e5r till tj\u00e4nst f\u00f6r dig<\/h2>\t\t\t\t<\/div>\n\t\t\t\t<\/div>\n\t\t\t\t<div class=\"elementor-element elementor-element-038e855 elementor-widget elementor-widget-global elementor-global-15703 elementor-widget-html\" data-id=\"038e855\" data-element_type=\"widget\" data-e-type=\"widget\" data-widget_type=\"html.default\">\n\t\t\t\t<div class=\"elementor-widget-container\">\n\t\t\t\t\t<div\r\n        data-form-id='f4d0a8e4-73ce-ef11-b8e8-000d3ab41b62'\r\n        data-form-api-url='https:\/\/public-eur.mkt.dynamics.com\/api\/v1.0\/orgs\/30cac5a2-33f9-ed11-a66d-000d3a64d748\/landingpageforms'\r\n        data-cached-form-url='https:\/\/assets-eur.mkt.dynamics.com\/30cac5a2-33f9-ed11-a66d-000d3a64d748\/digitalassets\/forms\/f4d0a8e4-73ce-ef11-b8e8-000d3ab41b62' ><\/div>\r\n        <script src = 'https:\/\/cxppusa1formui01cdnsa01-endpoint.azureedge.net\/eur\/FormLoader\/FormLoader.bundle.js' ><\/script>\r\n        <script>document.documentElement.lang = navigator.language;<\/script>\t\t\t\t<\/div>\n\t\t\t\t<\/div>\n\t\t\t\t\t<\/div>\n\t\t<\/div>\n\t\t\t\t\t<\/div>\n\t\t<\/section>\n\t\t\t\t<\/div>","protected":false},"excerpt":{"rendered":"<p>Kuristuck Original och kompetent Kuristuck-teknik f\u00f6r att st\u00f6dja h\u00e5llbarhet vid behandling i lackb\u00e5s. I m\u00e5lningsb\u00e5s bel\u00e4ggs olika kaross- och reservdelar fr\u00e5n fordons-, apparat-, elektronik-, plast- och andra industrier med ett eller flera lager f\u00e4rg. Huvudsyftet med behandlingen i m\u00e5lningsb\u00e5set \u00e4r att avl\u00e4gsna s\u00e5 mycket \u00f6versprutad f\u00e4rg [...]<\/p>","protected":false},"author":2,"featured_media":0,"parent":13875,"menu_order":0,"comment_status":"closed","ping_status":"closed","template":"","meta":{"footnotes":""},"class_list":["post-14186","page","type-page","status-publish","hentry"],"yoast_head":"<!-- This site is optimized with the Yoast SEO plugin v25.5 - https:\/\/yoast.com\/wordpress\/plugins\/seo\/ -->\n<title>Kuristuck - Kurita Europe<\/title>\n<meta name=\"robots\" content=\"index, follow, max-snippet:-1, max-image-preview:large, max-video-preview:-1\" \/>\n<link rel=\"canonical\" href=\"https:\/\/www.kurita.eu\/se\/losningar\/kuristuck\/\" \/>\n<meta property=\"og:locale\" content=\"sv_SE\" \/>\n<meta property=\"og:type\" content=\"article\" \/>\n<meta property=\"og:title\" content=\"Kuristuck - Kurita Europe\" \/>\n<meta property=\"og:description\" content=\"Kuristuck Original and competent Kuristuck Technology to support sustainability at paint booth treatment. In paint booth systems, different body and spare parts from automotive, appliance, electronics, plastics and other industries are coated by using one or multiple layers of paints. The main goal of the paint booth treatment is to remove as much overspray paint [&hellip;]\" \/>\n<meta property=\"og:url\" content=\"https:\/\/www.kurita.eu\/se\/losningar\/kuristuck\/\" \/>\n<meta property=\"og:site_name\" content=\"Kurita Europe\" \/>\n<meta property=\"article:modified_time\" content=\"2025-05-15T08:49:19+00:00\" \/>\n<meta property=\"og:image\" content=\"https:\/\/www.kurita.eu\/wp-content\/uploads\/2025\/07\/kurita-favicon-512x512-1.png\" \/>\n\t<meta property=\"og:image:width\" content=\"512\" \/>\n\t<meta property=\"og:image:height\" content=\"512\" \/>\n\t<meta property=\"og:image:type\" content=\"image\/png\" \/>\n<meta name=\"twitter:card\" content=\"summary_large_image\" \/>\n<meta name=\"twitter:label1\" content=\"Ber\u00e4knad l\u00e4stid\" \/>\n\t<meta name=\"twitter:data1\" content=\"2 minuter\" \/>\n<script type=\"application\/ld+json\" class=\"yoast-schema-graph\">{\"@context\":\"https:\/\/schema.org\",\"@graph\":[{\"@type\":\"WebPage\",\"@id\":\"https:\/\/www.kurita.eu\/en\/solutions\/kuristuck\/\",\"url\":\"https:\/\/www.kurita.eu\/en\/solutions\/kuristuck\/\",\"name\":\"Kuristuck - Kurita Europe\",\"isPartOf\":{\"@id\":\"https:\/\/kurita.eu\/en\/#website\"},\"datePublished\":\"2025-04-25T07:32:59+00:00\",\"dateModified\":\"2025-05-15T08:49:19+00:00\",\"breadcrumb\":{\"@id\":\"https:\/\/www.kurita.eu\/en\/solutions\/kuristuck\/#breadcrumb\"},\"inLanguage\":\"sv-SE\",\"potentialAction\":[{\"@type\":\"ReadAction\",\"target\":[\"https:\/\/www.kurita.eu\/en\/solutions\/kuristuck\/\"]}]},{\"@type\":\"BreadcrumbList\",\"@id\":\"https:\/\/www.kurita.eu\/en\/solutions\/kuristuck\/#breadcrumb\",\"itemListElement\":[{\"@type\":\"ListItem\",\"position\":1,\"name\":\"Home\",\"item\":\"https:\/\/www.kurita.eu\/en\/\"},{\"@type\":\"ListItem\",\"position\":2,\"name\":\"Solutions\",\"item\":\"https:\/\/www.kurita.eu\/en\/solutions\/\"},{\"@type\":\"ListItem\",\"position\":3,\"name\":\"Kuristuck\"}]},{\"@type\":\"WebSite\",\"@id\":\"https:\/\/kurita.eu\/en\/#website\",\"url\":\"https:\/\/kurita.eu\/en\/\",\"name\":\"Kurita Europe\",\"description\":\"Water Treatment Solutions\",\"publisher\":{\"@id\":\"https:\/\/kurita.eu\/en\/#organization\"},\"potentialAction\":[{\"@type\":\"SearchAction\",\"target\":{\"@type\":\"EntryPoint\",\"urlTemplate\":\"https:\/\/kurita.eu\/en\/?s={search_term_string}\"},\"query-input\":{\"@type\":\"PropertyValueSpecification\",\"valueRequired\":true,\"valueName\":\"search_term_string\"}}],\"inLanguage\":\"sv-SE\"},{\"@type\":\"Organization\",\"@id\":\"https:\/\/kurita.eu\/en\/#organization\",\"name\":\"Kurita Europe\",\"url\":\"https:\/\/kurita.eu\/en\/\",\"logo\":{\"@type\":\"ImageObject\",\"inLanguage\":\"sv-SE\",\"@id\":\"https:\/\/kurita.eu\/en\/#\/schema\/logo\/image\/\",\"url\":\"\/wp-content\/uploads\/2025\/05\/cropped-brand_mark_horizon_blue.png\",\"contentUrl\":\"\/wp-content\/uploads\/2025\/05\/cropped-brand_mark_horizon_blue.png\",\"width\":712,\"height\":204,\"caption\":\"Kurita Europe\"},\"image\":{\"@id\":\"https:\/\/kurita.eu\/en\/#\/schema\/logo\/image\/\"}}]}<\/script>\n<!-- \/ Yoast SEO plugin. -->","yoast_head_json":{"title":"Kuristuck - Kurita Europa","robots":{"index":"index","follow":"follow","max-snippet":"max-snippet:-1","max-image-preview":"max-image-preview:large","max-video-preview":"max-video-preview:-1"},"canonical":"https:\/\/www.kurita.eu\/se\/losningar\/kuristuck\/","og_locale":"sv_SE","og_type":"article","og_title":"Kuristuck - Kurita Europe","og_description":"Kuristuck Original and competent Kuristuck Technology to support sustainability at paint booth treatment. In paint booth systems, different body and spare parts from automotive, appliance, electronics, plastics and other industries are coated by using one or multiple layers of paints. The main goal of the paint booth treatment is to remove as much overspray paint [&hellip;]","og_url":"https:\/\/www.kurita.eu\/se\/losningar\/kuristuck\/","og_site_name":"Kurita Europe","article_modified_time":"2025-05-15T08:49:19+00:00","og_image":[{"width":512,"height":512,"url":"https:\/\/www.kurita.eu\/wp-content\/uploads\/2025\/07\/kurita-favicon-512x512-1.png","type":"image\/png"}],"twitter_card":"summary_large_image","twitter_misc":{"Ber\u00e4knad l\u00e4stid":"2 minuter"},"schema":{"@context":"https:\/\/schema.org","@graph":[{"@type":"WebPage","@id":"https:\/\/www.kurita.eu\/en\/solutions\/kuristuck\/","url":"https:\/\/www.kurita.eu\/en\/solutions\/kuristuck\/","name":"Kuristuck - Kurita Europa","isPartOf":{"@id":"https:\/\/kurita.eu\/en\/#website"},"datePublished":"2025-04-25T07:32:59+00:00","dateModified":"2025-05-15T08:49:19+00:00","breadcrumb":{"@id":"https:\/\/www.kurita.eu\/en\/solutions\/kuristuck\/#breadcrumb"},"inLanguage":"sv-SE","potentialAction":[{"@type":"ReadAction","target":["https:\/\/www.kurita.eu\/en\/solutions\/kuristuck\/"]}]},{"@type":"BreadcrumbList","@id":"https:\/\/www.kurita.eu\/en\/solutions\/kuristuck\/#breadcrumb","itemListElement":[{"@type":"ListItem","position":1,"name":"Home","item":"https:\/\/www.kurita.eu\/en\/"},{"@type":"ListItem","position":2,"name":"Solutions","item":"https:\/\/www.kurita.eu\/en\/solutions\/"},{"@type":"ListItem","position":3,"name":"Kuristuck"}]},{"@type":"WebSite","@id":"https:\/\/kurita.eu\/en\/#website","url":"https:\/\/kurita.eu\/en\/","name":"Kurita Europa","description":"L\u00f6sningar f\u00f6r vattenbehandling","publisher":{"@id":"https:\/\/kurita.eu\/en\/#organization"},"potentialAction":[{"@type":"SearchAction","target":{"@type":"EntryPoint","urlTemplate":"https:\/\/kurita.eu\/en\/?s={search_term_string}"},"query-input":{"@type":"PropertyValueSpecification","valueRequired":true,"valueName":"search_term_string"}}],"inLanguage":"sv-SE"},{"@type":"Organization","@id":"https:\/\/kurita.eu\/en\/#organization","name":"Kurita Europa","url":"https:\/\/kurita.eu\/en\/","logo":{"@type":"ImageObject","inLanguage":"sv-SE","@id":"https:\/\/kurita.eu\/en\/#\/schema\/logo\/image\/","url":"\/wp-content\/uploads\/2025\/05\/cropped-brand_mark_horizon_blue.png","contentUrl":"\/wp-content\/uploads\/2025\/05\/cropped-brand_mark_horizon_blue.png","width":712,"height":204,"caption":"Kurita Europe"},"image":{"@id":"https:\/\/kurita.eu\/en\/#\/schema\/logo\/image\/"}}]}},"_links":{"self":[{"href":"https:\/\/www.kurita.eu\/se\/wp-json\/wp\/v2\/pages\/14186","targetHints":{"allow":["GET"]}}],"collection":[{"href":"https:\/\/www.kurita.eu\/se\/wp-json\/wp\/v2\/pages"}],"about":[{"href":"https:\/\/www.kurita.eu\/se\/wp-json\/wp\/v2\/types\/page"}],"author":[{"embeddable":true,"href":"https:\/\/www.kurita.eu\/se\/wp-json\/wp\/v2\/users\/2"}],"replies":[{"embeddable":true,"href":"https:\/\/www.kurita.eu\/se\/wp-json\/wp\/v2\/comments?post=14186"}],"version-history":[{"count":7,"href":"https:\/\/www.kurita.eu\/se\/wp-json\/wp\/v2\/pages\/14186\/revisions"}],"predecessor-version":[{"id":15749,"href":"https:\/\/www.kurita.eu\/se\/wp-json\/wp\/v2\/pages\/14186\/revisions\/15749"}],"up":[{"embeddable":true,"href":"https:\/\/www.kurita.eu\/se\/wp-json\/wp\/v2\/pages\/13875"}],"wp:attachment":[{"href":"https:\/\/www.kurita.eu\/se\/wp-json\/wp\/v2\/media?parent=14186"}],"curies":[{"name":"wp","href":"https:\/\/api.w.org\/{rel}","templated":true}]}}