{"id":14223,"date":"2025-04-25T07:47:34","date_gmt":"2025-04-25T07:47:34","guid":{"rendered":"https:\/\/kurita-eu-gudza2cjbzfhcwbx.francecentral-01.azurewebsites.net\/?page_id=14223"},"modified":"2025-04-28T08:52:41","modified_gmt":"2025-04-28T08:52:41","slug":"kurita-pz-6000","status":"publish","type":"page","link":"https:\/\/www.kurita.eu\/se\/solutions\/kurita-pz-6000\/","title":{"rendered":"Kurita PZ-6000"},"content":{"rendered":"<div data-elementor-type=\"wp-page\" data-elementor-id=\"14223\" class=\"elementor elementor-14223\" data-elementor-post-type=\"page\">\n\t\t\t\t\t\t<section class=\"elementor-section elementor-top-section elementor-element elementor-element-1481cba4 elementor-section-full_width elementor-section-height-default elementor-section-height-default\" data-id=\"1481cba4\" data-element_type=\"section\" data-e-type=\"section\">\n\t\t\t\t\t\t<div class=\"elementor-container elementor-column-gap-default\">\n\t\t\t\t\t<div class=\"elementor-column elementor-col-100 elementor-top-column elementor-element elementor-element-2053722e\" data-id=\"2053722e\" data-element_type=\"column\" data-e-type=\"column\">\n\t\t\t<div class=\"elementor-widget-wrap elementor-element-populated\">\n\t\t\t\t\t\t<div class=\"elementor-element elementor-element-7c6bdbb5 elementor--h-position-center elementor--v-position-middle elementor-arrows-position-inside elementor-pagination-position-inside elementor-widget elementor-widget-slides\" data-id=\"7c6bdbb5\" data-element_type=\"widget\" data-e-type=\"widget\" data-settings=\"{&quot;navigation&quot;:&quot;both&quot;,&quot;autoplay&quot;:&quot;yes&quot;,&quot;pause_on_hover&quot;:&quot;yes&quot;,&quot;pause_on_interaction&quot;:&quot;yes&quot;,&quot;autoplay_speed&quot;:5000,&quot;infinite&quot;:&quot;yes&quot;,&quot;transition&quot;:&quot;slide&quot;,&quot;transition_speed&quot;:500}\" data-widget_type=\"slides.default\">\n\t\t\t\t<div class=\"elementor-widget-container\">\n\t\t\t\t\t\t\t\t\t<div class=\"elementor-swiper\">\n\t\t\t\t\t<div class=\"elementor-slides-wrapper elementor-main-swiper swiper\" role=\"region\" aria-roledescription=\"carousel\" aria-label=\"Diabilder\" dir=\"ltr\" data-animation=\"fadeInUp\">\n\t\t\t\t<div class=\"swiper-wrapper elementor-slides\">\n\t\t\t\t\t\t\t\t\t\t<div class=\"elementor-repeater-item-4e0b9f7 swiper-slide\" role=\"group\" aria-roledescription=\"slide\"><div class=\"swiper-slide-bg elementor-ken-burns elementor-ken-burns--in\" role=\"img\" aria-label=\"Ans\u00f6kningar_Papper.jpg\"><\/div><div class=\"elementor-background-overlay\"><\/div><div class=\"swiper-slide-inner\" ><div class=\"swiper-slide-contents\"><div class=\"elementor-slide-heading\">Kurita PZ-6000<\/div><\/div><\/div><\/div>\t\t\t\t<\/div>\n\t\t\t\t\t\t\t<\/div>\n\t\t\t\t<\/div>\n\t\t\t\t\t\t\t\t<\/div>\n\t\t\t\t<\/div>\n\t\t\t\t\t<\/div>\n\t\t<\/div>\n\t\t\t\t\t<\/div>\n\t\t<\/section>\n\t\t\t\t<section class=\"elementor-section elementor-top-section elementor-element elementor-element-15a9cfa1 elementor-section-boxed elementor-section-height-default elementor-section-height-default\" data-id=\"15a9cfa1\" data-element_type=\"section\" data-e-type=\"section\">\n\t\t\t\t\t\t<div class=\"elementor-container elementor-column-gap-default\">\n\t\t\t\t\t<div class=\"elementor-column elementor-col-66 elementor-top-column elementor-element elementor-element-7fee2f50 margin-content\" data-id=\"7fee2f50\" data-element_type=\"column\" data-e-type=\"column\">\n\t\t\t<div class=\"elementor-widget-wrap elementor-element-populated\">\n\t\t\t\t\t\t<div class=\"elementor-element elementor-element-56fe06b4 elementor-widget elementor-widget-heading\" data-id=\"56fe06b4\" data-element_type=\"widget\" data-e-type=\"widget\" data-widget_type=\"heading.default\">\n\t\t\t\t<div class=\"elementor-widget-container\">\n\t\t\t\t\t<h4 class=\"elementor-heading-title elementor-size-default\">H\u00e5llbar limning f\u00f6r st\u00e4rkelse- och dextrinhaltiga limsystem.<\/h4>\t\t\t\t<\/div>\n\t\t\t\t<\/div>\n\t\t\t\t<div class=\"elementor-element elementor-element-1b2187dc elementor-invisible elementor-widget elementor-widget-text-editor\" data-id=\"1b2187dc\" data-element_type=\"widget\" data-e-type=\"widget\" data-settings=\"{&quot;_animation&quot;:&quot;fadeInUp&quot;}\" data-widget_type=\"text-editor.default\">\n\t\t\t\t<div class=\"elementor-widget-container\">\n\t\t\t\t\t\t\t\t\t<p>Borsyra var f\u00f6r n\u00e5gra \u00e5r sedan fortfarande en oumb\u00e4rlig tillsats f\u00f6r lim och f\u00f6r olika industriella till\u00e4mpningar. N\u00e4r bor och dess derivat 2011 togs upp p\u00e5 ECHA:s kandidatlista \u00f6ver SVHC-\u00e4mnen (\u00e4mnen som inger mycket stora bet\u00e4nkligheter) som CMR-\u00e4mnen stod tillverkningen och lindningen av kartongk\u00e4rnor och pappersr\u00f6r samt relaterade industrier inf\u00f6r en stor utmaning.\u00a0<\/p><p>Kurita l\u00f6ste ett industriellt problem: Borfri dextrinlimning som en perfekt l\u00f6sning f\u00f6r kartongindustrin. Med Kurita PZ-6000 A som ett borfritt stabiliseringsmedel i st\u00e4rkelse- och dextrinlimformuleringar s\u00e4krar Kurita l\u00f6nsamheten och anv\u00e4ndningen av konventionella tekniska f\u00f6rfaranden.<\/p>\t\t\t\t\t\t\t\t<\/div>\n\t\t\t\t<\/div>\n\t\t\t\t\t<\/div>\n\t\t<\/div>\n\t\t\t\t<div class=\"elementor-column elementor-col-33 elementor-top-column elementor-element elementor-element-1b241687 margin-content\" data-id=\"1b241687\" data-element_type=\"column\" data-e-type=\"column\">\n\t\t\t<div class=\"elementor-widget-wrap elementor-element-populated\">\n\t\t\t\t\t\t<div class=\"elementor-element elementor-element-5ccc846f elementor-invisible elementor-widget elementor-widget-image\" data-id=\"5ccc846f\" data-element_type=\"widget\" data-e-type=\"widget\" data-settings=\"{&quot;_animation&quot;:&quot;fadeIn&quot;}\" data-widget_type=\"image.default\">\n\t\t\t\t<div class=\"elementor-widget-container\">\n\t\t\t\t\t\t\t\t\t\t\t\t\t\t\t<img fetchpriority=\"high\" decoding=\"async\" width=\"350\" height=\"248\" src=\"\/wp-content\/uploads\/2025\/04\/gilunal-a-2017-cd2a3b79.jpg\" class=\"attachment-large size-large wp-image-14225\" alt=\"\" srcset=\"\/wp-content\/uploads\/2025\/04\/gilunal-a-2017-cd2a3b79.jpg 350w, \/wp-content\/uploads\/2025\/04\/gilunal-a-2017-cd2a3b79-300x213.jpg 300w\" sizes=\"(max-width: 350px) 100vw, 350px\" data-no-translation=\"\" \/>\t\t\t\t\t\t\t\t\t\t\t\t\t\t\t<\/div>\n\t\t\t\t<\/div>\n\t\t\t\t\t<\/div>\n\t\t<\/div>\n\t\t\t\t\t<\/div>\n\t\t<\/section>\n\t\t\t\t<section class=\"elementor-section elementor-top-section elementor-element elementor-element-376f3e77 elementor-section-boxed elementor-section-height-default elementor-section-height-default\" data-id=\"376f3e77\" data-element_type=\"section\" data-e-type=\"section\" data-settings=\"{&quot;background_background&quot;:&quot;classic&quot;}\">\n\t\t\t\t\t\t<div class=\"elementor-container elementor-column-gap-default\">\n\t\t\t\t\t<div class=\"elementor-column elementor-col-100 elementor-top-column elementor-element elementor-element-3da8bcbd margin-content\" data-id=\"3da8bcbd\" data-element_type=\"column\" data-e-type=\"column\">\n\t\t\t<div class=\"elementor-widget-wrap elementor-element-populated\">\n\t\t\t\t\t\t<div class=\"elementor-element elementor-element-1c91a6d7 elementor-widget elementor-widget-heading\" data-id=\"1c91a6d7\" data-element_type=\"widget\" data-e-type=\"widget\" data-widget_type=\"heading.default\">\n\t\t\t\t<div class=\"elementor-widget-container\">\n\t\t\t\t\t<h4 class=\"elementor-heading-title elementor-size-default\">Kurita PZ-6000 - V\u00e5rt bidrag till h\u00e5llbar utveckling<\/h4>\t\t\t\t<\/div>\n\t\t\t\t<\/div>\n\t\t\t\t<div class=\"elementor-element elementor-element-13893929 elementor-widget elementor-widget-heading\" data-id=\"13893929\" data-element_type=\"widget\" data-e-type=\"widget\" data-widget_type=\"heading.default\">\n\t\t\t\t<div class=\"elementor-widget-container\">\n\t\t\t\t\t<h4 class=\"elementor-heading-title elementor-size-default\">Kurita l\u00f6ste ett stort industriellt problem:\nBorfri limning med dextrinlim - Utveckling av ett giftfritt alternativ.<\/h4>\t\t\t\t<\/div>\n\t\t\t\t<\/div>\n\t\t\t\t<div class=\"elementor-element elementor-element-7a0f6297 elementor-invisible elementor-widget elementor-widget-text-editor\" data-id=\"7a0f6297\" data-element_type=\"widget\" data-e-type=\"widget\" data-settings=\"{&quot;_animation&quot;:&quot;fadeIn&quot;}\" data-widget_type=\"text-editor.default\">\n\t\t\t\t<div class=\"elementor-widget-container\">\n\t\t\t\t\t\t\t\t\t<div class=\"ce_text first block\"><p>Kurita PZ-6000 \u00e4r inte fr\u00e4tande och inte ett farligt \u00e4mne. Den kontrollerar perfekt stabiliteten, reologin och v\u00e4tbarheten hos de ytor som ska limmas. Kurita PZ-6000 ger kontrollerad viskositetsstabilitet, vidh\u00e4ftning, bindning och filmbildning under produktionen. De resulterande limblandningarna f\u00f6rblir stabila och absolut bearbetningsbara under l\u00e5ng tid. Kurita PZ-6000 anv\u00e4nds huvudsakligen i dextrinlim f\u00f6r tillverkning och lindning av k\u00e4rnkartong, wellpapp och pappersr\u00f6r p\u00e5 h\u00f6ghastighetsautomatisk utrustning och kan tills\u00e4ttas till blandningen som granulat eller pulver genom omr\u00f6rning eller dispergering och de erforderliga vidh\u00e4ftningsniv\u00e5erna uppn\u00e5s enkelt.<\/p><\/div><div class=\"ce_text mt block\"><p>Kurita PZ-6000, den gr\u00f6na revolutionen f\u00f6r dextrinbaserade limsystem<\/p><ul><li>Borfri teknik Listad i BfR 36. positiva register - f\u00f6r livsmedel och f\u00f6rpackningar<\/li><li>Patenterad teknik<\/li><li>Anv\u00e4ndarv\u00e4nlig och l\u00e4ttl\u00f6slig produkt<\/li><li>Mycket aktiv i applikationen<\/li><li>Inneh\u00e5ller inte n\u00e5got listat SVHC-\u00e4mne (Substance of Very High Concern)<\/li><\/ul><\/div>\t\t\t\t\t\t\t\t<\/div>\n\t\t\t\t<\/div>\n\t\t\t\t\t<\/div>\n\t\t<\/div>\n\t\t\t\t\t<\/div>\n\t\t<\/section>\n\t\t\t\t<section class=\"elementor-section elementor-top-section elementor-element elementor-element-7fcf4a6a elementor-section-boxed elementor-section-height-default elementor-section-height-default\" data-id=\"7fcf4a6a\" data-element_type=\"section\" data-e-type=\"section\">\n\t\t\t\t\t\t<div class=\"elementor-container elementor-column-gap-default\">\n\t\t\t\t\t<div class=\"elementor-column elementor-col-33 elementor-top-column elementor-element elementor-element-7d52bfe5 margin-content\" data-id=\"7d52bfe5\" data-element_type=\"column\" data-e-type=\"column\">\n\t\t\t<div class=\"elementor-widget-wrap elementor-element-populated\">\n\t\t\t\t\t\t<div class=\"elementor-element elementor-element-58aad7ec elementor-widget elementor-widget-image\" data-id=\"58aad7ec\" data-element_type=\"widget\" data-e-type=\"widget\" data-widget_type=\"image.default\">\n\t\t\t\t<div class=\"elementor-widget-container\">\n\t\t\t\t\t\t\t\t\t\t\t\t\t\t\t<img decoding=\"async\" width=\"318\" height=\"244\" src=\"\/wp-content\/uploads\/2025\/04\/Sustainability-triangle.png\" class=\"attachment-large size-large wp-image-14226\" alt=\"\" srcset=\"\/wp-content\/uploads\/2025\/04\/Sustainability-triangle.png 318w, \/wp-content\/uploads\/2025\/04\/Sustainability-triangle-300x230.png 300w\" sizes=\"(max-width: 318px) 100vw, 318px\" data-no-translation=\"\" \/>\t\t\t\t\t\t\t\t\t\t\t\t\t\t\t<\/div>\n\t\t\t\t<\/div>\n\t\t\t\t\t<\/div>\n\t\t<\/div>\n\t\t\t\t<div class=\"elementor-column elementor-col-66 elementor-top-column elementor-element elementor-element-cdba64f margin-content\" data-id=\"cdba64f\" data-element_type=\"column\" data-e-type=\"column\">\n\t\t\t<div class=\"elementor-widget-wrap elementor-element-populated\">\n\t\t\t\t\t\t<div class=\"elementor-element elementor-element-1ee90332 elementor-widget elementor-widget-heading\" data-id=\"1ee90332\" data-element_type=\"widget\" data-e-type=\"widget\" data-widget_type=\"heading.default\">\n\t\t\t\t<div class=\"elementor-widget-container\">\n\t\t\t\t\t<h4 class=\"elementor-heading-title elementor-size-default\">Kurita PZ-6000 - h\u00e5llbar limning med en positiv inverkan p\u00e5 m\u00e4nniska och milj\u00f6 som \u00e4r j\u00e4mf\u00f6rbar med den senaste tekniken Teknik<\/h4>\t\t\t\t<\/div>\n\t\t\t\t<\/div>\n\t\t\t\t<div class=\"elementor-element elementor-element-17269f4 elementor-invisible elementor-widget elementor-widget-text-editor\" data-id=\"17269f4\" data-element_type=\"widget\" data-e-type=\"widget\" data-settings=\"{&quot;_animation&quot;:&quot;fadeInUp&quot;}\" data-widget_type=\"text-editor.default\">\n\t\t\t\t<div class=\"elementor-widget-container\">\n\t\t\t\t\t\t\t\t\t<p>Ekonomi, milj\u00f6 och socialt ansvar p\u00e5verkar varandra:<\/p><ul><li>Kurita PZ-6000 s\u00e4krar l\u00f6nsamheten och utnyttjandet av produktionsprocesserna<\/li><li>Kurita PZ-6000 \u00e4r s\u00e4ker att anv\u00e4nda och finns i riklig m\u00e4ngd<\/li><li>Kurita PZ-6000 \u00e4r en giftfri ers\u00e4ttning f\u00f6r h\u00e4lsofarliga produkter som inneh\u00e5ller bor<\/li><\/ul>\t\t\t\t\t\t\t\t<\/div>\n\t\t\t\t<\/div>\n\t\t\t\t\t<\/div>\n\t\t<\/div>\n\t\t\t\t\t<\/div>\n\t\t<\/section>\n\t\t\t\t<section class=\"elementor-section elementor-top-section elementor-element elementor-element-7f859102 elementor-section-boxed elementor-section-height-default elementor-section-height-default\" data-id=\"7f859102\" data-element_type=\"section\" data-e-type=\"section\" data-settings=\"{&quot;background_background&quot;:&quot;classic&quot;}\">\n\t\t\t\t\t\t<div class=\"elementor-container elementor-column-gap-default\">\n\t\t\t\t\t<div class=\"elementor-column elementor-col-100 elementor-top-column elementor-element elementor-element-2b2487e9 margin-content\" data-id=\"2b2487e9\" data-element_type=\"column\" data-e-type=\"column\">\n\t\t\t<div class=\"elementor-widget-wrap elementor-element-populated\">\n\t\t\t\t\t\t<div class=\"elementor-element elementor-element-b1f6c45 elementor-widget elementor-widget-heading\" data-id=\"b1f6c45\" data-element_type=\"widget\" data-e-type=\"widget\" data-widget_type=\"heading.default\">\n\t\t\t\t<div class=\"elementor-widget-container\">\n\t\t\t\t\t<h2 class=\"elementor-heading-title elementor-size-default\">Vi st\u00e5r till tj\u00e4nst f\u00f6r dig<\/h2>\t\t\t\t<\/div>\n\t\t\t\t<\/div>\n\t\t\t\t<div class=\"elementor-element elementor-element-23757b79 elementor-widget elementor-widget-html\" data-id=\"23757b79\" data-element_type=\"widget\" data-e-type=\"widget\" data-widget_type=\"html.default\">\n\t\t\t\t<div class=\"elementor-widget-container\">\n\t\t\t\t\t<div\r\n        data-form-id='f4d0a8e4-73ce-ef11-b8e8-000d3ab41b62'\r\n        data-form-api-url='https:\/\/public-eur.mkt.dynamics.com\/api\/v1.0\/orgs\/30cac5a2-33f9-ed11-a66d-000d3a64d748\/landingpageforms'\r\n        data-cached-form-url='https:\/\/assets-eur.mkt.dynamics.com\/30cac5a2-33f9-ed11-a66d-000d3a64d748\/digitalassets\/forms\/f4d0a8e4-73ce-ef11-b8e8-000d3ab41b62' ><\/div>\r\n        <script src = 'https:\/\/cxppusa1formui01cdnsa01-endpoint.azureedge.net\/eur\/FormLoader\/FormLoader.bundle.js' ><\/script>\r\n        <script>document.documentElement.lang = navigator.language;<\/script>\t\t\t\t<\/div>\n\t\t\t\t<\/div>\n\t\t\t\t\t<\/div>\n\t\t<\/div>\n\t\t\t\t\t<\/div>\n\t\t<\/section>\n\t\t\t\t<\/div>","protected":false},"excerpt":{"rendered":"<p>Kurita PZ-6000 The sustainable bonding for starchy and dextrin containing adhesive systems. Boron acid was still up\u00a0some years ago as an indispensable additive for adhesive glues and for various industrial applications. When in 2011 Boron and its derivate were included in the candidate list SVHC (substances of very high concern) by ECHA as CMR Substances [&hellip;]<\/p>\n","protected":false},"author":2,"featured_media":0,"parent":13875,"menu_order":0,"comment_status":"closed","ping_status":"closed","template":"","meta":{"footnotes":""},"class_list":["post-14223","page","type-page","status-publish","hentry"],"yoast_head":"<!-- This site is optimized with the Yoast SEO plugin v27.3 - https:\/\/yoast.com\/product\/yoast-seo-wordpress\/ -->\n<title>Kurita PZ-6000 - Kurita Europe<\/title>\n<meta name=\"robots\" content=\"index, follow, max-snippet:-1, max-image-preview:large, max-video-preview:-1\" \/>\n<link rel=\"canonical\" href=\"https:\/\/www.kurita.eu\/se\/losningar\/kurita-pz-6000\/\" \/>\n<meta property=\"og:locale\" content=\"sv_SE\" \/>\n<meta property=\"og:type\" content=\"article\" \/>\n<meta property=\"og:title\" content=\"Kurita PZ-6000 - Kurita Europe\" \/>\n<meta property=\"og:description\" content=\"Kurita PZ-6000 The sustainable bonding for starchy and dextrin containing adhesive systems. Boron acid was still up\u00a0some years ago as an indispensable additive for adhesive glues and for various industrial applications. When in 2011 Boron and its derivate were included in the candidate list SVHC (substances of very high concern) by ECHA as CMR Substances [&hellip;]\" \/>\n<meta property=\"og:url\" content=\"https:\/\/www.kurita.eu\/se\/losningar\/kurita-pz-6000\/\" \/>\n<meta property=\"og:site_name\" content=\"Kurita Europe\" \/>\n<meta property=\"article:modified_time\" content=\"2025-04-28T08:52:41+00:00\" \/>\n<meta property=\"og:image\" content=\"https:\/\/www.kurita.eu\/wp-content\/uploads\/2025\/07\/kurita-favicon-512x512-1.png\" \/>\n\t<meta property=\"og:image:width\" content=\"512\" \/>\n\t<meta property=\"og:image:height\" content=\"512\" \/>\n\t<meta property=\"og:image:type\" content=\"image\/png\" \/>\n<meta name=\"twitter:card\" content=\"summary_large_image\" \/>\n<meta name=\"twitter:site\" content=\"@KuritaGlobal\" \/>\n<meta name=\"twitter:label1\" content=\"Ber\u00e4knad l\u00e4stid\" \/>\n\t<meta name=\"twitter:data1\" content=\"2 minuter\" \/>\n<script type=\"application\/ld+json\" class=\"yoast-schema-graph\">{\"@context\":\"https:\\\/\\\/schema.org\",\"@graph\":[{\"@type\":\"WebPage\",\"@id\":\"https:\\\/\\\/www.kurita.eu\\\/pl\\\/rozwiazania\\\/kurita-pz-6000\\\/\",\"url\":\"https:\\\/\\\/www.kurita.eu\\\/pl\\\/rozwiazania\\\/kurita-pz-6000\\\/\",\"name\":\"Kurita PZ-6000 - Kurita Europe\",\"isPartOf\":{\"@id\":\"https:\\\/\\\/www.kurita.eu\\\/se\\\/#website\"},\"datePublished\":\"2025-04-25T07:47:34+00:00\",\"dateModified\":\"2025-04-28T08:52:41+00:00\",\"breadcrumb\":{\"@id\":\"https:\\\/\\\/www.kurita.eu\\\/pl\\\/rozwiazania\\\/kurita-pz-6000\\\/#breadcrumb\"},\"inLanguage\":\"sv-SE\",\"potentialAction\":[{\"@type\":\"ReadAction\",\"target\":[\"https:\\\/\\\/www.kurita.eu\\\/pl\\\/rozwiazania\\\/kurita-pz-6000\\\/\"]}]},{\"@type\":\"BreadcrumbList\",\"@id\":\"https:\\\/\\\/www.kurita.eu\\\/pl\\\/rozwiazania\\\/kurita-pz-6000\\\/#breadcrumb\",\"itemListElement\":[{\"@type\":\"ListItem\",\"position\":1,\"name\":\"Home\",\"item\":\"https:\\\/\\\/www.kurita.eu\\\/de\\\/\"},{\"@type\":\"ListItem\",\"position\":2,\"name\":\"Solutions\",\"item\":\"https:\\\/\\\/www.kurita.eu\\\/se\\\/losningar\\\/\"},{\"@type\":\"ListItem\",\"position\":3,\"name\":\"Kurita PZ-6000\"}]},{\"@type\":\"WebSite\",\"@id\":\"https:\\\/\\\/www.kurita.eu\\\/se\\\/#website\",\"url\":\"https:\\\/\\\/www.kurita.eu\\\/se\\\/\",\"name\":\"Kurita Europe\",\"description\":\"Water Treatment Solutions\",\"publisher\":{\"@id\":\"https:\\\/\\\/www.kurita.eu\\\/se\\\/#organization\"},\"potentialAction\":[{\"@type\":\"SearchAction\",\"target\":{\"@type\":\"EntryPoint\",\"urlTemplate\":\"https:\\\/\\\/www.kurita.eu\\\/se\\\/?s={search_term_string}\"},\"query-input\":{\"@type\":\"PropertyValueSpecification\",\"valueRequired\":true,\"valueName\":\"search_term_string\"}}],\"inLanguage\":\"sv-SE\"},{\"@type\":\"Organization\",\"@id\":\"https:\\\/\\\/www.kurita.eu\\\/se\\\/#organization\",\"name\":\"Kurita Europe\",\"url\":\"https:\\\/\\\/www.kurita.eu\\\/se\\\/\",\"logo\":{\"@type\":\"ImageObject\",\"inLanguage\":\"sv-SE\",\"@id\":\"https:\\\/\\\/www.kurita.eu\\\/se\\\/#\\\/schema\\\/logo\\\/image\\\/\",\"url\":\"\\\/wp-content\\\/uploads\\\/2025\\\/05\\\/cropped-brand_mark_horizon_blue.png\",\"contentUrl\":\"\\\/wp-content\\\/uploads\\\/2025\\\/05\\\/cropped-brand_mark_horizon_blue.png\",\"width\":712,\"height\":204,\"caption\":\"Kurita Europe\"},\"image\":{\"@id\":\"https:\\\/\\\/www.kurita.eu\\\/se\\\/#\\\/schema\\\/logo\\\/image\\\/\"},\"sameAs\":[\"https:\\\/\\\/x.com\\\/KuritaGlobal\",\"https:\\\/\\\/www.linkedin.com\\\/company\\\/kurita\\\/\"]}]}<\/script>\n<!-- \/ Yoast SEO plugin. -->","yoast_head_json":{"title":"Kurita PZ-6000 - Kurita Europa","robots":{"index":"index","follow":"follow","max-snippet":"max-snippet:-1","max-image-preview":"max-image-preview:large","max-video-preview":"max-video-preview:-1"},"canonical":"https:\/\/www.kurita.eu\/se\/losningar\/kurita-pz-6000\/","og_locale":"sv_SE","og_type":"article","og_title":"Kurita PZ-6000 - Kurita Europe","og_description":"Kurita PZ-6000 The sustainable bonding for starchy and dextrin containing adhesive systems. Boron acid was still up\u00a0some years ago as an indispensable additive for adhesive glues and for various industrial applications. When in 2011 Boron and its derivate were included in the candidate list SVHC (substances of very high concern) by ECHA as CMR Substances [&hellip;]","og_url":"https:\/\/www.kurita.eu\/se\/losningar\/kurita-pz-6000\/","og_site_name":"Kurita Europe","article_modified_time":"2025-04-28T08:52:41+00:00","og_image":[{"width":512,"height":512,"url":"https:\/\/www.kurita.eu\/wp-content\/uploads\/2025\/07\/kurita-favicon-512x512-1.png","type":"image\/png"}],"twitter_card":"summary_large_image","twitter_site":"@KuritaGlobal","twitter_misc":{"Ber\u00e4knad l\u00e4stid":"2 minuter"},"schema":{"@context":"https:\/\/schema.org","@graph":[{"@type":"WebPage","@id":"https:\/\/www.kurita.eu\/pl\/rozwiazania\/kurita-pz-6000\/","url":"https:\/\/www.kurita.eu\/pl\/rozwiazania\/kurita-pz-6000\/","name":"Kurita PZ-6000 - Kurita Europa","isPartOf":{"@id":"https:\/\/www.kurita.eu\/se\/#website"},"datePublished":"2025-04-25T07:47:34+00:00","dateModified":"2025-04-28T08:52:41+00:00","breadcrumb":{"@id":"https:\/\/www.kurita.eu\/pl\/rozwiazania\/kurita-pz-6000\/#breadcrumb"},"inLanguage":"sv-SE","potentialAction":[{"@type":"ReadAction","target":["https:\/\/www.kurita.eu\/pl\/rozwiazania\/kurita-pz-6000\/"]}]},{"@type":"BreadcrumbList","@id":"https:\/\/www.kurita.eu\/pl\/rozwiazania\/kurita-pz-6000\/#breadcrumb","itemListElement":[{"@type":"ListItem","position":1,"name":"Home","item":"https:\/\/www.kurita.eu\/de\/"},{"@type":"ListItem","position":2,"name":"Solutions","item":"https:\/\/www.kurita.eu\/se\/losningar\/"},{"@type":"ListItem","position":3,"name":"Kurita PZ-6000"}]},{"@type":"WebSite","@id":"https:\/\/www.kurita.eu\/se\/#website","url":"https:\/\/www.kurita.eu\/se\/","name":"Kurita Europa","description":"L\u00f6sningar f\u00f6r vattenbehandling","publisher":{"@id":"https:\/\/www.kurita.eu\/se\/#organization"},"potentialAction":[{"@type":"SearchAction","target":{"@type":"EntryPoint","urlTemplate":"https:\/\/www.kurita.eu\/se\/?s={search_term_string}"},"query-input":{"@type":"PropertyValueSpecification","valueRequired":true,"valueName":"search_term_string"}}],"inLanguage":"sv-SE"},{"@type":"Organization","@id":"https:\/\/www.kurita.eu\/se\/#organization","name":"Kurita Europa","url":"https:\/\/www.kurita.eu\/se\/","logo":{"@type":"ImageObject","inLanguage":"sv-SE","@id":"https:\/\/www.kurita.eu\/se\/#\/schema\/logo\/image\/","url":"\/wp-content\/uploads\/2025\/05\/cropped-brand_mark_horizon_blue.png","contentUrl":"\/wp-content\/uploads\/2025\/05\/cropped-brand_mark_horizon_blue.png","width":712,"height":204,"caption":"Kurita Europe"},"image":{"@id":"https:\/\/www.kurita.eu\/se\/#\/schema\/logo\/image\/"},"sameAs":["https:\/\/x.com\/KuritaGlobal","https:\/\/www.linkedin.com\/company\/kurita\/"]}]}},"_links":{"self":[{"href":"https:\/\/www.kurita.eu\/se\/wp-json\/wp\/v2\/pages\/14223","targetHints":{"allow":["GET"]}}],"collection":[{"href":"https:\/\/www.kurita.eu\/se\/wp-json\/wp\/v2\/pages"}],"about":[{"href":"https:\/\/www.kurita.eu\/se\/wp-json\/wp\/v2\/types\/page"}],"author":[{"embeddable":true,"href":"https:\/\/www.kurita.eu\/se\/wp-json\/wp\/v2\/users\/2"}],"replies":[{"embeddable":true,"href":"https:\/\/www.kurita.eu\/se\/wp-json\/wp\/v2\/comments?post=14223"}],"version-history":[{"count":4,"href":"https:\/\/www.kurita.eu\/se\/wp-json\/wp\/v2\/pages\/14223\/revisions"}],"predecessor-version":[{"id":14232,"href":"https:\/\/www.kurita.eu\/se\/wp-json\/wp\/v2\/pages\/14223\/revisions\/14232"}],"up":[{"embeddable":true,"href":"https:\/\/www.kurita.eu\/se\/wp-json\/wp\/v2\/pages\/13875"}],"wp:attachment":[{"href":"https:\/\/www.kurita.eu\/se\/wp-json\/wp\/v2\/media?parent=14223"}],"curies":[{"name":"wp","href":"https:\/\/api.w.org\/{rel}","templated":true}]}}