{"id":14533,"date":"2025-04-25T10:07:50","date_gmt":"2025-04-25T10:07:50","guid":{"rendered":"https:\/\/kurita-eu-gudza2cjbzfhcwbx.francecentral-01.azurewebsites.net\/?page_id=14533"},"modified":"2026-03-12T14:57:38","modified_gmt":"2026-03-12T14:57:38","slug":"simbassang","status":"publish","type":"page","link":"https:\/\/www.kurita.eu\/se\/water-treatment\/swimming-pool\/","title":{"rendered":"Simbass\u00e4ng"},"content":{"rendered":"<div data-elementor-type=\"wp-page\" data-elementor-id=\"14533\" class=\"elementor elementor-14533\" data-elementor-post-type=\"page\">\n\t\t\t\t\t\t<section class=\"elementor-section elementor-top-section elementor-element elementor-element-73bee311 elementor-section-full_width elementor-section-height-default elementor-section-height-default\" data-id=\"73bee311\" data-element_type=\"section\" data-e-type=\"section\">\n\t\t\t\t\t\t<div class=\"elementor-container elementor-column-gap-default\">\n\t\t\t\t\t<div class=\"elementor-column elementor-col-100 elementor-top-column elementor-element elementor-element-51892ad9\" data-id=\"51892ad9\" data-element_type=\"column\" data-e-type=\"column\">\n\t\t\t<div class=\"elementor-widget-wrap elementor-element-populated\">\n\t\t\t\t\t\t<div class=\"elementor-element elementor-element-292e10a0 elementor--h-position-center elementor--v-position-middle elementor-arrows-position-inside elementor-pagination-position-inside elementor-widget elementor-widget-slides\" data-id=\"292e10a0\" data-element_type=\"widget\" data-e-type=\"widget\" data-settings=\"{&quot;navigation&quot;:&quot;both&quot;,&quot;autoplay&quot;:&quot;yes&quot;,&quot;pause_on_hover&quot;:&quot;yes&quot;,&quot;pause_on_interaction&quot;:&quot;yes&quot;,&quot;autoplay_speed&quot;:5000,&quot;infinite&quot;:&quot;yes&quot;,&quot;transition&quot;:&quot;slide&quot;,&quot;transition_speed&quot;:500}\" data-widget_type=\"slides.default\">\n\t\t\t\t<div class=\"elementor-widget-container\">\n\t\t\t\t\t\t\t\t\t<div class=\"elementor-swiper\">\n\t\t\t\t\t<div class=\"elementor-slides-wrapper elementor-main-swiper swiper\" role=\"region\" aria-roledescription=\"carousel\" aria-label=\"Diabilder\" dir=\"ltr\" data-animation=\"fadeInUp\">\n\t\t\t\t<div class=\"swiper-wrapper elementor-slides\">\n\t\t\t\t\t\t\t\t\t\t<div class=\"elementor-repeater-item-4e0b9f7 swiper-slide\" role=\"group\" aria-roledescription=\"slide\"><div class=\"swiper-slide-bg elementor-ken-burns elementor-ken-burns--in\" role=\"img\" aria-label=\"Simbass\u00e4ng\"><\/div><div class=\"elementor-background-overlay\"><\/div><div class=\"swiper-slide-inner\" ><div class=\"swiper-slide-contents\"><h1 class=\"elementor-slide-heading\">Behandling av vatten i simbass\u00e4nger<\/h1><\/div><\/div><\/div>\t\t\t\t<\/div>\n\t\t\t\t\t\t\t<\/div>\n\t\t\t\t<\/div>\n\t\t\t\t\t\t\t\t<\/div>\n\t\t\t\t<\/div>\n\t\t\t\t\t<\/div>\n\t\t<\/div>\n\t\t\t\t\t<\/div>\n\t\t<\/section>\n\t\t\t\t<section class=\"elementor-section elementor-top-section elementor-element elementor-element-1ce0dc77 elementor-section-boxed elementor-section-height-default elementor-section-height-default\" data-id=\"1ce0dc77\" data-element_type=\"section\" data-e-type=\"section\">\n\t\t\t\t\t\t<div class=\"elementor-container elementor-column-gap-default\">\n\t\t\t\t\t<div class=\"elementor-column elementor-col-100 elementor-top-column elementor-element elementor-element-14909af8 margin-content\" data-id=\"14909af8\" data-element_type=\"column\" data-e-type=\"column\">\n\t\t\t<div class=\"elementor-widget-wrap elementor-element-populated\">\n\t\t\t\t\t\t<div class=\"elementor-element elementor-element-265b3272 elementor-widget elementor-widget-heading\" data-id=\"265b3272\" data-element_type=\"widget\" data-e-type=\"widget\" data-widget_type=\"heading.default\">\n\t\t\t\t<div class=\"elementor-widget-container\">\n\t\t\t\t\t<h4 class=\"elementor-heading-title elementor-size-default\">Helt\u00e4ckande och innovativ teknik f\u00f6r behandling av simbass\u00e4nger<\/h4>\t\t\t\t<\/div>\n\t\t\t\t<\/div>\n\t\t\t\t<div class=\"elementor-element elementor-element-29f25b09 elementor-widget elementor-widget-text-editor\" data-id=\"29f25b09\" data-element_type=\"widget\" data-e-type=\"widget\" data-widget_type=\"text-editor.default\">\n\t\t\t\t<div class=\"elementor-widget-container\">\n\t\t\t\t\t\t\t\t\t<p>Kurita erbjuder ett brett produktsortiment av kemikalier f\u00f6r vattenbehandling av simbass\u00e4nger. Dessa produkter har bevisat sin effektivitet under m\u00e5nga \u00e5r.<\/p><p>Det finns olika typer av simbass\u00e4nger. Simbass\u00e4nger skiljer sig \u00e5t i funktion (tropisk simbass\u00e4ng, bastu), storlek och f\u00f6rh\u00e5llanden som vattentemperatur, reng\u00f6ringssystem och vattendesinfektionsmekanism. Man kan g\u00f6ra en uppdelning i inomhus- och utomhuspooler. Det finns en skillnad mellan simbass\u00e4nger med ett vattencirkulationssystem och simbass\u00e4nger som genomg\u00e5r konstant vattenuppfriskning. I cirkulationspooler \u00e5tervinns vattnet fr\u00e5n ett vattenreningssystem. En del av vattnet avskiljs och f\u00f6rs bort efter behandlingen. Poolen fylls sedan p\u00e5 med f\u00e4rskvatten.<br \/>N\u00e4r en pool har ett kontinuerligt fl\u00f6de f\u00f6rnyas vattnet hela tiden. Vattnet som \u00e5tercirkuleras fr\u00e5n poolen sl\u00e4pps ut i avloppet, eller s\u00e5 transporteras det till ett vattenreningsverk. De flesta offentliga simhallar till\u00e4mpar recirkulation av vattnet.<\/p>\t\t\t\t\t\t\t\t<\/div>\n\t\t\t\t<\/div>\n\t\t\t\t\t<\/div>\n\t\t<\/div>\n\t\t\t\t\t<\/div>\n\t\t<\/section>\n\t\t\t\t<section class=\"elementor-section elementor-top-section elementor-element elementor-element-33f73fc1 elementor-section-boxed elementor-section-height-default elementor-section-height-default\" data-id=\"33f73fc1\" data-element_type=\"section\" data-e-type=\"section\" data-settings=\"{&quot;background_background&quot;:&quot;classic&quot;}\">\n\t\t\t\t\t\t<div class=\"elementor-container elementor-column-gap-default\">\n\t\t\t\t\t<div class=\"elementor-column elementor-col-100 elementor-top-column elementor-element elementor-element-4136be55 margin-content\" data-id=\"4136be55\" data-element_type=\"column\" data-e-type=\"column\">\n\t\t\t<div class=\"elementor-widget-wrap elementor-element-populated\">\n\t\t\t\t\t\t<div class=\"elementor-element elementor-element-31c69935 elementor-widget elementor-widget-heading\" data-id=\"31c69935\" data-element_type=\"widget\" data-e-type=\"widget\" data-widget_type=\"heading.default\">\n\t\t\t\t<div class=\"elementor-widget-container\">\n\t\t\t\t\t<h4 class=\"elementor-heading-title elementor-size-default\">Vilken typ av produkter f\u00f6r behandling av simbass\u00e4nger tillhandah\u00e5ller Kurita?\n<\/h4>\t\t\t\t<\/div>\n\t\t\t\t<\/div>\n\t\t\t\t<div class=\"elementor-element elementor-element-7a47e923 elementor-widget elementor-widget-text-editor\" data-id=\"7a47e923\" data-element_type=\"widget\" data-e-type=\"widget\" data-widget_type=\"text-editor.default\">\n\t\t\t\t<div class=\"elementor-widget-container\">\n\t\t\t\t\t\t\t\t\t<p>Poolvatten m\u00e5ste genomg\u00e5 behandling f\u00f6r att f\u00f6rbli klart och rent, fritt fr\u00e5n skadliga \u00e4mnen, bakterier, virus, alger och andra patogener och l\u00e4mpligt f\u00f6r anv\u00e4ndning av simmare. Behandling av poolvatten \u00e4r f\u00f6rem\u00e5l f\u00f6r standarder och lokala f\u00f6reskrifter. V\u00e5rt produktsortiment ger dig m\u00f6jlighet att v\u00e4lja r\u00e4tt behandlingsprogram f\u00f6r att driva din pool p\u00e5 ett hygieniskt s\u00e4tt. V\u00e5ra kompetenta Kurita-representanter kan hj\u00e4lpa dig med detta.<\/p><p><a href=\"https:\/\/www.kurita.eu\/se\/losningar\/ferrodor\/\">Ferrodor<sup>\u00ae<\/sup><\/a>\u00a0best\u00e5r av filter- och ytkonditioneringsmedel, flotationsmedel, pH-reglerare, desinfektionsmedel och kompletterande produkter. Med detta produktsortiment erbjuder Kurita snabb fels\u00f6kning och skr\u00e4ddarsydda l\u00f6sningar vid olika problem, t.ex:<\/p><ul><li style=\"list-style-type: none;\"><ul><li>Grumligt, oklart, f\u00e4rgat vatten<\/li><li>Kalkavlagringar p\u00e5 poolytor<\/li><li>Hala ytor och gr\u00f6nt grumligt vatten<\/li><li>\u00d6gon- och hudirritation<\/li><\/ul><\/li><\/ul>\t\t\t\t\t\t\t\t<\/div>\n\t\t\t\t<\/div>\n\t\t\t\t\t<\/div>\n\t\t<\/div>\n\t\t\t\t\t<\/div>\n\t\t<\/section>\n\t\t\t\t<section class=\"elementor-section elementor-top-section elementor-element elementor-element-1918270c elementor-section-boxed elementor-section-height-default elementor-section-height-default\" data-id=\"1918270c\" data-element_type=\"section\" data-e-type=\"section\" data-settings=\"{&quot;background_background&quot;:&quot;classic&quot;}\">\n\t\t\t\t\t\t<div class=\"elementor-container elementor-column-gap-default\">\n\t\t\t\t\t<div class=\"elementor-column elementor-col-100 elementor-top-column elementor-element elementor-element-695b59d2 margin-content\" data-id=\"695b59d2\" data-element_type=\"column\" data-e-type=\"column\">\n\t\t\t<div class=\"elementor-widget-wrap elementor-element-populated\">\n\t\t\t\t\t\t<div class=\"elementor-element elementor-element-1f9a2f59 elementor-widget elementor-widget-heading\" data-id=\"1f9a2f59\" data-element_type=\"widget\" data-e-type=\"widget\" data-widget_type=\"heading.default\">\n\t\t\t\t<div class=\"elementor-widget-container\">\n\t\t\t\t\t<h4 class=\"elementor-heading-title elementor-size-default\">Varf\u00f6r v\u00e4lja Kurita?<\/h4>\t\t\t\t<\/div>\n\t\t\t\t<\/div>\n\t\t\t\t<div class=\"elementor-element elementor-element-264b28f elementor-widget elementor-widget-text-editor\" data-id=\"264b28f\" data-element_type=\"widget\" data-e-type=\"widget\" data-widget_type=\"text-editor.default\">\n\t\t\t\t<div class=\"elementor-widget-container\">\n\t\t\t\t\t\t\t\t\t<p>Vi har samlat p\u00e5 oss erfarenhet av behandling av simbass\u00e4nger under flera decennier. V\u00e5ra l\u00f6sningar g\u00f6r det m\u00f6jligt f\u00f6r dig att respektera lagstiftning och milj\u00f6. V\u00e5rt m\u00e5l \u00e4r att tillhandah\u00e5lla behandlingsl\u00f6sningar f\u00f6r en smidig systemdrift.<\/p><ul><li>Att beh\u00e5lla eller till och med f\u00f6rb\u00e4ttra vattenkvaliteten<\/li><li>F\u00f6r att minska driftskostnaderna<\/li><li>F\u00f6r att s\u00e4kerst\u00e4lla smidig drift av simbass\u00e4ngen<\/li><li>F\u00f6r att uppfylla str\u00e4nga regler<\/li><\/ul>\t\t\t\t\t\t\t\t<\/div>\n\t\t\t\t<\/div>\n\t\t\t\t\t<\/div>\n\t\t<\/div>\n\t\t\t\t\t<\/div>\n\t\t<\/section>\n\t\t\t\t<section class=\"elementor-section elementor-top-section elementor-element elementor-element-eba2529 elementor-section-boxed elementor-section-height-default elementor-section-height-default\" data-id=\"eba2529\" data-element_type=\"section\" data-e-type=\"section\" data-settings=\"{&quot;background_background&quot;:&quot;classic&quot;}\">\n\t\t\t\t\t\t<div class=\"elementor-container elementor-column-gap-default\">\n\t\t\t\t\t<div class=\"elementor-column elementor-col-100 elementor-top-column elementor-element elementor-element-cda31be margin-content\" data-id=\"cda31be\" data-element_type=\"column\" data-e-type=\"column\">\n\t\t\t<div class=\"elementor-widget-wrap elementor-element-populated\">\n\t\t\t\t\t\t<div class=\"elementor-element elementor-element-a5b355a elementor-widget elementor-widget-heading\" data-id=\"a5b355a\" data-element_type=\"widget\" data-e-type=\"widget\" data-widget_type=\"heading.default\">\n\t\t\t\t<div class=\"elementor-widget-container\">\n\t\t\t\t\t<h2 class=\"elementor-heading-title elementor-size-default\">Viktiga l\u00f6sningar<\/h2>\t\t\t\t<\/div>\n\t\t\t\t<\/div>\n\t\t\t\t<div class=\"elementor-element elementor-element-f678afc elementor-posts--thumbnail-none elementor-grid-2 elementor-grid-tablet-2 elementor-grid-mobile-1 elementor-card-shadow-yes elementor-posts__hover-gradient elementor-widget elementor-widget-posts\" data-id=\"f678afc\" data-element_type=\"widget\" data-e-type=\"widget\" data-settings=\"{&quot;cards_columns&quot;:&quot;2&quot;,&quot;cards_columns_tablet&quot;:&quot;2&quot;,&quot;cards_columns_mobile&quot;:&quot;1&quot;,&quot;cards_row_gap&quot;:{&quot;unit&quot;:&quot;px&quot;,&quot;size&quot;:35,&quot;sizes&quot;:[]},&quot;cards_row_gap_widescreen&quot;:{&quot;unit&quot;:&quot;px&quot;,&quot;size&quot;:&quot;&quot;,&quot;sizes&quot;:[]},&quot;cards_row_gap_laptop&quot;:{&quot;unit&quot;:&quot;px&quot;,&quot;size&quot;:&quot;&quot;,&quot;sizes&quot;:[]},&quot;cards_row_gap_tablet&quot;:{&quot;unit&quot;:&quot;px&quot;,&quot;size&quot;:&quot;&quot;,&quot;sizes&quot;:[]},&quot;cards_row_gap_mobile&quot;:{&quot;unit&quot;:&quot;px&quot;,&quot;size&quot;:&quot;&quot;,&quot;sizes&quot;:[]}}\" data-widget_type=\"posts.cards\">\n\t\t\t\t<div class=\"elementor-widget-container\">\n\t\t\t\t\t\t\t<div class=\"elementor-posts-container elementor-posts elementor-posts--skin-cards elementor-grid\" role=\"list\">\n\t\t\t\t<article class=\"elementor-post elementor-grid-item post-14051 page type-page status-publish hentry\" role=\"listitem\">\n\t\t\t<div class=\"elementor-post__card\">\n\t\t\t\t<div class=\"elementor-post__text\">\n\t\t\t\t<h4 class=\"elementor-post__title\">\n\t\t\t<a href=\"https:\/\/www.kurita.eu\/se\/solutions\/ferrodor\/\" target=\"&quot;_blank&quot;\">\n\t\t\t\tFerrodor\t\t\t<\/a>\n\t\t<\/h4>\n\t\t\t\t<div class=\"elementor-post__excerpt\">\n\t\t\t<p>Ferrodor\u00ae Ferrodor\u00ae - F\u00f6r att s\u00e4kerst\u00e4lla en smidig drift av simbass\u00e4ngen Kuritas omfattande och innovativa teknik f\u00f6r behandling av simbass\u00e4nger erbjuder ett brett utbud av produkter. Vattenbehandling f\u00f6r simbass\u00e4nger har tv\u00e5 utmaningar: Hygien f\u00f6r de badande Vattnets klarhet<\/p>\n\t\t<\/div>\n\t\t\t\t<\/div>\n\t\t\t\t\t<\/div>\n\t\t<\/article>\n\t\t\t\t<\/div>\n\t\t\n\t\t\t\t\t\t<\/div>\n\t\t\t\t<\/div>\n\t\t\t\t\t<\/div>\n\t\t<\/div>\n\t\t\t\t\t<\/div>\n\t\t<\/section>\n\t\t\t\t<\/div>","protected":false},"excerpt":{"rendered":"<p>Kurita erbjuder ett brett produktsortiment av kemikalier f\u00f6r vattenbehandling av simbass\u00e4nger. <\/p>","protected":false},"author":2,"featured_media":14538,"parent":14484,"menu_order":0,"comment_status":"closed","ping_status":"closed","template":"","meta":{"footnotes":""},"class_list":["post-14533","page","type-page","status-publish","has-post-thumbnail","hentry"],"yoast_head":"<!-- This site is optimized with the Yoast SEO plugin v27.3 - https:\/\/yoast.com\/product\/yoast-seo-wordpress\/ -->\n<title>Swimming Pool - Kurita Europe<\/title>\n<meta name=\"robots\" content=\"index, follow, max-snippet:-1, max-image-preview:large, max-video-preview:-1\" \/>\n<link rel=\"canonical\" href=\"https:\/\/www.kurita.eu\/se\/vattenrening\/simbassang\/\" \/>\n<meta property=\"og:locale\" content=\"sv_SE\" \/>\n<meta property=\"og:type\" content=\"article\" \/>\n<meta property=\"og:title\" content=\"Swimming Pool - Kurita Europe\" \/>\n<meta property=\"og:description\" content=\"Kurita offers a wide product range of swimming pool water treatment chemicals.\" \/>\n<meta property=\"og:url\" content=\"https:\/\/www.kurita.eu\/se\/vattenrening\/simbassang\/\" \/>\n<meta property=\"og:site_name\" content=\"Kurita Europe\" \/>\n<meta property=\"article:modified_time\" content=\"2026-03-12T14:57:38+00:00\" \/>\n<meta property=\"og:image\" content=\"https:\/\/www.kurita.eu\/wp-content\/uploads\/2025\/04\/Applications_WaterTreatment_DrinkingWater-56a111e3.jpg\" \/>\n\t<meta property=\"og:image:width\" content=\"870\" \/>\n\t<meta property=\"og:image:height\" content=\"350\" \/>\n\t<meta property=\"og:image:type\" content=\"image\/jpeg\" \/>\n<meta name=\"twitter:card\" content=\"summary_large_image\" \/>\n<meta name=\"twitter:site\" content=\"@KuritaGlobal\" \/>\n<meta name=\"twitter:label1\" content=\"Ber\u00e4knad l\u00e4stid\" \/>\n\t<meta name=\"twitter:data1\" content=\"3 minuter\" \/>\n<script type=\"application\/ld+json\" class=\"yoast-schema-graph\">{\"@context\":\"https:\\\/\\\/schema.org\",\"@graph\":[{\"@type\":\"WebPage\",\"@id\":\"https:\\\/\\\/www.kurita.eu\\\/pl\\\/uzdatnianie-wody\\\/basen\\\/\",\"url\":\"https:\\\/\\\/www.kurita.eu\\\/pl\\\/uzdatnianie-wody\\\/basen\\\/\",\"name\":\"Swimming Pool - Kurita Europe\",\"isPartOf\":{\"@id\":\"https:\\\/\\\/www.kurita.eu\\\/se\\\/#website\"},\"primaryImageOfPage\":{\"@id\":\"https:\\\/\\\/www.kurita.eu\\\/pl\\\/uzdatnianie-wody\\\/basen\\\/#primaryimage\"},\"image\":{\"@id\":\"https:\\\/\\\/www.kurita.eu\\\/pl\\\/uzdatnianie-wody\\\/basen\\\/#primaryimage\"},\"thumbnailUrl\":\"\\\/wp-content\\\/uploads\\\/2025\\\/04\\\/Applications_WaterTreatment_DrinkingWater-56a111e3.jpg\",\"datePublished\":\"2025-04-25T10:07:50+00:00\",\"dateModified\":\"2026-03-12T14:57:38+00:00\",\"breadcrumb\":{\"@id\":\"https:\\\/\\\/www.kurita.eu\\\/pl\\\/uzdatnianie-wody\\\/basen\\\/#breadcrumb\"},\"inLanguage\":\"sv-SE\",\"potentialAction\":[{\"@type\":\"ReadAction\",\"target\":[\"https:\\\/\\\/www.kurita.eu\\\/pl\\\/uzdatnianie-wody\\\/basen\\\/\"]}]},{\"@type\":\"ImageObject\",\"inLanguage\":\"sv-SE\",\"@id\":\"https:\\\/\\\/www.kurita.eu\\\/pl\\\/uzdatnianie-wody\\\/basen\\\/#primaryimage\",\"url\":\"\\\/wp-content\\\/uploads\\\/2025\\\/04\\\/Applications_WaterTreatment_DrinkingWater-56a111e3.jpg\",\"contentUrl\":\"\\\/wp-content\\\/uploads\\\/2025\\\/04\\\/Applications_WaterTreatment_DrinkingWater-56a111e3.jpg\",\"width\":870,\"height\":350,\"caption\":\"Swimming Pool\"},{\"@type\":\"BreadcrumbList\",\"@id\":\"https:\\\/\\\/www.kurita.eu\\\/pl\\\/uzdatnianie-wody\\\/basen\\\/#breadcrumb\",\"itemListElement\":[{\"@type\":\"ListItem\",\"position\":1,\"name\":\"Home\",\"item\":\"https:\\\/\\\/www.kurita.eu\\\/de\\\/\"},{\"@type\":\"ListItem\",\"position\":2,\"name\":\"Water Treatment\",\"item\":\"https:\\\/\\\/www.kurita.eu\\\/fr\\\/traitement-de-leau\\\/\"},{\"@type\":\"ListItem\",\"position\":3,\"name\":\"Swimming Pool\"}]},{\"@type\":\"WebSite\",\"@id\":\"https:\\\/\\\/www.kurita.eu\\\/se\\\/#website\",\"url\":\"https:\\\/\\\/www.kurita.eu\\\/se\\\/\",\"name\":\"Kurita Europe\",\"description\":\"Water Treatment Solutions\",\"publisher\":{\"@id\":\"https:\\\/\\\/www.kurita.eu\\\/se\\\/#organization\"},\"potentialAction\":[{\"@type\":\"SearchAction\",\"target\":{\"@type\":\"EntryPoint\",\"urlTemplate\":\"https:\\\/\\\/www.kurita.eu\\\/se\\\/?s={search_term_string}\"},\"query-input\":{\"@type\":\"PropertyValueSpecification\",\"valueRequired\":true,\"valueName\":\"search_term_string\"}}],\"inLanguage\":\"sv-SE\"},{\"@type\":\"Organization\",\"@id\":\"https:\\\/\\\/www.kurita.eu\\\/se\\\/#organization\",\"name\":\"Kurita Europe\",\"url\":\"https:\\\/\\\/www.kurita.eu\\\/se\\\/\",\"logo\":{\"@type\":\"ImageObject\",\"inLanguage\":\"sv-SE\",\"@id\":\"https:\\\/\\\/www.kurita.eu\\\/se\\\/#\\\/schema\\\/logo\\\/image\\\/\",\"url\":\"\\\/wp-content\\\/uploads\\\/2025\\\/05\\\/cropped-brand_mark_horizon_blue.png\",\"contentUrl\":\"\\\/wp-content\\\/uploads\\\/2025\\\/05\\\/cropped-brand_mark_horizon_blue.png\",\"width\":712,\"height\":204,\"caption\":\"Kurita Europe\"},\"image\":{\"@id\":\"https:\\\/\\\/www.kurita.eu\\\/se\\\/#\\\/schema\\\/logo\\\/image\\\/\"},\"sameAs\":[\"https:\\\/\\\/x.com\\\/KuritaGlobal\",\"https:\\\/\\\/www.linkedin.com\\\/company\\\/kurita\\\/\"]}]}<\/script>\n<!-- \/ Yoast SEO plugin. -->","yoast_head_json":{"title":"Simbass\u00e4ng - Kurita Europe","robots":{"index":"index","follow":"follow","max-snippet":"max-snippet:-1","max-image-preview":"max-image-preview:large","max-video-preview":"max-video-preview:-1"},"canonical":"https:\/\/www.kurita.eu\/se\/vattenrening\/simbassang\/","og_locale":"sv_SE","og_type":"article","og_title":"Swimming Pool - Kurita Europe","og_description":"Kurita offers a wide product range of swimming pool water treatment chemicals.","og_url":"https:\/\/www.kurita.eu\/se\/vattenrening\/simbassang\/","og_site_name":"Kurita Europe","article_modified_time":"2026-03-12T14:57:38+00:00","og_image":[{"width":870,"height":350,"url":"https:\/\/www.kurita.eu\/wp-content\/uploads\/2025\/04\/Applications_WaterTreatment_DrinkingWater-56a111e3.jpg","type":"image\/jpeg"}],"twitter_card":"summary_large_image","twitter_site":"@KuritaGlobal","twitter_misc":{"Ber\u00e4knad l\u00e4stid":"3 minuter"},"schema":{"@context":"https:\/\/schema.org","@graph":[{"@type":"WebPage","@id":"https:\/\/www.kurita.eu\/pl\/uzdatnianie-wody\/basen\/","url":"https:\/\/www.kurita.eu\/pl\/uzdatnianie-wody\/basen\/","name":"Simbass\u00e4ng - Kurita Europe","isPartOf":{"@id":"https:\/\/www.kurita.eu\/se\/#website"},"primaryImageOfPage":{"@id":"https:\/\/www.kurita.eu\/pl\/uzdatnianie-wody\/basen\/#primaryimage"},"image":{"@id":"https:\/\/www.kurita.eu\/pl\/uzdatnianie-wody\/basen\/#primaryimage"},"thumbnailUrl":"\/wp-content\/uploads\/2025\/04\/Applications_WaterTreatment_DrinkingWater-56a111e3.jpg","datePublished":"2025-04-25T10:07:50+00:00","dateModified":"2026-03-12T14:57:38+00:00","breadcrumb":{"@id":"https:\/\/www.kurita.eu\/pl\/uzdatnianie-wody\/basen\/#breadcrumb"},"inLanguage":"sv-SE","potentialAction":[{"@type":"ReadAction","target":["https:\/\/www.kurita.eu\/pl\/uzdatnianie-wody\/basen\/"]}]},{"@type":"ImageObject","inLanguage":"sv-SE","@id":"https:\/\/www.kurita.eu\/pl\/uzdatnianie-wody\/basen\/#primaryimage","url":"\/wp-content\/uploads\/2025\/04\/Applications_WaterTreatment_DrinkingWater-56a111e3.jpg","contentUrl":"\/wp-content\/uploads\/2025\/04\/Applications_WaterTreatment_DrinkingWater-56a111e3.jpg","width":870,"height":350,"caption":"Swimming Pool"},{"@type":"BreadcrumbList","@id":"https:\/\/www.kurita.eu\/pl\/uzdatnianie-wody\/basen\/#breadcrumb","itemListElement":[{"@type":"ListItem","position":1,"name":"Home","item":"https:\/\/www.kurita.eu\/de\/"},{"@type":"ListItem","position":2,"name":"Water Treatment","item":"https:\/\/www.kurita.eu\/fr\/traitement-de-leau\/"},{"@type":"ListItem","position":3,"name":"Swimming Pool"}]},{"@type":"WebSite","@id":"https:\/\/www.kurita.eu\/se\/#website","url":"https:\/\/www.kurita.eu\/se\/","name":"Kurita Europa","description":"L\u00f6sningar f\u00f6r vattenbehandling","publisher":{"@id":"https:\/\/www.kurita.eu\/se\/#organization"},"potentialAction":[{"@type":"SearchAction","target":{"@type":"EntryPoint","urlTemplate":"https:\/\/www.kurita.eu\/se\/?s={search_term_string}"},"query-input":{"@type":"PropertyValueSpecification","valueRequired":true,"valueName":"search_term_string"}}],"inLanguage":"sv-SE"},{"@type":"Organization","@id":"https:\/\/www.kurita.eu\/se\/#organization","name":"Kurita Europa","url":"https:\/\/www.kurita.eu\/se\/","logo":{"@type":"ImageObject","inLanguage":"sv-SE","@id":"https:\/\/www.kurita.eu\/se\/#\/schema\/logo\/image\/","url":"\/wp-content\/uploads\/2025\/05\/cropped-brand_mark_horizon_blue.png","contentUrl":"\/wp-content\/uploads\/2025\/05\/cropped-brand_mark_horizon_blue.png","width":712,"height":204,"caption":"Kurita Europe"},"image":{"@id":"https:\/\/www.kurita.eu\/se\/#\/schema\/logo\/image\/"},"sameAs":["https:\/\/x.com\/KuritaGlobal","https:\/\/www.linkedin.com\/company\/kurita\/"]}]}},"_links":{"self":[{"href":"https:\/\/www.kurita.eu\/se\/wp-json\/wp\/v2\/pages\/14533","targetHints":{"allow":["GET"]}}],"collection":[{"href":"https:\/\/www.kurita.eu\/se\/wp-json\/wp\/v2\/pages"}],"about":[{"href":"https:\/\/www.kurita.eu\/se\/wp-json\/wp\/v2\/types\/page"}],"author":[{"embeddable":true,"href":"https:\/\/www.kurita.eu\/se\/wp-json\/wp\/v2\/users\/2"}],"replies":[{"embeddable":true,"href":"https:\/\/www.kurita.eu\/se\/wp-json\/wp\/v2\/comments?post=14533"}],"version-history":[{"count":14,"href":"https:\/\/www.kurita.eu\/se\/wp-json\/wp\/v2\/pages\/14533\/revisions"}],"predecessor-version":[{"id":21314,"href":"https:\/\/www.kurita.eu\/se\/wp-json\/wp\/v2\/pages\/14533\/revisions\/21314"}],"up":[{"embeddable":true,"href":"https:\/\/www.kurita.eu\/se\/wp-json\/wp\/v2\/pages\/14484"}],"wp:featuredmedia":[{"embeddable":true,"href":"https:\/\/www.kurita.eu\/se\/wp-json\/wp\/v2\/media\/14538"}],"wp:attachment":[{"href":"https:\/\/www.kurita.eu\/se\/wp-json\/wp\/v2\/media?parent=14533"}],"curies":[{"name":"wp","href":"https:\/\/api.w.org\/{rel}","templated":true}]}}