{"id":20592,"date":"2026-02-20T13:42:41","date_gmt":"2026-02-20T13:42:41","guid":{"rendered":"https:\/\/www.kurita.eu\/?page_id=20592"},"modified":"2026-03-10T08:44:33","modified_gmt":"2026-03-10T08:44:33","slug":"webinar-fran-kyltornsblasning-till-en-strategisk-vattenresurs","status":"publish","type":"page","link":"https:\/\/www.kurita.eu\/se\/losningar\/webinar-fran-kyltornsblasning-till-en-strategisk-vattenresurs\/","title":{"rendered":"Webinar | Fr\u00e5n kyltornsbl\u00e5sning till en strategisk vattenresurs"},"content":{"rendered":"<div data-elementor-type=\"wp-page\" data-elementor-id=\"20592\" class=\"elementor elementor-20592\" data-elementor-post-type=\"page\">\n\t\t\t\t\t\t<section class=\"elementor-section elementor-top-section elementor-element elementor-element-677aa1c6 elementor-section-height-min-height elementor-section-boxed elementor-section-height-default elementor-section-items-middle\" data-id=\"677aa1c6\" data-element_type=\"section\" data-e-type=\"section\" data-settings=\"{&quot;background_background&quot;:&quot;classic&quot;}\">\n\t\t\t\t\t\t\t<div class=\"elementor-background-overlay\"><\/div>\n\t\t\t\t\t\t\t<div class=\"elementor-container elementor-column-gap-default\">\n\t\t\t\t\t<div class=\"elementor-column elementor-col-100 elementor-top-column elementor-element elementor-element-342aee0a\" data-id=\"342aee0a\" data-element_type=\"column\" data-e-type=\"column\">\n\t\t\t<div class=\"elementor-widget-wrap elementor-element-populated\">\n\t\t\t\t\t\t<div class=\"elementor-element elementor-element-b4ecd69 elementor-align-center elementor-widget elementor-widget-button\" data-id=\"b4ecd69\" data-element_type=\"widget\" data-e-type=\"widget\" data-widget_type=\"button.default\">\n\t\t\t\t<div class=\"elementor-widget-container\">\n\t\t\t\t\t\t\t\t\t<div class=\"elementor-button-wrapper\">\n\t\t\t\t\t<a class=\"elementor-button elementor-button-link elementor-size-sm\" href=\"#register\">\n\t\t\t\t\t\t<span class=\"elementor-button-content-wrapper\">\n\t\t\t\t\t\t<span class=\"elementor-button-icon\">\n\t\t\t\t<svg aria-hidden=\"true\" class=\"e-font-icon-svg e-fas-microphone-alt\" viewbox=\"0 0 352 512\" xmlns=\"http:\/\/www.w3.org\/2000\/svg\"><path d=\"M336 192h-16c-8.84 0-16 7.16-16 16v48c0 74.8-64.49 134.82-140.79 127.38C96.71 376.89 48 317.11 48 250.3V208c0-8.84-7.16-16-16-16H16c-8.84 0-16 7.16-16 16v40.16c0 89.64 63.97 169.55 152 181.69V464H96c-8.84 0-16 7.16-16 16v16c0 8.84 7.16 16 16 16h160c8.84 0 16-7.16 16-16v-16c0-8.84-7.16-16-16-16h-56v-33.77C285.71 418.47 352 344.9 352 256v-48c0-8.84-7.16-16-16-16zM176 352c53.02 0 96-42.98 96-96h-85.33c-5.89 0-10.67-3.58-10.67-8v-16c0-4.42 4.78-8 10.67-8H272v-32h-85.33c-5.89 0-10.67-3.58-10.67-8v-16c0-4.42 4.78-8 10.67-8H272v-32h-85.33c-5.89 0-10.67-3.58-10.67-8v-16c0-4.42 4.78-8 10.67-8H272c0-53.02-42.98-96-96-96S80 42.98 80 96v160c0 53.02 42.98 96 96 96z\"><\/path><\/svg>\t\t\t<\/span>\n\t\t\t\t\t\t\t\t\t<span class=\"elementor-button-text\">WEBINAR<\/span>\n\t\t\t\t\t<\/span>\n\t\t\t\t\t<\/a>\n\t\t\t\t<\/div>\n\t\t\t\t\t\t\t\t<\/div>\n\t\t\t\t<\/div>\n\t\t\t\t<div class=\"elementor-element elementor-element-07ff627 elementor-widget elementor-widget-text-editor\" data-id=\"07ff627\" data-element_type=\"widget\" data-e-type=\"widget\" data-widget_type=\"text-editor.default\">\n\t\t\t\t<div class=\"elementor-widget-container\">\n\t\t\t\t\t\t\t\t\t<p>\u00c5tervinning av vatten:<\/p><p>Fr\u00e5n kyltornsbl\u00e5sning till en strategisk vattenresurs<\/p>\t\t\t\t\t\t\t\t<\/div>\n\t\t\t\t<\/div>\n\t\t\t\t\t<\/div>\n\t\t<\/div>\n\t\t\t\t\t<\/div>\n\t\t<\/section>\n\t\t\t\t<section class=\"elementor-section elementor-top-section elementor-element elementor-element-cd07e73 margin-content elementor-section-boxed elementor-section-height-default elementor-section-height-default\" data-id=\"cd07e73\" data-element_type=\"section\" data-e-type=\"section\">\n\t\t\t\t\t\t<div class=\"elementor-container elementor-column-gap-default\">\n\t\t\t\t\t<div class=\"elementor-column elementor-col-50 elementor-top-column elementor-element elementor-element-95c7156\" data-id=\"95c7156\" data-element_type=\"column\" data-e-type=\"column\">\n\t\t\t<div class=\"elementor-widget-wrap elementor-element-populated\">\n\t\t\t\t\t\t<div class=\"elementor-element elementor-element-597c98e elementor-widget-widescreen__width-initial elementor-widget-tablet__width-initial elementor-widget elementor-widget-heading\" data-id=\"597c98e\" data-element_type=\"widget\" data-e-type=\"widget\" data-widget_type=\"heading.default\">\n\t\t\t\t<div class=\"elementor-widget-container\">\n\t\t\t\t\t<h2 class=\"elementor-heading-title elementor-size-default\">Registrera dig f\u00f6r v\u00e5rt webbinarium om vatten\u00e5tervinning<\/h2>\t\t\t\t<\/div>\n\t\t\t\t<\/div>\n\t\t\t\t<div class=\"elementor-element elementor-element-290075b elementor-widget elementor-widget-text-editor\" data-id=\"290075b\" data-element_type=\"widget\" data-e-type=\"widget\" data-widget_type=\"text-editor.default\">\n\t\t\t\t<div class=\"elementor-widget-container\">\n\t\t\t\t\t\t\t\t\t<p>Industrianl\u00e4ggningar utmanas i allt h\u00f6gre grad av vattenbrist, stigande driftskostnader och str\u00e4ngare milj\u00f6best\u00e4mmelser. Kyltorn - som ofta st\u00e5r f\u00f6r en betydande del av den totala vattenf\u00f6rbrukningen p\u00e5 anl\u00e4ggningen - \u00e4r ett av de omr\u00e5den d\u00e4r det \u00e4r l\u00e4ttast att f\u00f6rb\u00e4ttra effektiviteten och st\u00e4rka den l\u00e5ngsiktiga vattenresiliensen.<\/p>\n<div>I detta webinar f\u00f6rklarar v\u00e5r expert varf\u00f6r <strong>\u00e5tervinning av kyltornets avbl\u00e5sning<\/strong> ger mycket st\u00f6rre f\u00f6rdelar \u00e4n traditionell rening av tillskottsvatten, och hur ett integrerat tillv\u00e4gag\u00e5ngss\u00e4tt kan g\u00f6ra denna str\u00f6m till en tillf\u00f6rlitlig och kostnadseffektiv vattenresurs.<\/div>\n<div>\u00a0<\/div>\n<h5>Vad du kommer att l\u00e4ra dig:<\/h5>\n<ul>\n<li>Varf\u00f6r kyltornsbl\u00e5sning \u00e4r den mest effektiva m\u00f6jligheten att spara vatten.<\/li>\n<li>Hur \u00e5tervinning av bl\u00e5st vatten kan minska f\u00e4rskvattenf\u00f6rbrukningen med 20-40%.<\/li>\n<li>De viktigaste tekniska utmaningarna med \u00e5teranv\u00e4ndning av blowdown och hur de kan l\u00f6sas.<\/li>\n<li>Varf\u00f6r ett integrerat tillv\u00e4gag\u00e5ngss\u00e4tt mellan kylvattenbehandling och membransystem \u00e4r avg\u00f6rande.<\/li>\n<li>Hur OpEx-baserade tj\u00e4nster f\u00f6r leverans av \u00e5tervunnet vatten minskar den finansiella risken och garanterar l\u00e5ngsiktig prestanda.<\/li>\n<li>Verkliga industriella fallstudier visar upp till 80% minskning av avbl\u00e5sning och \u00f6kade koncentrationscykler.<\/li>\n<\/ul>\t\t\t\t\t\t\t\t<\/div>\n\t\t\t\t<\/div>\n\t\t\t\t<div class=\"elementor-element elementor-element-1fd533b1 elementor-widget__width-initial elementor-widget elementor-widget-text-editor\" data-id=\"1fd533b1\" data-element_type=\"widget\" data-e-type=\"widget\" data-widget_type=\"text-editor.default\">\n\t\t\t\t<div class=\"elementor-widget-container\">\n\t\t\t\t\t\t\t\t\t<h5>Detaljer om sessionen:<\/h5>\t\t\t\t\t\t\t\t<\/div>\n\t\t\t\t<\/div>\n\t\t\t\t<div class=\"elementor-element elementor-element-68a9609 elementor-icon-list--layout-traditional elementor-list-item-link-full_width elementor-widget elementor-widget-icon-list\" data-id=\"68a9609\" data-element_type=\"widget\" data-e-type=\"widget\" data-widget_type=\"icon-list.default\">\n\t\t\t\t<div class=\"elementor-widget-container\">\n\t\t\t\t\t\t\t<ul class=\"elementor-icon-list-items\">\n\t\t\t\t\t\t\t<li class=\"elementor-icon-list-item\">\n\t\t\t\t\t\t\t\t\t\t\t<span class=\"elementor-icon-list-icon\">\n\t\t\t\t\t\t\t<svg aria-hidden=\"true\" class=\"e-font-icon-svg e-far-calendar-alt\" viewbox=\"0 0 448 512\" xmlns=\"http:\/\/www.w3.org\/2000\/svg\"><path d=\"M148 288h-40c-6.6 0-12-5.4-12-12v-40c0-6.6 5.4-12 12-12h40c6.6 0 12 5.4 12 12v40c0 6.6-5.4 12-12 12zm108-12v-40c0-6.6-5.4-12-12-12h-40c-6.6 0-12 5.4-12 12v40c0 6.6 5.4 12 12 12h40c6.6 0 12-5.4 12-12zm96 0v-40c0-6.6-5.4-12-12-12h-40c-6.6 0-12 5.4-12 12v40c0 6.6 5.4 12 12 12h40c6.6 0 12-5.4 12-12zm-96 96v-40c0-6.6-5.4-12-12-12h-40c-6.6 0-12 5.4-12 12v40c0 6.6 5.4 12 12 12h40c6.6 0 12-5.4 12-12zm-96 0v-40c0-6.6-5.4-12-12-12h-40c-6.6 0-12 5.4-12 12v40c0 6.6 5.4 12 12 12h40c6.6 0 12-5.4 12-12zm192 0v-40c0-6.6-5.4-12-12-12h-40c-6.6 0-12 5.4-12 12v40c0 6.6 5.4 12 12 12h40c6.6 0 12-5.4 12-12zm96-260v352c0 26.5-21.5 48-48 48H48c-26.5 0-48-21.5-48-48V112c0-26.5 21.5-48 48-48h48V12c0-6.6 5.4-12 12-12h40c6.6 0 12 5.4 12 12v52h128V12c0-6.6 5.4-12 12-12h40c6.6 0 12 5.4 12 12v52h48c26.5 0 48 21.5 48 48zm-48 346V160H48v298c0 3.3 2.7 6 6 6h340c3.3 0 6-2.7 6-6z\"><\/path><\/svg>\t\t\t\t\t\t<\/span>\n\t\t\t\t\t\t\t\t\t\t<span class=\"elementor-icon-list-text\">27 april<sup>th<\/sup>, 2026<\/span>\n\t\t\t\t\t\t\t\t\t<\/li>\n\t\t\t\t\t\t\t\t<li class=\"elementor-icon-list-item\">\n\t\t\t\t\t\t\t\t\t\t\t<span class=\"elementor-icon-list-icon\">\n\t\t\t\t\t\t\t<svg aria-hidden=\"true\" class=\"e-font-icon-svg e-far-clock\" viewbox=\"0 0 512 512\" xmlns=\"http:\/\/www.w3.org\/2000\/svg\"><path d=\"M256 8C119 8 8 119 8 256s111 248 248 248 248-111 248-248S393 8 256 8zm0 448c-110.5 0-200-89.5-200-200S145.5 56 256 56s200 89.5 200 200-89.5 200-200 200zm61.8-104.4l-84.9-61.7c-3.1-2.3-4.9-5.9-4.9-9.7V116c0-6.6 5.4-12 12-12h32c6.6 0 12 5.4 12 12v141.7l66.8 48.6c5.4 3.9 6.5 11.4 2.6 16.8L334.6 349c-3.9 5.3-11.4 6.5-16.8 2.6z\"><\/path><\/svg>\t\t\t\t\t\t<\/span>\n\t\t\t\t\t\t\t\t\t\t<span class=\"elementor-icon-list-text\">15.00 (CET)<\/span>\n\t\t\t\t\t\t\t\t\t<\/li>\n\t\t\t\t\t\t<\/ul>\n\t\t\t\t\t\t<\/div>\n\t\t\t\t<\/div>\n\t\t\t\t<div class=\"elementor-element elementor-element-968fe14 elementor-widget elementor-widget-text-editor\" data-id=\"968fe14\" data-element_type=\"widget\" data-e-type=\"widget\" data-widget_type=\"text-editor.default\">\n\t\t\t\t<div class=\"elementor-widget-container\">\n\t\t\t\t\t\t\t\t\t<h5><span lang=\"EN-GB\">Utvalda talare:<\/span><\/h5>\t\t\t\t\t\t\t\t<\/div>\n\t\t\t\t<\/div>\n\t\t\t\t<section class=\"elementor-section elementor-inner-section elementor-element elementor-element-8d9e991 elementor-section-boxed elementor-section-height-default elementor-section-height-default\" data-id=\"8d9e991\" data-element_type=\"section\" data-e-type=\"section\">\n\t\t\t\t\t\t<div class=\"elementor-container elementor-column-gap-default\">\n\t\t\t\t\t<div class=\"elementor-column elementor-col-100 elementor-inner-column elementor-element elementor-element-e8c52be\" data-id=\"e8c52be\" data-element_type=\"column\" data-e-type=\"column\">\n\t\t\t<div class=\"elementor-widget-wrap elementor-element-populated\">\n\t\t\t\t\t\t<div class=\"elementor-element elementor-element-d743ddb elementor-author-box--layout-image-above elementor-author-box--align-center elementor-widget elementor-widget-author-box\" data-id=\"d743ddb\" data-element_type=\"widget\" data-e-type=\"widget\" data-widget_type=\"author-box.default\">\n\t\t\t\t<div class=\"elementor-widget-container\">\n\t\t\t\t\t\t\t<div class=\"elementor-author-box\">\n\t\t\t\t\t\t\t<div  class=\"elementor-author-box__avatar\">\n\t\t\t\t\t<img decoding=\"async\" src=\"\/wp-content\/uploads\/2026\/02\/Montse-pallares-1.png\" alt=\"Bild av Montse Pallar\u00e8s\" loading=\"lazy\" data-no-translation=\"\">\n\t\t\t\t<\/div>\n\t\t\t\n\t\t\t<div class=\"elementor-author-box__text\">\n\t\t\t\t\t\t\t\t\t<div >\n\t\t\t\t\t\t<span class=\"elementor-author-box__name\">\n\t\t\t\t\t\t\tMontse Pallar\u00e8s\t\t\t\t\t\t<\/span>\n\t\t\t\t\t<\/div>\n\t\t\t\t\n\t\t\t\t\t\t\t\t\t<div class=\"elementor-author-box__bio\">\n\t\t\t\t\t\t<p>Direkt\u00f6r CSV-marknad<\/p>\n\t\t\t\t\t<\/div>\n\t\t\t\t\n\t\t\t\t\t\t\t<\/div>\n\t\t<\/div>\n\t\t\t\t\t\t<\/div>\n\t\t\t\t<\/div>\n\t\t\t\t\t<\/div>\n\t\t<\/div>\n\t\t\t\t\t<\/div>\n\t\t<\/section>\n\t\t\t\t<div class=\"elementor-element elementor-element-d1552ea elementor-widget__width-initial elementor-widget elementor-widget-text-editor\" data-id=\"d1552ea\" data-element_type=\"widget\" data-e-type=\"widget\" data-widget_type=\"text-editor.default\">\n\t\t\t\t<div class=\"elementor-widget-container\">\n\t\t\t\t\t\t\t\t\t<p>F\u00f6lj med och uppt\u00e4ck hur kyltornsbl\u00e5sning kan bli en p\u00e5litlig vattenresurs som hj\u00e4lper din anl\u00e4ggning att minska kostnaderna, bygga upp motst\u00e5ndskraft och m\u00f6ta framtida h\u00e5llbarhetsutmaningar.<\/p>\n<p><strong>S\u00e4kra din plats idag och f\u00e5 tillg\u00e5ng till hela webbseminariet och expertinsikter.<\/strong><\/p>\t\t\t\t\t\t\t\t<\/div>\n\t\t\t\t<\/div>\n\t\t\t\t\t<\/div>\n\t\t<\/div>\n\t\t\t\t<div class=\"elementor-column elementor-col-50 elementor-top-column elementor-element elementor-element-f59f490\" data-id=\"f59f490\" data-element_type=\"column\" data-e-type=\"column\" data-settings=\"{&quot;background_background&quot;:&quot;classic&quot;}\">\n\t\t\t<div class=\"elementor-widget-wrap elementor-element-populated\">\n\t\t\t\t\t\t<div class=\"elementor-element elementor-element-fd068ea elementor-widget elementor-widget-menu-anchor\" data-id=\"fd068ea\" data-element_type=\"widget\" data-e-type=\"widget\" data-widget_type=\"menu-anchor.default\">\n\t\t\t\t<div class=\"elementor-widget-container\">\n\t\t\t\t\t\t\t<div class=\"elementor-menu-anchor\" id=\"register\"><\/div>\n\t\t\t\t\t\t<\/div>\n\t\t\t\t<\/div>\n\t\t\t\t<div class=\"elementor-element elementor-element-989db90 elementor-widget elementor-widget-text-editor\" data-id=\"989db90\" data-element_type=\"widget\" data-e-type=\"widget\" data-widget_type=\"text-editor.default\">\n\t\t\t\t<div class=\"elementor-widget-container\">\n\t\t\t\t\t\t\t\t\t<h5>Registrera dig h\u00e4r<\/h5>\t\t\t\t\t\t\t\t<\/div>\n\t\t\t\t<\/div>\n\t\t\t\t<div class=\"elementor-element elementor-element-25c132e elementor-widget elementor-widget-text-editor\" data-id=\"25c132e\" data-element_type=\"widget\" data-e-type=\"widget\" data-widget_type=\"text-editor.default\">\n\t\t\t\t<div class=\"elementor-widget-container\">\n\t\t\t\t\t\t\t\t\t<p>V\u00e4nligen fyll i formul\u00e4ret nedan f\u00f6r att reservera din plats:<\/p>\t\t\t\t\t\t\t\t<\/div>\n\t\t\t\t<\/div>\n\t\t\t\t<div class=\"elementor-element elementor-element-9201c9f elementor-widget elementor-widget-html\" data-id=\"9201c9f\" data-element_type=\"widget\" data-e-type=\"widget\" data-widget_type=\"html.default\">\n\t\t\t\t<div class=\"elementor-widget-container\">\n\t\t\t\t\t<div\r\n        data-form-id='eef69d5c-5d0e-f111-8406-6045bddf0c99'\r\n        data-form-api-url='https:\/\/public-eur.mkt.dynamics.com\/api\/v1.0\/orgs\/30cac5a2-33f9-ed11-a66d-000d3a64d748\/landingpageforms'\r\n        data-cached-form-url='https:\/\/assets-eur.mkt.dynamics.com\/30cac5a2-33f9-ed11-a66d-000d3a64d748\/digitalassets\/forms\/eef69d5c-5d0e-f111-8406-6045bddf0c99' ><\/div>\r\n        <script src = 'https:\/\/cxppusa1formui01cdnsa01-endpoint.azureedge.net\/eur\/FormLoader\/FormLoader.bundle.js' ><\/script>\t\t\t\t<\/div>\n\t\t\t\t<\/div>\n\t\t\t\t\t<\/div>\n\t\t<\/div>\n\t\t\t\t\t<\/div>\n\t\t<\/section>\n\t\t\t\t<\/div>","protected":false},"excerpt":{"rendered":"<p>Kurita Connect 360 \u00e4r en digital kundplattform som anv\u00e4nder moderna teknikstackar utvecklade f\u00f6r hantering av vattensystem p\u00e5 global niv\u00e5.<\/p>","protected":false},"author":7,"featured_media":0,"parent":13875,"menu_order":0,"comment_status":"closed","ping_status":"closed","template":"","meta":{"footnotes":""},"class_list":["post-20592","page","type-page","status-publish","hentry"],"yoast_head":"<!-- This site is optimized with the Yoast SEO plugin v25.5 - https:\/\/yoast.com\/wordpress\/plugins\/seo\/ -->\n<title>Webinar: Cooling Tower Blowdown Reclamation for Industry<\/title>\n<meta name=\"description\" content=\"Discover how reclaiming cooling tower blowdown improves efficiency and reduces water consumption. Webinar registration open.\" \/>\n<meta name=\"robots\" content=\"index, follow, max-snippet:-1, max-image-preview:large, max-video-preview:-1\" \/>\n<link rel=\"canonical\" href=\"https:\/\/www.kurita.eu\/se\/losningar\/webinar-fran-kyltornsblasning-till-en-strategisk-vattenresurs\/\" \/>\n<meta property=\"og:locale\" content=\"sv_SE\" \/>\n<meta property=\"og:type\" content=\"article\" \/>\n<meta property=\"og:title\" content=\"Webinar: Cooling Tower Blowdown Reclamation for Industry\" \/>\n<meta property=\"og:description\" content=\"Discover how reclaiming cooling tower blowdown improves efficiency and reduces water consumption. Webinar registration open.\" \/>\n<meta property=\"og:url\" content=\"https:\/\/www.kurita.eu\/se\/losningar\/webinar-fran-kyltornsblasning-till-en-strategisk-vattenresurs\/\" \/>\n<meta property=\"og:site_name\" content=\"Kurita Europe\" \/>\n<meta property=\"article:modified_time\" content=\"2026-03-10T08:44:33+00:00\" \/>\n<meta property=\"og:image\" content=\"https:\/\/www.kurita.eu\/wp-content\/uploads\/2025\/07\/kurita-favicon-512x512-1.png\" \/>\n\t<meta property=\"og:image:width\" content=\"512\" \/>\n\t<meta property=\"og:image:height\" content=\"512\" \/>\n\t<meta property=\"og:image:type\" content=\"image\/png\" \/>\n<meta name=\"twitter:card\" content=\"summary_large_image\" \/>\n<meta name=\"twitter:label1\" content=\"Ber\u00e4knad l\u00e4stid\" \/>\n\t<meta name=\"twitter:data1\" content=\"2 minuter\" \/>\n<script type=\"application\/ld+json\" class=\"yoast-schema-graph\">{\"@context\":\"https:\/\/schema.org\",\"@graph\":[{\"@type\":\"WebPage\",\"@id\":\"https:\/\/www.kurita.eu\/en\/solutions\/webinar-from-cooling-tower-blowdown-to-a-strategic-water-resource\/\",\"url\":\"https:\/\/www.kurita.eu\/en\/solutions\/webinar-from-cooling-tower-blowdown-to-a-strategic-water-resource\/\",\"name\":\"Webinar: Cooling Tower Blowdown Reclamation for Industry\",\"isPartOf\":{\"@id\":\"https:\/\/kurita.eu\/en\/#website\"},\"datePublished\":\"2026-02-20T13:42:41+00:00\",\"dateModified\":\"2026-03-10T08:44:33+00:00\",\"description\":\"Discover how reclaiming cooling tower blowdown improves efficiency and reduces water consumption. Webinar registration open.\",\"breadcrumb\":{\"@id\":\"https:\/\/www.kurita.eu\/en\/solutions\/webinar-from-cooling-tower-blowdown-to-a-strategic-water-resource\/#breadcrumb\"},\"inLanguage\":\"sv-SE\",\"potentialAction\":[{\"@type\":\"ReadAction\",\"target\":[\"https:\/\/www.kurita.eu\/en\/solutions\/webinar-from-cooling-tower-blowdown-to-a-strategic-water-resource\/\"]}]},{\"@type\":\"BreadcrumbList\",\"@id\":\"https:\/\/www.kurita.eu\/en\/solutions\/webinar-from-cooling-tower-blowdown-to-a-strategic-water-resource\/#breadcrumb\",\"itemListElement\":[{\"@type\":\"ListItem\",\"position\":1,\"name\":\"Home\",\"item\":\"https:\/\/www.kurita.eu\/en\/\"},{\"@type\":\"ListItem\",\"position\":2,\"name\":\"Solutions\",\"item\":\"https:\/\/www.kurita.eu\/en\/solutions\/\"},{\"@type\":\"ListItem\",\"position\":3,\"name\":\"Webinar | From Cooling Tower Blowdown to a Strategic Water Resource\"}]},{\"@type\":\"WebSite\",\"@id\":\"https:\/\/kurita.eu\/en\/#website\",\"url\":\"https:\/\/kurita.eu\/en\/\",\"name\":\"Kurita Europe\",\"description\":\"Water Treatment Solutions\",\"publisher\":{\"@id\":\"https:\/\/kurita.eu\/en\/#organization\"},\"potentialAction\":[{\"@type\":\"SearchAction\",\"target\":{\"@type\":\"EntryPoint\",\"urlTemplate\":\"https:\/\/kurita.eu\/en\/?s={search_term_string}\"},\"query-input\":{\"@type\":\"PropertyValueSpecification\",\"valueRequired\":true,\"valueName\":\"search_term_string\"}}],\"inLanguage\":\"sv-SE\"},{\"@type\":\"Organization\",\"@id\":\"https:\/\/kurita.eu\/en\/#organization\",\"name\":\"Kurita Europe\",\"url\":\"https:\/\/kurita.eu\/en\/\",\"logo\":{\"@type\":\"ImageObject\",\"inLanguage\":\"sv-SE\",\"@id\":\"https:\/\/kurita.eu\/en\/#\/schema\/logo\/image\/\",\"url\":\"\/wp-content\/uploads\/2025\/05\/cropped-brand_mark_horizon_blue.png\",\"contentUrl\":\"\/wp-content\/uploads\/2025\/05\/cropped-brand_mark_horizon_blue.png\",\"width\":712,\"height\":204,\"caption\":\"Kurita Europe\"},\"image\":{\"@id\":\"https:\/\/kurita.eu\/en\/#\/schema\/logo\/image\/\"}}]}<\/script>\n<!-- \/ Yoast SEO plugin. -->","yoast_head_json":{"title":"Webbinarium: \u00c5tervinning av kyltornsavbl\u00e5sning f\u00f6r industrin","description":"Uppt\u00e4ck hur \u00e5tervinning av kyltornsbl\u00e5sning f\u00f6rb\u00e4ttrar effektiviteten och minskar vattenf\u00f6rbrukningen. Webinar registrering \u00f6ppen.","robots":{"index":"index","follow":"follow","max-snippet":"max-snippet:-1","max-image-preview":"max-image-preview:large","max-video-preview":"max-video-preview:-1"},"canonical":"https:\/\/www.kurita.eu\/se\/losningar\/webinar-fran-kyltornsblasning-till-en-strategisk-vattenresurs\/","og_locale":"sv_SE","og_type":"article","og_title":"Webinar: Cooling Tower Blowdown Reclamation for Industry","og_description":"Discover how reclaiming cooling tower blowdown improves efficiency and reduces water consumption. Webinar registration open.","og_url":"https:\/\/www.kurita.eu\/se\/losningar\/webinar-fran-kyltornsblasning-till-en-strategisk-vattenresurs\/","og_site_name":"Kurita Europe","article_modified_time":"2026-03-10T08:44:33+00:00","og_image":[{"width":512,"height":512,"url":"https:\/\/www.kurita.eu\/wp-content\/uploads\/2025\/07\/kurita-favicon-512x512-1.png","type":"image\/png"}],"twitter_card":"summary_large_image","twitter_misc":{"Ber\u00e4knad l\u00e4stid":"2 minuter"},"schema":{"@context":"https:\/\/schema.org","@graph":[{"@type":"WebPage","@id":"https:\/\/www.kurita.eu\/en\/solutions\/webinar-from-cooling-tower-blowdown-to-a-strategic-water-resource\/","url":"https:\/\/www.kurita.eu\/en\/solutions\/webinar-from-cooling-tower-blowdown-to-a-strategic-water-resource\/","name":"Webbinarium: \u00c5tervinning av kyltornsavbl\u00e5sning f\u00f6r industrin","isPartOf":{"@id":"https:\/\/kurita.eu\/en\/#website"},"datePublished":"2026-02-20T13:42:41+00:00","dateModified":"2026-03-10T08:44:33+00:00","description":"Uppt\u00e4ck hur \u00e5tervinning av kyltornsbl\u00e5sning f\u00f6rb\u00e4ttrar effektiviteten och minskar vattenf\u00f6rbrukningen. Webinar registrering \u00f6ppen.","breadcrumb":{"@id":"https:\/\/www.kurita.eu\/en\/solutions\/webinar-from-cooling-tower-blowdown-to-a-strategic-water-resource\/#breadcrumb"},"inLanguage":"sv-SE","potentialAction":[{"@type":"ReadAction","target":["https:\/\/www.kurita.eu\/en\/solutions\/webinar-from-cooling-tower-blowdown-to-a-strategic-water-resource\/"]}]},{"@type":"BreadcrumbList","@id":"https:\/\/www.kurita.eu\/en\/solutions\/webinar-from-cooling-tower-blowdown-to-a-strategic-water-resource\/#breadcrumb","itemListElement":[{"@type":"ListItem","position":1,"name":"Home","item":"https:\/\/www.kurita.eu\/en\/"},{"@type":"ListItem","position":2,"name":"Solutions","item":"https:\/\/www.kurita.eu\/en\/solutions\/"},{"@type":"ListItem","position":3,"name":"Webinar | From Cooling Tower Blowdown to a Strategic Water Resource"}]},{"@type":"WebSite","@id":"https:\/\/kurita.eu\/en\/#website","url":"https:\/\/kurita.eu\/en\/","name":"Kurita Europa","description":"L\u00f6sningar f\u00f6r vattenbehandling","publisher":{"@id":"https:\/\/kurita.eu\/en\/#organization"},"potentialAction":[{"@type":"SearchAction","target":{"@type":"EntryPoint","urlTemplate":"https:\/\/kurita.eu\/en\/?s={search_term_string}"},"query-input":{"@type":"PropertyValueSpecification","valueRequired":true,"valueName":"search_term_string"}}],"inLanguage":"sv-SE"},{"@type":"Organization","@id":"https:\/\/kurita.eu\/en\/#organization","name":"Kurita Europa","url":"https:\/\/kurita.eu\/en\/","logo":{"@type":"ImageObject","inLanguage":"sv-SE","@id":"https:\/\/kurita.eu\/en\/#\/schema\/logo\/image\/","url":"\/wp-content\/uploads\/2025\/05\/cropped-brand_mark_horizon_blue.png","contentUrl":"\/wp-content\/uploads\/2025\/05\/cropped-brand_mark_horizon_blue.png","width":712,"height":204,"caption":"Kurita Europe"},"image":{"@id":"https:\/\/kurita.eu\/en\/#\/schema\/logo\/image\/"}}]}},"_links":{"self":[{"href":"https:\/\/www.kurita.eu\/se\/wp-json\/wp\/v2\/pages\/20592","targetHints":{"allow":["GET"]}}],"collection":[{"href":"https:\/\/www.kurita.eu\/se\/wp-json\/wp\/v2\/pages"}],"about":[{"href":"https:\/\/www.kurita.eu\/se\/wp-json\/wp\/v2\/types\/page"}],"author":[{"embeddable":true,"href":"https:\/\/www.kurita.eu\/se\/wp-json\/wp\/v2\/users\/7"}],"replies":[{"embeddable":true,"href":"https:\/\/www.kurita.eu\/se\/wp-json\/wp\/v2\/comments?post=20592"}],"version-history":[{"count":23,"href":"https:\/\/www.kurita.eu\/se\/wp-json\/wp\/v2\/pages\/20592\/revisions"}],"predecessor-version":[{"id":20834,"href":"https:\/\/www.kurita.eu\/se\/wp-json\/wp\/v2\/pages\/20592\/revisions\/20834"}],"up":[{"embeddable":true,"href":"https:\/\/www.kurita.eu\/se\/wp-json\/wp\/v2\/pages\/13875"}],"wp:attachment":[{"href":"https:\/\/www.kurita.eu\/se\/wp-json\/wp\/v2\/media?parent=20592"}],"curies":[{"name":"wp","href":"https:\/\/api.w.org\/{rel}","templated":true}]}}