{"id":13261,"date":"2025-04-23T09:22:01","date_gmt":"2025-04-23T09:22:01","guid":{"rendered":"https:\/\/kurita-eu-gudza2cjbzfhcwbx.francecentral-01.azurewebsites.net\/?page_id=13261"},"modified":"2025-09-25T10:18:32","modified_gmt":"2025-09-25T10:18:32","slug":"bize-ulasin","status":"publish","type":"page","link":"https:\/\/www.kurita.eu\/tr\/bize-ulasin\/","title":{"rendered":"Bize ula\u015f\u0131n"},"content":{"rendered":"<div data-elementor-type=\"wp-page\" data-elementor-id=\"13261\" class=\"elementor elementor-13261\" data-elementor-post-type=\"page\">\n\t\t\t\t\t\t<section class=\"elementor-section elementor-top-section elementor-element elementor-element-7de4b6d3 elementor-section-boxed elementor-section-height-default elementor-section-height-default\" data-id=\"7de4b6d3\" data-element_type=\"section\" data-e-type=\"section\">\n\t\t\t\t\t\t<div class=\"elementor-container elementor-column-gap-default\">\n\t\t\t\t\t<div class=\"elementor-column elementor-col-50 elementor-top-column elementor-element elementor-element-35cae3d8\" data-id=\"35cae3d8\" data-element_type=\"column\" data-e-type=\"column\">\n\t\t\t<div class=\"elementor-widget-wrap elementor-element-populated\">\n\t\t\t\t\t\t<div class=\"elementor-element elementor-element-73a656ab elementor-widget elementor-widget-heading\" data-id=\"73a656ab\" data-element_type=\"widget\" data-e-type=\"widget\" data-widget_type=\"heading.default\">\n\t\t\t\t<div class=\"elementor-widget-container\">\n\t\t\t\t\t<h1 class=\"elementor-heading-title elementor-size-default\">Size nas\u0131l yard\u0131mc\u0131 olabiliriz?<\/h1>\t\t\t\t<\/div>\n\t\t\t\t<\/div>\n\t\t\t\t<div class=\"elementor-element elementor-element-5bbfcb0b elementor-widget elementor-widget-text-editor\" data-id=\"5bbfcb0b\" data-element_type=\"widget\" data-e-type=\"widget\" data-widget_type=\"text-editor.default\">\n\t\t\t\t<div class=\"elementor-widget-container\">\n\t\t\t\t\t\t\t\t\t<p>Size yard\u0131m etmek i\u00e7in buraday\u0131z! Herhangi bir sorunuz veya endi\u015feniz varsa, l\u00fctfen bize ula\u015fmaktan \u00e7ekinmeyin.<\/p><p>Sorunuzun Kurita Europe'daki do\u011fru ki\u015fiye ula\u015ft\u0131\u011f\u0131ndan emin olmak i\u00e7in l\u00fctfen a\u015fa\u011f\u0131daki formu doldurun.\u00a0<\/p>\t\t\t\t\t\t\t\t<\/div>\n\t\t\t\t<\/div>\n\t\t\t\t<div class=\"elementor-element elementor-element-55c6c6cd elementor-widget__width-initial elementor-widget elementor-widget-html\" data-id=\"55c6c6cd\" data-element_type=\"widget\" data-e-type=\"widget\" data-widget_type=\"html.default\">\n\t\t\t\t<div class=\"elementor-widget-container\">\n\t\t\t\t\t<div\r\n        data-form-id='f4d0a8e4-73ce-ef11-b8e8-000d3ab41b62'\r\n        data-form-api-url='https:\/\/public-eur.mkt.dynamics.com\/api\/v1.0\/orgs\/30cac5a2-33f9-ed11-a66d-000d3a64d748\/landingpageforms'\r\n        data-cached-form-url='https:\/\/assets-eur.mkt.dynamics.com\/30cac5a2-33f9-ed11-a66d-000d3a64d748\/digitalassets\/forms\/f4d0a8e4-73ce-ef11-b8e8-000d3ab41b62' ><\/div>\r\n        <script src = 'https:\/\/cxppusa1formui01cdnsa01-endpoint.azureedge.net\/eur\/FormLoader\/FormLoader.bundle.js' ><\/script>\r\n        <script>document.documentElement.lang = navigator.language;<\/script>\t\t\t\t<\/div>\n\t\t\t\t<\/div>\n\t\t\t\t<div class=\"elementor-element elementor-element-15bf30c8 elementor-widget__width-initial elementor-widget elementor-widget-text-editor\" data-id=\"15bf30c8\" data-element_type=\"widget\" data-e-type=\"widget\" data-widget_type=\"text-editor.default\">\n\t\t\t\t<div class=\"elementor-widget-container\">\n\t\t\t\t\t\t\t\t\t<p>Ki\u015fisel bilgileriniz gizli kalacak ve herhangi bir \u00fc\u00e7\u00fcnc\u00fc tarafa if\u015fa edilmeyecektir. L\u00fctfen okuyun\u00a0<a href=\"https:\/\/www.kurita.eu\/tr\/gizlilik-politikasi\/\" target=\"_blank\" rel=\"noopener\">Gizlilik Politikas\u0131<\/a>\u00a0Verilerinizi nas\u0131l i\u015fledi\u011fimiz ve haklar\u0131n\u0131z\u0131n neler oldu\u011fu hakk\u0131nda bilgi i\u00e7in.<\/p>\t\t\t\t\t\t\t\t<\/div>\n\t\t\t\t<\/div>\n\t\t\t\t\t<\/div>\n\t\t<\/div>\n\t\t\t\t<div class=\"elementor-column elementor-col-50 elementor-top-column elementor-element elementor-element-7d3d6eb4\" data-id=\"7d3d6eb4\" data-element_type=\"column\" data-e-type=\"column\">\n\t\t\t<div class=\"elementor-widget-wrap elementor-element-populated\">\n\t\t\t\t\t\t<div class=\"elementor-element elementor-element-43b96066 elementor-widget elementor-widget-text-editor\" data-id=\"43b96066\" data-element_type=\"widget\" data-e-type=\"widget\" data-widget_type=\"text-editor.default\">\n\t\t\t\t<div class=\"elementor-widget-container\">\n\t\t\t\t\t\t\t\t\t<h4>Genel Merkez <br \/>Kurita Europe GmbH<\/h4><div class=\"elementor-flip-box__layer__description\"><p>Theodor-Heuss-Anlage 2<br \/>68165 Mannheim<br \/>Almanya<\/p><p>Telefon numaras\u0131: +49 621 1218 3000<br \/>Faks: +49 621 1218 3600<br \/>E-Mail: <a href=\"mailto:kuritaeurope@kurita-water.com\" target=\"_blank\" rel=\"noopener\"><strong>kuritaeurope@kurita-water.com<\/strong><\/a><\/p><\/div>\t\t\t\t\t\t\t\t<\/div>\n\t\t\t\t<\/div>\n\t\t\t\t\t<\/div>\n\t\t<\/div>\n\t\t\t\t\t<\/div>\n\t\t<\/section>\n\t\t\t\t<\/div>","protected":false},"excerpt":{"rendered":"<p>Kurita logosu<\/p>","protected":false},"author":2,"featured_media":16472,"parent":0,"menu_order":0,"comment_status":"closed","ping_status":"closed","template":"","meta":{"footnotes":""},"class_list":["post-13261","page","type-page","status-publish","has-post-thumbnail","hentry"],"yoast_head":"<!-- This site is optimized with the Yoast SEO plugin v25.5 - https:\/\/yoast.com\/wordpress\/plugins\/seo\/ -->\n<title>Contact us - Kurita Europe<\/title>\n<meta name=\"description\" content=\"Kurita Europe contact information. Find contact details, office locations, and support for water treatment solutions and services.\" \/>\n<meta name=\"robots\" content=\"index, follow, max-snippet:-1, max-image-preview:large, max-video-preview:-1\" \/>\n<link rel=\"canonical\" href=\"https:\/\/www.kurita.eu\/tr\/bize-ulasin\/\" \/>\n<meta property=\"og:locale\" content=\"tr_TR\" \/>\n<meta property=\"og:type\" content=\"article\" \/>\n<meta property=\"og:title\" content=\"Contact us - Kurita Europe\" \/>\n<meta property=\"og:description\" content=\"Kurita Europe contact information. Find contact details, office locations, and support for water treatment solutions and services.\" \/>\n<meta property=\"og:url\" content=\"https:\/\/www.kurita.eu\/tr\/bize-ulasin\/\" \/>\n<meta property=\"og:site_name\" content=\"Kurita Europe\" \/>\n<meta property=\"article:modified_time\" content=\"2025-09-25T10:18:32+00:00\" \/>\n<meta property=\"og:image\" content=\"https:\/\/www.kurita.eu\/wp-content\/uploads\/2025\/07\/kurita-favicon-512x512-1.png\" \/>\n\t<meta property=\"og:image:width\" content=\"512\" \/>\n\t<meta property=\"og:image:height\" content=\"512\" \/>\n\t<meta property=\"og:image:type\" content=\"image\/png\" \/>\n<meta name=\"twitter:card\" content=\"summary_large_image\" \/>\n<meta name=\"twitter:label1\" content=\"Tahmini okuma s\u00fcresi\" \/>\n\t<meta name=\"twitter:data1\" content=\"1 dakika\" \/>\n<script type=\"application\/ld+json\" class=\"yoast-schema-graph\">{\"@context\":\"https:\/\/schema.org\",\"@graph\":[{\"@type\":\"WebPage\",\"@id\":\"https:\/\/www.kurita.eu\/en\/contact-us\/\",\"url\":\"https:\/\/www.kurita.eu\/en\/contact-us\/\",\"name\":\"Contact us - Kurita Europe\",\"isPartOf\":{\"@id\":\"https:\/\/kurita.eu\/en\/#website\"},\"primaryImageOfPage\":{\"@id\":\"https:\/\/www.kurita.eu\/en\/contact-us\/#primaryimage\"},\"image\":{\"@id\":\"https:\/\/www.kurita.eu\/en\/contact-us\/#primaryimage\"},\"thumbnailUrl\":\"\/wp-content\/uploads\/2025\/07\/kurita-favicon-512x512-1.png\",\"datePublished\":\"2025-04-23T09:22:01+00:00\",\"dateModified\":\"2025-09-25T10:18:32+00:00\",\"description\":\"Kurita Europe contact information. Find contact details, office locations, and support for water treatment solutions and services.\",\"breadcrumb\":{\"@id\":\"https:\/\/www.kurita.eu\/en\/contact-us\/#breadcrumb\"},\"inLanguage\":\"tr\",\"potentialAction\":[{\"@type\":\"ReadAction\",\"target\":[\"https:\/\/www.kurita.eu\/en\/contact-us\/\"]}]},{\"@type\":\"ImageObject\",\"inLanguage\":\"tr\",\"@id\":\"https:\/\/www.kurita.eu\/en\/contact-us\/#primaryimage\",\"url\":\"\/wp-content\/uploads\/2025\/07\/kurita-favicon-512x512-1.png\",\"contentUrl\":\"\/wp-content\/uploads\/2025\/07\/kurita-favicon-512x512-1.png\",\"width\":512,\"height\":512},{\"@type\":\"BreadcrumbList\",\"@id\":\"https:\/\/www.kurita.eu\/en\/contact-us\/#breadcrumb\",\"itemListElement\":[{\"@type\":\"ListItem\",\"position\":1,\"name\":\"Home\",\"item\":\"https:\/\/www.kurita.eu\/en\/\"},{\"@type\":\"ListItem\",\"position\":2,\"name\":\"Contact us\"}]},{\"@type\":\"WebSite\",\"@id\":\"https:\/\/kurita.eu\/en\/#website\",\"url\":\"https:\/\/kurita.eu\/en\/\",\"name\":\"Kurita Europe\",\"description\":\"Water Treatment Solutions\",\"publisher\":{\"@id\":\"https:\/\/kurita.eu\/en\/#organization\"},\"potentialAction\":[{\"@type\":\"SearchAction\",\"target\":{\"@type\":\"EntryPoint\",\"urlTemplate\":\"https:\/\/kurita.eu\/en\/?s={search_term_string}\"},\"query-input\":{\"@type\":\"PropertyValueSpecification\",\"valueRequired\":true,\"valueName\":\"search_term_string\"}}],\"inLanguage\":\"tr\"},{\"@type\":\"Organization\",\"@id\":\"https:\/\/kurita.eu\/en\/#organization\",\"name\":\"Kurita Europe\",\"url\":\"https:\/\/kurita.eu\/en\/\",\"logo\":{\"@type\":\"ImageObject\",\"inLanguage\":\"tr\",\"@id\":\"https:\/\/kurita.eu\/en\/#\/schema\/logo\/image\/\",\"url\":\"\/wp-content\/uploads\/2025\/05\/cropped-brand_mark_horizon_blue.png\",\"contentUrl\":\"\/wp-content\/uploads\/2025\/05\/cropped-brand_mark_horizon_blue.png\",\"width\":712,\"height\":204,\"caption\":\"Kurita Europe\"},\"image\":{\"@id\":\"https:\/\/kurita.eu\/en\/#\/schema\/logo\/image\/\"}}]}<\/script>\n<!-- \/ Yoast SEO plugin. -->","yoast_head_json":{"title":"Bize ula\u015f\u0131n - Kurita Europe","description":"Kurita Europe ileti\u015fim bilgileri. Su ar\u0131tma \u00e7\u00f6z\u00fcmleri ve hizmetleri i\u00e7in ileti\u015fim bilgilerini, ofis konumlar\u0131n\u0131 ve deste\u011fi bulun.","robots":{"index":"index","follow":"follow","max-snippet":"max-snippet:-1","max-image-preview":"max-image-preview:large","max-video-preview":"max-video-preview:-1"},"canonical":"https:\/\/www.kurita.eu\/tr\/bize-ulasin\/","og_locale":"tr_TR","og_type":"article","og_title":"Contact us - Kurita Europe","og_description":"Kurita Europe contact information. Find contact details, office locations, and support for water treatment solutions and services.","og_url":"https:\/\/www.kurita.eu\/tr\/bize-ulasin\/","og_site_name":"Kurita Europe","article_modified_time":"2025-09-25T10:18:32+00:00","og_image":[{"width":512,"height":512,"url":"https:\/\/www.kurita.eu\/wp-content\/uploads\/2025\/07\/kurita-favicon-512x512-1.png","type":"image\/png"}],"twitter_card":"summary_large_image","twitter_misc":{"Tahmini okuma s\u00fcresi":"1 dakika"},"schema":{"@context":"https:\/\/schema.org","@graph":[{"@type":"WebPage","@id":"https:\/\/www.kurita.eu\/en\/contact-us\/","url":"https:\/\/www.kurita.eu\/en\/contact-us\/","name":"Bize ula\u015f\u0131n - Kurita Europe","isPartOf":{"@id":"https:\/\/kurita.eu\/en\/#website"},"primaryImageOfPage":{"@id":"https:\/\/www.kurita.eu\/en\/contact-us\/#primaryimage"},"image":{"@id":"https:\/\/www.kurita.eu\/en\/contact-us\/#primaryimage"},"thumbnailUrl":"\/wp-content\/uploads\/2025\/07\/kurita-favicon-512x512-1.png","datePublished":"2025-04-23T09:22:01+00:00","dateModified":"2025-09-25T10:18:32+00:00","description":"Kurita Europe ileti\u015fim bilgileri. Su ar\u0131tma \u00e7\u00f6z\u00fcmleri ve hizmetleri i\u00e7in ileti\u015fim bilgilerini, ofis konumlar\u0131n\u0131 ve deste\u011fi bulun.","breadcrumb":{"@id":"https:\/\/www.kurita.eu\/en\/contact-us\/#breadcrumb"},"inLanguage":"tr","potentialAction":[{"@type":"ReadAction","target":["https:\/\/www.kurita.eu\/en\/contact-us\/"]}]},{"@type":"ImageObject","inLanguage":"tr","@id":"https:\/\/www.kurita.eu\/en\/contact-us\/#primaryimage","url":"\/wp-content\/uploads\/2025\/07\/kurita-favicon-512x512-1.png","contentUrl":"\/wp-content\/uploads\/2025\/07\/kurita-favicon-512x512-1.png","width":512,"height":512},{"@type":"BreadcrumbList","@id":"https:\/\/www.kurita.eu\/en\/contact-us\/#breadcrumb","itemListElement":[{"@type":"ListItem","position":1,"name":"Home","item":"https:\/\/www.kurita.eu\/en\/"},{"@type":"ListItem","position":2,"name":"Contact us"}]},{"@type":"WebSite","@id":"https:\/\/kurita.eu\/en\/#website","url":"https:\/\/kurita.eu\/en\/","name":"Kurita Avrupa","description":"Su Ar\u0131tma \u00c7\u00f6z\u00fcmleri","publisher":{"@id":"https:\/\/kurita.eu\/en\/#organization"},"potentialAction":[{"@type":"SearchAction","target":{"@type":"EntryPoint","urlTemplate":"https:\/\/kurita.eu\/en\/?s={search_term_string}"},"query-input":{"@type":"PropertyValueSpecification","valueRequired":true,"valueName":"search_term_string"}}],"inLanguage":"tr"},{"@type":"Organization","@id":"https:\/\/kurita.eu\/en\/#organization","name":"Kurita Avrupa","url":"https:\/\/kurita.eu\/en\/","logo":{"@type":"ImageObject","inLanguage":"tr","@id":"https:\/\/kurita.eu\/en\/#\/schema\/logo\/image\/","url":"\/wp-content\/uploads\/2025\/05\/cropped-brand_mark_horizon_blue.png","contentUrl":"\/wp-content\/uploads\/2025\/05\/cropped-brand_mark_horizon_blue.png","width":712,"height":204,"caption":"Kurita Europe"},"image":{"@id":"https:\/\/kurita.eu\/en\/#\/schema\/logo\/image\/"}}]}},"_links":{"self":[{"href":"https:\/\/www.kurita.eu\/tr\/wp-json\/wp\/v2\/pages\/13261","targetHints":{"allow":["GET"]}}],"collection":[{"href":"https:\/\/www.kurita.eu\/tr\/wp-json\/wp\/v2\/pages"}],"about":[{"href":"https:\/\/www.kurita.eu\/tr\/wp-json\/wp\/v2\/types\/page"}],"author":[{"embeddable":true,"href":"https:\/\/www.kurita.eu\/tr\/wp-json\/wp\/v2\/users\/2"}],"replies":[{"embeddable":true,"href":"https:\/\/www.kurita.eu\/tr\/wp-json\/wp\/v2\/comments?post=13261"}],"version-history":[{"count":6,"href":"https:\/\/www.kurita.eu\/tr\/wp-json\/wp\/v2\/pages\/13261\/revisions"}],"predecessor-version":[{"id":18846,"href":"https:\/\/www.kurita.eu\/tr\/wp-json\/wp\/v2\/pages\/13261\/revisions\/18846"}],"wp:featuredmedia":[{"embeddable":true,"href":"https:\/\/www.kurita.eu\/tr\/wp-json\/wp\/v2\/media\/16472"}],"wp:attachment":[{"href":"https:\/\/www.kurita.eu\/tr\/wp-json\/wp\/v2\/media?parent=13261"}],"curies":[{"name":"wp","href":"https:\/\/api.w.org\/{rel}","templated":true}]}}