{"id":13428,"date":"2025-04-23T11:15:43","date_gmt":"2025-04-23T11:15:43","guid":{"rendered":"https:\/\/kurita-eu-gudza2cjbzfhcwbx.francecentral-01.azurewebsites.net\/?page_id=13428"},"modified":"2026-02-16T14:52:35","modified_gmt":"2026-02-16T14:52:35","slug":"ki%cc%87mya-endustri%cc%87si%cc%87","status":"publish","type":"page","link":"https:\/\/www.kurita.eu\/tr\/chemical-industry\/","title":{"rendered":"Kimya End\u00fcstrisi"},"content":{"rendered":"<div data-elementor-type=\"wp-page\" data-elementor-id=\"13428\" class=\"elementor elementor-13428\" data-elementor-post-type=\"page\">\n\t\t\t\t\t\t<section class=\"elementor-section elementor-top-section elementor-element elementor-element-10df01d6 elementor-section-full_width elementor-section-height-default elementor-section-height-default\" data-id=\"10df01d6\" data-element_type=\"section\" data-e-type=\"section\">\n\t\t\t\t\t\t<div class=\"elementor-container elementor-column-gap-default\">\n\t\t\t\t\t<div class=\"elementor-column elementor-col-100 elementor-top-column elementor-element elementor-element-31cfc3ca\" data-id=\"31cfc3ca\" data-element_type=\"column\" data-e-type=\"column\">\n\t\t\t<div class=\"elementor-widget-wrap elementor-element-populated\">\n\t\t\t\t\t\t<div class=\"elementor-element elementor-element-1d28713 elementor--h-position-center elementor--v-position-middle elementor-arrows-position-inside elementor-pagination-position-inside elementor-widget elementor-widget-slides\" data-id=\"1d28713\" data-element_type=\"widget\" data-e-type=\"widget\" data-settings=\"{&quot;navigation&quot;:&quot;both&quot;,&quot;autoplay&quot;:&quot;yes&quot;,&quot;pause_on_hover&quot;:&quot;yes&quot;,&quot;pause_on_interaction&quot;:&quot;yes&quot;,&quot;autoplay_speed&quot;:5000,&quot;infinite&quot;:&quot;yes&quot;,&quot;transition&quot;:&quot;slide&quot;,&quot;transition_speed&quot;:500}\" data-widget_type=\"slides.default\">\n\t\t\t\t<div class=\"elementor-widget-container\">\n\t\t\t\t\t\t\t\t\t<div class=\"elementor-swiper\">\n\t\t\t\t\t<div class=\"elementor-slides-wrapper elementor-main-swiper swiper\" role=\"region\" aria-roledescription=\"carousel\" aria-label=\"Kayd\u0131raklar\" dir=\"ltr\" data-animation=\"fadeInUp\">\n\t\t\t\t<div class=\"swiper-wrapper elementor-slides\">\n\t\t\t\t\t\t\t\t\t\t<div class=\"elementor-repeater-item-4e0b9f7 swiper-slide\" role=\"group\" aria-roledescription=\"slide\"><div class=\"swiper-slide-bg elementor-ken-burns elementor-ken-burns--in\" role=\"img\" aria-label=\"Industries_Chemical_Pharmaceutical-fc018a7c-1.jpg\"><\/div><div class=\"elementor-background-overlay\"><\/div><div class=\"swiper-slide-inner\" ><div class=\"swiper-slide-contents\"><h1 class=\"elementor-slide-heading\">Kimya End\u00fcstrisi<\/h1><\/div><\/div><\/div>\t\t\t\t<\/div>\n\t\t\t\t\t\t\t<\/div>\n\t\t\t\t<\/div>\n\t\t\t\t\t\t\t\t<\/div>\n\t\t\t\t<\/div>\n\t\t\t\t\t<\/div>\n\t\t<\/div>\n\t\t\t\t\t<\/div>\n\t\t<\/section>\n\t\t\t\t<section class=\"elementor-section elementor-top-section elementor-element elementor-element-16203c1c elementor-section-boxed elementor-section-height-default elementor-section-height-default\" data-id=\"16203c1c\" data-element_type=\"section\" data-e-type=\"section\">\n\t\t\t\t\t\t<div class=\"elementor-container elementor-column-gap-default\">\n\t\t\t\t\t<div class=\"elementor-column elementor-col-100 elementor-top-column elementor-element elementor-element-5bf60af9 margin-content\" data-id=\"5bf60af9\" data-element_type=\"column\" data-e-type=\"column\">\n\t\t\t<div class=\"elementor-widget-wrap elementor-element-populated\">\n\t\t\t\t\t\t<div class=\"elementor-element elementor-element-375448ec elementor-widget elementor-widget-text-editor\" data-id=\"375448ec\" data-element_type=\"widget\" data-e-type=\"widget\" data-widget_type=\"text-editor.default\">\n\t\t\t\t<div class=\"elementor-widget-container\">\n\t\t\t\t\t\t\t\t\tKaynak t\u00fcketimi<strong>\u00a0ki\u0307mya end\u00fcstri\u0307si\u0307<\/strong>\u00a0muazzamd\u0131r. Sekt\u00f6r, enerji taleplerini \u00f6nemli \u00f6l\u00e7\u00fcde azaltmay\u0131 ba\u015farm\u0131\u015f olsa da, y\u00fcksek enerji maliyetleri, y\u00fcksek su t\u00fcketimi ve giderek daha s\u0131k\u0131 hale gelen y\u00f6netmelikler nedeniyle zorlanmaya devam etmektedir. Bu nedenle enerji verimlili\u011fi, artan \u00fcretim ve tesis kullan\u0131labilirli\u011fi rekabet avantaj\u0131na katk\u0131da bulunan \u00f6nemli fakt\u00f6rlerdir.\n\nSize destek vermekten memnuniyet duyar\u0131z. Kurita, \u00fcretim ve tesis g\u00fcvenli\u011fini iyile\u015ftirmeye y\u00f6nelik \u00e7\u00f6z\u00fcmlerin yan\u0131 s\u0131ra geni\u015f bir yelpazede kaynak tasarrufu sa\u011flayan \u00e7\u00f6z\u00fcmler sunmaktad\u0131r.<\/p>\n<p>Kurita, pik demirden bitmi\u015f \u00fcr\u00fcne kadar t\u00fcm \u00e7elik \u00fcretim s\u00fcrecine a\u015finad\u0131r. \u00c7elik ve metal end\u00fcstrisinin gereksinimlerini kar\u015f\u0131lamak i\u00e7in \u00f6zel olarak geli\u015ftirilen ar\u0131tma konseptleriyle, korozyon, biyolojik kirlenme, kire\u00e7lenme ve p\u00fcsk\u00fcrtme nozullar\u0131n\u0131n t\u0131kanmas\u0131 gibi tipik end\u00fcstri sorunlar\u0131yla etkili bir \u015fekilde ba\u015fa \u00e7\u0131kabiliriz.<\/p>\t\t\t\t\t\t\t\t<\/div>\n\t\t\t\t<\/div>\n\t\t\t\t\t<\/div>\n\t\t<\/div>\n\t\t\t\t\t<\/div>\n\t\t<\/section>\n\t\t\t\t<section class=\"elementor-section elementor-top-section elementor-element elementor-element-2805dfc0 elementor-section-boxed elementor-section-height-default elementor-section-height-default\" data-id=\"2805dfc0\" data-element_type=\"section\" data-e-type=\"section\">\n\t\t\t\t\t\t<div class=\"elementor-container elementor-column-gap-default\">\n\t\t\t\t\t<div class=\"elementor-column elementor-col-100 elementor-top-column elementor-element elementor-element-24f1ffea\" data-id=\"24f1ffea\" data-element_type=\"column\" data-e-type=\"column\">\n\t\t\t<div class=\"elementor-widget-wrap elementor-element-populated\">\n\t\t\t\t\t\t<div class=\"elementor-element elementor-element-71a975e4 elementor-grid-5 elementor-grid-tablet-2 elementor-grid-mobile-1 elementor-posts--thumbnail-top elementor-posts--show-avatar elementor-card-shadow-yes elementor-posts__hover-gradient elementor-widget elementor-widget-posts\" data-id=\"71a975e4\" data-element_type=\"widget\" data-e-type=\"widget\" data-settings=\"{&quot;cards_columns&quot;:&quot;5&quot;,&quot;cards_columns_tablet&quot;:&quot;2&quot;,&quot;cards_columns_mobile&quot;:&quot;1&quot;,&quot;cards_row_gap&quot;:{&quot;unit&quot;:&quot;px&quot;,&quot;size&quot;:35,&quot;sizes&quot;:[]},&quot;cards_row_gap_widescreen&quot;:{&quot;unit&quot;:&quot;px&quot;,&quot;size&quot;:&quot;&quot;,&quot;sizes&quot;:[]},&quot;cards_row_gap_laptop&quot;:{&quot;unit&quot;:&quot;px&quot;,&quot;size&quot;:&quot;&quot;,&quot;sizes&quot;:[]},&quot;cards_row_gap_tablet&quot;:{&quot;unit&quot;:&quot;px&quot;,&quot;size&quot;:&quot;&quot;,&quot;sizes&quot;:[]},&quot;cards_row_gap_mobile&quot;:{&quot;unit&quot;:&quot;px&quot;,&quot;size&quot;:&quot;&quot;,&quot;sizes&quot;:[]}}\" data-widget_type=\"posts.cards\">\n\t\t\t\t<div class=\"elementor-widget-container\">\n\t\t\t\t\t\t\t<div class=\"elementor-posts-container elementor-posts elementor-posts--skin-cards elementor-grid\" role=\"list\">\n\t\t\t\t<article class=\"elementor-post elementor-grid-item post-13982 page type-page status-publish hentry\" role=\"listitem\">\n\t\t\t<div class=\"elementor-post__card\">\n\t\t\t\t<div class=\"elementor-post__text\">\n\t\t\t\t<h4 class=\"elementor-post__title\">\n\t\t\t<a href=\"https:\/\/www.kurita.eu\/tr\/solutions\/corrsave\/\" target=\"&quot;_blank&quot;\">\n\t\t\t\tCorrsave\u00ae\t\t\t<\/a>\n\t\t<\/h4>\n\t\t\t\t<div class=\"elementor-post__excerpt\">\n\t\t\t<p>Kurita'n\u0131n su sistemleri i\u00e7in patentli korozyon \u00f6nleme ve sertlik stabilizasyon teknolojisi, d\u00fc\u015f\u00fck fosfat i\u00e7eri\u011fi ile y\u00fcksek performans sa\u011flamak \u00fczere tasarlanm\u0131\u015ft\u0131r.<\/p>\n\t\t<\/div>\n\t\t\t\t<\/div>\n\t\t\t\t\t<\/div>\n\t\t<\/article>\n\t\t\t\t<article class=\"elementor-post elementor-grid-item post-14012 page type-page status-publish has-post-thumbnail hentry\" role=\"listitem\">\n\t\t\t<div class=\"elementor-post__card\">\n\t\t\t\t<a class=\"elementor-post__thumbnail__link\" href=\"https:\/\/www.kurita.eu\/tr\/solutions\/dilurit-bcs\/\" tabindex=\"-1\" target=\"_blank\"><div class=\"elementor-post__thumbnail\"><img fetchpriority=\"high\" decoding=\"async\" width=\"300\" height=\"200\" src=\"\/wp-content\/uploads\/2025\/04\/IMG_1528-scaled-1-300x200.webp\" class=\"attachment-medium size-medium wp-image-14003\" alt=\"\" srcset=\"\/wp-content\/uploads\/2025\/04\/IMG_1528-scaled-1-300x200.webp 300w, \/wp-content\/uploads\/2025\/04\/IMG_1528-scaled-1-1024x682.webp 1024w, \/wp-content\/uploads\/2025\/04\/IMG_1528-scaled-1-768x512.webp 768w, \/wp-content\/uploads\/2025\/04\/IMG_1528-scaled-1-1536x1024.webp 1536w, \/wp-content\/uploads\/2025\/04\/IMG_1528-scaled-1-2048x1365.webp 2048w\" sizes=\"(max-width: 300px) 100vw, 300px\" data-no-translation=\"\" \/><\/div><\/a>\n\t\t\t\t<div class=\"elementor-post__avatar\">\n\t\t\t<img alt='leandro.miro@kurita-water.com' src='https:\/\/secure.gravatar.com\/avatar\/bc066715c20616f43cd8b8e202d87d6d4165490b54e381d88e1e688a6b27db62?s=128&#038;d=mm&#038;r=g' srcset='https:\/\/secure.gravatar.com\/avatar\/bc066715c20616f43cd8b8e202d87d6d4165490b54e381d88e1e688a6b27db62?s=256&#038;d=mm&#038;r=g 2x' class='avatar avatar-128 photo' height='128' width='128' data-no-translation=\"\" \/>\t\t<\/div>\n\t\t\t\t<div class=\"elementor-post__text\">\n\t\t\t\t<h4 class=\"elementor-post__title\">\n\t\t\t<a href=\"https:\/\/www.kurita.eu\/tr\/solutions\/dilurit-bcs\/\" target=\"&quot;_blank&quot;\">\n\t\t\t\tDilurit\u00ae BC S-Sistemi\t\t\t<\/a>\n\t\t<\/h4>\n\t\t\t\t<div class=\"elementor-post__excerpt\">\n\t\t\t<p>Kurita'n\u0131n Dilurit\u00ae BCS sistemi, su sistemlerinde etkili mikrobiyal kontrol sunarak hijyen, g\u00fcvenlik ve operasyonel g\u00fcvenilirlik sa\u011flar.<\/p>\n\t\t<\/div>\n\t\t\t\t<\/div>\n\t\t\t\t\t<\/div>\n\t\t<\/article>\n\t\t\t\t<article class=\"elementor-post elementor-grid-item post-14152 page type-page status-publish hentry\" role=\"listitem\">\n\t\t\t<div class=\"elementor-post__card\">\n\t\t\t\t<div class=\"elementor-post__text\">\n\t\t\t\t<h4 class=\"elementor-post__title\">\n\t\t\t<a href=\"https:\/\/www.kurita.eu\/tr\/solutions\/kurifast\/\" target=\"&quot;_blank&quot;\">\n\t\t\t\tKurifast\t\t\t<\/a>\n\t\t<\/h4>\n\t\t\t\t<div class=\"elementor-post__excerpt\">\n\t\t\t<p>KuriFast Y\u00fcksek do\u011fruluklu Legionella h\u0131zl\u0131 testi Legionella testine son teknoloji bir yakla\u015f\u0131m Lejyoner hastal\u0131\u011f\u0131na a\u011f\u0131rl\u0131kl\u0131 olarak Legionella pneumophila neden olur ve rapor edilen hastal\u0131klar\u0131n yakla\u015f\u0131k 97%\u2019sini olu\u015fturur.<\/p>\n\t\t<\/div>\n\t\t\t\t<\/div>\n\t\t\t\t\t<\/div>\n\t\t<\/article>\n\t\t\t\t<article class=\"elementor-post elementor-grid-item post-14160 page type-page status-publish hentry\" role=\"listitem\">\n\t\t\t<div class=\"elementor-post__card\">\n\t\t\t\t<div class=\"elementor-post__text\">\n\t\t\t\t<h4 class=\"elementor-post__title\">\n\t\t\t<a href=\"https:\/\/www.kurita.eu\/tr\/solutions\/kuriflock\/\" target=\"&quot;_blank&quot;\">\n\t\t\t\tKuriflock\t\t\t<\/a>\n\t\t<\/h4>\n\t\t\t\t<div class=\"elementor-post__excerpt\">\n\t\t\t<p>Kurita'n\u0131n at\u0131k su ar\u0131tma prosesleri i\u00e7in geni\u015f koag\u00fclasyon ve flok\u00fclasyon \u00fcr\u00fcnleri yelpazesi.<\/p>\n\t\t<\/div>\n\t\t\t\t<\/div>\n\t\t\t\t\t<\/div>\n\t\t<\/article>\n\t\t\t\t<article class=\"elementor-post elementor-grid-item post-14075 page type-page status-publish has-post-thumbnail hentry\" role=\"listitem\">\n\t\t\t<div class=\"elementor-post__card\">\n\t\t\t\t<a class=\"elementor-post__thumbnail__link\" href=\"https:\/\/www.kurita.eu\/tr\/solutions\/free-technology\/\" tabindex=\"-1\" target=\"_blank\"><div class=\"elementor-post__thumbnail\"><img decoding=\"async\" width=\"300\" height=\"121\" src=\"\/wp-content\/uploads\/2025\/04\/Applications_WaterTreatment_CoolingWater-71ad4c47-1-300x121.jpg\" class=\"attachment-medium size-medium wp-image-15519\" alt=\"Water and Energy savings in Cooling Systems \u2013 FReE Technology\" srcset=\"\/wp-content\/uploads\/2025\/04\/Applications_WaterTreatment_CoolingWater-71ad4c47-1-300x121.jpg 300w, \/wp-content\/uploads\/2025\/04\/Applications_WaterTreatment_CoolingWater-71ad4c47-1-768x309.jpg 768w, \/wp-content\/uploads\/2025\/04\/Applications_WaterTreatment_CoolingWater-71ad4c47-1-18x7.jpg 18w, \/wp-content\/uploads\/2025\/04\/Applications_WaterTreatment_CoolingWater-71ad4c47-1.jpg 870w\" sizes=\"(max-width: 300px) 100vw, 300px\" data-no-translation=\"\" \/><\/div><\/a>\n\t\t\t\t<div class=\"elementor-post__avatar\">\n\t\t\t<img alt='leandro.miro@kurita-water.com' src='https:\/\/secure.gravatar.com\/avatar\/bc066715c20616f43cd8b8e202d87d6d4165490b54e381d88e1e688a6b27db62?s=128&#038;d=mm&#038;r=g' srcset='https:\/\/secure.gravatar.com\/avatar\/bc066715c20616f43cd8b8e202d87d6d4165490b54e381d88e1e688a6b27db62?s=256&#038;d=mm&#038;r=g 2x' class='avatar avatar-128 photo' height='128' width='128' data-no-translation=\"\" \/>\t\t<\/div>\n\t\t\t\t<div class=\"elementor-post__text\">\n\t\t\t\t<h4 class=\"elementor-post__title\">\n\t\t\t<a href=\"https:\/\/www.kurita.eu\/tr\/solutions\/free-technology\/\" target=\"&quot;_blank&quot;\">\n\t\t\t\tKurita FReE - Kurita'n\u0131n Kirlenme Giderme Verimlili\u011fi Program\u0131\t\t\t<\/a>\n\t\t<\/h4>\n\t\t\t\t<div class=\"elementor-post__excerpt\">\n\t\t\t<p>Kurita'n\u0131n \u00e7al\u0131\u015fma s\u0131ras\u0131nda kirlenmeyi gideren \u00e7evrimi\u00e7i so\u011futma sistemi temizleme teknolojisi - kapanma, korozyon veya at\u0131k olu\u015fumu olmadan.<\/p>\n\t\t<\/div>\n\t\t\t\t<\/div>\n\t\t\t\t\t<\/div>\n\t\t<\/article>\n\t\t\t\t<\/div>\n\t\t\n\t\t\t\t\t\t<\/div>\n\t\t\t\t<\/div>\n\t\t\t\t\t<\/div>\n\t\t<\/div>\n\t\t\t\t\t<\/div>\n\t\t<\/section>\n\t\t\t\t<\/div>","protected":false},"excerpt":{"rendered":"<p>Kimyasal \u00fcretimde geli\u015fmi\u015f su ar\u0131tma, verimlilik ve s\u00fcrd\u00fcr\u00fclebilirlik i\u00e7in Kurita Kimya End\u00fcstrisi \u00c7\u00f6z\u00fcmlerini ke\u015ffedin.<\/p>","protected":false},"author":2,"featured_media":13430,"parent":0,"menu_order":0,"comment_status":"closed","ping_status":"closed","template":"","meta":{"footnotes":""},"class_list":["post-13428","page","type-page","status-publish","has-post-thumbnail","hentry"],"_links":{"self":[{"href":"https:\/\/www.kurita.eu\/tr\/wp-json\/wp\/v2\/pages\/13428","targetHints":{"allow":["GET"]}}],"collection":[{"href":"https:\/\/www.kurita.eu\/tr\/wp-json\/wp\/v2\/pages"}],"about":[{"href":"https:\/\/www.kurita.eu\/tr\/wp-json\/wp\/v2\/types\/page"}],"author":[{"embeddable":true,"href":"https:\/\/www.kurita.eu\/tr\/wp-json\/wp\/v2\/users\/2"}],"replies":[{"embeddable":true,"href":"https:\/\/www.kurita.eu\/tr\/wp-json\/wp\/v2\/comments?post=13428"}],"version-history":[{"count":17,"href":"https:\/\/www.kurita.eu\/tr\/wp-json\/wp\/v2\/pages\/13428\/revisions"}],"predecessor-version":[{"id":20260,"href":"https:\/\/www.kurita.eu\/tr\/wp-json\/wp\/v2\/pages\/13428\/revisions\/20260"}],"wp:featuredmedia":[{"embeddable":true,"href":"https:\/\/www.kurita.eu\/tr\/wp-json\/wp\/v2\/media\/13430"}],"wp:attachment":[{"href":"https:\/\/www.kurita.eu\/tr\/wp-json\/wp\/v2\/media?parent=13428"}],"curies":[{"name":"wp","href":"https:\/\/api.w.org\/{rel}","templated":true}]}}