{"id":13519,"date":"2025-04-24T09:26:02","date_gmt":"2025-04-24T09:26:02","guid":{"rendered":"https:\/\/kurita-eu-gudza2cjbzfhcwbx.francecentral-01.azurewebsites.net\/?page_id=13519"},"modified":"2026-02-16T15:16:08","modified_gmt":"2026-02-16T15:16:08","slug":"enerji%cc%87-ureti%cc%87mi%cc%87","status":"publish","type":"page","link":"https:\/\/www.kurita.eu\/tr\/endustriler\/enerji%cc%87-ureti%cc%87mi%cc%87\/","title":{"rendered":"Enerji \u00dcretimi"},"content":{"rendered":"<div data-elementor-type=\"wp-page\" data-elementor-id=\"13519\" class=\"elementor elementor-13519\" data-elementor-post-type=\"page\">\n\t\t\t\t\t\t<section class=\"elementor-section elementor-top-section elementor-element elementor-element-5b094549 elementor-section-full_width elementor-section-height-default elementor-section-height-default\" data-id=\"5b094549\" data-element_type=\"section\" data-e-type=\"section\">\n\t\t\t\t\t\t<div class=\"elementor-container elementor-column-gap-default\">\n\t\t\t\t\t<div class=\"elementor-column elementor-col-100 elementor-top-column elementor-element elementor-element-166b778e\" data-id=\"166b778e\" data-element_type=\"column\" data-e-type=\"column\">\n\t\t\t<div class=\"elementor-widget-wrap elementor-element-populated\">\n\t\t\t\t\t\t<div class=\"elementor-element elementor-element-174cb865 elementor--h-position-center elementor--v-position-middle elementor-arrows-position-inside elementor-pagination-position-inside elementor-widget elementor-widget-slides\" data-id=\"174cb865\" data-element_type=\"widget\" data-e-type=\"widget\" data-settings=\"{&quot;navigation&quot;:&quot;both&quot;,&quot;autoplay&quot;:&quot;yes&quot;,&quot;pause_on_hover&quot;:&quot;yes&quot;,&quot;pause_on_interaction&quot;:&quot;yes&quot;,&quot;autoplay_speed&quot;:5000,&quot;infinite&quot;:&quot;yes&quot;,&quot;transition&quot;:&quot;slide&quot;,&quot;transition_speed&quot;:500}\" data-widget_type=\"slides.default\">\n\t\t\t\t<div class=\"elementor-widget-container\">\n\t\t\t\t\t\t\t\t\t<div class=\"elementor-swiper\">\n\t\t\t\t\t<div class=\"elementor-slides-wrapper elementor-main-swiper swiper\" role=\"region\" aria-roledescription=\"carousel\" aria-label=\"Kayd\u0131raklar\" dir=\"ltr\" data-animation=\"fadeInUp\">\n\t\t\t\t<div class=\"swiper-wrapper elementor-slides\">\n\t\t\t\t\t\t\t\t\t\t<div class=\"elementor-repeater-item-4e0b9f7 swiper-slide\" role=\"group\" aria-roledescription=\"slide\"><div class=\"swiper-slide-bg elementor-ken-burns elementor-ken-burns--in\" role=\"img\" aria-label=\"Industries_PowerGeneration-6692aeef-1.jpg\"><\/div><div class=\"elementor-background-overlay\"><\/div><div class=\"swiper-slide-inner\" ><div class=\"swiper-slide-contents\"><h1 class=\"elementor-slide-heading\">Enerji \u00dcretim End\u00fcstrisi<\/h1><\/div><\/div><\/div>\t\t\t\t<\/div>\n\t\t\t\t\t\t\t<\/div>\n\t\t\t\t<\/div>\n\t\t\t\t\t\t\t\t<\/div>\n\t\t\t\t<\/div>\n\t\t\t\t\t<\/div>\n\t\t<\/div>\n\t\t\t\t\t<\/div>\n\t\t<\/section>\n\t\t\t\t<section class=\"elementor-section elementor-top-section elementor-element elementor-element-1d5ec893 elementor-section-boxed elementor-section-height-default elementor-section-height-default\" data-id=\"1d5ec893\" data-element_type=\"section\" data-e-type=\"section\">\n\t\t\t\t\t\t<div class=\"elementor-container elementor-column-gap-default\">\n\t\t\t\t\t<div class=\"elementor-column elementor-col-100 elementor-top-column elementor-element elementor-element-359f8241 margin-content\" data-id=\"359f8241\" data-element_type=\"column\" data-e-type=\"column\">\n\t\t\t<div class=\"elementor-widget-wrap elementor-element-populated\">\n\t\t\t\t\t\t<div class=\"elementor-element elementor-element-99253b6 elementor-widget elementor-widget-text-editor\" data-id=\"99253b6\" data-element_type=\"widget\" data-e-type=\"widget\" data-widget_type=\"text-editor.default\">\n\t\t\t\t<div class=\"elementor-widget-container\">\n\t\t\t\t\t\t\t\t\t<p>G\u00fcn\u00fcm\u00fcz enerji end\u00fcstrisi halihaz\u0131rda kat\u0131 resmi d\u00fczenlemelere tabidir. Bu kurallar gelecekte daha da kat\u0131 hale gelecektir. Sonu\u00e7 olarak, tesis ve i\u015fletme g\u00fcvenli\u011fini sa\u011flayan \u00e7evre dostu, uygun maliyetli \u00e7\u00f6z\u00fcmler b\u00fcy\u00fck talep g\u00f6rmektedir.<\/p><p>Kurita'n\u0131n sundu\u011fu da tam olarak bu:<br \/>Patentli teknolojilerimiz so\u011futma sistemlerinizin kire\u00e7siz \u00e7al\u0131\u015fmas\u0131n\u0131 sa\u011flar, Lejyonella \u00fcremesini \u00f6nler, kazan suyunuzu sa\u011fl\u0131\u011f\u0131 tehdit eden maddeler kullanmadan etkili bir \u015fekilde ar\u0131t\u0131r, at\u0131k su tesislerinizin performans\u0131n\u0131 iyile\u015ftirir ve ters osmoz sistemlerinizin verimlili\u011fini \u00f6nemli \u00f6l\u00e7\u00fcde art\u0131r\u0131r.<\/p><p>K\u0131sacas\u0131:<br \/><strong>Su ar\u0131t\u0131m\u0131n\u0131z bizim uzmanl\u0131k alan\u0131m\u0131zd\u0131r.<\/strong><\/p>\t\t\t\t\t\t\t\t<\/div>\n\t\t\t\t<\/div>\n\t\t\t\t\t<\/div>\n\t\t<\/div>\n\t\t\t\t\t<\/div>\n\t\t<\/section>\n\t\t\t\t<section class=\"elementor-section elementor-top-section elementor-element elementor-element-42fd3dd margin-content elementor-section-boxed elementor-section-height-default elementor-section-height-default\" data-id=\"42fd3dd\" data-element_type=\"section\" data-e-type=\"section\">\n\t\t\t\t\t\t<div class=\"elementor-container elementor-column-gap-default\">\n\t\t\t\t\t<div class=\"elementor-column elementor-col-100 elementor-top-column elementor-element elementor-element-654b44c0\" data-id=\"654b44c0\" data-element_type=\"column\" data-e-type=\"column\">\n\t\t\t<div class=\"elementor-widget-wrap elementor-element-populated\">\n\t\t\t\t\t\t<div class=\"elementor-element elementor-element-1abd2a2 elementor-widget-widescreen__width-initial elementor-widget-tablet__width-initial elementor-widget elementor-widget-heading\" data-id=\"1abd2a2\" data-element_type=\"widget\" data-e-type=\"widget\" data-widget_type=\"heading.default\">\n\t\t\t\t<div class=\"elementor-widget-container\">\n\t\t\t\t\t<h4 class=\"elementor-heading-title elementor-size-default\">Anahtarla \u0130lgili \u00c7\u00f6z\u00fcmler<\/h4>\t\t\t\t<\/div>\n\t\t\t\t<\/div>\n\t\t\t\t<div class=\"elementor-element elementor-element-1d313bc5 elementor-grid-4 elementor-posts--thumbnail-none elementor-grid-tablet-2 elementor-grid-mobile-1 elementor-card-shadow-yes elementor-posts__hover-gradient elementor-widget elementor-widget-posts\" data-id=\"1d313bc5\" data-element_type=\"widget\" data-e-type=\"widget\" data-settings=\"{&quot;cards_columns&quot;:&quot;4&quot;,&quot;pagination_type&quot;:&quot;load_more_infinite_scroll&quot;,&quot;cards_columns_tablet&quot;:&quot;2&quot;,&quot;cards_columns_mobile&quot;:&quot;1&quot;,&quot;cards_row_gap&quot;:{&quot;unit&quot;:&quot;px&quot;,&quot;size&quot;:35,&quot;sizes&quot;:[]},&quot;cards_row_gap_widescreen&quot;:{&quot;unit&quot;:&quot;px&quot;,&quot;size&quot;:&quot;&quot;,&quot;sizes&quot;:[]},&quot;cards_row_gap_laptop&quot;:{&quot;unit&quot;:&quot;px&quot;,&quot;size&quot;:&quot;&quot;,&quot;sizes&quot;:[]},&quot;cards_row_gap_tablet&quot;:{&quot;unit&quot;:&quot;px&quot;,&quot;size&quot;:&quot;&quot;,&quot;sizes&quot;:[]},&quot;cards_row_gap_mobile&quot;:{&quot;unit&quot;:&quot;px&quot;,&quot;size&quot;:&quot;&quot;,&quot;sizes&quot;:[]},&quot;load_more_spinner&quot;:{&quot;value&quot;:&quot;fas fa-spinner&quot;,&quot;library&quot;:&quot;fa-solid&quot;}}\" data-widget_type=\"posts.cards\">\n\t\t\t\t<div class=\"elementor-widget-container\">\n\t\t\t\t\t\t\t<div class=\"elementor-posts-container elementor-posts elementor-posts--skin-cards elementor-grid\" role=\"list\">\n\t\t\t\t<article class=\"elementor-post elementor-grid-item post-16043 page type-page status-publish has-post-thumbnail hentry\" role=\"listitem\">\n\t\t\t<div class=\"elementor-post__card\">\n\t\t\t\t<div class=\"elementor-post__text\">\n\t\t\t\t<h4 class=\"elementor-post__title\">\n\t\t\t<a href=\"https:\/\/www.kurita.eu\/tr\/cozumler\/setami%cc%87n-enerji%cc%87-santralleri%cc%87\/\" target=\"&quot;_blank&quot;\">\n\t\t\t\tKurita Cetamine Teknolojisi - Enerji Santralleri\t\t\t<\/a>\n\t\t<\/h4>\n\t\t\t\t<div class=\"elementor-post__excerpt\">\n\t\t\t<p>Kurita'n\u0131n enerji santralleri i\u00e7in Cetamine\u00ae \u00e7\u00f6z\u00fcm\u00fcn\u00fc ke\u015ffedin. Kazanlar\u0131 korumak, verimlili\u011fi optimize etmek ve i\u015fletme maliyetlerini azaltmak i\u00e7in tasarlanm\u0131\u015f yenilik\u00e7i su ar\u0131tma teknolojisi.<\/p>\n\t\t<\/div>\n\t\t\t\t<\/div>\n\t\t\t\t\t<\/div>\n\t\t<\/article>\n\t\t\t\t<article class=\"elementor-post elementor-grid-item post-14251 page type-page status-publish hentry\" role=\"listitem\">\n\t\t\t<div class=\"elementor-post__card\">\n\t\t\t\t<div class=\"elementor-post__text\">\n\t\t\t\t<h4 class=\"elementor-post__title\">\n\t\t\t<a href=\"https:\/\/www.kurita.eu\/tr\/cozumler\/kuriverter-ik\/\" target=\"&quot;_blank&quot;\">\n\t\t\t\tKuriverter\u00ae IK\t\t\t<\/a>\n\t\t<\/h4>\n\t\t\t\t<div class=\"elementor-post__excerpt\">\n\t\t\t<p>Kurita'n\u0131n membran ar\u0131tma biyofilm kontrol ajan\u0131, gelecekteki b\u00fcy\u00fcmeyi engellerken derinlemesine n\u00fcfuz etme ve y\u00fczeyden kirleticiyi \u00e7\u0131karma benzersiz yetene\u011fi ile \u00f6zel olarak tasarlanm\u0131\u015ft\u0131r. <\/p>\n\t\t<\/div>\n\t\t\t\t<\/div>\n\t\t\t\t\t<\/div>\n\t\t<\/article>\n\t\t\t\t<article class=\"elementor-post elementor-grid-item post-14206 page type-page status-publish has-post-thumbnail hentry\" role=\"listitem\">\n\t\t\t<div class=\"elementor-post__card\">\n\t\t\t\t<div class=\"elementor-post__text\">\n\t\t\t\t<h4 class=\"elementor-post__title\">\n\t\t\t<a href=\"https:\/\/www.kurita.eu\/tr\/cozumler\/kurita-dropwise-teknoloji%cc%87si%cc%87\/\" target=\"&quot;_blank&quot;\">\n\t\t\t\tKurita Dropwise Teknolojisi\t\t\t<\/a>\n\t\t<\/h4>\n\t\t\t\t<div class=\"elementor-post__excerpt\">\n\t\t\t<p>Kurita Dropwise Teknolojisi, damla damla yo\u011fu\u015fma sa\u011flayan benzersiz bir y\u00fczey i\u015flemi uygulayarak \u0131s\u0131 transferi verimlili\u011finde devrim yarat\u0131r. Bu yenilik\u00e7i yakla\u015f\u0131m enerji t\u00fcketimini azalt\u0131r, operasyonel g\u00fcvenilirli\u011fi art\u0131r\u0131r ve end\u00fcstriyel proseslerde s\u00fcrd\u00fcr\u00fclebilir performans\u0131 destekler.<\/p>\n\t\t<\/div>\n\t\t\t\t<\/div>\n\t\t\t\t\t<\/div>\n\t\t<\/article>\n\t\t\t\t<article class=\"elementor-post elementor-grid-item post-14195 page type-page status-publish hentry\" role=\"listitem\">\n\t\t\t<div class=\"elementor-post__card\">\n\t\t\t\t<div class=\"elementor-post__text\">\n\t\t\t\t<h4 class=\"elementor-post__title\">\n\t\t\t<a href=\"https:\/\/www.kurita.eu\/tr\/cozumler\/kurita-connect-360\/\" target=\"&quot;_blank&quot;\">\n\t\t\t\tKurita Connect 360\t\t\t<\/a>\n\t\t<\/h4>\n\t\t\t\t<div class=\"elementor-post__excerpt\">\n\t\t\t<p>Kurita'n\u0131n k\u00fcresel su y\u00f6netimine y\u00f6nelik dijital m\u00fc\u015fteri platformu, su ar\u0131tma uygulamalar\u0131n\u0131z i\u00e7in s\u00fcrekli ak\u0131ll\u0131 \u00f6neriler ve izleme sa\u011flayarak sistem performans\u0131n\u0131z\u0131 art\u0131r\u0131r.<\/p>\n\t\t<\/div>\n\t\t\t\t<\/div>\n\t\t\t\t\t<\/div>\n\t\t<\/article>\n\t\t\t\t<\/div>\n\t\t\t\t\t<span class=\"e-load-more-spinner\">\n\t\t\t\t<svg aria-hidden=\"true\" class=\"e-font-icon-svg e-fas-spinner\" viewbox=\"0 0 512 512\" xmlns=\"http:\/\/www.w3.org\/2000\/svg\"><path d=\"M304 48c0 26.51-21.49 48-48 48s-48-21.49-48-48 21.49-48 48-48 48 21.49 48 48zm-48 368c-26.51 0-48 21.49-48 48s21.49 48 48 48 48-21.49 48-48-21.49-48-48-48zm208-208c-26.51 0-48 21.49-48 48s21.49 48 48 48 48-21.49 48-48-21.49-48-48-48zM96 256c0-26.51-21.49-48-48-48S0 229.49 0 256s21.49 48 48 48 48-21.49 48-48zm12.922 99.078c-26.51 0-48 21.49-48 48s21.49 48 48 48 48-21.49 48-48c0-26.509-21.491-48-48-48zm294.156 0c-26.51 0-48 21.49-48 48s21.49 48 48 48 48-21.49 48-48c0-26.509-21.49-48-48-48zM108.922 60.922c-26.51 0-48 21.49-48 48s21.49 48 48 48 48-21.49 48-48-21.491-48-48-48z\"><\/path><\/svg>\t\t\t<\/span>\n\t\t\n\t\t\t\t<div class=\"e-load-more-anchor\" data-page=\"1\" data-max-page=\"3\" data-next-page=\"https:\/\/www.kurita.eu\/wp-json\/wp\/v2\/pages\/13519\/page\/2\/\"><\/div>\n\t\t\t\t<div class=\"e-load-more-message\"><\/div>\n\t\t\t\t\t\t<\/div>\n\t\t\t\t<\/div>\n\t\t\t\t\t<\/div>\n\t\t<\/div>\n\t\t\t\t\t<\/div>\n\t\t<\/section>\n\t\t\t\t<section class=\"elementor-section elementor-top-section elementor-element elementor-element-1c458c3 elementor-section-boxed elementor-section-height-default elementor-section-height-default\" data-id=\"1c458c3\" data-element_type=\"section\" data-e-type=\"section\" data-settings=\"{&quot;background_background&quot;:&quot;classic&quot;}\">\n\t\t\t\t\t\t<div class=\"elementor-container elementor-column-gap-default\">\n\t\t\t\t\t<div class=\"elementor-column elementor-col-100 elementor-top-column elementor-element elementor-element-5599297 margin-content\" data-id=\"5599297\" data-element_type=\"column\" data-e-type=\"column\">\n\t\t\t<div class=\"elementor-widget-wrap elementor-element-populated\">\n\t\t\t\t\t\t<div class=\"elementor-element elementor-element-2fc1dec elementor-widget elementor-widget-heading\" data-id=\"2fc1dec\" data-element_type=\"widget\" data-e-type=\"widget\" data-widget_type=\"heading.default\">\n\t\t\t\t<div class=\"elementor-widget-container\">\n\t\t\t\t\t<h2 class=\"elementor-heading-title elementor-size-default\">Biz size hizmet ediyoruz<\/h2>\t\t\t\t<\/div>\n\t\t\t\t<\/div>\n\t\t\t\t<div class=\"elementor-element elementor-element-8129fff elementor-widget elementor-widget-html\" data-id=\"8129fff\" data-element_type=\"widget\" data-e-type=\"widget\" data-widget_type=\"html.default\">\n\t\t\t\t<div class=\"elementor-widget-container\">\n\t\t\t\t\t<div\r\n        data-form-id='f4d0a8e4-73ce-ef11-b8e8-000d3ab41b62'\r\n        data-form-api-url='https:\/\/public-eur.mkt.dynamics.com\/api\/v1.0\/orgs\/30cac5a2-33f9-ed11-a66d-000d3a64d748\/landingpageforms'\r\n        data-cached-form-url='https:\/\/assets-eur.mkt.dynamics.com\/30cac5a2-33f9-ed11-a66d-000d3a64d748\/digitalassets\/forms\/f4d0a8e4-73ce-ef11-b8e8-000d3ab41b62' ><\/div>\r\n        <script src = 'https:\/\/cxppusa1formui01cdnsa01-endpoint.azureedge.net\/eur\/FormLoader\/FormLoader.bundle.js' ><\/script>\r\n        <script>document.documentElement.lang = navigator.language;<\/script>\t\t\t\t<\/div>\n\t\t\t\t<\/div>\n\t\t\t\t\t<\/div>\n\t\t<\/div>\n\t\t\t\t\t<\/div>\n\t\t<\/section>\n\t\t\t\t<\/div>","protected":false},"excerpt":{"rendered":"<p>Kurita olarak, so\u011futma sistemi verimlili\u011fini art\u0131ran, Lejyonella \u00fcremesini \u00f6nleyen ve kazan suyunu g\u00fcvenli bir \u015fekilde ar\u0131tan teknolojiler konusunda uzman\u0131z. Su \u015fartland\u0131rma uzmanl\u0131\u011f\u0131m\u0131z\u0131n operasyonlar\u0131n\u0131z\u0131 nas\u0131l d\u00f6n\u00fc\u015ft\u00fcrebilece\u011fini \u00f6\u011frenin.<\/p>","protected":false},"author":2,"featured_media":14084,"parent":17058,"menu_order":0,"comment_status":"closed","ping_status":"closed","template":"","meta":{"footnotes":""},"class_list":["post-13519","page","type-page","status-publish","has-post-thumbnail","hentry"],"yoast_head":"<!-- This site is optimized with the Yoast SEO plugin v25.5 - https:\/\/yoast.com\/wordpress\/plugins\/seo\/ -->\n<title>Power Generation - Kurita Europe<\/title>\n<meta name=\"description\" content=\"Kurita delivers water treatment solutions for power plants to improve efficiency, reduce downtime, and meet environmental standards.\" \/>\n<meta name=\"robots\" content=\"index, follow, max-snippet:-1, max-image-preview:large, max-video-preview:-1\" \/>\n<link rel=\"canonical\" href=\"https:\/\/www.kurita.eu\/tr\/endustriler\/enerji\u0307-ureti\u0307mi\u0307\/\" \/>\n<meta property=\"og:locale\" content=\"tr_TR\" \/>\n<meta property=\"og:type\" content=\"article\" \/>\n<meta property=\"og:title\" content=\"Power Generation - Kurita Europe\" \/>\n<meta property=\"og:description\" content=\"Kurita delivers water treatment solutions for power plants to improve efficiency, reduce downtime, and meet environmental standards.\" \/>\n<meta property=\"og:url\" content=\"https:\/\/www.kurita.eu\/tr\/endustriler\/enerji\u0307-ureti\u0307mi\u0307\/\" \/>\n<meta property=\"og:site_name\" content=\"Kurita Europe\" \/>\n<meta property=\"article:modified_time\" content=\"2026-02-16T15:16:08+00:00\" \/>\n<meta property=\"og:image\" content=\"https:\/\/www.kurita.eu\/wp-content\/uploads\/2025\/04\/aerial-view-of-modern-power-plant-industrial-landscape-scaled-1.jpg\" \/>\n\t<meta property=\"og:image:width\" content=\"2560\" \/>\n\t<meta property=\"og:image:height\" content=\"1705\" \/>\n\t<meta property=\"og:image:type\" content=\"image\/jpeg\" \/>\n<meta name=\"twitter:card\" content=\"summary_large_image\" \/>\n<meta name=\"twitter:label1\" content=\"Tahmini okuma s\u00fcresi\" \/>\n\t<meta name=\"twitter:data1\" content=\"3 dakika\" \/>\n<script type=\"application\/ld+json\" class=\"yoast-schema-graph\">{\"@context\":\"https:\/\/schema.org\",\"@graph\":[{\"@type\":\"WebPage\",\"@id\":\"https:\/\/www.kurita.eu\/se\/industrier\/kraftproduktion\/\",\"url\":\"https:\/\/www.kurita.eu\/se\/industrier\/kraftproduktion\/\",\"name\":\"Power Generation - Kurita Europe\",\"isPartOf\":{\"@id\":\"https:\/\/kurita.eu\/en\/#website\"},\"primaryImageOfPage\":{\"@id\":\"https:\/\/www.kurita.eu\/se\/industrier\/kraftproduktion\/#primaryimage\"},\"image\":{\"@id\":\"https:\/\/www.kurita.eu\/se\/industrier\/kraftproduktion\/#primaryimage\"},\"thumbnailUrl\":\"\/wp-content\/uploads\/2025\/04\/aerial-view-of-modern-power-plant-industrial-landscape-scaled-1.jpg\",\"datePublished\":\"2025-04-24T09:26:02+00:00\",\"dateModified\":\"2026-02-16T15:16:08+00:00\",\"description\":\"Kurita delivers water treatment solutions for power plants to improve efficiency, reduce downtime, and meet environmental standards.\",\"breadcrumb\":{\"@id\":\"https:\/\/www.kurita.eu\/se\/industrier\/kraftproduktion\/#breadcrumb\"},\"inLanguage\":\"tr\",\"potentialAction\":[{\"@type\":\"ReadAction\",\"target\":[\"https:\/\/www.kurita.eu\/se\/industrier\/kraftproduktion\/\"]}]},{\"@type\":\"ImageObject\",\"inLanguage\":\"tr\",\"@id\":\"https:\/\/www.kurita.eu\/se\/industrier\/kraftproduktion\/#primaryimage\",\"url\":\"\/wp-content\/uploads\/2025\/04\/aerial-view-of-modern-power-plant-industrial-landscape-scaled-1.jpg\",\"contentUrl\":\"\/wp-content\/uploads\/2025\/04\/aerial-view-of-modern-power-plant-industrial-landscape-scaled-1.jpg\",\"width\":2560,\"height\":1705},{\"@type\":\"BreadcrumbList\",\"@id\":\"https:\/\/www.kurita.eu\/se\/industrier\/kraftproduktion\/#breadcrumb\",\"itemListElement\":[{\"@type\":\"ListItem\",\"position\":1,\"name\":\"Home\",\"item\":\"https:\/\/www.kurita.eu\/en\/\"},{\"@type\":\"ListItem\",\"position\":2,\"name\":\"Industries\",\"item\":\"https:\/\/www.kurita.eu\/tr\/endustriler\/\"},{\"@type\":\"ListItem\",\"position\":3,\"name\":\"Power Generation\"}]},{\"@type\":\"WebSite\",\"@id\":\"https:\/\/kurita.eu\/en\/#website\",\"url\":\"https:\/\/kurita.eu\/en\/\",\"name\":\"Kurita Europe\",\"description\":\"Water Treatment Solutions\",\"publisher\":{\"@id\":\"https:\/\/kurita.eu\/en\/#organization\"},\"potentialAction\":[{\"@type\":\"SearchAction\",\"target\":{\"@type\":\"EntryPoint\",\"urlTemplate\":\"https:\/\/kurita.eu\/en\/?s={search_term_string}\"},\"query-input\":{\"@type\":\"PropertyValueSpecification\",\"valueRequired\":true,\"valueName\":\"search_term_string\"}}],\"inLanguage\":\"tr\"},{\"@type\":\"Organization\",\"@id\":\"https:\/\/kurita.eu\/en\/#organization\",\"name\":\"Kurita Europe\",\"url\":\"https:\/\/kurita.eu\/en\/\",\"logo\":{\"@type\":\"ImageObject\",\"inLanguage\":\"tr\",\"@id\":\"https:\/\/kurita.eu\/en\/#\/schema\/logo\/image\/\",\"url\":\"\/wp-content\/uploads\/2025\/05\/cropped-brand_mark_horizon_blue.png\",\"contentUrl\":\"\/wp-content\/uploads\/2025\/05\/cropped-brand_mark_horizon_blue.png\",\"width\":712,\"height\":204,\"caption\":\"Kurita Europe\"},\"image\":{\"@id\":\"https:\/\/kurita.eu\/en\/#\/schema\/logo\/image\/\"}}]}<\/script>\n<!-- \/ Yoast SEO plugin. -->","yoast_head_json":{"title":"Enerji \u00dcretimi - Kurita Europe","description":"Kurita, enerji santrallerinin verimlili\u011fini art\u0131rmak, ar\u0131za s\u00fcrelerini azaltmak ve \u00e7evre standartlar\u0131n\u0131 kar\u015f\u0131lamak i\u00e7in su ar\u0131tma \u00e7\u00f6z\u00fcmleri sunar.","robots":{"index":"index","follow":"follow","max-snippet":"max-snippet:-1","max-image-preview":"max-image-preview:large","max-video-preview":"max-video-preview:-1"},"canonical":"https:\/\/www.kurita.eu\/tr\/endustriler\/enerji\u0307-ureti\u0307mi\u0307\/","og_locale":"tr_TR","og_type":"article","og_title":"Power Generation - Kurita Europe","og_description":"Kurita delivers water treatment solutions for power plants to improve efficiency, reduce downtime, and meet environmental standards.","og_url":"https:\/\/www.kurita.eu\/tr\/endustriler\/enerji\u0307-ureti\u0307mi\u0307\/","og_site_name":"Kurita Europe","article_modified_time":"2026-02-16T15:16:08+00:00","og_image":[{"width":2560,"height":1705,"url":"https:\/\/www.kurita.eu\/wp-content\/uploads\/2025\/04\/aerial-view-of-modern-power-plant-industrial-landscape-scaled-1.jpg","type":"image\/jpeg"}],"twitter_card":"summary_large_image","twitter_misc":{"Tahmini okuma s\u00fcresi":"3 dakika"},"schema":{"@context":"https:\/\/schema.org","@graph":[{"@type":"WebPage","@id":"https:\/\/www.kurita.eu\/se\/industrier\/kraftproduktion\/","url":"https:\/\/www.kurita.eu\/se\/industrier\/kraftproduktion\/","name":"Enerji \u00dcretimi - Kurita Europe","isPartOf":{"@id":"https:\/\/kurita.eu\/en\/#website"},"primaryImageOfPage":{"@id":"https:\/\/www.kurita.eu\/se\/industrier\/kraftproduktion\/#primaryimage"},"image":{"@id":"https:\/\/www.kurita.eu\/se\/industrier\/kraftproduktion\/#primaryimage"},"thumbnailUrl":"\/wp-content\/uploads\/2025\/04\/aerial-view-of-modern-power-plant-industrial-landscape-scaled-1.jpg","datePublished":"2025-04-24T09:26:02+00:00","dateModified":"2026-02-16T15:16:08+00:00","description":"Kurita, enerji santrallerinin verimlili\u011fini art\u0131rmak, ar\u0131za s\u00fcrelerini azaltmak ve \u00e7evre standartlar\u0131n\u0131 kar\u015f\u0131lamak i\u00e7in su ar\u0131tma \u00e7\u00f6z\u00fcmleri sunar.","breadcrumb":{"@id":"https:\/\/www.kurita.eu\/se\/industrier\/kraftproduktion\/#breadcrumb"},"inLanguage":"tr","potentialAction":[{"@type":"ReadAction","target":["https:\/\/www.kurita.eu\/se\/industrier\/kraftproduktion\/"]}]},{"@type":"ImageObject","inLanguage":"tr","@id":"https:\/\/www.kurita.eu\/se\/industrier\/kraftproduktion\/#primaryimage","url":"\/wp-content\/uploads\/2025\/04\/aerial-view-of-modern-power-plant-industrial-landscape-scaled-1.jpg","contentUrl":"\/wp-content\/uploads\/2025\/04\/aerial-view-of-modern-power-plant-industrial-landscape-scaled-1.jpg","width":2560,"height":1705},{"@type":"BreadcrumbList","@id":"https:\/\/www.kurita.eu\/se\/industrier\/kraftproduktion\/#breadcrumb","itemListElement":[{"@type":"ListItem","position":1,"name":"Home","item":"https:\/\/www.kurita.eu\/en\/"},{"@type":"ListItem","position":2,"name":"Industries","item":"https:\/\/www.kurita.eu\/tr\/endustriler\/"},{"@type":"ListItem","position":3,"name":"Power Generation"}]},{"@type":"WebSite","@id":"https:\/\/kurita.eu\/en\/#website","url":"https:\/\/kurita.eu\/en\/","name":"Kurita Avrupa","description":"Su Ar\u0131tma \u00c7\u00f6z\u00fcmleri","publisher":{"@id":"https:\/\/kurita.eu\/en\/#organization"},"potentialAction":[{"@type":"SearchAction","target":{"@type":"EntryPoint","urlTemplate":"https:\/\/kurita.eu\/en\/?s={search_term_string}"},"query-input":{"@type":"PropertyValueSpecification","valueRequired":true,"valueName":"search_term_string"}}],"inLanguage":"tr"},{"@type":"Organization","@id":"https:\/\/kurita.eu\/en\/#organization","name":"Kurita Avrupa","url":"https:\/\/kurita.eu\/en\/","logo":{"@type":"ImageObject","inLanguage":"tr","@id":"https:\/\/kurita.eu\/en\/#\/schema\/logo\/image\/","url":"\/wp-content\/uploads\/2025\/05\/cropped-brand_mark_horizon_blue.png","contentUrl":"\/wp-content\/uploads\/2025\/05\/cropped-brand_mark_horizon_blue.png","width":712,"height":204,"caption":"Kurita Europe"},"image":{"@id":"https:\/\/kurita.eu\/en\/#\/schema\/logo\/image\/"}}]}},"_links":{"self":[{"href":"https:\/\/www.kurita.eu\/tr\/wp-json\/wp\/v2\/pages\/13519","targetHints":{"allow":["GET"]}}],"collection":[{"href":"https:\/\/www.kurita.eu\/tr\/wp-json\/wp\/v2\/pages"}],"about":[{"href":"https:\/\/www.kurita.eu\/tr\/wp-json\/wp\/v2\/types\/page"}],"author":[{"embeddable":true,"href":"https:\/\/www.kurita.eu\/tr\/wp-json\/wp\/v2\/users\/2"}],"replies":[{"embeddable":true,"href":"https:\/\/www.kurita.eu\/tr\/wp-json\/wp\/v2\/comments?post=13519"}],"version-history":[{"count":30,"href":"https:\/\/www.kurita.eu\/tr\/wp-json\/wp\/v2\/pages\/13519\/revisions"}],"predecessor-version":[{"id":20285,"href":"https:\/\/www.kurita.eu\/tr\/wp-json\/wp\/v2\/pages\/13519\/revisions\/20285"}],"up":[{"embeddable":true,"href":"https:\/\/www.kurita.eu\/tr\/wp-json\/wp\/v2\/pages\/17058"}],"wp:featuredmedia":[{"embeddable":true,"href":"https:\/\/www.kurita.eu\/tr\/wp-json\/wp\/v2\/media\/14084"}],"wp:attachment":[{"href":"https:\/\/www.kurita.eu\/tr\/wp-json\/wp\/v2\/media?parent=13519"}],"curies":[{"name":"wp","href":"https:\/\/api.w.org\/{rel}","templated":true}]}}