{"id":14130,"date":"2025-04-25T07:09:05","date_gmt":"2025-04-25T07:09:05","guid":{"rendered":"https:\/\/kurita-eu-gudza2cjbzfhcwbx.francecentral-01.azurewebsites.net\/?page_id=14130"},"modified":"2026-01-20T14:20:32","modified_gmt":"2026-01-20T14:20:32","slug":"korrodex","status":"publish","type":"page","link":"https:\/\/www.kurita.eu\/tr\/solutions\/korrodex\/","title":{"rendered":"Korrodex\u00ae"},"content":{"rendered":"<div data-elementor-type=\"wp-page\" data-elementor-id=\"14130\" class=\"elementor elementor-14130\" data-elementor-post-type=\"page\">\n\t\t\t\t\t\t<section class=\"elementor-section elementor-top-section elementor-element elementor-element-946da4f elementor-section-full_width elementor-section-height-default elementor-section-height-default\" data-id=\"946da4f\" data-element_type=\"section\" data-e-type=\"section\">\n\t\t\t\t\t\t<div class=\"elementor-container elementor-column-gap-default\">\n\t\t\t\t\t<div class=\"elementor-column elementor-col-100 elementor-top-column elementor-element elementor-element-3d26dafc\" data-id=\"3d26dafc\" data-element_type=\"column\" data-e-type=\"column\">\n\t\t\t<div class=\"elementor-widget-wrap elementor-element-populated\">\n\t\t\t\t\t\t<div class=\"elementor-element elementor-element-16800dce elementor--h-position-center elementor--v-position-middle elementor-arrows-position-inside elementor-pagination-position-inside elementor-widget elementor-widget-slides\" data-id=\"16800dce\" data-element_type=\"widget\" data-e-type=\"widget\" data-settings=\"{&quot;navigation&quot;:&quot;both&quot;,&quot;autoplay&quot;:&quot;yes&quot;,&quot;pause_on_hover&quot;:&quot;yes&quot;,&quot;pause_on_interaction&quot;:&quot;yes&quot;,&quot;autoplay_speed&quot;:5000,&quot;infinite&quot;:&quot;yes&quot;,&quot;transition&quot;:&quot;slide&quot;,&quot;transition_speed&quot;:500}\" data-widget_type=\"slides.default\">\n\t\t\t\t<div class=\"elementor-widget-container\">\n\t\t\t\t\t\t\t\t\t<div class=\"elementor-swiper\">\n\t\t\t\t\t<div class=\"elementor-slides-wrapper elementor-main-swiper swiper\" role=\"region\" aria-roledescription=\"carousel\" aria-label=\"Kayd\u0131raklar\" dir=\"ltr\" data-animation=\"fadeInUp\">\n\t\t\t\t<div class=\"swiper-wrapper elementor-slides\">\n\t\t\t\t\t\t\t\t\t\t<div class=\"elementor-repeater-item-4e0b9f7 swiper-slide\" role=\"group\" aria-roledescription=\"slide\"><div class=\"swiper-slide-bg elementor-ken-burns elementor-ken-burns--in\" role=\"img\" aria-label=\"Applications_WaterTreatment-401e7d4b-1.jpg\"><\/div><div class=\"elementor-background-overlay\"><\/div><div class=\"swiper-slide-inner\" ><div class=\"swiper-slide-contents\"><h1 class=\"elementor-slide-heading\">Korrodex\u00ae<\/h1><\/div><\/div><\/div>\t\t\t\t<\/div>\n\t\t\t\t\t\t\t<\/div>\n\t\t\t\t<\/div>\n\t\t\t\t\t\t\t\t<\/div>\n\t\t\t\t<\/div>\n\t\t\t\t\t<\/div>\n\t\t<\/div>\n\t\t\t\t\t<\/div>\n\t\t<\/section>\n\t\t\t\t<section class=\"elementor-section elementor-top-section elementor-element elementor-element-5500a301 elementor-section-boxed elementor-section-height-default elementor-section-height-default\" data-id=\"5500a301\" data-element_type=\"section\" data-e-type=\"section\">\n\t\t\t\t\t\t<div class=\"elementor-container elementor-column-gap-default\">\n\t\t\t\t\t<div class=\"elementor-column elementor-col-66 elementor-top-column elementor-element elementor-element-3abaadfb margin-content\" data-id=\"3abaadfb\" data-element_type=\"column\" data-e-type=\"column\">\n\t\t\t<div class=\"elementor-widget-wrap elementor-element-populated\">\n\t\t\t\t\t\t<div class=\"elementor-element elementor-element-60292cb8 elementor-widget elementor-widget-heading\" data-id=\"60292cb8\" data-element_type=\"widget\" data-e-type=\"widget\" data-widget_type=\"heading.default\">\n\t\t\t\t<div class=\"elementor-widget-container\">\n\t\t\t\t\t<h2 class=\"elementor-heading-title elementor-size-default\">Kurita'n\u0131n geni\u015f korozyon inhibit\u00f6rleri, sertlik stabilizat\u00f6rleri ve kapal\u0131 sistemler i\u00e7in antifriz yelpazesi - Korrodex\u00ae<\/h2>\t\t\t\t<\/div>\n\t\t\t\t<\/div>\n\t\t\t\t<div class=\"elementor-element elementor-element-584e261 elementor-invisible elementor-widget elementor-widget-text-editor\" data-id=\"584e261\" data-element_type=\"widget\" data-e-type=\"widget\" data-settings=\"{&quot;_animation&quot;:&quot;fadeInUp&quot;}\" data-widget_type=\"text-editor.default\">\n\t\t\t\t<div class=\"elementor-widget-container\">\n\t\t\t\t\t\t\t\t\t<p><strong>Korrodex<\/strong><sup>\u00ae<\/sup>\u00a0\u00fcr\u00fcnleri, kapal\u0131 sistemlerde korozyon ve kire\u00e7lenmeye kar\u015f\u0131 koruma sa\u011flamak i\u00e7in en uygun \u00e7\u00f6z\u00fcmleri sunmak \u00fczere tasarlanm\u0131\u015ft\u0131r. Bizim\u00a0<strong>Korrodex<\/strong><sup>\u00ae<\/sup>\u00a0\u00fcr\u00fcn yelpazesi, i\u015fletme maliyetlerini d\u00fc\u015f\u00fcrmek ve sistem g\u00fcvenilirli\u011fini ve kullan\u0131m \u00f6mr\u00fcn\u00fc art\u0131rmak i\u00e7in yenilik\u00e7i teknolojiler i\u00e7ermektedir. Ayr\u0131ca bizim\u00a0<strong>Korrodex<\/strong><sup>\u00ae<\/sup>\u00a0portf\u00f6y\u00fc, \u0131s\u0131tma ve s\u0131cak su sistemlerini, kapal\u0131 so\u011futma sistemlerini ve so\u011futulmu\u015f su sistemlerini ar\u0131tmak i\u00e7in \u00e7\u00f6z\u00fcmler sunar.<\/p>\t\t\t\t\t\t\t\t<\/div>\n\t\t\t\t<\/div>\n\t\t\t\t\t<\/div>\n\t\t<\/div>\n\t\t\t\t<div class=\"elementor-column elementor-col-33 elementor-top-column elementor-element elementor-element-3b664816 margin-content\" data-id=\"3b664816\" data-element_type=\"column\" data-e-type=\"column\">\n\t\t\t<div class=\"elementor-widget-wrap elementor-element-populated\">\n\t\t\t\t\t\t<div class=\"elementor-element elementor-element-10b2b77e elementor-invisible elementor-widget elementor-widget-image\" data-id=\"10b2b77e\" data-element_type=\"widget\" data-e-type=\"widget\" data-settings=\"{&quot;_animation&quot;:&quot;fadeIn&quot;}\" data-widget_type=\"image.default\">\n\t\t\t\t<div class=\"elementor-widget-container\">\n\t\t\t\t\t\t\t\t\t\t\t\t\t\t\t<img fetchpriority=\"high\" decoding=\"async\" width=\"350\" height=\"299\" src=\"\/wp-content\/uploads\/2025\/04\/Stamp-Kurita-PATENTED-SOLUTION-0e304df3.png\" class=\"attachment-large size-large wp-image-12806\" alt=\"\" srcset=\"\/wp-content\/uploads\/2025\/04\/Stamp-Kurita-PATENTED-SOLUTION-0e304df3.png 350w, \/wp-content\/uploads\/2025\/04\/Stamp-Kurita-PATENTED-SOLUTION-0e304df3-300x256.png 300w\" sizes=\"(max-width: 350px) 100vw, 350px\" data-no-translation=\"\" \/>\t\t\t\t\t\t\t\t\t\t\t\t\t\t\t<\/div>\n\t\t\t\t<\/div>\n\t\t\t\t\t<\/div>\n\t\t<\/div>\n\t\t\t\t\t<\/div>\n\t\t<\/section>\n\t\t\t\t<section class=\"elementor-section elementor-top-section elementor-element elementor-element-5fad1564 elementor-section-boxed elementor-section-height-default elementor-section-height-default\" data-id=\"5fad1564\" data-element_type=\"section\" data-e-type=\"section\" data-settings=\"{&quot;background_background&quot;:&quot;classic&quot;}\">\n\t\t\t\t\t\t<div class=\"elementor-container elementor-column-gap-default\">\n\t\t\t\t\t<div class=\"elementor-column elementor-col-100 elementor-top-column elementor-element elementor-element-68a1866d margin-content\" data-id=\"68a1866d\" data-element_type=\"column\" data-e-type=\"column\">\n\t\t\t<div class=\"elementor-widget-wrap elementor-element-populated\">\n\t\t\t\t\t\t<div class=\"elementor-element elementor-element-7c5869cc elementor-widget elementor-widget-heading\" data-id=\"7c5869cc\" data-element_type=\"widget\" data-e-type=\"widget\" data-widget_type=\"heading.default\">\n\t\t\t\t<div class=\"elementor-widget-container\">\n\t\t\t\t\t<h4 class=\"elementor-heading-title elementor-size-default\">Korozyon \u00f6nleyiciler:<\/h4>\t\t\t\t<\/div>\n\t\t\t\t<\/div>\n\t\t\t\t<div class=\"elementor-element elementor-element-47810165 elementor-invisible elementor-widget elementor-widget-text-editor\" data-id=\"47810165\" data-element_type=\"widget\" data-e-type=\"widget\" data-settings=\"{&quot;_animation&quot;:&quot;fadeIn&quot;}\" data-widget_type=\"text-editor.default\">\n\t\t\t\t<div class=\"elementor-widget-container\">\n\t\t\t\t\t\t\t\t\t<p>Kapal\u0131 sistemler basit devrelerden birden fazla sistem malzemesi i\u00e7eren karma\u015f\u0131k kurulumlara kadar olabilir. Kurita, karbon \u00e7eli\u011fi, paslanmaz \u00e7elik, sar\u0131 metaller ve al\u00fcminyum i\u00e7eren sistemler i\u00e7in do\u011fru \u00e7\u00f6z\u00fcme sahiptir.<\/p>\t\t\t\t\t\t\t\t<\/div>\n\t\t\t\t<\/div>\n\t\t\t\t\t<\/div>\n\t\t<\/div>\n\t\t\t\t\t<\/div>\n\t\t<\/section>\n\t\t\t\t<section class=\"elementor-section elementor-top-section elementor-element elementor-element-709f75c0 elementor-section-boxed elementor-section-height-default elementor-section-height-default\" data-id=\"709f75c0\" data-element_type=\"section\" data-e-type=\"section\" data-settings=\"{&quot;background_background&quot;:&quot;classic&quot;}\">\n\t\t\t\t\t\t<div class=\"elementor-container elementor-column-gap-default\">\n\t\t\t\t\t<div class=\"elementor-column elementor-col-100 elementor-top-column elementor-element elementor-element-514bdddf margin-content\" data-id=\"514bdddf\" data-element_type=\"column\" data-e-type=\"column\">\n\t\t\t<div class=\"elementor-widget-wrap elementor-element-populated\">\n\t\t\t\t\t\t<div class=\"elementor-element elementor-element-4deaea3b elementor-widget elementor-widget-heading\" data-id=\"4deaea3b\" data-element_type=\"widget\" data-e-type=\"widget\" data-widget_type=\"heading.default\">\n\t\t\t\t<div class=\"elementor-widget-container\">\n\t\t\t\t\t<h4 class=\"elementor-heading-title elementor-size-default\">Sertlik stabilizat\u00f6rleri:<\/h4>\t\t\t\t<\/div>\n\t\t\t\t<\/div>\n\t\t\t\t<div class=\"elementor-element elementor-element-4e4ab9f1 elementor-invisible elementor-widget elementor-widget-text-editor\" data-id=\"4e4ab9f1\" data-element_type=\"widget\" data-e-type=\"widget\" data-settings=\"{&quot;_animation&quot;:&quot;fadeIn&quot;}\" data-widget_type=\"text-editor.default\">\n\t\t\t\t<div class=\"elementor-widget-container\">\n\t\t\t\t\t\t\t\t\t<p>Kapal\u0131 bir sistemin \u00e7al\u0131\u015fma s\u0131cakl\u0131\u011f\u0131 aral\u0131\u011f\u0131na ba\u011fl\u0131 olarak su kalitesi d\u00fc\u015f\u00fck iletkenlikli demin su, yumu\u015fat\u0131lm\u0131\u015f su veya y\u00fcksek iletkenlikli musluk suyu olabilir.\u00a0<strong>Korrodex<\/strong><sup>\u00ae<\/sup>\u00a0Belirli su kalitesi aral\u0131\u011f\u0131 i\u00e7in da\u011f\u0131t\u0131c\u0131lara dayal\u0131 \u00fcr\u00fcnler mevcuttur. Uygulanan da\u011f\u0131t\u0131c\u0131lar, s\u0131cak \u0131s\u0131 e\u015fanj\u00f6r\u00fc y\u00fczeylerinde bile y\u00fcksek termal stabilite ile karakterize edilir ve geni\u015f bir s\u0131cakl\u0131k aral\u0131\u011f\u0131nda gerekli sertlik stabilizasyon \u00f6zelliklerini sa\u011flar.<\/p>\t\t\t\t\t\t\t\t<\/div>\n\t\t\t\t<\/div>\n\t\t\t\t\t<\/div>\n\t\t<\/div>\n\t\t\t\t\t<\/div>\n\t\t<\/section>\n\t\t\t\t<section class=\"elementor-section elementor-top-section elementor-element elementor-element-7f3dcf5b elementor-section-boxed elementor-section-height-default elementor-section-height-default\" data-id=\"7f3dcf5b\" data-element_type=\"section\" data-e-type=\"section\" data-settings=\"{&quot;background_background&quot;:&quot;classic&quot;}\">\n\t\t\t\t\t\t<div class=\"elementor-container elementor-column-gap-default\">\n\t\t\t\t\t<div class=\"elementor-column elementor-col-100 elementor-top-column elementor-element elementor-element-29b887db margin-content\" data-id=\"29b887db\" data-element_type=\"column\" data-e-type=\"column\">\n\t\t\t<div class=\"elementor-widget-wrap elementor-element-populated\">\n\t\t\t\t\t\t<div class=\"elementor-element elementor-element-54279dd5 elementor-widget elementor-widget-heading\" data-id=\"54279dd5\" data-element_type=\"widget\" data-e-type=\"widget\" data-widget_type=\"heading.default\">\n\t\t\t\t<div class=\"elementor-widget-container\">\n\t\t\t\t\t<h4 class=\"elementor-heading-title elementor-size-default\">Donma \u00f6nleyici katk\u0131 maddeleri:<\/h4>\t\t\t\t<\/div>\n\t\t\t\t<\/div>\n\t\t\t\t<div class=\"elementor-element elementor-element-692e933f elementor-invisible elementor-widget elementor-widget-text-editor\" data-id=\"692e933f\" data-element_type=\"widget\" data-e-type=\"widget\" data-settings=\"{&quot;_animation&quot;:&quot;fadeIn&quot;}\" data-widget_type=\"text-editor.default\">\n\t\t\t\t<div class=\"elementor-widget-container\">\n\t\t\t\t\t\t\t\t\t<p>End\u00fcstriyel so\u011fuk su veya so\u011futulmu\u015f su sistemleri genellikle 0\u00b0C'nin alt\u0131ndaki d\u00fc\u015f\u00fck s\u0131cakl\u0131k aral\u0131klar\u0131nda \u00e7al\u0131\u015ft\u0131r\u0131l\u0131r. Bu ko\u015fullar alt\u0131nda donma \u00f6nleyici katk\u0131 maddelerinin uygulanmas\u0131 esast\u0131r. Bu katk\u0131lar\u00a0<strong>Korrodex<\/strong><sup>\u00ae<\/sup>\u00a0Donma \u00f6nleyici \u00fcr\u00fcn yelpazesi, sisteminizin kapsaml\u0131 bir \u015fekilde i\u015flenmesi i\u00e7in y\u00fcksek stabilite bile\u015fenlerine sahip korozyon \u00f6nleyiciler sunar.<\/p>\t\t\t\t\t\t\t\t<\/div>\n\t\t\t\t<\/div>\n\t\t\t\t\t<\/div>\n\t\t<\/div>\n\t\t\t\t\t<\/div>\n\t\t<\/section>\n\t\t\t\t<section class=\"elementor-section elementor-top-section elementor-element elementor-element-20b0f115 elementor-section-boxed elementor-section-height-default elementor-section-height-default\" data-id=\"20b0f115\" data-element_type=\"section\" data-e-type=\"section\" data-settings=\"{&quot;background_background&quot;:&quot;classic&quot;}\">\n\t\t\t\t\t\t<div class=\"elementor-container elementor-column-gap-default\">\n\t\t\t\t\t<div class=\"elementor-column elementor-col-100 elementor-top-column elementor-element elementor-element-75140ce1 margin-content\" data-id=\"75140ce1\" data-element_type=\"column\" data-e-type=\"column\">\n\t\t\t<div class=\"elementor-widget-wrap elementor-element-populated\">\n\t\t\t\t\t\t<div class=\"elementor-element elementor-element-46227b68 elementor-widget elementor-widget-heading\" data-id=\"46227b68\" data-element_type=\"widget\" data-e-type=\"widget\" data-widget_type=\"heading.default\">\n\t\t\t\t<div class=\"elementor-widget-container\">\n\t\t\t\t\t<h2 class=\"elementor-heading-title elementor-size-default\">Biz size hizmet ediyoruz<\/h2>\t\t\t\t<\/div>\n\t\t\t\t<\/div>\n\t\t\t\t<div class=\"elementor-element elementor-element-212cefe3 elementor-widget elementor-widget-html\" data-id=\"212cefe3\" data-element_type=\"widget\" data-e-type=\"widget\" data-widget_type=\"html.default\">\n\t\t\t\t<div class=\"elementor-widget-container\">\n\t\t\t\t\t<div\r\n        data-form-id='f4d0a8e4-73ce-ef11-b8e8-000d3ab41b62'\r\n        data-form-api-url='https:\/\/public-eur.mkt.dynamics.com\/api\/v1.0\/orgs\/30cac5a2-33f9-ed11-a66d-000d3a64d748\/landingpageforms'\r\n        data-cached-form-url='https:\/\/assets-eur.mkt.dynamics.com\/30cac5a2-33f9-ed11-a66d-000d3a64d748\/digitalassets\/forms\/f4d0a8e4-73ce-ef11-b8e8-000d3ab41b62' ><\/div>\r\n        <script src = 'https:\/\/cxppusa1formui01cdnsa01-endpoint.azureedge.net\/eur\/FormLoader\/FormLoader.bundle.js' ><\/script>\r\n        <script>document.documentElement.lang = navigator.language;<\/script>\t\t\t\t<\/div>\n\t\t\t\t<\/div>\n\t\t\t\t\t<\/div>\n\t\t<\/div>\n\t\t\t\t\t<\/div>\n\t\t<\/section>\n\t\t\t\t<\/div>","protected":false},"excerpt":{"rendered":"<p>Korrodex\u00ae Kurita&#8217;s broad range of corrosion inhibitors, hardness stabilizers and antifreeze for closed systems \u2013 Korrodex\u00ae Korrodex\u00ae\u00a0products are designed to provide optimal solutions to ensure protection against corrosion and scaling in closed systems. Our\u00a0Korrodex\u00ae\u00a0product range includes innovative technologies to reduce operational costs and to increase system reliability and lifetime. Furthermore our\u00a0Korrodex\u00ae\u00a0portfolio offers solutions to treat [&hellip;]<\/p>\n","protected":false},"author":2,"featured_media":0,"parent":13875,"menu_order":0,"comment_status":"closed","ping_status":"closed","template":"","meta":{"footnotes":""},"class_list":["post-14130","page","type-page","status-publish","hentry"],"_links":{"self":[{"href":"https:\/\/www.kurita.eu\/tr\/wp-json\/wp\/v2\/pages\/14130","targetHints":{"allow":["GET"]}}],"collection":[{"href":"https:\/\/www.kurita.eu\/tr\/wp-json\/wp\/v2\/pages"}],"about":[{"href":"https:\/\/www.kurita.eu\/tr\/wp-json\/wp\/v2\/types\/page"}],"author":[{"embeddable":true,"href":"https:\/\/www.kurita.eu\/tr\/wp-json\/wp\/v2\/users\/2"}],"replies":[{"embeddable":true,"href":"https:\/\/www.kurita.eu\/tr\/wp-json\/wp\/v2\/comments?post=14130"}],"version-history":[{"count":8,"href":"https:\/\/www.kurita.eu\/tr\/wp-json\/wp\/v2\/pages\/14130\/revisions"}],"predecessor-version":[{"id":19297,"href":"https:\/\/www.kurita.eu\/tr\/wp-json\/wp\/v2\/pages\/14130\/revisions\/19297"}],"up":[{"embeddable":true,"href":"https:\/\/www.kurita.eu\/tr\/wp-json\/wp\/v2\/pages\/13875"}],"wp:attachment":[{"href":"https:\/\/www.kurita.eu\/tr\/wp-json\/wp\/v2\/media?parent=14130"}],"curies":[{"name":"wp","href":"https:\/\/api.w.org\/{rel}","templated":true}]}}