{"id":14223,"date":"2025-04-25T07:47:34","date_gmt":"2025-04-25T07:47:34","guid":{"rendered":"https:\/\/kurita-eu-gudza2cjbzfhcwbx.francecentral-01.azurewebsites.net\/?page_id=14223"},"modified":"2025-04-28T08:52:41","modified_gmt":"2025-04-28T08:52:41","slug":"kurita-pz-6000","status":"publish","type":"page","link":"https:\/\/www.kurita.eu\/tr\/solutions\/kurita-pz-6000\/","title":{"rendered":"Kurita PZ-6000"},"content":{"rendered":"<div data-elementor-type=\"wp-page\" data-elementor-id=\"14223\" class=\"elementor elementor-14223\" data-elementor-post-type=\"page\">\n\t\t\t\t\t\t<section class=\"elementor-section elementor-top-section elementor-element elementor-element-1481cba4 elementor-section-full_width elementor-section-height-default elementor-section-height-default\" data-id=\"1481cba4\" data-element_type=\"section\" data-e-type=\"section\">\n\t\t\t\t\t\t<div class=\"elementor-container elementor-column-gap-default\">\n\t\t\t\t\t<div class=\"elementor-column elementor-col-100 elementor-top-column elementor-element elementor-element-2053722e\" data-id=\"2053722e\" data-element_type=\"column\" data-e-type=\"column\">\n\t\t\t<div class=\"elementor-widget-wrap elementor-element-populated\">\n\t\t\t\t\t\t<div class=\"elementor-element elementor-element-7c6bdbb5 elementor--h-position-center elementor--v-position-middle elementor-arrows-position-inside elementor-pagination-position-inside elementor-widget elementor-widget-slides\" data-id=\"7c6bdbb5\" data-element_type=\"widget\" data-e-type=\"widget\" data-settings=\"{&quot;navigation&quot;:&quot;both&quot;,&quot;autoplay&quot;:&quot;yes&quot;,&quot;pause_on_hover&quot;:&quot;yes&quot;,&quot;pause_on_interaction&quot;:&quot;yes&quot;,&quot;autoplay_speed&quot;:5000,&quot;infinite&quot;:&quot;yes&quot;,&quot;transition&quot;:&quot;slide&quot;,&quot;transition_speed&quot;:500}\" data-widget_type=\"slides.default\">\n\t\t\t\t<div class=\"elementor-widget-container\">\n\t\t\t\t\t\t\t\t\t<div class=\"elementor-swiper\">\n\t\t\t\t\t<div class=\"elementor-slides-wrapper elementor-main-swiper swiper\" role=\"region\" aria-roledescription=\"carousel\" aria-label=\"Kayd\u0131raklar\" dir=\"ltr\" data-animation=\"fadeInUp\">\n\t\t\t\t<div class=\"swiper-wrapper elementor-slides\">\n\t\t\t\t\t\t\t\t\t\t<div class=\"elementor-repeater-item-4e0b9f7 swiper-slide\" role=\"group\" aria-roledescription=\"slide\"><div class=\"swiper-slide-bg elementor-ken-burns elementor-ken-burns--in\" role=\"img\" aria-label=\"Applications_Paper.jpg\"><\/div><div class=\"elementor-background-overlay\"><\/div><div class=\"swiper-slide-inner\" ><div class=\"swiper-slide-contents\"><div class=\"elementor-slide-heading\">Kurita PZ-6000<\/div><\/div><\/div><\/div>\t\t\t\t<\/div>\n\t\t\t\t\t\t\t<\/div>\n\t\t\t\t<\/div>\n\t\t\t\t\t\t\t\t<\/div>\n\t\t\t\t<\/div>\n\t\t\t\t\t<\/div>\n\t\t<\/div>\n\t\t\t\t\t<\/div>\n\t\t<\/section>\n\t\t\t\t<section class=\"elementor-section elementor-top-section elementor-element elementor-element-15a9cfa1 elementor-section-boxed elementor-section-height-default elementor-section-height-default\" data-id=\"15a9cfa1\" data-element_type=\"section\" data-e-type=\"section\">\n\t\t\t\t\t\t<div class=\"elementor-container elementor-column-gap-default\">\n\t\t\t\t\t<div class=\"elementor-column elementor-col-66 elementor-top-column elementor-element elementor-element-7fee2f50 margin-content\" data-id=\"7fee2f50\" data-element_type=\"column\" data-e-type=\"column\">\n\t\t\t<div class=\"elementor-widget-wrap elementor-element-populated\">\n\t\t\t\t\t\t<div class=\"elementor-element elementor-element-56fe06b4 elementor-widget elementor-widget-heading\" data-id=\"56fe06b4\" data-element_type=\"widget\" data-e-type=\"widget\" data-widget_type=\"heading.default\">\n\t\t\t\t<div class=\"elementor-widget-container\">\n\t\t\t\t\t<h4 class=\"elementor-heading-title elementor-size-default\">Ni\u015fastal\u0131 ve dekstrin i\u00e7eren yap\u0131\u015ft\u0131r\u0131c\u0131 sistemleri i\u00e7in s\u00fcrd\u00fcr\u00fclebilir yap\u0131\u015ft\u0131rma.<\/h4>\t\t\t\t<\/div>\n\t\t\t\t<\/div>\n\t\t\t\t<div class=\"elementor-element elementor-element-1b2187dc elementor-invisible elementor-widget elementor-widget-text-editor\" data-id=\"1b2187dc\" data-element_type=\"widget\" data-e-type=\"widget\" data-settings=\"{&quot;_animation&quot;:&quot;fadeInUp&quot;}\" data-widget_type=\"text-editor.default\">\n\t\t\t\t<div class=\"elementor-widget-container\">\n\t\t\t\t\t\t\t\t\t<p>Bor asidi birka\u00e7 y\u0131l \u00f6ncesine kadar yap\u0131\u015fkan tutkallar ve \u00e7e\u015fitli end\u00fcstriyel uygulamalar i\u00e7in vazge\u00e7ilmez bir katk\u0131 maddesi olarak kullan\u0131lmaktayd\u0131. Bor ve t\u00fcrevleri 2011 y\u0131l\u0131nda ECHA taraf\u0131ndan CMR Maddeleri olarak SVHC (\u00e7ok y\u00fcksek \u00f6nem arz eden maddeler) aday listesine dahil edildi\u011finde, karton masuralar\u0131n ve ka\u011f\u0131t t\u00fcplerin \u00fcretimi ve sar\u0131m\u0131 ve ilgili end\u00fcstriler b\u00fcy\u00fck bir zorlukla kar\u015f\u0131 kar\u015f\u0131ya kald\u0131.\u00a0<\/p><p>Kurita olarak, bekleyen bir end\u00fcstriyel sorunu \u00e7\u00f6zd\u00fck: Bor i\u00e7ermeyen dekstrin tutkal yap\u0131\u015ft\u0131rma, \u00e7ekirdek levha end\u00fcstrisi i\u00e7in m\u00fckemmel bir \u00e7\u00f6z\u00fcmd\u00fcr. Ni\u015fastal\u0131 ve dekstrin tutkal form\u00fclasyonlar\u0131nda bor i\u00e7ermeyen stabilize edici ajan olarak Kurita PZ-6000 A ile Kurita, geleneksel teknik prosed\u00fcrlerin karl\u0131l\u0131\u011f\u0131n\u0131 ve kullan\u0131m\u0131n\u0131 g\u00fcvence alt\u0131na al\u0131yor.<\/p>\t\t\t\t\t\t\t\t<\/div>\n\t\t\t\t<\/div>\n\t\t\t\t\t<\/div>\n\t\t<\/div>\n\t\t\t\t<div class=\"elementor-column elementor-col-33 elementor-top-column elementor-element elementor-element-1b241687 margin-content\" data-id=\"1b241687\" data-element_type=\"column\" data-e-type=\"column\">\n\t\t\t<div class=\"elementor-widget-wrap elementor-element-populated\">\n\t\t\t\t\t\t<div class=\"elementor-element elementor-element-5ccc846f elementor-invisible elementor-widget elementor-widget-image\" data-id=\"5ccc846f\" data-element_type=\"widget\" data-e-type=\"widget\" data-settings=\"{&quot;_animation&quot;:&quot;fadeIn&quot;}\" data-widget_type=\"image.default\">\n\t\t\t\t<div class=\"elementor-widget-container\">\n\t\t\t\t\t\t\t\t\t\t\t\t\t\t\t<img fetchpriority=\"high\" decoding=\"async\" width=\"350\" height=\"248\" src=\"\/wp-content\/uploads\/2025\/04\/gilunal-a-2017-cd2a3b79.jpg\" class=\"attachment-large size-large wp-image-14225\" alt=\"\" srcset=\"\/wp-content\/uploads\/2025\/04\/gilunal-a-2017-cd2a3b79.jpg 350w, \/wp-content\/uploads\/2025\/04\/gilunal-a-2017-cd2a3b79-300x213.jpg 300w\" sizes=\"(max-width: 350px) 100vw, 350px\" data-no-translation=\"\" \/>\t\t\t\t\t\t\t\t\t\t\t\t\t\t\t<\/div>\n\t\t\t\t<\/div>\n\t\t\t\t\t<\/div>\n\t\t<\/div>\n\t\t\t\t\t<\/div>\n\t\t<\/section>\n\t\t\t\t<section class=\"elementor-section elementor-top-section elementor-element elementor-element-376f3e77 elementor-section-boxed elementor-section-height-default elementor-section-height-default\" data-id=\"376f3e77\" data-element_type=\"section\" data-e-type=\"section\" data-settings=\"{&quot;background_background&quot;:&quot;classic&quot;}\">\n\t\t\t\t\t\t<div class=\"elementor-container elementor-column-gap-default\">\n\t\t\t\t\t<div class=\"elementor-column elementor-col-100 elementor-top-column elementor-element elementor-element-3da8bcbd margin-content\" data-id=\"3da8bcbd\" data-element_type=\"column\" data-e-type=\"column\">\n\t\t\t<div class=\"elementor-widget-wrap elementor-element-populated\">\n\t\t\t\t\t\t<div class=\"elementor-element elementor-element-1c91a6d7 elementor-widget elementor-widget-heading\" data-id=\"1c91a6d7\" data-element_type=\"widget\" data-e-type=\"widget\" data-widget_type=\"heading.default\">\n\t\t\t\t<div class=\"elementor-widget-container\">\n\t\t\t\t\t<h4 class=\"elementor-heading-title elementor-size-default\">Kurita PZ-6000 - S\u00fcrd\u00fcr\u00fclebilirli\u011fe katk\u0131m\u0131z<\/h4>\t\t\t\t<\/div>\n\t\t\t\t<\/div>\n\t\t\t\t<div class=\"elementor-element elementor-element-13893929 elementor-widget elementor-widget-heading\" data-id=\"13893929\" data-element_type=\"widget\" data-e-type=\"widget\" data-widget_type=\"heading.default\">\n\t\t\t\t<div class=\"elementor-widget-container\">\n\t\t\t\t\t<h4 class=\"elementor-heading-title elementor-size-default\">Kurita bekleyen bir end\u00fcstriyel sorunu \u00e7\u00f6zd\u00fc:\nBor i\u00e7ermeyen dekstrin tutkal yap\u0131\u015ft\u0131rma - Toksik olmayan bir alternatifin geli\u015ftirilmesi.<\/h4>\t\t\t\t<\/div>\n\t\t\t\t<\/div>\n\t\t\t\t<div class=\"elementor-element elementor-element-7a0f6297 elementor-invisible elementor-widget elementor-widget-text-editor\" data-id=\"7a0f6297\" data-element_type=\"widget\" data-e-type=\"widget\" data-settings=\"{&quot;_animation&quot;:&quot;fadeIn&quot;}\" data-widget_type=\"text-editor.default\">\n\t\t\t\t<div class=\"elementor-widget-container\">\n\t\t\t\t\t\t\t\t\t<div class=\"ce_text first block\"><p>Kurita PZ-6000 korozif de\u011fildir ve tehlikeli bir madde de\u011fildir. Yap\u0131\u015ft\u0131r\u0131lacak y\u00fczeylerin stabilitesini, reolojisini ve \u0131slanabilirli\u011fini m\u00fckemmel bir \u015fekilde kontrol eder. Kurita PZ-6000 \u00fcretim s\u0131ras\u0131nda kontroll\u00fc viskozite stabilitesi, yap\u0131\u015fma, yap\u0131\u015ft\u0131rma ve film olu\u015fumu sa\u011flar. Elde edilen yap\u0131\u015ft\u0131r\u0131c\u0131 kar\u0131\u015f\u0131mlar\u0131 uzun s\u00fcre stabil kal\u0131r ve kesinlikle i\u015flenebilir. Kurita PZ-6000 esas olarak y\u00fcksek h\u0131zl\u0131 otomatik ekipmanlarda \u00f6zl\u00fc karton, oluklu mukavva ve ka\u011f\u0131t t\u00fcplerin \u00fcretimi ve sar\u0131lmas\u0131 i\u00e7in dekstrin tutkallar\u0131nda kullan\u0131l\u0131r ve kar\u0131\u015f\u0131ma gran\u00fcl veya toz olarak kar\u0131\u015ft\u0131r\u0131larak veya da\u011f\u0131t\u0131larak eklenebilir ve gerekli yap\u0131\u015fma seviyeleri kolayca elde edilir.<\/p><\/div><div class=\"ce_text mt block\"><p>Kurita PZ-6000, dekstrin bazl\u0131 yap\u0131\u015ft\u0131r\u0131c\u0131 sistemleri i\u00e7in ye\u015fil devrim<\/p><ul><li>Bor i\u00e7ermeyen teknoloji BfR 36. pozitif sicilinde listelenmi\u015ftir - g\u0131da ve ambalaj i\u00e7in<\/li><li>Patentli teknoloji<\/li><li>Kullan\u0131c\u0131 dostu ve kolay \u00e7\u00f6z\u00fcnen \u00fcr\u00fcn<\/li><li>Uygulamada son derece aktif<\/li><li>Listelenmi\u015f Y\u00fcksek \u00d6nem Arz Eden Madde (SVHC) i\u00e7ermez<\/li><\/ul><\/div>\t\t\t\t\t\t\t\t<\/div>\n\t\t\t\t<\/div>\n\t\t\t\t\t<\/div>\n\t\t<\/div>\n\t\t\t\t\t<\/div>\n\t\t<\/section>\n\t\t\t\t<section class=\"elementor-section elementor-top-section elementor-element elementor-element-7fcf4a6a elementor-section-boxed elementor-section-height-default elementor-section-height-default\" data-id=\"7fcf4a6a\" data-element_type=\"section\" data-e-type=\"section\">\n\t\t\t\t\t\t<div class=\"elementor-container elementor-column-gap-default\">\n\t\t\t\t\t<div class=\"elementor-column elementor-col-33 elementor-top-column elementor-element elementor-element-7d52bfe5 margin-content\" data-id=\"7d52bfe5\" data-element_type=\"column\" data-e-type=\"column\">\n\t\t\t<div class=\"elementor-widget-wrap elementor-element-populated\">\n\t\t\t\t\t\t<div class=\"elementor-element elementor-element-58aad7ec elementor-widget elementor-widget-image\" data-id=\"58aad7ec\" data-element_type=\"widget\" data-e-type=\"widget\" data-widget_type=\"image.default\">\n\t\t\t\t<div class=\"elementor-widget-container\">\n\t\t\t\t\t\t\t\t\t\t\t\t\t\t\t<img decoding=\"async\" width=\"318\" height=\"244\" src=\"\/wp-content\/uploads\/2025\/04\/Sustainability-triangle.png\" class=\"attachment-large size-large wp-image-14226\" alt=\"\" srcset=\"\/wp-content\/uploads\/2025\/04\/Sustainability-triangle.png 318w, \/wp-content\/uploads\/2025\/04\/Sustainability-triangle-300x230.png 300w\" sizes=\"(max-width: 318px) 100vw, 318px\" data-no-translation=\"\" \/>\t\t\t\t\t\t\t\t\t\t\t\t\t\t\t<\/div>\n\t\t\t\t<\/div>\n\t\t\t\t\t<\/div>\n\t\t<\/div>\n\t\t\t\t<div class=\"elementor-column elementor-col-66 elementor-top-column elementor-element elementor-element-cdba64f margin-content\" data-id=\"cdba64f\" data-element_type=\"column\" data-e-type=\"column\">\n\t\t\t<div class=\"elementor-widget-wrap elementor-element-populated\">\n\t\t\t\t\t\t<div class=\"elementor-element elementor-element-1ee90332 elementor-widget elementor-widget-heading\" data-id=\"1ee90332\" data-element_type=\"widget\" data-e-type=\"widget\" data-widget_type=\"heading.default\">\n\t\t\t\t<div class=\"elementor-widget-container\">\n\t\t\t\t\t<h4 class=\"elementor-heading-title elementor-size-default\">Kurita PZ-6000 - insan ve \u00e7evre \u00fczerinde en son teknoloji ile kar\u015f\u0131la\u015ft\u0131r\u0131labilir olumlu etkiye sahip s\u00fcrd\u00fcr\u00fclebilir yap\u0131\u015ft\u0131rma<\/h4>\t\t\t\t<\/div>\n\t\t\t\t<\/div>\n\t\t\t\t<div class=\"elementor-element elementor-element-17269f4 elementor-invisible elementor-widget elementor-widget-text-editor\" data-id=\"17269f4\" data-element_type=\"widget\" data-e-type=\"widget\" data-settings=\"{&quot;_animation&quot;:&quot;fadeInUp&quot;}\" data-widget_type=\"text-editor.default\">\n\t\t\t\t<div class=\"elementor-widget-container\">\n\t\t\t\t\t\t\t\t\t<p>Ekonomi, \u00e7evre ve sosyal sorumluluk birbirini etkiler:<\/p><ul><li>Kurita PZ-6000, \u00fcretim s\u00fcre\u00e7lerinin karl\u0131l\u0131\u011f\u0131n\u0131 ve kullan\u0131m\u0131n\u0131 g\u00fcvence alt\u0131na al\u0131r<\/li><li>Kurita PZ-6000'in kullan\u0131m\u0131 g\u00fcvenlidir ve bol miktarda mevcuttur<\/li><li>Kurita PZ-6000, sa\u011fl\u0131\u011fa zararl\u0131 Bor i\u00e7eren \u00fcr\u00fcnler i\u00e7in toksik olmayan bir ikamedir<\/li><\/ul>\t\t\t\t\t\t\t\t<\/div>\n\t\t\t\t<\/div>\n\t\t\t\t\t<\/div>\n\t\t<\/div>\n\t\t\t\t\t<\/div>\n\t\t<\/section>\n\t\t\t\t<section class=\"elementor-section elementor-top-section elementor-element elementor-element-7f859102 elementor-section-boxed elementor-section-height-default elementor-section-height-default\" data-id=\"7f859102\" data-element_type=\"section\" data-e-type=\"section\" data-settings=\"{&quot;background_background&quot;:&quot;classic&quot;}\">\n\t\t\t\t\t\t<div class=\"elementor-container elementor-column-gap-default\">\n\t\t\t\t\t<div class=\"elementor-column elementor-col-100 elementor-top-column elementor-element elementor-element-2b2487e9 margin-content\" data-id=\"2b2487e9\" data-element_type=\"column\" data-e-type=\"column\">\n\t\t\t<div class=\"elementor-widget-wrap elementor-element-populated\">\n\t\t\t\t\t\t<div class=\"elementor-element elementor-element-b1f6c45 elementor-widget elementor-widget-heading\" data-id=\"b1f6c45\" data-element_type=\"widget\" data-e-type=\"widget\" data-widget_type=\"heading.default\">\n\t\t\t\t<div class=\"elementor-widget-container\">\n\t\t\t\t\t<h2 class=\"elementor-heading-title elementor-size-default\">Biz size hizmet ediyoruz<\/h2>\t\t\t\t<\/div>\n\t\t\t\t<\/div>\n\t\t\t\t<div class=\"elementor-element elementor-element-23757b79 elementor-widget elementor-widget-html\" data-id=\"23757b79\" data-element_type=\"widget\" data-e-type=\"widget\" data-widget_type=\"html.default\">\n\t\t\t\t<div class=\"elementor-widget-container\">\n\t\t\t\t\t<div\r\n        data-form-id='f4d0a8e4-73ce-ef11-b8e8-000d3ab41b62'\r\n        data-form-api-url='https:\/\/public-eur.mkt.dynamics.com\/api\/v1.0\/orgs\/30cac5a2-33f9-ed11-a66d-000d3a64d748\/landingpageforms'\r\n        data-cached-form-url='https:\/\/assets-eur.mkt.dynamics.com\/30cac5a2-33f9-ed11-a66d-000d3a64d748\/digitalassets\/forms\/f4d0a8e4-73ce-ef11-b8e8-000d3ab41b62' ><\/div>\r\n        <script src = 'https:\/\/cxppusa1formui01cdnsa01-endpoint.azureedge.net\/eur\/FormLoader\/FormLoader.bundle.js' ><\/script>\r\n        <script>document.documentElement.lang = navigator.language;<\/script>\t\t\t\t<\/div>\n\t\t\t\t<\/div>\n\t\t\t\t\t<\/div>\n\t\t<\/div>\n\t\t\t\t\t<\/div>\n\t\t<\/section>\n\t\t\t\t<\/div>","protected":false},"excerpt":{"rendered":"<p>Kurita PZ-6000 The sustainable bonding for starchy and dextrin containing adhesive systems. Boron acid was still up\u00a0some years ago as an indispensable additive for adhesive glues and for various industrial applications. When in 2011 Boron and its derivate were included in the candidate list SVHC (substances of very high concern) by ECHA as CMR Substances [&hellip;]<\/p>\n","protected":false},"author":2,"featured_media":0,"parent":13875,"menu_order":0,"comment_status":"closed","ping_status":"closed","template":"","meta":{"footnotes":""},"class_list":["post-14223","page","type-page","status-publish","hentry"],"_links":{"self":[{"href":"https:\/\/www.kurita.eu\/tr\/wp-json\/wp\/v2\/pages\/14223","targetHints":{"allow":["GET"]}}],"collection":[{"href":"https:\/\/www.kurita.eu\/tr\/wp-json\/wp\/v2\/pages"}],"about":[{"href":"https:\/\/www.kurita.eu\/tr\/wp-json\/wp\/v2\/types\/page"}],"author":[{"embeddable":true,"href":"https:\/\/www.kurita.eu\/tr\/wp-json\/wp\/v2\/users\/2"}],"replies":[{"embeddable":true,"href":"https:\/\/www.kurita.eu\/tr\/wp-json\/wp\/v2\/comments?post=14223"}],"version-history":[{"count":4,"href":"https:\/\/www.kurita.eu\/tr\/wp-json\/wp\/v2\/pages\/14223\/revisions"}],"predecessor-version":[{"id":14232,"href":"https:\/\/www.kurita.eu\/tr\/wp-json\/wp\/v2\/pages\/14223\/revisions\/14232"}],"up":[{"embeddable":true,"href":"https:\/\/www.kurita.eu\/tr\/wp-json\/wp\/v2\/pages\/13875"}],"wp:attachment":[{"href":"https:\/\/www.kurita.eu\/tr\/wp-json\/wp\/v2\/media?parent=14223"}],"curies":[{"name":"wp","href":"https:\/\/api.w.org\/{rel}","templated":true}]}}