{"id":14393,"date":"2025-04-25T09:08:27","date_gmt":"2025-04-25T09:08:27","guid":{"rendered":"https:\/\/kurita-eu-gudza2cjbzfhcwbx.francecentral-01.azurewebsites.net\/?page_id=14393"},"modified":"2026-04-07T08:58:39","modified_gmt":"2026-04-07T08:58:39","slug":"ssk","status":"publish","type":"page","link":"https:\/\/www.kurita.eu\/tr\/solutions\/ssk\/","title":{"rendered":"SSK"},"content":{"rendered":"<div data-elementor-type=\"wp-page\" data-elementor-id=\"14393\" class=\"elementor elementor-14393\" data-elementor-post-type=\"page\">\n\t\t\t\t\t\t<section class=\"elementor-section elementor-top-section elementor-element elementor-element-5a8dcc58 elementor-section-full_width elementor-section-height-default elementor-section-height-default\" data-id=\"5a8dcc58\" data-element_type=\"section\" data-e-type=\"section\">\n\t\t\t\t\t\t<div class=\"elementor-container elementor-column-gap-default\">\n\t\t\t\t\t<div class=\"elementor-column elementor-col-100 elementor-top-column elementor-element elementor-element-4086de5d\" data-id=\"4086de5d\" data-element_type=\"column\" data-e-type=\"column\">\n\t\t\t<div class=\"elementor-widget-wrap elementor-element-populated\">\n\t\t\t\t\t\t<div class=\"elementor-element elementor-element-283abb4e elementor--h-position-center elementor--v-position-middle elementor-arrows-position-inside elementor-pagination-position-inside elementor-widget elementor-widget-slides\" data-id=\"283abb4e\" data-element_type=\"widget\" data-e-type=\"widget\" data-settings=\"{&quot;navigation&quot;:&quot;both&quot;,&quot;autoplay&quot;:&quot;yes&quot;,&quot;pause_on_hover&quot;:&quot;yes&quot;,&quot;pause_on_interaction&quot;:&quot;yes&quot;,&quot;autoplay_speed&quot;:5000,&quot;infinite&quot;:&quot;yes&quot;,&quot;transition&quot;:&quot;slide&quot;,&quot;transition_speed&quot;:500}\" data-widget_type=\"slides.default\">\n\t\t\t\t<div class=\"elementor-widget-container\">\n\t\t\t\t\t\t\t\t\t<div class=\"elementor-swiper\">\n\t\t\t\t\t<div class=\"elementor-slides-wrapper elementor-main-swiper swiper\" role=\"region\" aria-roledescription=\"carousel\" aria-label=\"Kayd\u0131raklar\" dir=\"ltr\" data-animation=\"fadeInUp\">\n\t\t\t\t<div class=\"swiper-wrapper elementor-slides\">\n\t\t\t\t\t\t\t\t\t\t<div class=\"elementor-repeater-item-4e0b9f7 swiper-slide\" role=\"group\" aria-roledescription=\"slide\"><div class=\"swiper-slide-bg elementor-ken-burns elementor-ken-burns--in\" role=\"img\" aria-label=\"shutterstock_medium-size_1992497891-9f42f35e.jpg\"><\/div><div class=\"elementor-background-overlay\"><\/div><div class=\"swiper-slide-inner\" ><div class=\"swiper-slide-contents\"><h1 class=\"elementor-slide-heading\">SSK Teknoloji<\/h1><h2 class=\"elementor-slide-description\">Havaland\u0131rma ve Biyosit Kombine Teknolojisi<\/h2><\/div><\/div><\/div>\t\t\t\t<\/div>\n\t\t\t\t\t\t\t<\/div>\n\t\t\t\t<\/div>\n\t\t\t\t\t\t\t\t<\/div>\n\t\t\t\t<\/div>\n\t\t\t\t\t<\/div>\n\t\t<\/div>\n\t\t\t\t\t<\/div>\n\t\t<\/section>\n\t\t\t\t<section class=\"elementor-section elementor-top-section elementor-element elementor-element-618c9adb elementor-section-boxed elementor-section-height-default elementor-section-height-default\" data-id=\"618c9adb\" data-element_type=\"section\" data-e-type=\"section\">\n\t\t\t\t\t\t<div class=\"elementor-container elementor-column-gap-default\">\n\t\t\t\t\t<div class=\"elementor-column elementor-col-66 elementor-top-column elementor-element elementor-element-7fb485da margin-content\" data-id=\"7fb485da\" data-element_type=\"column\" data-e-type=\"column\">\n\t\t\t<div class=\"elementor-widget-wrap elementor-element-populated\">\n\t\t\t\t\t\t<div class=\"elementor-element elementor-element-f0639a2 elementor-widget elementor-widget-heading\" data-id=\"f0639a2\" data-element_type=\"widget\" data-e-type=\"widget\" data-widget_type=\"heading.default\">\n\t\t\t\t<div class=\"elementor-widget-container\">\n\t\t\t\t\t<h4 class=\"elementor-heading-title elementor-size-default\">SSK Sistemi - Kurita'n\u0131n Havaland\u0131rma Teknolojisi<\/h4>\t\t\t\t<\/div>\n\t\t\t\t<\/div>\n\t\t\t\t<div class=\"elementor-element elementor-element-5a38f343 elementor-widget elementor-widget-text-editor\" data-id=\"5a38f343\" data-element_type=\"widget\" data-e-type=\"widget\" data-widget_type=\"text-editor.default\">\n\t\t\t\t<div class=\"elementor-widget-container\">\n\t\t\t\t\t\t\t\t\t<h5><span class=\"TextRun SCXP215523348 BCX0\" lang=\"TR-TR\" xml:lang=\"TR-TR\" data-scheme-color=\"@0069C8,,\" data-usefontface=\"true\" data-contrast=\"none\"><span class=\"NormalTextRun SCXP215523348 BCX0\">I<\/span><\/span><span class=\"TextRun SpellingErrorZoomed SCXP215523348 BCX0\" lang=\"EN-GB\" xml:lang=\"EN-GB\" data-scheme-color=\"@0069C8,,\" data-usefontface=\"true\" data-contrast=\"none\"><span class=\"SCXP215523348 BCX0\">mprove<\/span><\/span><span class=\"TextRun SCXP215523348 BCX0\" lang=\"EN-GB\" xml:lang=\"EN-GB\" data-scheme-color=\"@0069C8,,\" data-usefontface=\"true\" data-contrast=\"none\"><span class=\"NormalTextRun SCXP215523348 BCX0\"> \u00dcretkenlik, Operasyon Verimlili\u011fi ve \u00c7evre <\/span><\/span><span class=\"TextRun SCXP215523348 BCX0\" lang=\"EN-GB\" xml:lang=\"EN-GB\" data-scheme-color=\"@0069C8,,\" data-usefontface=\"true\" data-contrast=\"none\"><span class=\"NormalTextRun SCXP215523348 BCX0\">Ka\u011f\u0131tta Sa\u011fl\u0131k <\/span><\/span><span class=\"TextRun SCXP215523348 BCX0\" lang=\"TR-TR\" xml:lang=\"TR-TR\" data-scheme-color=\"@0069C8,,\" data-usefontface=\"true\" data-contrast=\"none\"><span class=\"NormalTextRun SCXP215523348 BCX0\">B<\/span><\/span><span class=\"TextRun SpellingErrorZoomed SCXP215523348 BCX0\" lang=\"EN-GB\" xml:lang=\"EN-GB\" data-scheme-color=\"@0069C8,,\" data-usefontface=\"true\" data-contrast=\"none\"><span class=\"SCXP215523348 BCX0\">oard<\/span><\/span> <span class=\"TextRun SCXP215523348 BCX0\" lang=\"TR-TR\" xml:lang=\"TR-TR\" data-scheme-color=\"@0069C8,,\" data-usefontface=\"true\" data-contrast=\"none\"><span class=\"NormalTextRun SCXP215523348 BCX0\">P<\/span><\/span><span class=\"TextRun SpellingErrorZoomed SCXP215523348 BCX0\" lang=\"EN-GB\" xml:lang=\"EN-GB\" data-scheme-color=\"@0069C8,,\" data-usefontface=\"true\" data-contrast=\"none\"><span class=\"SCXP215523348 BCX0\">\u00dcRET\u0130M<\/span><\/span><\/h5>\t\t\t\t\t\t\t\t<\/div>\n\t\t\t\t<\/div>\n\t\t\t\t<div class=\"elementor-element elementor-element-530ab92d elementor-invisible elementor-widget elementor-widget-text-editor\" data-id=\"530ab92d\" data-element_type=\"widget\" data-e-type=\"widget\" data-settings=\"{&quot;_animation&quot;:&quot;fadeInUp&quot;}\" data-widget_type=\"text-editor.default\">\n\t\t\t\t<div class=\"elementor-widget-container\">\n\t\t\t\t\t\t\t\t\t<p><span class=\"style-scope yt-formatted-string\" dir=\"auto\">Sistemde bol miktarda bakteri bulunmas\u0131, oksijenin t\u00fcketildi\u011fi, oksidasyon indirgeme potansiyelinin negatif bir de\u011fer sergiledi\u011fi ve t\u00fcm sistemin\u00a0<\/span>anaerobik<span class=\"style-scope yt-formatted-string\" dir=\"auto\">. Geleneksel olarak, durgun k\u0131s\u0131mda bir bal\u00e7\u0131k tabakas\u0131 olu\u015fur, ancak Kurita'n\u0131n teknolojisi ile durgun k\u0131s\u0131m ortadan kalkar. Kurita'n\u0131n patentli\u00a0<\/span>biyokontrol<span class=\"style-scope yt-formatted-string\" dir=\"auto\">\u00a0ar\u0131tma, havaland\u0131rma teknolojisi ve\u00a0<a href=\"https:\/\/www.kurita.eu\/tr\/cozumler\/ssensing\/\">S.alg\u0131lama<sup>TM<\/sup><\/a>\u00a0izleme sistemi olarak, t\u00fcm sistemin verimlili\u011fini art\u0131ran bal\u00e7\u0131k tabakas\u0131n\u0131n eksikli\u011fine yol a\u00e7ar. Biyosit ile havaland\u0131rma kullan\u0131ld\u0131\u011f\u0131nda, biyosit etkili bir \u015fekilde etki eder.\u00a0<\/span><\/p>\t\t\t\t\t\t\t\t<\/div>\n\t\t\t\t<\/div>\n\t\t\t\t\t<\/div>\n\t\t<\/div>\n\t\t\t\t<div class=\"elementor-column elementor-col-33 elementor-top-column elementor-element elementor-element-4b220d55 margin-content\" data-id=\"4b220d55\" data-element_type=\"column\" data-e-type=\"column\">\n\t\t\t<div class=\"elementor-widget-wrap elementor-element-populated\">\n\t\t\t\t\t\t<div class=\"elementor-element elementor-element-400de5b4 elementor-invisible elementor-widget elementor-widget-image\" data-id=\"400de5b4\" data-element_type=\"widget\" data-e-type=\"widget\" data-settings=\"{&quot;_animation&quot;:&quot;fadeIn&quot;}\" data-widget_type=\"image.default\">\n\t\t\t\t<div class=\"elementor-widget-container\">\n\t\t\t\t\t\t\t\t\t\t\t\t\t\t\t\t<a href=\"\/wp-content\/uploads\/2026\/02\/SSK-infographic.png\" data-elementor-open-lightbox=\"yes\" data-elementor-lightbox-title=\"SSK-infographic\" data-e-action-hash=\"#elementor-action%3Aaction%3Dlightbox%26settings%3DeyJpZCI6MTk3NDMsInVybCI6Ilwvd3AtY29udGVudFwvdXBsb2Fkc1wvMjAyNlwvMDJcL1NTSy1pbmZvZ3JhcGhpYy5wbmcifQ%3D%3D\">\n\t\t\t\t\t\t\t<img fetchpriority=\"high\" decoding=\"async\" width=\"800\" height=\"452\" src=\"\/wp-content\/uploads\/2026\/02\/SSK-infographic-1024x579.png\" class=\"attachment-large size-large wp-image-19743\" alt=\"\" srcset=\"\/wp-content\/uploads\/2026\/02\/SSK-infographic-1024x579.png 1024w, \/wp-content\/uploads\/2026\/02\/SSK-infographic-300x170.png 300w, \/wp-content\/uploads\/2026\/02\/SSK-infographic-768x434.png 768w, \/wp-content\/uploads\/2026\/02\/SSK-infographic-1536x869.png 1536w, \/wp-content\/uploads\/2026\/02\/SSK-infographic-2048x1158.png 2048w, \/wp-content\/uploads\/2026\/02\/SSK-infographic-18x10.png 18w\" sizes=\"(max-width: 800px) 100vw, 800px\" data-no-translation=\"\" \/>\t\t\t\t\t\t\t\t<\/a>\n\t\t\t\t\t\t\t\t\t\t\t\t\t\t\t<\/div>\n\t\t\t\t<\/div>\n\t\t\t\t\t<\/div>\n\t\t<\/div>\n\t\t\t\t\t<\/div>\n\t\t<\/section>\n\t\t\t\t<section class=\"elementor-section elementor-top-section elementor-element elementor-element-c0e7340 elementor-section-boxed elementor-section-height-default elementor-section-height-default\" data-id=\"c0e7340\" data-element_type=\"section\" data-e-type=\"section\" data-settings=\"{&quot;background_background&quot;:&quot;classic&quot;}\">\n\t\t\t\t\t\t<div class=\"elementor-container elementor-column-gap-default\">\n\t\t\t\t\t<div class=\"elementor-column elementor-col-100 elementor-top-column elementor-element elementor-element-408102ec margin-content\" data-id=\"408102ec\" data-element_type=\"column\" data-e-type=\"column\">\n\t\t\t<div class=\"elementor-widget-wrap elementor-element-populated\">\n\t\t\t\t\t\t<div class=\"elementor-element elementor-element-2a8072d3 elementor-widget elementor-widget-heading\" data-id=\"2a8072d3\" data-element_type=\"widget\" data-e-type=\"widget\" data-widget_type=\"heading.default\">\n\t\t\t\t<div class=\"elementor-widget-container\">\n\t\t\t\t\t<h4 class=\"elementor-heading-title elementor-size-default\">Kurita'n\u0131n SSK Sisteminin Faydalar\u0131\n<\/h4>\t\t\t\t<\/div>\n\t\t\t\t<\/div>\n\t\t\t\t<div class=\"elementor-element elementor-element-125baf44 elementor-invisible elementor-widget elementor-widget-text-editor\" data-id=\"125baf44\" data-element_type=\"widget\" data-e-type=\"widget\" data-settings=\"{&quot;_animation&quot;:&quot;fadeIn&quot;}\" data-widget_type=\"text-editor.default\">\n\t\t\t\t<div class=\"elementor-widget-container\">\n\t\t\t\t\t\t\t\t\t<li>At\u0131k su KO\u0130'sinde azalma<\/li>\n \t<li>Su t\u00fcketiminde tasarruf<\/li>\n \t<li class=\"ce_text first block\">Koku olu\u015fumu kontrol alt\u0131nda<\/li>\n \t<li class=\"ce_text first block\">\u00dcr\u00fcn veriminde art\u0131\u015f<\/li>\n \t<li class=\"ce_text first block\">Kimyasal katk\u0131 maddelerinin azalt\u0131lmas\u0131<\/li>\n \t<li class=\"ce_text first block\">Azalt\u0131lm\u0131\u015f hatve depozitosu ve sac frenler<\/li>\n<\/ul>\t\t\t\t\t\t\t\t<\/div>\n\t\t\t\t<\/div>\n\t\t\t\t\t<\/div>\n\t\t<\/div>\n\t\t\t\t\t<\/div>\n\t\t<\/section>\n\t\t\t\t<section class=\"elementor-section elementor-top-section elementor-element elementor-element-21c8776d elementor-section-boxed elementor-section-height-default elementor-section-height-default\" data-id=\"21c8776d\" data-element_type=\"section\" data-e-type=\"section\" data-settings=\"{&quot;background_background&quot;:&quot;classic&quot;}\">\n\t\t\t\t\t\t<div class=\"elementor-container elementor-column-gap-default\">\n\t\t\t\t\t<div class=\"elementor-column elementor-col-100 elementor-top-column elementor-element elementor-element-5eac46a7 margin-content\" data-id=\"5eac46a7\" data-element_type=\"column\" data-e-type=\"column\">\n\t\t\t<div class=\"elementor-widget-wrap elementor-element-populated\">\n\t\t\t\t\t\t<div class=\"elementor-element elementor-element-bcc4de2 elementor-widget elementor-widget-heading\" data-id=\"bcc4de2\" data-element_type=\"widget\" data-e-type=\"widget\" data-widget_type=\"heading.default\">\n\t\t\t\t<div class=\"elementor-widget-container\">\n\t\t\t\t\t<h4 class=\"elementor-heading-title elementor-size-default\">\u00dcr\u00fcn Videosu<\/h4>\t\t\t\t<\/div>\n\t\t\t\t<\/div>\n\t\t\t\t<div class=\"elementor-element elementor-element-30975d75 elementor-widget elementor-widget-video\" data-id=\"30975d75\" data-element_type=\"widget\" data-e-type=\"widget\" data-settings=\"{&quot;video_type&quot;:&quot;vimeo&quot;}\" data-widget_type=\"video.default\">\n\t\t\t\t<div class=\"elementor-widget-container\">\n\t\t\t\t\t\t\t<div class=\"elementor-wrapper elementor-open-inline\">\n\t\t\t<iframe class=\"elementor-video-iframe\" allowfullscreen allow=\"clipboard-write\" title=\"vimeo Video Oynat\u0131c\u0131\" src=\"https:\/\/player.vimeo.com\/video\/827989662?color&amp;autopause=0&amp;loop=0&amp;muted=0&amp;title=1&amp;portrait=1&amp;byline=1#t=\"><\/iframe>\t\t<\/div>\n\t\t\t\t\t\t<\/div>\n\t\t\t\t<\/div>\n\t\t\t\t\t<\/div>\n\t\t<\/div>\n\t\t\t\t\t<\/div>\n\t\t<\/section>\n\t\t\t\t<section class=\"elementor-section elementor-top-section elementor-element elementor-element-44dac175 elementor-section-boxed elementor-section-height-default elementor-section-height-default\" data-id=\"44dac175\" data-element_type=\"section\" data-e-type=\"section\" data-settings=\"{&quot;background_background&quot;:&quot;classic&quot;}\">\n\t\t\t\t\t\t<div class=\"elementor-container elementor-column-gap-default\">\n\t\t\t\t\t<div class=\"elementor-column elementor-col-100 elementor-top-column elementor-element elementor-element-25a0b2f6 margin-content\" data-id=\"25a0b2f6\" data-element_type=\"column\" data-e-type=\"column\">\n\t\t\t<div class=\"elementor-widget-wrap elementor-element-populated\">\n\t\t\t\t\t\t<div class=\"elementor-element elementor-element-2afab7f9 elementor-widget elementor-widget-heading\" data-id=\"2afab7f9\" data-element_type=\"widget\" data-e-type=\"widget\" data-widget_type=\"heading.default\">\n\t\t\t\t<div class=\"elementor-widget-container\">\n\t\t\t\t\t<h2 class=\"elementor-heading-title elementor-size-default\">Biz size hizmet ediyoruz<\/h2>\t\t\t\t<\/div>\n\t\t\t\t<\/div>\n\t\t\t\t<div class=\"elementor-element elementor-element-2a6f148c elementor-widget elementor-widget-html\" data-id=\"2a6f148c\" data-element_type=\"widget\" data-e-type=\"widget\" data-widget_type=\"html.default\">\n\t\t\t\t<div class=\"elementor-widget-container\">\n\t\t\t\t\t<div\r\n        data-form-id='f4d0a8e4-73ce-ef11-b8e8-000d3ab41b62'\r\n        data-form-api-url='https:\/\/public-eur.mkt.dynamics.com\/api\/v1.0\/orgs\/30cac5a2-33f9-ed11-a66d-000d3a64d748\/landingpageforms'\r\n        data-cached-form-url='https:\/\/assets-eur.mkt.dynamics.com\/30cac5a2-33f9-ed11-a66d-000d3a64d748\/digitalassets\/forms\/f4d0a8e4-73ce-ef11-b8e8-000d3ab41b62' ><\/div>\r\n        <script src = 'https:\/\/cxppusa1formui01cdnsa01-endpoint.azureedge.net\/eur\/FormLoader\/FormLoader.bundle.js' ><\/script>\r\n        <script>document.documentElement.lang = navigator.language;<\/script>\t\t\t\t<\/div>\n\t\t\t\t<\/div>\n\t\t\t\t\t<\/div>\n\t\t<\/div>\n\t\t\t\t\t<\/div>\n\t\t<\/section>\n\t\t\t\t<\/div>","protected":false},"excerpt":{"rendered":"<p>Kurita'n\u0131n entegre biyokontrol, havaland\u0131rma teknolojisi ve S.sensing\u2122 izleme \u00f6zelli\u011fi bal\u00e7\u0131k olu\u015fumunu \u00f6nleyerek karton \u00fcretiminde verimlili\u011fi ve \u00e7evresel performans\u0131 art\u0131r\u0131r.<\/p>","protected":false},"author":2,"featured_media":0,"parent":13875,"menu_order":0,"comment_status":"closed","ping_status":"closed","template":"","meta":{"footnotes":""},"class_list":["post-14393","page","type-page","status-publish","hentry"],"_links":{"self":[{"href":"https:\/\/www.kurita.eu\/tr\/wp-json\/wp\/v2\/pages\/14393","targetHints":{"allow":["GET"]}}],"collection":[{"href":"https:\/\/www.kurita.eu\/tr\/wp-json\/wp\/v2\/pages"}],"about":[{"href":"https:\/\/www.kurita.eu\/tr\/wp-json\/wp\/v2\/types\/page"}],"author":[{"embeddable":true,"href":"https:\/\/www.kurita.eu\/tr\/wp-json\/wp\/v2\/users\/2"}],"replies":[{"embeddable":true,"href":"https:\/\/www.kurita.eu\/tr\/wp-json\/wp\/v2\/comments?post=14393"}],"version-history":[{"count":18,"href":"https:\/\/www.kurita.eu\/tr\/wp-json\/wp\/v2\/pages\/14393\/revisions"}],"predecessor-version":[{"id":21762,"href":"https:\/\/www.kurita.eu\/tr\/wp-json\/wp\/v2\/pages\/14393\/revisions\/21762"}],"up":[{"embeddable":true,"href":"https:\/\/www.kurita.eu\/tr\/wp-json\/wp\/v2\/pages\/13875"}],"wp:attachment":[{"href":"https:\/\/www.kurita.eu\/tr\/wp-json\/wp\/v2\/media?parent=14393"}],"curies":[{"name":"wp","href":"https:\/\/api.w.org\/{rel}","templated":true}]}}