{"id":14466,"date":"2025-04-25T09:31:56","date_gmt":"2025-04-25T09:31:56","guid":{"rendered":"https:\/\/kurita-eu-gudza2cjbzfhcwbx.francecentral-01.azurewebsites.net\/?page_id=14466"},"modified":"2026-03-19T16:00:48","modified_gmt":"2026-03-19T16:00:48","slug":"i%cc%87ngi%cc%87ltere-vergi%cc%87-strateji%cc%87si%cc%87","status":"publish","type":"page","link":"https:\/\/www.kurita.eu\/tr\/uk-tax-strategy\/","title":{"rendered":"Birle\u015fik Krall\u0131k Vergi Stratejisi"},"content":{"rendered":"<div data-elementor-type=\"wp-page\" data-elementor-id=\"14466\" class=\"elementor elementor-14466\" data-elementor-post-type=\"page\">\n\t\t\t\t\t\t<section class=\"elementor-section elementor-top-section elementor-element elementor-element-2e91289c elementor-section-full_width elementor-section-height-default elementor-section-height-default\" data-id=\"2e91289c\" data-element_type=\"section\" data-e-type=\"section\">\n\t\t\t\t\t\t<div class=\"elementor-container elementor-column-gap-default\">\n\t\t\t\t\t<div class=\"elementor-column elementor-col-100 elementor-top-column elementor-element elementor-element-56565524\" data-id=\"56565524\" data-element_type=\"column\" data-e-type=\"column\">\n\t\t\t<div class=\"elementor-widget-wrap elementor-element-populated\">\n\t\t\t\t\t\t<div class=\"elementor-element elementor-element-74de58a0 elementor--h-position-center elementor--v-position-middle elementor-arrows-position-inside elementor-pagination-position-inside elementor-widget elementor-widget-slides\" data-id=\"74de58a0\" data-element_type=\"widget\" data-e-type=\"widget\" data-settings=\"{&quot;navigation&quot;:&quot;both&quot;,&quot;autoplay&quot;:&quot;yes&quot;,&quot;pause_on_hover&quot;:&quot;yes&quot;,&quot;pause_on_interaction&quot;:&quot;yes&quot;,&quot;autoplay_speed&quot;:5000,&quot;infinite&quot;:&quot;yes&quot;,&quot;transition&quot;:&quot;slide&quot;,&quot;transition_speed&quot;:500}\" data-widget_type=\"slides.default\">\n\t\t\t\t<div class=\"elementor-widget-container\">\n\t\t\t\t\t\t\t\t\t<div class=\"elementor-swiper\">\n\t\t\t\t\t<div class=\"elementor-slides-wrapper elementor-main-swiper swiper\" role=\"region\" aria-roledescription=\"carousel\" aria-label=\"Kayd\u0131raklar\" dir=\"ltr\" data-animation=\"fadeInUp\">\n\t\t\t\t<div class=\"swiper-wrapper elementor-slides\">\n\t\t\t\t\t\t\t\t\t\t<div class=\"elementor-repeater-item-4e0b9f7 swiper-slide\" role=\"group\" aria-roledescription=\"slide\"><div class=\"swiper-slide-bg elementor-ken-burns elementor-ken-burns--in\" role=\"img\" aria-label=\"Yeni-KETC-1.jpg\"><\/div><div class=\"elementor-background-overlay\"><\/div><div class=\"swiper-slide-inner\" ><div class=\"swiper-slide-contents\"><h1 class=\"elementor-slide-heading\">Birle\u015fik Krall\u0131k Vergi Stratejisi<\/h1><\/div><\/div><\/div>\t\t\t\t<\/div>\n\t\t\t\t\t\t\t<\/div>\n\t\t\t\t<\/div>\n\t\t\t\t\t\t\t\t<\/div>\n\t\t\t\t<\/div>\n\t\t\t\t\t<\/div>\n\t\t<\/div>\n\t\t\t\t\t<\/div>\n\t\t<\/section>\n\t\t\t\t<section class=\"elementor-section elementor-top-section elementor-element elementor-element-7e2175cc elementor-section-boxed elementor-section-height-default elementor-section-height-default\" data-id=\"7e2175cc\" data-element_type=\"section\" data-e-type=\"section\">\n\t\t\t\t\t\t<div class=\"elementor-container elementor-column-gap-default\">\n\t\t\t\t\t<div class=\"elementor-column elementor-col-100 elementor-top-column elementor-element elementor-element-354d5da9 margin-content\" data-id=\"354d5da9\" data-element_type=\"column\" data-e-type=\"column\">\n\t\t\t<div class=\"elementor-widget-wrap elementor-element-populated\">\n\t\t\t\t\t\t<div class=\"elementor-element elementor-element-faa1540 elementor-widget elementor-widget-heading\" data-id=\"faa1540\" data-element_type=\"widget\" data-e-type=\"widget\" data-widget_type=\"heading.default\">\n\t\t\t\t<div class=\"elementor-widget-container\">\n\t\t\t\t\t<h4 class=\"elementor-heading-title elementor-size-default\">Birle\u015fik Krall\u0131k Vergi Stratejisi<\/h4>\t\t\t\t<\/div>\n\t\t\t\t<\/div>\n\t\t\t\t<div class=\"elementor-element elementor-element-518ce0e5 elementor-widget elementor-widget-text-editor\" data-id=\"518ce0e5\" data-element_type=\"widget\" data-e-type=\"widget\" data-widget_type=\"text-editor.default\">\n\t\t\t\t<div class=\"elementor-widget-container\">\n\t\t\t\t\t\t\t\t\t<p>5 Temel De\u011ferimiz (Adillik, \u015eeffafl\u0131k, D\u00fcr\u00fcstl\u00fck, G\u00fcvenlik ve Uyumluluk) kararlar\u0131m\u0131z\u0131n ve eylemlerimizin temelini olu\u015ftururken, Kurita Grubu Davran\u0131\u015f Kurallar\u0131 yasa ve y\u00f6netmeliklere uygunluk ve sosyal eti\u011fe dayal\u0131 belirli do\u011fru eylemleri ger\u00e7ekle\u015ftirmek i\u00e7in nelere uymam\u0131z gerekti\u011fini g\u00f6sterir. Bu vesileyle vergi \u015feffafl\u0131\u011f\u0131m\u0131z\u0131 g\u00fcvence alt\u0131na al\u0131yoruz.<\/p><p>A\u015fa\u011f\u0131daki belge, yay\u0131n tarihinden ask\u0131ya al\u0131nana kadar \u015firketin Birle\u015fik Krall\u0131k'taki stratejisini ve yakla\u015f\u0131m\u0131n\u0131 ortaya koymaktad\u0131r. Kurita UK Ltd. olarak, 31 Mart 2026'da sona eren y\u0131l i\u00e7in FA2016'n\u0131n 19. \u00c7izelgesinin 16(2) Paragraf\u0131 kapsam\u0131ndaki y\u00fck\u00fcml\u00fcl\u00fc\u011f\u00fcm\u00fcz\u00fc yerine getirmek i\u00e7in bu beyan\u0131 yay\u0131nl\u0131yoruz ve gerekli ve zaman\u0131nda ayarlamalar i\u00e7in g\u00f6zden ge\u00e7irece\u011fiz.<\/p><p><br \/>Yay\u0131n Tarihi: 25-MAR- 2026<\/p>\t\t\t\t\t\t\t\t<\/div>\n\t\t\t\t<\/div>\n\t\t\t\t\t<\/div>\n\t\t<\/div>\n\t\t\t\t\t<\/div>\n\t\t<\/section>\n\t\t\t\t<section class=\"elementor-section elementor-top-section elementor-element elementor-element-3759a500 elementor-section-boxed elementor-section-height-default elementor-section-height-default\" data-id=\"3759a500\" data-element_type=\"section\" data-e-type=\"section\" data-settings=\"{&quot;background_background&quot;:&quot;classic&quot;}\">\n\t\t\t\t\t\t<div class=\"elementor-container elementor-column-gap-default\">\n\t\t\t\t\t<div class=\"elementor-column elementor-col-100 elementor-top-column elementor-element elementor-element-63957fb7 margin-content\" data-id=\"63957fb7\" data-element_type=\"column\" data-e-type=\"column\">\n\t\t\t<div class=\"elementor-widget-wrap elementor-element-populated\">\n\t\t\t\t\t\t<div class=\"elementor-element elementor-element-756d8c94 elementor-widget elementor-widget-heading\" data-id=\"756d8c94\" data-element_type=\"widget\" data-e-type=\"widget\" data-widget_type=\"heading.default\">\n\t\t\t\t<div class=\"elementor-widget-container\">\n\t\t\t\t\t<h4 class=\"elementor-heading-title elementor-size-default\">Risk Y\u00f6netimi<\/h4>\t\t\t\t<\/div>\n\t\t\t\t<\/div>\n\t\t\t\t<div class=\"elementor-element elementor-element-41afb11 elementor-widget elementor-widget-text-editor\" data-id=\"41afb11\" data-element_type=\"widget\" data-e-type=\"widget\" data-widget_type=\"text-editor.default\">\n\t\t\t\t<div class=\"elementor-widget-container\">\n\t\t\t\t\t\t\t\t\t<p>Kurita Group'un \u0130ngiltere'deki faaliyetlerine ili\u015fkin politikas\u0131, ilgili t\u00fcm kanunlara, kurallara, d\u00fczenlemelere, raporlama ve a\u00e7\u0131klama gerekliliklerine uymak ve Grubun vergi y\u00fck\u00fcml\u00fcl\u00fc\u011f\u00fc bulunan t\u00fcm vergi makamlar\u0131na do\u011fru miktarda vergiyi zaman\u0131nda \u00f6demektir.<\/p><p><br \/>Vergi yasas\u0131n\u0131n uygulanmas\u0131 veya yorumlanmas\u0131 konusunda belirsizlik oldu\u011fu durumlarda, karar verme s\u00fcrecini desteklemek i\u00e7in \u00fc\u00e7\u00fcnc\u00fc taraf dan\u0131\u015fmanlardan ger\u00e7ekleri, riskleri ve sonu\u00e7lar\u0131 kan\u0131tlayan uygun yaz\u0131l\u0131 tavsiye al\u0131nabilir.<\/p>\t\t\t\t\t\t\t\t<\/div>\n\t\t\t\t<\/div>\n\t\t\t\t\t<\/div>\n\t\t<\/div>\n\t\t\t\t\t<\/div>\n\t\t<\/section>\n\t\t\t\t<section class=\"elementor-section elementor-top-section elementor-element elementor-element-7481dbc2 elementor-section-boxed elementor-section-height-default elementor-section-height-default\" data-id=\"7481dbc2\" data-element_type=\"section\" data-e-type=\"section\" data-settings=\"{&quot;background_background&quot;:&quot;classic&quot;}\">\n\t\t\t\t\t\t<div class=\"elementor-container elementor-column-gap-default\">\n\t\t\t\t\t<div class=\"elementor-column elementor-col-100 elementor-top-column elementor-element elementor-element-10e33a4d margin-content\" data-id=\"10e33a4d\" data-element_type=\"column\" data-e-type=\"column\">\n\t\t\t<div class=\"elementor-widget-wrap elementor-element-populated\">\n\t\t\t\t\t\t<div class=\"elementor-element elementor-element-798e60eb elementor-widget elementor-widget-heading\" data-id=\"798e60eb\" data-element_type=\"widget\" data-e-type=\"widget\" data-widget_type=\"heading.default\">\n\t\t\t\t<div class=\"elementor-widget-container\">\n\t\t\t\t\t<h4 class=\"elementor-heading-title elementor-size-default\">Kabul Etmeye Haz\u0131r Olunan Risk Seviyesi<\/h4>\t\t\t\t<\/div>\n\t\t\t\t<\/div>\n\t\t\t\t<div class=\"elementor-element elementor-element-280c6b69 elementor-widget elementor-widget-text-editor\" data-id=\"280c6b69\" data-element_type=\"widget\" data-e-type=\"widget\" data-widget_type=\"text-editor.default\">\n\t\t\t\t<div class=\"elementor-widget-container\">\n\t\t\t\t\t\t\t\t\t<p>Kurita Group d\u00fc\u015f\u00fck riskli bir vergi stratejisi benimsemekte ve Birle\u015fik Krall\u0131k vergi yasas\u0131n\u0131n hem lafz\u0131n\u0131 hem de ruhunu kar\u015f\u0131lad\u0131\u011f\u0131ndan emin olmak i\u00e7in t\u00fcm \u00f6nemli i\u015flemlerin vergi etkilerini dikkatle de\u011ferlendirmektedir.<\/p>\t\t\t\t\t\t\t\t<\/div>\n\t\t\t\t<\/div>\n\t\t\t\t\t<\/div>\n\t\t<\/div>\n\t\t\t\t\t<\/div>\n\t\t<\/section>\n\t\t\t\t<section class=\"elementor-section elementor-top-section elementor-element elementor-element-355e63d6 elementor-section-boxed elementor-section-height-default elementor-section-height-default\" data-id=\"355e63d6\" data-element_type=\"section\" data-e-type=\"section\">\n\t\t\t\t\t\t<div class=\"elementor-container elementor-column-gap-default\">\n\t\t\t\t\t<div class=\"elementor-column elementor-col-100 elementor-top-column elementor-element elementor-element-b699fc7 margin-content\" data-id=\"b699fc7\" data-element_type=\"column\" data-e-type=\"column\">\n\t\t\t<div class=\"elementor-widget-wrap elementor-element-populated\">\n\t\t\t\t\t\t<div class=\"elementor-element elementor-element-3a0c5ca3 elementor-widget elementor-widget-heading\" data-id=\"3a0c5ca3\" data-element_type=\"widget\" data-e-type=\"widget\" data-widget_type=\"heading.default\">\n\t\t\t\t<div class=\"elementor-widget-container\">\n\t\t\t\t\t<h4 class=\"elementor-heading-title elementor-size-default\">Vergi Planlamas\u0131na Yakla\u015f\u0131m<\/h4>\t\t\t\t<\/div>\n\t\t\t\t<\/div>\n\t\t\t\t<div class=\"elementor-element elementor-element-6ce013f6 elementor-widget elementor-widget-text-editor\" data-id=\"6ce013f6\" data-element_type=\"widget\" data-e-type=\"widget\" data-widget_type=\"text-editor.default\">\n\t\t\t\t<div class=\"elementor-widget-container\">\n\t\t\t\t\t\t\t\t\t<p>Kurita Grup'un vergi d\u00fczenlemeleri ticari i\u015f ve ekonomik faaliyetlerine dayanmaktad\u0131r. Kurita Grup, \u0130ngiltere'deki ve di\u011fer \u00fclkelerdeki faaliyetlerini izler ve g\u00f6zden ge\u00e7irir ve vergi kurallar\u0131na ve d\u00fczenlemelerine uyumlu olmak i\u00e7in gerekti\u011finde vergi d\u00fczenlemelerini yeniden d\u00fczenler.<\/p>\t\t\t\t\t\t\t\t<\/div>\n\t\t\t\t<\/div>\n\t\t\t\t\t<\/div>\n\t\t<\/div>\n\t\t\t\t\t<\/div>\n\t\t<\/section>\n\t\t\t\t<section class=\"elementor-section elementor-top-section elementor-element elementor-element-1c08147f elementor-section-boxed elementor-section-height-default elementor-section-height-default\" data-id=\"1c08147f\" data-element_type=\"section\" data-e-type=\"section\" data-settings=\"{&quot;background_background&quot;:&quot;classic&quot;}\">\n\t\t\t\t\t\t<div class=\"elementor-container elementor-column-gap-default\">\n\t\t\t\t\t<div class=\"elementor-column elementor-col-100 elementor-top-column elementor-element elementor-element-4833ba7b margin-content\" data-id=\"4833ba7b\" data-element_type=\"column\" data-e-type=\"column\">\n\t\t\t<div class=\"elementor-widget-wrap elementor-element-populated\">\n\t\t\t\t\t\t<div class=\"elementor-element elementor-element-26d43ddd elementor-widget elementor-widget-heading\" data-id=\"26d43ddd\" data-element_type=\"widget\" data-e-type=\"widget\" data-widget_type=\"heading.default\">\n\t\t\t\t<div class=\"elementor-widget-container\">\n\t\t\t\t\t<h4 class=\"elementor-heading-title elementor-size-default\">HMRC'ye Y\u00f6nelik Yakla\u015f\u0131m<\/h4>\t\t\t\t<\/div>\n\t\t\t\t<\/div>\n\t\t\t\t<div class=\"elementor-element elementor-element-290705c4 elementor-widget elementor-widget-text-editor\" data-id=\"290705c4\" data-element_type=\"widget\" data-e-type=\"widget\" data-widget_type=\"text-editor.default\">\n\t\t\t\t<div class=\"elementor-widget-container\">\n\t\t\t\t\t\t\t\t\t<p>H\u00fck\u00fcmet ve HMRC ile yap\u0131c\u0131 ve kar\u015f\u0131l\u0131kl\u0131 sayg\u0131ya dayal\u0131 ili\u015fkiler kurmaya ve s\u00fcrd\u00fcrmeye \u00e7al\u0131\u015f\u0131yoruz. Anla\u015fmazl\u0131klar\u0131 \u00e7\u00f6zmek ve erken anla\u015fma ve kesinlik sa\u011flamak i\u00e7in m\u00fcmk\u00fcn olan her yerde i\u015fbirli\u011fi i\u00e7inde \u00e7al\u0131\u015f\u0131yoruz.<\/p>\t\t\t\t\t\t\t\t<\/div>\n\t\t\t\t<\/div>\n\t\t\t\t\t<\/div>\n\t\t<\/div>\n\t\t\t\t\t<\/div>\n\t\t<\/section>\n\t\t\t\t<\/div>","protected":false},"excerpt":{"rendered":"<p>UK Tax Strategy UK Tax Strategy While our 5 Core Values (Fairness, Transparency, Integrity, Safety and Compatibility) form the basis of our judgments and actions, the Kurita Group Code of Conduct shows what we must follow in compliance with laws and regulations and to take the specific correct actions that are based on social ethics. [&hellip;]<\/p>\n","protected":false},"author":2,"featured_media":0,"parent":0,"menu_order":0,"comment_status":"closed","ping_status":"closed","template":"","meta":{"footnotes":""},"class_list":["post-14466","page","type-page","status-publish","hentry"],"yoast_head":"<!-- This site is optimized with the Yoast SEO plugin v27.3 - https:\/\/yoast.com\/product\/yoast-seo-wordpress\/ -->\n<title>UK Tax Strategy - Kurita Europe<\/title>\n<meta name=\"description\" content=\"Kurita Europe UK Tax Strategy: transparent governance, responsible compliance and risk management aligned with sustainability principles.\" \/>\n<meta name=\"robots\" content=\"index, follow, max-snippet:-1, max-image-preview:large, max-video-preview:-1\" \/>\n<link rel=\"canonical\" href=\"https:\/\/www.kurita.eu\/tr\/i\u0307ngi\u0307ltere-vergi\u0307-strateji\u0307si\u0307\/\" \/>\n<meta property=\"og:locale\" content=\"tr_TR\" \/>\n<meta property=\"og:type\" content=\"article\" \/>\n<meta property=\"og:title\" content=\"UK Tax Strategy - Kurita Europe\" \/>\n<meta property=\"og:description\" content=\"Kurita Europe UK Tax Strategy: transparent governance, responsible compliance and risk management aligned with sustainability principles.\" \/>\n<meta property=\"og:url\" content=\"https:\/\/www.kurita.eu\/tr\/i\u0307ngi\u0307ltere-vergi\u0307-strateji\u0307si\u0307\/\" \/>\n<meta property=\"og:site_name\" content=\"Kurita Europe\" \/>\n<meta property=\"article:modified_time\" content=\"2026-03-19T16:00:48+00:00\" \/>\n<meta property=\"og:image\" content=\"https:\/\/www.kurita.eu\/wp-content\/uploads\/2025\/07\/kurita-favicon-512x512-1.png\" \/>\n\t<meta property=\"og:image:width\" content=\"512\" \/>\n\t<meta property=\"og:image:height\" content=\"512\" \/>\n\t<meta property=\"og:image:type\" content=\"image\/png\" \/>\n<meta name=\"twitter:card\" content=\"summary_large_image\" \/>\n<meta name=\"twitter:site\" content=\"@KuritaGlobal\" \/>\n<meta name=\"twitter:label1\" content=\"Tahmini okuma s\u00fcresi\" \/>\n\t<meta name=\"twitter:data1\" content=\"2 dakika\" \/>\n<script type=\"application\/ld+json\" class=\"yoast-schema-graph\">{\"@context\":\"https:\\\/\\\/schema.org\",\"@graph\":[{\"@type\":\"WebPage\",\"@id\":\"https:\\\/\\\/www.kurita.eu\\\/se\\\/brittisk-skattestrategi\\\/\",\"url\":\"https:\\\/\\\/www.kurita.eu\\\/se\\\/brittisk-skattestrategi\\\/\",\"name\":\"UK Tax Strategy - Kurita Europe\",\"isPartOf\":{\"@id\":\"https:\\\/\\\/www.kurita.eu\\\/se\\\/#website\"},\"datePublished\":\"2025-04-25T09:31:56+00:00\",\"dateModified\":\"2026-03-19T16:00:48+00:00\",\"description\":\"Kurita Europe UK Tax Strategy: transparent governance, responsible compliance and risk management aligned with sustainability principles.\",\"breadcrumb\":{\"@id\":\"https:\\\/\\\/www.kurita.eu\\\/se\\\/brittisk-skattestrategi\\\/#breadcrumb\"},\"inLanguage\":\"tr\",\"potentialAction\":[{\"@type\":\"ReadAction\",\"target\":[\"https:\\\/\\\/www.kurita.eu\\\/se\\\/brittisk-skattestrategi\\\/\"]}]},{\"@type\":\"BreadcrumbList\",\"@id\":\"https:\\\/\\\/www.kurita.eu\\\/se\\\/brittisk-skattestrategi\\\/#breadcrumb\",\"itemListElement\":[{\"@type\":\"ListItem\",\"position\":1,\"name\":\"Home\",\"item\":\"https:\\\/\\\/www.kurita.eu\\\/de\\\/\"},{\"@type\":\"ListItem\",\"position\":2,\"name\":\"UK Tax Strategy\"}]},{\"@type\":\"WebSite\",\"@id\":\"https:\\\/\\\/www.kurita.eu\\\/se\\\/#website\",\"url\":\"https:\\\/\\\/www.kurita.eu\\\/se\\\/\",\"name\":\"Kurita Europe\",\"description\":\"Water Treatment Solutions\",\"publisher\":{\"@id\":\"https:\\\/\\\/www.kurita.eu\\\/se\\\/#organization\"},\"potentialAction\":[{\"@type\":\"SearchAction\",\"target\":{\"@type\":\"EntryPoint\",\"urlTemplate\":\"https:\\\/\\\/www.kurita.eu\\\/se\\\/?s={search_term_string}\"},\"query-input\":{\"@type\":\"PropertyValueSpecification\",\"valueRequired\":true,\"valueName\":\"search_term_string\"}}],\"inLanguage\":\"tr\"},{\"@type\":\"Organization\",\"@id\":\"https:\\\/\\\/www.kurita.eu\\\/se\\\/#organization\",\"name\":\"Kurita Europe\",\"url\":\"https:\\\/\\\/www.kurita.eu\\\/se\\\/\",\"logo\":{\"@type\":\"ImageObject\",\"inLanguage\":\"tr\",\"@id\":\"https:\\\/\\\/www.kurita.eu\\\/se\\\/#\\\/schema\\\/logo\\\/image\\\/\",\"url\":\"\\\/wp-content\\\/uploads\\\/2025\\\/05\\\/cropped-brand_mark_horizon_blue.png\",\"contentUrl\":\"\\\/wp-content\\\/uploads\\\/2025\\\/05\\\/cropped-brand_mark_horizon_blue.png\",\"width\":712,\"height\":204,\"caption\":\"Kurita Europe\"},\"image\":{\"@id\":\"https:\\\/\\\/www.kurita.eu\\\/se\\\/#\\\/schema\\\/logo\\\/image\\\/\"},\"sameAs\":[\"https:\\\/\\\/x.com\\\/KuritaGlobal\",\"https:\\\/\\\/www.linkedin.com\\\/company\\\/kurita\\\/\"]}]}<\/script>\n<!-- \/ Yoast SEO plugin. -->","yoast_head_json":{"title":"Birle\u015fik Krall\u0131k Vergi Stratejisi - Kurita Europe","description":"Kurita Europe Birle\u015fik Krall\u0131k Vergi Stratejisi: \u015feffaf y\u00f6neti\u015fim, sorumlu uyum ve s\u00fcrd\u00fcr\u00fclebilirlik ilkeleriyle uyumlu risk y\u00f6netimi.","robots":{"index":"index","follow":"follow","max-snippet":"max-snippet:-1","max-image-preview":"max-image-preview:large","max-video-preview":"max-video-preview:-1"},"canonical":"https:\/\/www.kurita.eu\/tr\/i\u0307ngi\u0307ltere-vergi\u0307-strateji\u0307si\u0307\/","og_locale":"tr_TR","og_type":"article","og_title":"UK Tax Strategy - Kurita Europe","og_description":"Kurita Europe UK Tax Strategy: transparent governance, responsible compliance and risk management aligned with sustainability principles.","og_url":"https:\/\/www.kurita.eu\/tr\/i\u0307ngi\u0307ltere-vergi\u0307-strateji\u0307si\u0307\/","og_site_name":"Kurita Europe","article_modified_time":"2026-03-19T16:00:48+00:00","og_image":[{"width":512,"height":512,"url":"https:\/\/www.kurita.eu\/wp-content\/uploads\/2025\/07\/kurita-favicon-512x512-1.png","type":"image\/png"}],"twitter_card":"summary_large_image","twitter_site":"@KuritaGlobal","twitter_misc":{"Tahmini okuma s\u00fcresi":"2 dakika"},"schema":{"@context":"https:\/\/schema.org","@graph":[{"@type":"WebPage","@id":"https:\/\/www.kurita.eu\/se\/brittisk-skattestrategi\/","url":"https:\/\/www.kurita.eu\/se\/brittisk-skattestrategi\/","name":"Birle\u015fik Krall\u0131k Vergi Stratejisi - Kurita Europe","isPartOf":{"@id":"https:\/\/www.kurita.eu\/se\/#website"},"datePublished":"2025-04-25T09:31:56+00:00","dateModified":"2026-03-19T16:00:48+00:00","description":"Kurita Europe Birle\u015fik Krall\u0131k Vergi Stratejisi: \u015feffaf y\u00f6neti\u015fim, sorumlu uyum ve s\u00fcrd\u00fcr\u00fclebilirlik ilkeleriyle uyumlu risk y\u00f6netimi.","breadcrumb":{"@id":"https:\/\/www.kurita.eu\/se\/brittisk-skattestrategi\/#breadcrumb"},"inLanguage":"tr","potentialAction":[{"@type":"ReadAction","target":["https:\/\/www.kurita.eu\/se\/brittisk-skattestrategi\/"]}]},{"@type":"BreadcrumbList","@id":"https:\/\/www.kurita.eu\/se\/brittisk-skattestrategi\/#breadcrumb","itemListElement":[{"@type":"ListItem","position":1,"name":"Home","item":"https:\/\/www.kurita.eu\/de\/"},{"@type":"ListItem","position":2,"name":"UK Tax Strategy"}]},{"@type":"WebSite","@id":"https:\/\/www.kurita.eu\/se\/#website","url":"https:\/\/www.kurita.eu\/se\/","name":"Kurita Avrupa","description":"Su Ar\u0131tma \u00c7\u00f6z\u00fcmleri","publisher":{"@id":"https:\/\/www.kurita.eu\/se\/#organization"},"potentialAction":[{"@type":"SearchAction","target":{"@type":"EntryPoint","urlTemplate":"https:\/\/www.kurita.eu\/se\/?s={search_term_string}"},"query-input":{"@type":"PropertyValueSpecification","valueRequired":true,"valueName":"search_term_string"}}],"inLanguage":"tr"},{"@type":"Organization","@id":"https:\/\/www.kurita.eu\/se\/#organization","name":"Kurita Avrupa","url":"https:\/\/www.kurita.eu\/se\/","logo":{"@type":"ImageObject","inLanguage":"tr","@id":"https:\/\/www.kurita.eu\/se\/#\/schema\/logo\/image\/","url":"\/wp-content\/uploads\/2025\/05\/cropped-brand_mark_horizon_blue.png","contentUrl":"\/wp-content\/uploads\/2025\/05\/cropped-brand_mark_horizon_blue.png","width":712,"height":204,"caption":"Kurita Europe"},"image":{"@id":"https:\/\/www.kurita.eu\/se\/#\/schema\/logo\/image\/"},"sameAs":["https:\/\/x.com\/KuritaGlobal","https:\/\/www.linkedin.com\/company\/kurita\/"]}]}},"_links":{"self":[{"href":"https:\/\/www.kurita.eu\/tr\/wp-json\/wp\/v2\/pages\/14466","targetHints":{"allow":["GET"]}}],"collection":[{"href":"https:\/\/www.kurita.eu\/tr\/wp-json\/wp\/v2\/pages"}],"about":[{"href":"https:\/\/www.kurita.eu\/tr\/wp-json\/wp\/v2\/types\/page"}],"author":[{"embeddable":true,"href":"https:\/\/www.kurita.eu\/tr\/wp-json\/wp\/v2\/users\/2"}],"replies":[{"embeddable":true,"href":"https:\/\/www.kurita.eu\/tr\/wp-json\/wp\/v2\/comments?post=14466"}],"version-history":[{"count":10,"href":"https:\/\/www.kurita.eu\/tr\/wp-json\/wp\/v2\/pages\/14466\/revisions"}],"predecessor-version":[{"id":21508,"href":"https:\/\/www.kurita.eu\/tr\/wp-json\/wp\/v2\/pages\/14466\/revisions\/21508"}],"wp:attachment":[{"href":"https:\/\/www.kurita.eu\/tr\/wp-json\/wp\/v2\/media?parent=14466"}],"curies":[{"name":"wp","href":"https:\/\/api.w.org\/{rel}","templated":true}]}}