{"id":20990,"date":"2026-03-06T10:32:08","date_gmt":"2026-03-06T10:32:08","guid":{"rendered":"https:\/\/www.kurita.eu\/?page_id=20990"},"modified":"2026-03-06T10:36:52","modified_gmt":"2026-03-06T10:36:52","slug":"dropwise-web-semi%cc%87neri%cc%87-kaydi","status":"publish","type":"page","link":"https:\/\/www.kurita.eu\/tr\/dropwise-webinar-registration\/","title":{"rendered":"Dropwise Webinar Kayd\u0131"},"content":{"rendered":"<div data-elementor-type=\"wp-page\" data-elementor-id=\"20990\" class=\"elementor elementor-20990\" data-elementor-post-type=\"page\">\n\t\t\t\t\t\t<section class=\"elementor-section elementor-top-section elementor-element elementor-element-4372ade7 elementor-section-full_width elementor-section-height-default elementor-section-height-default\" data-id=\"4372ade7\" data-element_type=\"section\" data-e-type=\"section\">\n\t\t\t\t\t\t<div class=\"elementor-container elementor-column-gap-default\">\n\t\t\t\t\t<div class=\"elementor-column elementor-col-100 elementor-top-column elementor-element elementor-element-84382e8\" data-id=\"84382e8\" data-element_type=\"column\" data-e-type=\"column\">\n\t\t\t<div class=\"elementor-widget-wrap elementor-element-populated\">\n\t\t\t\t\t\t<div class=\"elementor-element elementor-element-2856d788 elementor--h-position-center elementor--v-position-middle elementor-arrows-position-inside elementor-pagination-position-inside elementor-widget elementor-widget-slides\" data-id=\"2856d788\" data-element_type=\"widget\" data-e-type=\"widget\" data-settings=\"{&quot;transition_speed&quot;:2000,&quot;navigation&quot;:&quot;both&quot;,&quot;autoplay&quot;:&quot;yes&quot;,&quot;pause_on_hover&quot;:&quot;yes&quot;,&quot;pause_on_interaction&quot;:&quot;yes&quot;,&quot;autoplay_speed&quot;:5000,&quot;infinite&quot;:&quot;yes&quot;,&quot;transition&quot;:&quot;slide&quot;}\" data-widget_type=\"slides.default\">\n\t\t\t\t<div class=\"elementor-widget-container\">\n\t\t\t\t\t\t\t\t\t<div class=\"elementor-swiper\">\n\t\t\t\t\t<div class=\"elementor-slides-wrapper elementor-main-swiper swiper\" role=\"region\" aria-roledescription=\"carousel\" aria-label=\"Kayd\u0131raklar\" dir=\"ltr\" data-animation=\"fadeInUp\">\n\t\t\t\t<div class=\"swiper-wrapper elementor-slides\">\n\t\t\t\t\t\t\t\t\t\t<div class=\"elementor-repeater-item-4e0b9f7 swiper-slide\" role=\"group\" aria-roledescription=\"slide\"><div class=\"swiper-slide-bg elementor-ken-burns elementor-ken-burns--in\" role=\"img\" aria-label=\"Ka\u011f\u0131t Fabrikas\u0131. Bir ka\u011f\u0131t fabrikas\u0131ndaki makineler: ka\u011f\u0131t, de\u011firmen, fabrika, tesis, ka\u011f\u0131t hamuru, sanayi, end\u00fcstriyel, makine, makine, bobin --ar 3:2 Job ID: 39a17209-3fc7-4381-b6fb-27bbdab6ac01\"><\/div><div class=\"elementor-background-overlay\"><\/div><a class=\"swiper-slide-inner\" href=\"#form\"><div class=\"swiper-slide-contents\"><div class=\"elementor-slide-heading\">Dropwise Yo\u011fu\u015fma Teknolojisi Webinar\u0131<\/div><div class=\"elementor-slide-description\">Ka\u011f\u0131t Kurutucu B\u00f6l\u00fcm\u00fcnde Verimlili\u011fin Art\u0131r\u0131lmas\u0131<\/div><\/div><\/a><\/div>\t\t\t\t<\/div>\n\t\t\t\t\t\t\t<\/div>\n\t\t\t\t<\/div>\n\t\t\t\t\t\t\t\t<\/div>\n\t\t\t\t<\/div>\n\t\t\t\t\t<\/div>\n\t\t<\/div>\n\t\t\t\t\t<\/div>\n\t\t<\/section>\n\t\t\t\t<section class=\"elementor-section elementor-top-section elementor-element elementor-element-561def17 elementor-section-boxed elementor-section-height-default elementor-section-height-default\" data-id=\"561def17\" data-element_type=\"section\" data-e-type=\"section\" data-settings=\"{&quot;background_background&quot;:&quot;classic&quot;}\">\n\t\t\t\t\t\t<div class=\"elementor-container elementor-column-gap-default\">\n\t\t\t\t\t<div class=\"elementor-column elementor-col-50 elementor-top-column elementor-element elementor-element-34e69a26 margin-content\" data-id=\"34e69a26\" data-element_type=\"column\" data-e-type=\"column\">\n\t\t\t<div class=\"elementor-widget-wrap elementor-element-populated\">\n\t\t\t\t\t\t<div class=\"elementor-element elementor-element-15b73bc2 elementor-widget elementor-widget-heading\" data-id=\"15b73bc2\" data-element_type=\"widget\" data-e-type=\"widget\" data-widget_type=\"heading.default\">\n\t\t\t\t<div class=\"elementor-widget-container\">\n\t\t\t\t\t<h4 class=\"elementor-heading-title elementor-size-default\">Web Semineri: Dropwise Yo\u011fu\u015fma Teknolojisi <\/h4>\t\t\t\t<\/div>\n\t\t\t\t<\/div>\n\t\t\t\t<section class=\"elementor-section elementor-inner-section elementor-element elementor-element-1698a738 elementor-section-boxed elementor-section-height-default elementor-section-height-default\" data-id=\"1698a738\" data-element_type=\"section\" data-e-type=\"section\">\n\t\t\t\t\t\t<div class=\"elementor-container elementor-column-gap-default\">\n\t\t\t\t\t<div class=\"elementor-column elementor-col-100 elementor-inner-column elementor-element elementor-element-4c607ace\" data-id=\"4c607ace\" data-element_type=\"column\" data-e-type=\"column\">\n\t\t\t<div class=\"elementor-widget-wrap elementor-element-populated\">\n\t\t\t\t\t\t<div class=\"elementor-element elementor-element-623acee8 elementor-widget elementor-widget-text-editor\" data-id=\"623acee8\" data-element_type=\"widget\" data-e-type=\"widget\" data-widget_type=\"text-editor.default\">\n\t\t\t\t<div class=\"elementor-widget-container\">\n\t\t\t\t\t\t\t\t\t<p>Kurita'n\u0131n Dropwise Yo\u011fu\u015fma Teknolojisinin, yo\u011fu\u015fma suyunun yal\u0131t\u0131m katman\u0131 olu\u015fturmas\u0131n\u0131 \u00f6nleyen su itici bir film olu\u015fturarak kurutucu b\u00f6l\u00fcm\u00fcn\u00fczdeki \u0131s\u0131 transferini nas\u0131l \u00f6nemli \u00f6l\u00e7\u00fcde art\u0131rabilece\u011fini ke\u015ffedin. Bu sayede <strong>daha iyi \u0131s\u0131 ak\u0131\u015f\u0131, daha d\u00fc\u015f\u00fck buhar t\u00fcketimi ve daha y\u00fcksek verimlilik<\/strong><strong>.<\/strong><\/p>\t\t\t\t\t\t\t\t<\/div>\n\t\t\t\t<\/div>\n\t\t\t\t\t<\/div>\n\t\t<\/div>\n\t\t\t\t\t<\/div>\n\t\t<\/section>\n\t\t\t\t<section class=\"elementor-section elementor-inner-section elementor-element elementor-element-1784fd4 elementor-section-boxed elementor-section-height-default elementor-section-height-default\" data-id=\"1784fd4\" data-element_type=\"section\" data-e-type=\"section\" data-settings=\"{&quot;background_background&quot;:&quot;classic&quot;}\">\n\t\t\t\t\t\t<div class=\"elementor-container elementor-column-gap-default\">\n\t\t\t\t\t<div class=\"elementor-column elementor-col-100 elementor-inner-column elementor-element elementor-element-a293b9e\" data-id=\"a293b9e\" data-element_type=\"column\" data-e-type=\"column\">\n\t\t\t<div class=\"elementor-widget-wrap elementor-element-populated\">\n\t\t\t\t\t\t<div class=\"elementor-element elementor-element-193fa66 elementor-widget elementor-widget-text-editor\" data-id=\"193fa66\" data-element_type=\"widget\" data-e-type=\"widget\" data-widget_type=\"text-editor.default\">\n\t\t\t\t<div class=\"elementor-widget-container\">\n\t\t\t\t\t\t\t\t\t<p><span style=\"text-decoration: underline;\"><strong>Bu web seminerinde a\u015fa\u011f\u0131dakileri nas\u0131l yapaca\u011f\u0131n\u0131z\u0131 \u00f6\u011freneceksiniz<\/strong><\/span><\/p><ul><li><strong>Is\u0131 transferi verimlili\u011fini art\u0131r\u0131n<\/strong> Kurutma silindirlerinin i\u00e7indeki yo\u011fu\u015fma filmini ortadan kald\u0131rarak.<\/li><li><strong>Buhar ve enerji kullan\u0131m\u0131n\u0131 azalt\u0131n<\/strong>, i\u015fletme maliyetlerini d\u00fc\u015f\u00fcr\u00fcr.<\/li><li><strong>Makine verimlili\u011fini art\u0131r\u0131n<\/strong> Kurutma prosesi performans\u0131n\u0131 optimize ederek.<\/li><\/ul>\t\t\t\t\t\t\t\t<\/div>\n\t\t\t\t<\/div>\n\t\t\t\t\t<\/div>\n\t\t<\/div>\n\t\t\t\t\t<\/div>\n\t\t<\/section>\n\t\t\t\t\t<\/div>\n\t\t<\/div>\n\t\t\t\t<div class=\"elementor-column elementor-col-50 elementor-top-column elementor-element elementor-element-78070273\" data-id=\"78070273\" data-element_type=\"column\" data-e-type=\"column\" data-settings=\"{&quot;background_background&quot;:&quot;classic&quot;}\">\n\t\t\t<div class=\"elementor-widget-wrap elementor-element-populated\">\n\t\t\t\t\t\t<div class=\"elementor-element elementor-element-2ee569e7 elementor-widget elementor-widget-menu-anchor\" data-id=\"2ee569e7\" data-element_type=\"widget\" data-e-type=\"widget\" data-widget_type=\"menu-anchor.default\">\n\t\t\t\t<div class=\"elementor-widget-container\">\n\t\t\t\t\t\t\t<div class=\"elementor-menu-anchor\" id=\"form\"><\/div>\n\t\t\t\t\t\t<\/div>\n\t\t\t\t<\/div>\n\t\t\t\t<div class=\"elementor-element elementor-element-62eea9f6 elementor-widget elementor-widget-text-editor\" data-id=\"62eea9f6\" data-element_type=\"widget\" data-e-type=\"widget\" data-widget_type=\"text-editor.default\">\n\t\t\t\t<div class=\"elementor-widget-container\">\n\t\t\t\t\t\t\t\t\t<h6 style=\"text-align: center;\">Web seminerine eri\u015fmek i\u00e7in formu doldurun:<\/h6>\t\t\t\t\t\t\t\t<\/div>\n\t\t\t\t<\/div>\n\t\t\t\t<div class=\"elementor-element elementor-element-5547754b elementor-widget elementor-widget-html\" data-id=\"5547754b\" data-element_type=\"widget\" data-e-type=\"widget\" data-widget_type=\"html.default\">\n\t\t\t\t<div class=\"elementor-widget-container\">\n\t\t\t\t\t<div\r\n        data-form-id='cd77fd2c-4519-f111-8342-000d3ab12a39'\r\n        data-form-api-url='https:\/\/public-eur.mkt.dynamics.com\/api\/v1.0\/orgs\/30cac5a2-33f9-ed11-a66d-000d3a64d748\/landingpageforms'\r\n        data-cached-form-url='https:\/\/assets-eur.mkt.dynamics.com\/30cac5a2-33f9-ed11-a66d-000d3a64d748\/digitalassets\/forms\/cd77fd2c-4519-f111-8342-000d3ab12a39' ><\/div>\r\n        <script src = 'https:\/\/cxppusa1formui01cdnsa01-endpoint.azureedge.net\/eur\/FormLoader\/FormLoader.bundle.js' ><\/script>\t\t\t\t<\/div>\n\t\t\t\t<\/div>\n\t\t\t\t\t<\/div>\n\t\t<\/div>\n\t\t\t\t\t<\/div>\n\t\t<\/section>\n\t\t\t\t<\/div>","protected":false},"excerpt":{"rendered":"<p>Kurita'n\u0131n Dropwise Yo\u011fu\u015fma Teknolojisi ile ka\u011f\u0131t makinesi kurutma verimlili\u011fini art\u0131r\u0131n, \u0131s\u0131 transferini art\u0131r\u0131n ve buhar kullan\u0131m\u0131n\u0131 azalt\u0131n.<\/p>","protected":false},"author":7,"featured_media":20988,"parent":0,"menu_order":0,"comment_status":"closed","ping_status":"closed","template":"","meta":{"footnotes":""},"class_list":["post-20990","page","type-page","status-publish","has-post-thumbnail","hentry"],"yoast_head":"<!-- This site is optimized with the Yoast SEO plugin v27.3 - https:\/\/yoast.com\/product\/yoast-seo-wordpress\/ -->\n<title>Dropwise Webinar Registration - Kurita Europe<\/title>\n<meta name=\"description\" content=\"Improve paper\u2011machine drying efficiency with Kurita\u2019s Dropwise Condensation Technology, boosting heat transfer and reducing steam use.\" \/>\n<meta name=\"robots\" content=\"index, follow, max-snippet:-1, max-image-preview:large, max-video-preview:-1\" \/>\n<link rel=\"canonical\" href=\"https:\/\/www.kurita.eu\/tr\/dropwise-web-semi\u0307neri\u0307-kaydi\/\" \/>\n<meta property=\"og:locale\" content=\"tr_TR\" \/>\n<meta property=\"og:type\" content=\"article\" \/>\n<meta property=\"og:title\" content=\"Dropwise Webinar Registration - Kurita Europe\" \/>\n<meta property=\"og:description\" content=\"Improve paper\u2011machine drying efficiency with Kurita\u2019s Dropwise Condensation Technology, boosting heat transfer and reducing steam use.\" \/>\n<meta property=\"og:url\" content=\"https:\/\/www.kurita.eu\/tr\/dropwise-web-semi\u0307neri\u0307-kaydi\/\" \/>\n<meta property=\"og:site_name\" content=\"Kurita Europe\" \/>\n<meta property=\"article:modified_time\" content=\"2026-03-06T10:36:52+00:00\" \/>\n<meta property=\"og:image\" content=\"https:\/\/www.kurita.eu\/wp-content\/uploads\/2026\/03\/Screenshot-2026-03-06-110357.png\" \/>\n\t<meta property=\"og:image:width\" content=\"1473\" \/>\n\t<meta property=\"og:image:height\" content=\"721\" \/>\n\t<meta property=\"og:image:type\" content=\"image\/png\" \/>\n<meta name=\"twitter:card\" content=\"summary_large_image\" \/>\n<meta name=\"twitter:site\" content=\"@KuritaGlobal\" \/>\n<meta name=\"twitter:label1\" content=\"Tahmini okuma s\u00fcresi\" \/>\n\t<meta name=\"twitter:data1\" content=\"2 dakika\" \/>\n<script type=\"application\/ld+json\" class=\"yoast-schema-graph\">{\"@context\":\"https:\\\/\\\/schema.org\",\"@graph\":[{\"@type\":\"WebPage\",\"@id\":\"https:\\\/\\\/www.kurita.eu\\\/fr\\\/dropwise-webinar-registration\\\/\",\"url\":\"https:\\\/\\\/www.kurita.eu\\\/fr\\\/dropwise-webinar-registration\\\/\",\"name\":\"Dropwise Webinar Registration - Kurita Europe\",\"isPartOf\":{\"@id\":\"https:\\\/\\\/www.kurita.eu\\\/se\\\/#website\"},\"primaryImageOfPage\":{\"@id\":\"https:\\\/\\\/www.kurita.eu\\\/fr\\\/dropwise-webinar-registration\\\/#primaryimage\"},\"image\":{\"@id\":\"https:\\\/\\\/www.kurita.eu\\\/fr\\\/dropwise-webinar-registration\\\/#primaryimage\"},\"thumbnailUrl\":\"\\\/wp-content\\\/uploads\\\/2026\\\/03\\\/Screenshot-2026-03-06-110357.png\",\"datePublished\":\"2026-03-06T10:32:08+00:00\",\"dateModified\":\"2026-03-06T10:36:52+00:00\",\"description\":\"Improve paper\u2011machine drying efficiency with Kurita\u2019s Dropwise Condensation Technology, boosting heat transfer and reducing steam use.\",\"breadcrumb\":{\"@id\":\"https:\\\/\\\/www.kurita.eu\\\/fr\\\/dropwise-webinar-registration\\\/#breadcrumb\"},\"inLanguage\":\"tr\",\"potentialAction\":[{\"@type\":\"ReadAction\",\"target\":[\"https:\\\/\\\/www.kurita.eu\\\/fr\\\/dropwise-webinar-registration\\\/\"]}]},{\"@type\":\"ImageObject\",\"inLanguage\":\"tr\",\"@id\":\"https:\\\/\\\/www.kurita.eu\\\/fr\\\/dropwise-webinar-registration\\\/#primaryimage\",\"url\":\"\\\/wp-content\\\/uploads\\\/2026\\\/03\\\/Screenshot-2026-03-06-110357.png\",\"contentUrl\":\"\\\/wp-content\\\/uploads\\\/2026\\\/03\\\/Screenshot-2026-03-06-110357.png\",\"width\":1473,\"height\":721},{\"@type\":\"BreadcrumbList\",\"@id\":\"https:\\\/\\\/www.kurita.eu\\\/fr\\\/dropwise-webinar-registration\\\/#breadcrumb\",\"itemListElement\":[{\"@type\":\"ListItem\",\"position\":1,\"name\":\"Home\",\"item\":\"https:\\\/\\\/www.kurita.eu\\\/de\\\/\"},{\"@type\":\"ListItem\",\"position\":2,\"name\":\"Dropwise Webinar Registration\"}]},{\"@type\":\"WebSite\",\"@id\":\"https:\\\/\\\/www.kurita.eu\\\/se\\\/#website\",\"url\":\"https:\\\/\\\/www.kurita.eu\\\/se\\\/\",\"name\":\"Kurita Europe\",\"description\":\"Water Treatment Solutions\",\"publisher\":{\"@id\":\"https:\\\/\\\/www.kurita.eu\\\/se\\\/#organization\"},\"potentialAction\":[{\"@type\":\"SearchAction\",\"target\":{\"@type\":\"EntryPoint\",\"urlTemplate\":\"https:\\\/\\\/www.kurita.eu\\\/se\\\/?s={search_term_string}\"},\"query-input\":{\"@type\":\"PropertyValueSpecification\",\"valueRequired\":true,\"valueName\":\"search_term_string\"}}],\"inLanguage\":\"tr\"},{\"@type\":\"Organization\",\"@id\":\"https:\\\/\\\/www.kurita.eu\\\/se\\\/#organization\",\"name\":\"Kurita Europe\",\"url\":\"https:\\\/\\\/www.kurita.eu\\\/se\\\/\",\"logo\":{\"@type\":\"ImageObject\",\"inLanguage\":\"tr\",\"@id\":\"https:\\\/\\\/www.kurita.eu\\\/se\\\/#\\\/schema\\\/logo\\\/image\\\/\",\"url\":\"\\\/wp-content\\\/uploads\\\/2025\\\/05\\\/cropped-brand_mark_horizon_blue.png\",\"contentUrl\":\"\\\/wp-content\\\/uploads\\\/2025\\\/05\\\/cropped-brand_mark_horizon_blue.png\",\"width\":712,\"height\":204,\"caption\":\"Kurita Europe\"},\"image\":{\"@id\":\"https:\\\/\\\/www.kurita.eu\\\/se\\\/#\\\/schema\\\/logo\\\/image\\\/\"},\"sameAs\":[\"https:\\\/\\\/x.com\\\/KuritaGlobal\",\"https:\\\/\\\/www.linkedin.com\\\/company\\\/kurita\\\/\"]}]}<\/script>\n<!-- \/ Yoast SEO plugin. -->","yoast_head_json":{"title":"Dropwise Webinar Kayd\u0131 - Kurita Europe","description":"Kurita'n\u0131n Dropwise Yo\u011fu\u015fma Teknolojisi ile ka\u011f\u0131t makinesi kurutma verimlili\u011fini art\u0131r\u0131n, \u0131s\u0131 transferini art\u0131r\u0131n ve buhar kullan\u0131m\u0131n\u0131 azalt\u0131n.","robots":{"index":"index","follow":"follow","max-snippet":"max-snippet:-1","max-image-preview":"max-image-preview:large","max-video-preview":"max-video-preview:-1"},"canonical":"https:\/\/www.kurita.eu\/tr\/dropwise-web-semi\u0307neri\u0307-kaydi\/","og_locale":"tr_TR","og_type":"article","og_title":"Dropwise Webinar Registration - Kurita Europe","og_description":"Improve paper\u2011machine drying efficiency with Kurita\u2019s Dropwise Condensation Technology, boosting heat transfer and reducing steam use.","og_url":"https:\/\/www.kurita.eu\/tr\/dropwise-web-semi\u0307neri\u0307-kaydi\/","og_site_name":"Kurita Europe","article_modified_time":"2026-03-06T10:36:52+00:00","og_image":[{"width":1473,"height":721,"url":"https:\/\/www.kurita.eu\/wp-content\/uploads\/2026\/03\/Screenshot-2026-03-06-110357.png","type":"image\/png"}],"twitter_card":"summary_large_image","twitter_site":"@KuritaGlobal","twitter_misc":{"Tahmini okuma s\u00fcresi":"2 dakika"},"schema":{"@context":"https:\/\/schema.org","@graph":[{"@type":"WebPage","@id":"https:\/\/www.kurita.eu\/fr\/dropwise-webinar-registration\/","url":"https:\/\/www.kurita.eu\/fr\/dropwise-webinar-registration\/","name":"Dropwise Webinar Kayd\u0131 - Kurita Europe","isPartOf":{"@id":"https:\/\/www.kurita.eu\/se\/#website"},"primaryImageOfPage":{"@id":"https:\/\/www.kurita.eu\/fr\/dropwise-webinar-registration\/#primaryimage"},"image":{"@id":"https:\/\/www.kurita.eu\/fr\/dropwise-webinar-registration\/#primaryimage"},"thumbnailUrl":"\/wp-content\/uploads\/2026\/03\/Screenshot-2026-03-06-110357.png","datePublished":"2026-03-06T10:32:08+00:00","dateModified":"2026-03-06T10:36:52+00:00","description":"Kurita'n\u0131n Dropwise Yo\u011fu\u015fma Teknolojisi ile ka\u011f\u0131t makinesi kurutma verimlili\u011fini art\u0131r\u0131n, \u0131s\u0131 transferini art\u0131r\u0131n ve buhar kullan\u0131m\u0131n\u0131 azalt\u0131n.","breadcrumb":{"@id":"https:\/\/www.kurita.eu\/fr\/dropwise-webinar-registration\/#breadcrumb"},"inLanguage":"tr","potentialAction":[{"@type":"ReadAction","target":["https:\/\/www.kurita.eu\/fr\/dropwise-webinar-registration\/"]}]},{"@type":"ImageObject","inLanguage":"tr","@id":"https:\/\/www.kurita.eu\/fr\/dropwise-webinar-registration\/#primaryimage","url":"\/wp-content\/uploads\/2026\/03\/Screenshot-2026-03-06-110357.png","contentUrl":"\/wp-content\/uploads\/2026\/03\/Screenshot-2026-03-06-110357.png","width":1473,"height":721},{"@type":"BreadcrumbList","@id":"https:\/\/www.kurita.eu\/fr\/dropwise-webinar-registration\/#breadcrumb","itemListElement":[{"@type":"ListItem","position":1,"name":"Home","item":"https:\/\/www.kurita.eu\/de\/"},{"@type":"ListItem","position":2,"name":"Dropwise Webinar Registration"}]},{"@type":"WebSite","@id":"https:\/\/www.kurita.eu\/se\/#website","url":"https:\/\/www.kurita.eu\/se\/","name":"Kurita Avrupa","description":"Su Ar\u0131tma \u00c7\u00f6z\u00fcmleri","publisher":{"@id":"https:\/\/www.kurita.eu\/se\/#organization"},"potentialAction":[{"@type":"SearchAction","target":{"@type":"EntryPoint","urlTemplate":"https:\/\/www.kurita.eu\/se\/?s={search_term_string}"},"query-input":{"@type":"PropertyValueSpecification","valueRequired":true,"valueName":"search_term_string"}}],"inLanguage":"tr"},{"@type":"Organization","@id":"https:\/\/www.kurita.eu\/se\/#organization","name":"Kurita Avrupa","url":"https:\/\/www.kurita.eu\/se\/","logo":{"@type":"ImageObject","inLanguage":"tr","@id":"https:\/\/www.kurita.eu\/se\/#\/schema\/logo\/image\/","url":"\/wp-content\/uploads\/2025\/05\/cropped-brand_mark_horizon_blue.png","contentUrl":"\/wp-content\/uploads\/2025\/05\/cropped-brand_mark_horizon_blue.png","width":712,"height":204,"caption":"Kurita Europe"},"image":{"@id":"https:\/\/www.kurita.eu\/se\/#\/schema\/logo\/image\/"},"sameAs":["https:\/\/x.com\/KuritaGlobal","https:\/\/www.linkedin.com\/company\/kurita\/"]}]}},"_links":{"self":[{"href":"https:\/\/www.kurita.eu\/tr\/wp-json\/wp\/v2\/pages\/20990","targetHints":{"allow":["GET"]}}],"collection":[{"href":"https:\/\/www.kurita.eu\/tr\/wp-json\/wp\/v2\/pages"}],"about":[{"href":"https:\/\/www.kurita.eu\/tr\/wp-json\/wp\/v2\/types\/page"}],"author":[{"embeddable":true,"href":"https:\/\/www.kurita.eu\/tr\/wp-json\/wp\/v2\/users\/7"}],"replies":[{"embeddable":true,"href":"https:\/\/www.kurita.eu\/tr\/wp-json\/wp\/v2\/comments?post=20990"}],"version-history":[{"count":11,"href":"https:\/\/www.kurita.eu\/tr\/wp-json\/wp\/v2\/pages\/20990\/revisions"}],"predecessor-version":[{"id":21002,"href":"https:\/\/www.kurita.eu\/tr\/wp-json\/wp\/v2\/pages\/20990\/revisions\/21002"}],"wp:featuredmedia":[{"embeddable":true,"href":"https:\/\/www.kurita.eu\/tr\/wp-json\/wp\/v2\/media\/20988"}],"wp:attachment":[{"href":"https:\/\/www.kurita.eu\/tr\/wp-json\/wp\/v2\/media?parent=20990"}],"curies":[{"name":"wp","href":"https:\/\/api.w.org\/{rel}","templated":true}]}}