{"id":21090,"date":"2026-03-12T08:18:23","date_gmt":"2026-03-12T08:18:23","guid":{"rendered":"https:\/\/www.kurita.eu\/?page_id=21090"},"modified":"2026-03-12T08:18:24","modified_gmt":"2026-03-12T08:18:24","slug":"web-semi%cc%87neri%cc%87-pfas-kaydi","status":"publish","type":"page","link":"https:\/\/www.kurita.eu\/tr\/web-semi%cc%87neri%cc%87-pfas-kaydi\/","title":{"rendered":"Webinar: PFAS Her Yerde! Peki, Bu Konuda Asl\u0131nda Ne Yapabilirsiniz?"},"content":{"rendered":"<div data-elementor-type=\"wp-page\" data-elementor-id=\"21090\" class=\"elementor elementor-21090\" data-elementor-post-type=\"page\">\n\t\t\t\t\t\t<section class=\"elementor-section elementor-top-section elementor-element elementor-element-677aa1c6 elementor-section-height-min-height elementor-section-boxed elementor-section-height-default elementor-section-items-middle\" data-id=\"677aa1c6\" data-element_type=\"section\" data-e-type=\"section\" data-settings=\"{&quot;background_background&quot;:&quot;classic&quot;}\">\n\t\t\t\t\t\t\t<div class=\"elementor-background-overlay\"><\/div>\n\t\t\t\t\t\t\t<div class=\"elementor-container elementor-column-gap-default\">\n\t\t\t\t\t<div class=\"elementor-column elementor-col-100 elementor-top-column elementor-element elementor-element-342aee0a\" data-id=\"342aee0a\" data-element_type=\"column\" data-e-type=\"column\">\n\t\t\t<div class=\"elementor-widget-wrap elementor-element-populated\">\n\t\t\t\t\t\t<div class=\"elementor-element elementor-element-b4ecd69 elementor-align-center elementor-widget elementor-widget-button\" data-id=\"b4ecd69\" data-element_type=\"widget\" data-e-type=\"widget\" data-widget_type=\"button.default\">\n\t\t\t\t<div class=\"elementor-widget-container\">\n\t\t\t\t\t\t\t\t\t<div class=\"elementor-button-wrapper\">\n\t\t\t\t\t<a class=\"elementor-button elementor-button-link elementor-size-sm\" href=\"#register\">\n\t\t\t\t\t\t<span class=\"elementor-button-content-wrapper\">\n\t\t\t\t\t\t<span class=\"elementor-button-icon\">\n\t\t\t\t<svg aria-hidden=\"true\" class=\"e-font-icon-svg e-fas-microphone-alt\" viewbox=\"0 0 352 512\" xmlns=\"http:\/\/www.w3.org\/2000\/svg\"><path d=\"M336 192h-16c-8.84 0-16 7.16-16 16v48c0 74.8-64.49 134.82-140.79 127.38C96.71 376.89 48 317.11 48 250.3V208c0-8.84-7.16-16-16-16H16c-8.84 0-16 7.16-16 16v40.16c0 89.64 63.97 169.55 152 181.69V464H96c-8.84 0-16 7.16-16 16v16c0 8.84 7.16 16 16 16h160c8.84 0 16-7.16 16-16v-16c0-8.84-7.16-16-16-16h-56v-33.77C285.71 418.47 352 344.9 352 256v-48c0-8.84-7.16-16-16-16zM176 352c53.02 0 96-42.98 96-96h-85.33c-5.89 0-10.67-3.58-10.67-8v-16c0-4.42 4.78-8 10.67-8H272v-32h-85.33c-5.89 0-10.67-3.58-10.67-8v-16c0-4.42 4.78-8 10.67-8H272v-32h-85.33c-5.89 0-10.67-3.58-10.67-8v-16c0-4.42 4.78-8 10.67-8H272c0-53.02-42.98-96-96-96S80 42.98 80 96v160c0 53.02 42.98 96 96 96z\"><\/path><\/svg>\t\t\t<\/span>\n\t\t\t\t\t\t\t\t\t<span class=\"elementor-button-text\">WEBINAR<\/span>\n\t\t\t\t\t<\/span>\n\t\t\t\t\t<\/a>\n\t\t\t\t<\/div>\n\t\t\t\t\t\t\t\t<\/div>\n\t\t\t\t<\/div>\n\t\t\t\t<div class=\"elementor-element elementor-element-07ff627 elementor-widget elementor-widget-text-editor\" data-id=\"07ff627\" data-element_type=\"widget\" data-e-type=\"widget\" data-widget_type=\"text-editor.default\">\n\t\t\t\t<div class=\"elementor-widget-container\">\n\t\t\t\t\t\t\t\t\t<p><span style=\"letter-spacing: 0px;\">PFAS Her Yerde!<\/span><\/p>\t\t\t\t\t\t\t\t<\/div>\n\t\t\t\t<\/div>\n\t\t\t\t<div class=\"elementor-element elementor-element-e20d4e4 elementor-widget elementor-widget-text-editor\" data-id=\"e20d4e4\" data-element_type=\"widget\" data-e-type=\"widget\" data-widget_type=\"text-editor.default\">\n\t\t\t\t<div class=\"elementor-widget-container\">\n\t\t\t\t\t\t\t\t\t<p>Peki, Bu Konuda Asl\u0131nda Ne Yapabilirsiniz?<\/p>\t\t\t\t\t\t\t\t<\/div>\n\t\t\t\t<\/div>\n\t\t\t\t<div class=\"elementor-element elementor-element-a02398d elementor-widget elementor-widget-text-editor\" data-id=\"a02398d\" data-element_type=\"widget\" data-e-type=\"widget\" data-widget_type=\"text-editor.default\">\n\t\t\t\t<div class=\"elementor-widget-container\">\n\t\t\t\t\t\t\t\t\t<p>Kurita'n\u0131n 360\u00ba PFAS Su Ar\u0131tma \u00c7\u00f6z\u00fcmleri<\/p>\t\t\t\t\t\t\t\t<\/div>\n\t\t\t\t<\/div>\n\t\t\t\t\t<\/div>\n\t\t<\/div>\n\t\t\t\t\t<\/div>\n\t\t<\/section>\n\t\t\t\t<section class=\"elementor-section elementor-top-section elementor-element elementor-element-cd07e73 margin-content elementor-section-boxed elementor-section-height-default elementor-section-height-default\" data-id=\"cd07e73\" data-element_type=\"section\" data-e-type=\"section\">\n\t\t\t\t\t\t<div class=\"elementor-container elementor-column-gap-default\">\n\t\t\t\t\t<div class=\"elementor-column elementor-col-50 elementor-top-column elementor-element elementor-element-95c7156\" data-id=\"95c7156\" data-element_type=\"column\" data-e-type=\"column\">\n\t\t\t<div class=\"elementor-widget-wrap elementor-element-populated\">\n\t\t\t\t\t\t<div class=\"elementor-element elementor-element-597c98e elementor-widget-widescreen__width-initial elementor-widget-tablet__width-initial elementor-widget elementor-widget-heading\" data-id=\"597c98e\" data-element_type=\"widget\" data-e-type=\"widget\" data-widget_type=\"heading.default\">\n\t\t\t\t<div class=\"elementor-widget-container\">\n\t\t\t\t\t<h2 class=\"elementor-heading-title elementor-size-default\">PFAS Su Ar\u0131tma Webinar\u0131m\u0131za Kaydolun<\/h2>\t\t\t\t<\/div>\n\t\t\t\t<\/div>\n\t\t\t\t<div class=\"elementor-element elementor-element-290075b elementor-widget__width-initial elementor-widget elementor-widget-text-editor\" data-id=\"290075b\" data-element_type=\"widget\" data-e-type=\"widget\" data-widget_type=\"text-editor.default\">\n\t\t\t\t<div class=\"elementor-widget-container\">\n\t\t\t\t\t\t\t\t\t<p>PFAS kontaminasyonu, su y\u00f6netimi yapan end\u00fcstriler ve kamu hizmetleri i\u00e7in kritik bir sorun haline gelmektedir. S\u0131k\u0131la\u015fan AB d\u00fczenlemeleri, geni\u015fleyen izleme gereklilikleri ve de\u015farjlar\u0131n artan incelemesi ile kurulu\u015flar\u0131n PFAS'\u0131n nerede ortaya \u00e7\u0131kt\u0131\u011f\u0131 ve nas\u0131l etkili bir \u015fekilde y\u00f6netilebilece\u011fi konusunda net bir anlay\u0131\u015fa ihtiyac\u0131 vard\u0131r.<\/p><p>Bu webinar, su sistemlerindeki PFAS davran\u0131\u015f\u0131na, Avrupa'daki temel d\u00fczenleyici fakt\u00f6rlere, etkilenen sekt\u00f6rlere ve uygulamalara ve \u015fu anda piyasada bulunan PFAS teknolojilerine genel bir bak\u0131\u015f sunmaktad\u0131r. Kurita kendi \u00fcr\u00fcnlerini sunuyor<strong> 360\u00ba PFAS Su Ar\u0131tma \u00c7\u00f6z\u00fcm\u00fc<\/strong>, PFAS analizi, tam sistem denetimleri, laboratuvar ve pilot denemeleri ve \u00f6zel tedavi stratejilerini birle\u015ftiren sistem tabanl\u0131 bir yakla\u015f\u0131m.<\/p><p>Kat\u0131l\u0131mc\u0131lar flok\u00fclasyon\/koag\u00fclasyon, adsorpsiyon ve membran bazl\u0131 yakla\u015f\u0131mlar da dahil olmak \u00fczere mevcut PFAS ar\u0131tma se\u00e7enekleri hakk\u0131nda bilgi edinecek ve bu teknolojilerin sahaya \u00f6zg\u00fc su kimyas\u0131 ve gelecekteki yasal gereklilikleri ele almak i\u00e7in nas\u0131l birle\u015ftirilebilece\u011fini \u00f6\u011frenerek tek bir \u00fcr\u00fcne de\u011fil, uzun vadeli uyumlulu\u011fu ve operasyonel g\u00fcvenilirli\u011fi destekleyebilecek entegre \u00e7\u00f6z\u00fcmlere odaklanacakt\u0131r.<\/p>\t\t\t\t\t\t\t\t<\/div>\n\t\t\t\t<\/div>\n\t\t\t\t<div class=\"elementor-element elementor-element-1fd533b1 elementor-widget__width-initial elementor-widget elementor-widget-text-editor\" data-id=\"1fd533b1\" data-element_type=\"widget\" data-e-type=\"widget\" data-widget_type=\"text-editor.default\">\n\t\t\t\t<div class=\"elementor-widget-container\">\n\t\t\t\t\t\t\t\t\t<h5>Oturum detaylar\u0131:<\/h5>\t\t\t\t\t\t\t\t<\/div>\n\t\t\t\t<\/div>\n\t\t\t\t<div class=\"elementor-element elementor-element-68a9609 elementor-icon-list--layout-traditional elementor-list-item-link-full_width elementor-widget elementor-widget-icon-list\" data-id=\"68a9609\" data-element_type=\"widget\" data-e-type=\"widget\" data-widget_type=\"icon-list.default\">\n\t\t\t\t<div class=\"elementor-widget-container\">\n\t\t\t\t\t\t\t<ul class=\"elementor-icon-list-items\">\n\t\t\t\t\t\t\t<li class=\"elementor-icon-list-item\">\n\t\t\t\t\t\t\t\t\t\t\t<span class=\"elementor-icon-list-icon\">\n\t\t\t\t\t\t\t<svg aria-hidden=\"true\" class=\"e-font-icon-svg e-far-calendar-alt\" viewbox=\"0 0 448 512\" xmlns=\"http:\/\/www.w3.org\/2000\/svg\"><path d=\"M148 288h-40c-6.6 0-12-5.4-12-12v-40c0-6.6 5.4-12 12-12h40c6.6 0 12 5.4 12 12v40c0 6.6-5.4 12-12 12zm108-12v-40c0-6.6-5.4-12-12-12h-40c-6.6 0-12 5.4-12 12v40c0 6.6 5.4 12 12 12h40c6.6 0 12-5.4 12-12zm96 0v-40c0-6.6-5.4-12-12-12h-40c-6.6 0-12 5.4-12 12v40c0 6.6 5.4 12 12 12h40c6.6 0 12-5.4 12-12zm-96 96v-40c0-6.6-5.4-12-12-12h-40c-6.6 0-12 5.4-12 12v40c0 6.6 5.4 12 12 12h40c6.6 0 12-5.4 12-12zm-96 0v-40c0-6.6-5.4-12-12-12h-40c-6.6 0-12 5.4-12 12v40c0 6.6 5.4 12 12 12h40c6.6 0 12-5.4 12-12zm192 0v-40c0-6.6-5.4-12-12-12h-40c-6.6 0-12 5.4-12 12v40c0 6.6 5.4 12 12 12h40c6.6 0 12-5.4 12-12zm96-260v352c0 26.5-21.5 48-48 48H48c-26.5 0-48-21.5-48-48V112c0-26.5 21.5-48 48-48h48V12c0-6.6 5.4-12 12-12h40c6.6 0 12 5.4 12 12v52h128V12c0-6.6 5.4-12 12-12h40c6.6 0 12 5.4 12 12v52h48c26.5 0 48 21.5 48 48zm-48 346V160H48v298c0 3.3 2.7 6 6 6h340c3.3 0 6-2.7 6-6z\"><\/path><\/svg>\t\t\t\t\t\t<\/span>\n\t\t\t\t\t\t\t\t\t\t<span class=\"elementor-icon-list-text\">13 Nisan<sup>inci<\/sup>, 2026<\/span>\n\t\t\t\t\t\t\t\t\t<\/li>\n\t\t\t\t\t\t\t\t<li class=\"elementor-icon-list-item\">\n\t\t\t\t\t\t\t\t\t\t\t<span class=\"elementor-icon-list-icon\">\n\t\t\t\t\t\t\t<svg aria-hidden=\"true\" class=\"e-font-icon-svg e-far-clock\" viewbox=\"0 0 512 512\" xmlns=\"http:\/\/www.w3.org\/2000\/svg\"><path d=\"M256 8C119 8 8 119 8 256s111 248 248 248 248-111 248-248S393 8 256 8zm0 448c-110.5 0-200-89.5-200-200S145.5 56 256 56s200 89.5 200 200-89.5 200-200 200zm61.8-104.4l-84.9-61.7c-3.1-2.3-4.9-5.9-4.9-9.7V116c0-6.6 5.4-12 12-12h32c6.6 0 12 5.4 12 12v141.7l66.8 48.6c5.4 3.9 6.5 11.4 2.6 16.8L334.6 349c-3.9 5.3-11.4 6.5-16.8 2.6z\"><\/path><\/svg>\t\t\t\t\t\t<\/span>\n\t\t\t\t\t\t\t\t\t\t<span class=\"elementor-icon-list-text\">11am (CET)<\/span>\n\t\t\t\t\t\t\t\t\t<\/li>\n\t\t\t\t\t\t<\/ul>\n\t\t\t\t\t\t<\/div>\n\t\t\t\t<\/div>\n\t\t\t\t<div class=\"elementor-element elementor-element-968fe14 elementor-widget elementor-widget-text-editor\" data-id=\"968fe14\" data-element_type=\"widget\" data-e-type=\"widget\" data-widget_type=\"text-editor.default\">\n\t\t\t\t<div class=\"elementor-widget-container\">\n\t\t\t\t\t\t\t\t\t<h5><span lang=\"EN-GB\">\u00d6ne \u00c7\u0131kan Konu\u015fmac\u0131:<\/span><\/h5>\t\t\t\t\t\t\t\t<\/div>\n\t\t\t\t<\/div>\n\t\t\t\t<section class=\"elementor-section elementor-inner-section elementor-element elementor-element-8d9e991 elementor-section-boxed elementor-section-height-default elementor-section-height-default\" data-id=\"8d9e991\" data-element_type=\"section\" data-e-type=\"section\" data-settings=\"{&quot;background_background&quot;:&quot;classic&quot;}\">\n\t\t\t\t\t\t<div class=\"elementor-container elementor-column-gap-default\">\n\t\t\t\t\t<div class=\"elementor-column elementor-col-100 elementor-inner-column elementor-element elementor-element-b58e588\" data-id=\"b58e588\" data-element_type=\"column\" data-e-type=\"column\">\n\t\t\t<div class=\"elementor-widget-wrap elementor-element-populated\">\n\t\t\t\t\t\t<div class=\"elementor-element elementor-element-f0b4db0 elementor-author-box--layout-image-above elementor-author-box--align-center elementor-widget elementor-widget-author-box\" data-id=\"f0b4db0\" data-element_type=\"widget\" data-e-type=\"widget\" data-widget_type=\"author-box.default\">\n\t\t\t\t<div class=\"elementor-widget-container\">\n\t\t\t\t\t\t\t<div class=\"elementor-author-box\">\n\t\t\t\t\t\t\t<div  class=\"elementor-author-box__avatar\">\n\t\t\t\t\t<img decoding=\"async\" src=\"\/wp-content\/uploads\/2025\/12\/Georgia-Skordalou.jpg\" alt=\"Picture of Georgia Skordalou\" loading=\"lazy\" data-no-translation=\"\">\n\t\t\t\t<\/div>\n\t\t\t\n\t\t\t<div class=\"elementor-author-box__text\">\n\t\t\t\t\t\t\t\t\t<div >\n\t\t\t\t\t\t<span class=\"elementor-author-box__name\">\n\t\t\t\t\t\t\tGeorgia Skordalou\t\t\t\t\t\t<\/span>\n\t\t\t\t\t<\/div>\n\t\t\t\t\n\t\t\t\t\t\t\t\t\t<div class=\"elementor-author-box__bio\">\n\t\t\t\t\t\t<p>\u00dcr\u00fcn Uzman\u0131<\/p>\n\t\t\t\t\t<\/div>\n\t\t\t\t\n\t\t\t\t\t\t\t<\/div>\n\t\t<\/div>\n\t\t\t\t\t\t<\/div>\n\t\t\t\t<\/div>\n\t\t\t\t\t<\/div>\n\t\t<\/div>\n\t\t\t\t\t<\/div>\n\t\t<\/section>\n\t\t\t\t<div class=\"elementor-element elementor-element-d1552ea elementor-widget__width-initial elementor-widget elementor-widget-text-editor\" data-id=\"d1552ea\" data-element_type=\"widget\" data-e-type=\"widget\" data-widget_type=\"text-editor.default\">\n\t\t\t\t<div class=\"elementor-widget-container\">\n\t\t\t\t\t\t\t\t\t<p>PFAS'\u0131n nerede ortaya \u00e7\u0131kt\u0131\u011f\u0131n\u0131 belirlemek, su sistemlerindeki davran\u0131\u015flar\u0131n\u0131 anlamak ve mevcut ve gelecekteki yasal gereklilikleri kar\u015f\u0131lamak i\u00e7in en etkili ar\u0131tma teknolojilerini uygulamak i\u00e7in bize kat\u0131l\u0131n.<\/p><p><strong>Bug\u00fcn yerinizi ay\u0131rt\u0131n ve web seminerinin tamam\u0131na ve uzman g\u00f6r\u00fc\u015flerine eri\u015fim sa\u011flay\u0131n.<\/strong><\/p>\t\t\t\t\t\t\t\t<\/div>\n\t\t\t\t<\/div>\n\t\t\t\t\t<\/div>\n\t\t<\/div>\n\t\t\t\t<div class=\"elementor-column elementor-col-50 elementor-top-column elementor-element elementor-element-f59f490\" data-id=\"f59f490\" data-element_type=\"column\" data-e-type=\"column\" data-settings=\"{&quot;background_background&quot;:&quot;classic&quot;}\">\n\t\t\t<div class=\"elementor-widget-wrap elementor-element-populated\">\n\t\t\t\t\t\t<div class=\"elementor-element elementor-element-fd068ea elementor-widget elementor-widget-menu-anchor\" data-id=\"fd068ea\" data-element_type=\"widget\" data-e-type=\"widget\" data-widget_type=\"menu-anchor.default\">\n\t\t\t\t<div class=\"elementor-widget-container\">\n\t\t\t\t\t\t\t<div class=\"elementor-menu-anchor\" id=\"register\"><\/div>\n\t\t\t\t\t\t<\/div>\n\t\t\t\t<\/div>\n\t\t\t\t<div class=\"elementor-element elementor-element-989db90 elementor-widget elementor-widget-text-editor\" data-id=\"989db90\" data-element_type=\"widget\" data-e-type=\"widget\" data-widget_type=\"text-editor.default\">\n\t\t\t\t<div class=\"elementor-widget-container\">\n\t\t\t\t\t\t\t\t\t<h5>Buradan Kaydolun<\/h5>\t\t\t\t\t\t\t\t<\/div>\n\t\t\t\t<\/div>\n\t\t\t\t<div class=\"elementor-element elementor-element-25c132e elementor-widget elementor-widget-text-editor\" data-id=\"25c132e\" data-element_type=\"widget\" data-e-type=\"widget\" data-widget_type=\"text-editor.default\">\n\t\t\t\t<div class=\"elementor-widget-container\">\n\t\t\t\t\t\t\t\t\t<p>Yerinizi ay\u0131rtmak i\u00e7in l\u00fctfen a\u015fa\u011f\u0131daki formu doldurun:<\/p>\t\t\t\t\t\t\t\t<\/div>\n\t\t\t\t<\/div>\n\t\t\t\t<div class=\"elementor-element elementor-element-9201c9f elementor-widget elementor-widget-html\" data-id=\"9201c9f\" data-element_type=\"widget\" data-e-type=\"widget\" data-widget_type=\"html.default\">\n\t\t\t\t<div class=\"elementor-widget-container\">\n\t\t\t\t\t<div\r\n        data-form-id='7bd5ee7b-741c-f111-8341-7ced8d45ad75'\r\n        data-form-api-url='https:\/\/public-eur.mkt.dynamics.com\/api\/v1.0\/orgs\/30cac5a2-33f9-ed11-a66d-000d3a64d748\/landingpageforms'\r\n        data-cached-form-url='https:\/\/assets-eur.mkt.dynamics.com\/30cac5a2-33f9-ed11-a66d-000d3a64d748\/digitalassets\/forms\/7bd5ee7b-741c-f111-8341-7ced8d45ad75' ><\/div>\r\n        <script src = 'https:\/\/cxppusa1formui01cdnsa01-endpoint.azureedge.net\/eur\/FormLoader\/FormLoader.bundle.js' ><\/script>\t\t\t\t<\/div>\n\t\t\t\t<\/div>\n\t\t\t\t\t<\/div>\n\t\t<\/div>\n\t\t\t\t\t<\/div>\n\t\t<\/section>\n\t\t\t\t<\/div>","protected":false},"excerpt":{"rendered":"<p>Membran otopsilerinin g\u00fcvenilirli\u011fi art\u0131rmak, i\u015fletme maliyetlerini d\u00fc\u015f\u00fcrmek ve performans ar\u0131zalar\u0131n\u0131 \u00f6nlemek i\u00e7in nas\u0131l g\u00fc\u00e7l\u00fc bir ara\u00e7 haline gelebilece\u011fini ke\u015ffedin.<\/p>","protected":false},"author":7,"featured_media":21091,"parent":0,"menu_order":0,"comment_status":"closed","ping_status":"closed","template":"","meta":{"footnotes":""},"class_list":["post-21090","page","type-page","status-publish","has-post-thumbnail","hentry"],"yoast_head":"<!-- This site is optimized with the Yoast SEO plugin v25.5 - https:\/\/yoast.com\/wordpress\/plugins\/seo\/ -->\n<title>Webinar: PFAS Everywhere! So, What Can You Actually Do About It?<\/title>\n<meta name=\"description\" content=\"Learn how to manage and treat PFAS with Kurita\u2019s 360\u00ba solutions. Join our webinar for practical technologies to meet tightening regulations.\" \/>\n<meta name=\"robots\" content=\"index, follow, max-snippet:-1, max-image-preview:large, max-video-preview:-1\" \/>\n<link rel=\"canonical\" href=\"https:\/\/kurita.eu\/en\/webinar-pfas-registration\/\" \/>\n<meta property=\"og:locale\" content=\"tr_TR\" \/>\n<meta property=\"og:type\" content=\"article\" \/>\n<meta property=\"og:title\" content=\"Webinar: PFAS Everywhere! So, What Can You Actually Do About It?\" \/>\n<meta property=\"og:description\" content=\"Learn how to manage and treat PFAS with Kurita\u2019s 360\u00ba solutions. Join our webinar for practical technologies to meet tightening regulations.\" \/>\n<meta property=\"og:url\" content=\"https:\/\/kurita.eu\/en\/webinar-pfas-registration\/\" \/>\n<meta property=\"og:site_name\" content=\"Kurita Europe\" \/>\n<meta property=\"article:modified_time\" content=\"2026-03-12T08:18:24+00:00\" \/>\n<meta property=\"og:image\" content=\"https:\/\/www.kurita.eu\/wp-content\/uploads\/2026\/03\/PFAS-External-Webinar.png\" \/>\n\t<meta property=\"og:image:width\" content=\"1200\" \/>\n\t<meta property=\"og:image:height\" content=\"627\" \/>\n\t<meta property=\"og:image:type\" content=\"image\/png\" \/>\n<meta name=\"twitter:card\" content=\"summary_large_image\" \/>\n<meta name=\"twitter:label1\" content=\"Tahmini okuma s\u00fcresi\" \/>\n\t<meta name=\"twitter:data1\" content=\"2 dakika\" \/>\n<script type=\"application\/ld+json\" class=\"yoast-schema-graph\">{\"@context\":\"https:\/\/schema.org\",\"@graph\":[{\"@type\":\"WebPage\",\"@id\":\"https:\/\/kurita.eu\/en\/webinar-pfas-registration\/\",\"url\":\"https:\/\/kurita.eu\/en\/webinar-pfas-registration\/\",\"name\":\"Webinar: PFAS Everywhere! So, What Can You Actually Do About It?\",\"isPartOf\":{\"@id\":\"https:\/\/kurita.eu\/en\/#website\"},\"primaryImageOfPage\":{\"@id\":\"https:\/\/kurita.eu\/en\/webinar-pfas-registration\/#primaryimage\"},\"image\":{\"@id\":\"https:\/\/kurita.eu\/en\/webinar-pfas-registration\/#primaryimage\"},\"thumbnailUrl\":\"\/wp-content\/uploads\/2026\/03\/PFAS-External-Webinar.png\",\"datePublished\":\"2026-03-12T08:18:23+00:00\",\"dateModified\":\"2026-03-12T08:18:24+00:00\",\"description\":\"Learn how to manage and treat PFAS with Kurita\u2019s 360\u00ba solutions. Join our webinar for practical technologies to meet tightening regulations.\",\"breadcrumb\":{\"@id\":\"https:\/\/kurita.eu\/en\/webinar-pfas-registration\/#breadcrumb\"},\"inLanguage\":\"tr\",\"potentialAction\":[{\"@type\":\"ReadAction\",\"target\":[\"https:\/\/kurita.eu\/en\/webinar-pfas-registration\/\"]}]},{\"@type\":\"ImageObject\",\"inLanguage\":\"tr\",\"@id\":\"https:\/\/kurita.eu\/en\/webinar-pfas-registration\/#primaryimage\",\"url\":\"\/wp-content\/uploads\/2026\/03\/PFAS-External-Webinar.png\",\"contentUrl\":\"\/wp-content\/uploads\/2026\/03\/PFAS-External-Webinar.png\",\"width\":1200,\"height\":627},{\"@type\":\"BreadcrumbList\",\"@id\":\"https:\/\/kurita.eu\/en\/webinar-pfas-registration\/#breadcrumb\",\"itemListElement\":[{\"@type\":\"ListItem\",\"position\":1,\"name\":\"Home\",\"item\":\"https:\/\/www.kurita.eu\/en\/\"},{\"@type\":\"ListItem\",\"position\":2,\"name\":\"Webinar: PFAS Everywhere! So, What Can You Actually Do About It?\"}]},{\"@type\":\"WebSite\",\"@id\":\"https:\/\/kurita.eu\/en\/#website\",\"url\":\"https:\/\/kurita.eu\/en\/\",\"name\":\"Kurita Europe\",\"description\":\"Water Treatment Solutions\",\"publisher\":{\"@id\":\"https:\/\/kurita.eu\/en\/#organization\"},\"potentialAction\":[{\"@type\":\"SearchAction\",\"target\":{\"@type\":\"EntryPoint\",\"urlTemplate\":\"https:\/\/kurita.eu\/en\/?s={search_term_string}\"},\"query-input\":{\"@type\":\"PropertyValueSpecification\",\"valueRequired\":true,\"valueName\":\"search_term_string\"}}],\"inLanguage\":\"tr\"},{\"@type\":\"Organization\",\"@id\":\"https:\/\/kurita.eu\/en\/#organization\",\"name\":\"Kurita Europe\",\"url\":\"https:\/\/kurita.eu\/en\/\",\"logo\":{\"@type\":\"ImageObject\",\"inLanguage\":\"tr\",\"@id\":\"https:\/\/kurita.eu\/en\/#\/schema\/logo\/image\/\",\"url\":\"\/wp-content\/uploads\/2025\/05\/cropped-brand_mark_horizon_blue.png\",\"contentUrl\":\"\/wp-content\/uploads\/2025\/05\/cropped-brand_mark_horizon_blue.png\",\"width\":712,\"height\":204,\"caption\":\"Kurita Europe\"},\"image\":{\"@id\":\"https:\/\/kurita.eu\/en\/#\/schema\/logo\/image\/\"}}]}<\/script>\n<!-- \/ Yoast SEO plugin. -->","yoast_head_json":{"title":"Webinar: PFAS Her Yerde! Peki, Bu Konuda Asl\u0131nda Ne Yapabilirsiniz?","description":"Kurita'n\u0131n 360\u00ba \u00e7\u00f6z\u00fcmleri ile PFAS'\u0131n nas\u0131l y\u00f6netilece\u011fini ve ar\u0131t\u0131laca\u011f\u0131n\u0131 \u00f6\u011frenin. S\u0131k\u0131la\u015fan d\u00fczenlemeleri kar\u015f\u0131lamaya y\u00f6nelik pratik teknolojiler i\u00e7in web seminerimize kat\u0131l\u0131n.","robots":{"index":"index","follow":"follow","max-snippet":"max-snippet:-1","max-image-preview":"max-image-preview:large","max-video-preview":"max-video-preview:-1"},"canonical":"https:\/\/kurita.eu\/en\/webinar-pfas-registration\/","og_locale":"tr_TR","og_type":"article","og_title":"Webinar: PFAS Everywhere! So, What Can You Actually Do About It?","og_description":"Learn how to manage and treat PFAS with Kurita\u2019s 360\u00ba solutions. Join our webinar for practical technologies to meet tightening regulations.","og_url":"https:\/\/kurita.eu\/en\/webinar-pfas-registration\/","og_site_name":"Kurita Europe","article_modified_time":"2026-03-12T08:18:24+00:00","og_image":[{"width":1200,"height":627,"url":"https:\/\/www.kurita.eu\/wp-content\/uploads\/2026\/03\/PFAS-External-Webinar.png","type":"image\/png"}],"twitter_card":"summary_large_image","twitter_misc":{"Tahmini okuma s\u00fcresi":"2 dakika"},"schema":{"@context":"https:\/\/schema.org","@graph":[{"@type":"WebPage","@id":"https:\/\/kurita.eu\/en\/webinar-pfas-registration\/","url":"https:\/\/kurita.eu\/en\/webinar-pfas-registration\/","name":"Webinar: PFAS Her Yerde! Peki, Bu Konuda Asl\u0131nda Ne Yapabilirsiniz?","isPartOf":{"@id":"https:\/\/kurita.eu\/en\/#website"},"primaryImageOfPage":{"@id":"https:\/\/kurita.eu\/en\/webinar-pfas-registration\/#primaryimage"},"image":{"@id":"https:\/\/kurita.eu\/en\/webinar-pfas-registration\/#primaryimage"},"thumbnailUrl":"\/wp-content\/uploads\/2026\/03\/PFAS-External-Webinar.png","datePublished":"2026-03-12T08:18:23+00:00","dateModified":"2026-03-12T08:18:24+00:00","description":"Kurita'n\u0131n 360\u00ba \u00e7\u00f6z\u00fcmleri ile PFAS'\u0131n nas\u0131l y\u00f6netilece\u011fini ve ar\u0131t\u0131laca\u011f\u0131n\u0131 \u00f6\u011frenin. S\u0131k\u0131la\u015fan d\u00fczenlemeleri kar\u015f\u0131lamaya y\u00f6nelik pratik teknolojiler i\u00e7in web seminerimize kat\u0131l\u0131n.","breadcrumb":{"@id":"https:\/\/kurita.eu\/en\/webinar-pfas-registration\/#breadcrumb"},"inLanguage":"tr","potentialAction":[{"@type":"ReadAction","target":["https:\/\/kurita.eu\/en\/webinar-pfas-registration\/"]}]},{"@type":"ImageObject","inLanguage":"tr","@id":"https:\/\/kurita.eu\/en\/webinar-pfas-registration\/#primaryimage","url":"\/wp-content\/uploads\/2026\/03\/PFAS-External-Webinar.png","contentUrl":"\/wp-content\/uploads\/2026\/03\/PFAS-External-Webinar.png","width":1200,"height":627},{"@type":"BreadcrumbList","@id":"https:\/\/kurita.eu\/en\/webinar-pfas-registration\/#breadcrumb","itemListElement":[{"@type":"ListItem","position":1,"name":"Home","item":"https:\/\/www.kurita.eu\/en\/"},{"@type":"ListItem","position":2,"name":"Webinar: PFAS Everywhere! So, What Can You Actually Do About It?"}]},{"@type":"WebSite","@id":"https:\/\/kurita.eu\/en\/#website","url":"https:\/\/kurita.eu\/en\/","name":"Kurita Avrupa","description":"Su Ar\u0131tma \u00c7\u00f6z\u00fcmleri","publisher":{"@id":"https:\/\/kurita.eu\/en\/#organization"},"potentialAction":[{"@type":"SearchAction","target":{"@type":"EntryPoint","urlTemplate":"https:\/\/kurita.eu\/en\/?s={search_term_string}"},"query-input":{"@type":"PropertyValueSpecification","valueRequired":true,"valueName":"search_term_string"}}],"inLanguage":"tr"},{"@type":"Organization","@id":"https:\/\/kurita.eu\/en\/#organization","name":"Kurita Avrupa","url":"https:\/\/kurita.eu\/en\/","logo":{"@type":"ImageObject","inLanguage":"tr","@id":"https:\/\/kurita.eu\/en\/#\/schema\/logo\/image\/","url":"\/wp-content\/uploads\/2025\/05\/cropped-brand_mark_horizon_blue.png","contentUrl":"\/wp-content\/uploads\/2025\/05\/cropped-brand_mark_horizon_blue.png","width":712,"height":204,"caption":"Kurita Europe"},"image":{"@id":"https:\/\/kurita.eu\/en\/#\/schema\/logo\/image\/"}}]}},"_links":{"self":[{"href":"https:\/\/www.kurita.eu\/tr\/wp-json\/wp\/v2\/pages\/21090","targetHints":{"allow":["GET"]}}],"collection":[{"href":"https:\/\/www.kurita.eu\/tr\/wp-json\/wp\/v2\/pages"}],"about":[{"href":"https:\/\/www.kurita.eu\/tr\/wp-json\/wp\/v2\/types\/page"}],"author":[{"embeddable":true,"href":"https:\/\/www.kurita.eu\/tr\/wp-json\/wp\/v2\/users\/7"}],"replies":[{"embeddable":true,"href":"https:\/\/www.kurita.eu\/tr\/wp-json\/wp\/v2\/comments?post=21090"}],"version-history":[{"count":13,"href":"https:\/\/www.kurita.eu\/tr\/wp-json\/wp\/v2\/pages\/21090\/revisions"}],"predecessor-version":[{"id":21110,"href":"https:\/\/www.kurita.eu\/tr\/wp-json\/wp\/v2\/pages\/21090\/revisions\/21110"}],"wp:featuredmedia":[{"embeddable":true,"href":"https:\/\/www.kurita.eu\/tr\/wp-json\/wp\/v2\/media\/21091"}],"wp:attachment":[{"href":"https:\/\/www.kurita.eu\/tr\/wp-json\/wp\/v2\/media?parent=21090"}],"curies":[{"name":"wp","href":"https:\/\/api.w.org\/{rel}","templated":true}]}}